{"id":20168,"date":"2020-03-19T11:42:21","date_gmt":"2020-03-19T11:42:21","guid":{"rendered":"https:\/\/www.mlekarna-krepko.si\/izdelek\/kefir-krepki-suhec-500-g\/"},"modified":"2021-12-11T20:17:10","modified_gmt":"2021-12-11T20:17:10","slug":"kefir-krepki-suhec-500-g","status":"publish","type":"product","link":"https:\/\/mlekarna-krepko.si\/de\/produkt\/kefir-krepki-suhec-500-g\/","title":{"rendered":"Kefir Krepki suhec 1,5% 500 g"},"content":{"rendered":"<h3>Vorteile des regelm\u00e4\u00dfigen Genusses von traditionellem Kefir:<\/h3>\n<ul>\n<li><strong>Verbessert die Darmflora und Verdauung<\/strong>, da es eine nat\u00fcrliche Symbiose ist <strong>(enth\u00e4lt Probiotika und Pr\u00e4biotika).<\/strong> Die Wirkung von Pr\u00e4biotika ist wichtig, da Pr\u00e4biotika f\u00fcr eine st\u00e4rkere Wirkung probiotischer Bakterien sorgen.<\/li>\n<li>Mit einer <strong>gesunden und leichten Mahlzeit geben Sie Ihrem K\u00f6rper wichtige nat\u00fcrliche Vitamine<\/strong> (A, E, B1, B2, B6, B12, Biotin, Fols\u00e4ure), <strong>Mineralstoffe<\/strong> (Kalium, Calcium, Eisen, Magnesium, Natrium, Kupfer, Zink, Phosphor) sowie <strong>essentielle Aminos\u00e4uren<\/strong>.<\/li>\n<li>Aufgrund des <strong>geringen Laktosegehalts<\/strong> ist er auch f\u00fcr Personen im reifen Alter leichter verdaulich.<\/li>\n<li>Das Lokale f\u00f6rdern &#8211; hergestellt aus slowenischer (biologischer) nicht homogenisierter Milch<\/li>\n<li>Frei von Konservierungs- und Zusatzstoffen.<\/li>\n<\/ul>\n<h3><\/h3>\n<h3>Wem wird Kefir besonders empfohlen?<\/h3>\n<p>Wir empfehlen es denjenigen, die:<\/p>\n<ul>\n<li>Sich eine geregeltere Verdauung und eine ausgewogene Darmflora w\u00fcnschen,<\/li>\n<li>Eine kalorienarme Mahlzeit ben\u00f6tigen, um das Abnehmen zu unterst\u00fctzen,<\/li>\n<li>Daran arbeiten, das Immunsystem zu st\u00e4rken, da bekannt ist, dass der Darm die meisten Zellen des Immunsystems bildet,<\/li>\n<li>Antibiotika eingenommen haben und das Gleichgewicht der Darmflora wiederherstellen m\u00f6chten,<\/li>\n<li>Sport treiben und sich vollwertig ern\u00e4hren m\u00f6chten,<\/li>\n<li>Stress ausgesetzt sind, der sich sehr negativ auf die Darmflora auswirken kann,<\/li>\n<li>Lokal und biologisch angebaute Lebensmittel sch\u00e4tzen.<\/li>\n<\/ul>\n<h3><strong>Hergestellt nach dem nat\u00fcrlichen traditionellen Verfahren<\/strong><\/h3>\n<p>Die Herstellung des Kefirs suhec aus der Molkerei Krepko erfolgt auf traditionelle Weise mit Kefirk\u00f6rnern aus slowenischer, pasteurisierter, typisierter und nicht homogenisierter Milch. <strong>Die Molkerei <\/strong><strong>Krepko ist die einzige Molkerei in der EU, die Kefir aus echten Kefirk\u00f6rnern herstellt.<\/strong> So entstehen w\u00e4hrend des Fermentationsprozesses nat\u00fcrliches CO<sub>2<\/sub>, Milchs\u00e4ure, Ethanol und andere N\u00e4hrstoffe, die den Geschmack des traditionell hergestellten Kefirs beeinflussen.<\/p>\n<p>Vergleicht man traditionell hergestellten Kefir mit Joghurt oder Sauermilch, die ebenfalls fermentierte Milchprodukte sind, stellt man fest, dass Joghurt maximal drei Bakterien enth\u00e4lt, das gleiche gilt f\u00fcr Sauermilch, und daraus sticht der traditionelle Kefir heraus, da er neben einer Vielzahl von Mikroorganismen &#8211; weit \u00fcber hundert &#8211; noch Hefekulturen enth\u00e4lt. Kefir ist der unangefochtene K\u00f6nig der fermentierten Milchprodukte!<\/p>\n<h3><strong>Verwendung des Kefirs bei der Zubereitung von Gerichten<\/strong><\/h3>\n<p>Kefir wird bei der Zubereitung von hei\u00dfen oder kalten Suppen, Salatdressings, Eiscreme, Torten, Muffins und Kuchen, Pfannkuchen und Waffeln, Brot und anderen Backwaren, Frapp\u00e9s und Smoothies, als \u00dcberguss auf Haferflocken und Sterz oder als Sauce f\u00fcr gebratenes Fleisch verwendet.<\/p>\n<p>Kefir kann man auch noch auf viele andere Arten verwenden. F\u00fcr einen perfekten Start in den Tag kann man sich ein fantastisches Fr\u00fchst\u00fcck mit Kefir zubereiten. Man kann ihn mit frischen oder getrockneten Fr\u00fcchten, Zimt und Samen verfeinern. Hervorragend ist auch der mit Kefir hergestellte Maiskuchen, f\u00fcr den nur wenige Grundzutaten ben\u00f6tigt werden \u2013 und der in etwas mehr als einer halben Stunde gebacken ist!<\/p>\n<table border=\"1\" cellspacing=\"0\" cellpadding=\"0\">\n<tbody>\n<tr>\n<td style=\"width: 349px;\" colspan=\"2\">\n<p align=\"center\"><strong>N\u00e4hrwert (durchschnittlich in 100 g)<\/strong><\/p>\n<\/td>\n<\/tr>\n<tr>\n<td style=\"width: 245px;\">Eiwei\u00df<\/td>\n<td style=\"width: 104px;\">3,2 g<\/td>\n<\/tr>\n<tr>\n<td style=\"width: 245px;\">Eiwei\u00df<\/td>\n<td style=\"width: 104px;\">3,8 g<\/td>\n<\/tr>\n<tr>\n<td style=\"width: 245px;\">\u00a0 \u00a0 davon Zucker<\/td>\n<td style=\"width: 104px;\">2,7 g<\/td>\n<\/tr>\n<tr>\n<td style=\"width: 245px;\">Fett<\/td>\n<td style=\"width: 104px;\">1,5 g<\/td>\n<\/tr>\n<tr>\n<td style=\"width: 245px;\">ges\u00e4ttigte Fetts\u00e4uren<\/td>\n<td style=\"width: 104px;\">1,0 g<\/td>\n<\/tr>\n<tr>\n<td style=\"width: 245px;\">Ballaststoffe<\/td>\n<td style=\"width: 104px;\">1,0 g<\/td>\n<\/tr>\n<tr>\n<td style=\"width: 245px;\">Natrium (nat\u00fcrlich vorhanden)<\/td>\n<td style=\"width: 104px;\">0,04 g<\/td>\n<\/tr>\n<tr>\n<td style=\"width: 245px;\">Energiewert<\/td>\n<td style=\"width: 104px;\">175 kJ\/42 kcal<\/td>\n<\/tr>\n<\/tbody>\n<\/table>\n<p>*Allergene:\u00a0<strong><em>Milch<\/em><\/strong><\/p>\n","protected":false},"excerpt":{"rendered":"<p><strong>Kefir Krepki suhec<\/strong> mit 1,5% Milchfett wird nach <strong>dem traditionellen Verfahren unter Verwendung von Kefirk\u00f6rnern<\/strong> aus slowenischer, pasteurisierter, typisierter und nicht homogenisierter Milch ohne Zusatzstoffe hergestellt. Er wird auch das Getr\u00e4nk der Hundertj\u00e4hrigen aus dem Kaukasus genannt.<\/p>\n","protected":false},"featured_media":16187,"template":"","meta":{"_acf_changed":false},"product_cat":[198],"product_tag":[],"class_list":{"0":"post-20168","1":"product","2":"type-product","3":"status-publish","4":"has-post-thumbnail","6":"product_cat-kefirji-krepko-de","8":"first","9":"instock","10":"taxable","11":"shipping-taxable","12":"product-type-simple"},"acf":[],"yoast_head":"<!-- This site is optimized with the Yoast SEO plugin v27.4 - https:\/\/yoast.com\/product\/yoast-seo-wordpress\/ -->\n<title>Kefir Krepki suhec 1,5% 500 g - Mlekarna Krepko<\/title>\n<meta name=\"robots\" content=\"index, follow, max-snippet:-1, max-image-preview:large, max-video-preview:-1\" \/>\n<link rel=\"canonical\" href=\"https:\/\/mlekarna-krepko.si\/de\/produkt\/kefir-krepki-suhec-500-g\/\" \/>\n<meta property=\"og:locale\" content=\"de_DE\" \/>\n<meta property=\"og:type\" content=\"article\" \/>\n<meta property=\"og:title\" content=\"Kefir Krepki suhec 1,5% 500 g - Mlekarna Krepko\" \/>\n<meta property=\"og:description\" content=\"Kefir Krepki suhec mit 1,5% Milchfett wird nach dem traditionellen Verfahren unter Verwendung von Kefirk\u00f6rnern aus slowenischer, pasteurisierter, typisierter und nicht homogenisierter Milch ohne Zusatzstoffe hergestellt. Er wird auch das Getr\u00e4nk der Hundertj\u00e4hrigen aus dem Kaukasus genannt.\" \/>\n<meta property=\"og:url\" content=\"https:\/\/mlekarna-krepko.si\/de\/produkt\/kefir-krepki-suhec-500-g\/\" \/>\n<meta property=\"og:site_name\" content=\"Mlekarna Krepko\" \/>\n<meta property=\"article:publisher\" content=\"https:\/\/www.facebook.com\/mlekarna.krepko\/\" \/>\n<meta property=\"article:modified_time\" content=\"2021-12-11T20:17:10+00:00\" \/>\n<meta property=\"og:image\" content=\"https:\/\/mlekarna-krepko.si\/wp-content\/uploads\/2019\/08\/Kefir_KrepkiSuhec_500g_15.jpg\" \/>\n\t<meta property=\"og:image:width\" content=\"640\" \/>\n\t<meta property=\"og:image:height\" content=\"802\" \/>\n\t<meta property=\"og:image:type\" content=\"image\/jpeg\" \/>\n<meta name=\"twitter:card\" content=\"summary_large_image\" \/>\n<meta name=\"twitter:label1\" content=\"Gesch\u00e4tzte Lesezeit\" \/>\n\t<meta name=\"twitter:data1\" content=\"2 Minuten\" \/>\n<script type=\"application\/ld+json\" class=\"yoast-schema-graph\">{\"@context\":\"https:\\\/\\\/schema.org\",\"@graph\":[{\"@type\":\"WebPage\",\"@id\":\"https:\\\/\\\/mlekarna-krepko.si\\\/de\\\/produkt\\\/kefir-krepki-suhec-500-g\\\/\",\"url\":\"https:\\\/\\\/mlekarna-krepko.si\\\/de\\\/produkt\\\/kefir-krepki-suhec-500-g\\\/\",\"name\":\"Kefir Krepki suhec 1,5% 500 g - Mlekarna Krepko\",\"isPartOf\":{\"@id\":\"https:\\\/\\\/mlekarna-krepko.si\\\/sl\\\/#website\"},\"primaryImageOfPage\":{\"@id\":\"https:\\\/\\\/mlekarna-krepko.si\\\/de\\\/produkt\\\/kefir-krepki-suhec-500-g\\\/#primaryimage\"},\"image\":{\"@id\":\"https:\\\/\\\/mlekarna-krepko.si\\\/de\\\/produkt\\\/kefir-krepki-suhec-500-g\\\/#primaryimage\"},\"thumbnailUrl\":\"https:\\\/\\\/mlekarna-krepko.si\\\/wp-content\\\/uploads\\\/2019\\\/08\\\/Kefir_KrepkiSuhec_500g_15.jpg\",\"datePublished\":\"2020-03-19T11:42:21+00:00\",\"dateModified\":\"2021-12-11T20:17:10+00:00\",\"breadcrumb\":{\"@id\":\"https:\\\/\\\/mlekarna-krepko.si\\\/de\\\/produkt\\\/kefir-krepki-suhec-500-g\\\/#breadcrumb\"},\"inLanguage\":\"de-DE\",\"potentialAction\":[{\"@type\":\"ReadAction\",\"target\":[\"https:\\\/\\\/mlekarna-krepko.si\\\/de\\\/produkt\\\/kefir-krepki-suhec-500-g\\\/\"]}]},{\"@type\":\"ImageObject\",\"inLanguage\":\"de-DE\",\"@id\":\"https:\\\/\\\/mlekarna-krepko.si\\\/de\\\/produkt\\\/kefir-krepki-suhec-500-g\\\/#primaryimage\",\"url\":\"https:\\\/\\\/mlekarna-krepko.si\\\/wp-content\\\/uploads\\\/2019\\\/08\\\/Kefir_KrepkiSuhec_500g_15.jpg\",\"contentUrl\":\"https:\\\/\\\/mlekarna-krepko.si\\\/wp-content\\\/uploads\\\/2019\\\/08\\\/Kefir_KrepkiSuhec_500g_15.jpg\",\"width\":640,\"height\":802},{\"@type\":\"BreadcrumbList\",\"@id\":\"https:\\\/\\\/mlekarna-krepko.si\\\/de\\\/produkt\\\/kefir-krepki-suhec-500-g\\\/#breadcrumb\",\"itemListElement\":[{\"@type\":\"ListItem\",\"position\":1,\"name\":\"Home\",\"item\":\"https:\\\/\\\/mlekarna-krepko.si\\\/de\\\/\"},{\"@type\":\"ListItem\",\"position\":2,\"name\":\"Trgovina\",\"item\":\"https:\\\/\\\/www.mlekarna-krepko.si\\\/sl\\\/trgovina\\\/\"},{\"@type\":\"ListItem\",\"position\":3,\"name\":\"Kefir Krepki suhec 1,5% 500 g\"}]},{\"@type\":\"WebSite\",\"@id\":\"https:\\\/\\\/mlekarna-krepko.si\\\/sl\\\/#website\",\"url\":\"https:\\\/\\\/mlekarna-krepko.si\\\/sl\\\/\",\"name\":\"Mlekarna Krepko\",\"description\":\"\",\"publisher\":{\"@id\":\"https:\\\/\\\/mlekarna-krepko.si\\\/sl\\\/#organization\"},\"potentialAction\":[{\"@type\":\"SearchAction\",\"target\":{\"@type\":\"EntryPoint\",\"urlTemplate\":\"https:\\\/\\\/mlekarna-krepko.si\\\/sl\\\/?s={search_term_string}\"},\"query-input\":{\"@type\":\"PropertyValueSpecification\",\"valueRequired\":true,\"valueName\":\"search_term_string\"}}],\"inLanguage\":\"de-DE\"},{\"@type\":\"Organization\",\"@id\":\"https:\\\/\\\/mlekarna-krepko.si\\\/sl\\\/#organization\",\"name\":\"Mlekarna Krepko\",\"url\":\"https:\\\/\\\/mlekarna-krepko.si\\\/sl\\\/\",\"logo\":{\"@type\":\"ImageObject\",\"inLanguage\":\"de-DE\",\"@id\":\"https:\\\/\\\/mlekarna-krepko.si\\\/sl\\\/#\\\/schema\\\/logo\\\/image\\\/\",\"url\":\"https:\\\/\\\/www.mlekarna-krepko.si\\\/wp-content\\\/uploads\\\/2020\\\/04\\\/LogoWeb_transparenten.png\",\"contentUrl\":\"https:\\\/\\\/www.mlekarna-krepko.si\\\/wp-content\\\/uploads\\\/2020\\\/04\\\/LogoWeb_transparenten.png\",\"width\":300,\"height\":300,\"caption\":\"Mlekarna Krepko\"},\"image\":{\"@id\":\"https:\\\/\\\/mlekarna-krepko.si\\\/sl\\\/#\\\/schema\\\/logo\\\/image\\\/\"},\"sameAs\":[\"https:\\\/\\\/www.facebook.com\\\/mlekarna.krepko\\\/\",\"https:\\\/\\\/www.instagram.com\\\/mlekarnakrepko\\\/\",\"https:\\\/\\\/www.linkedin.com\\\/company\\\/mlekarna-krepko\",\"https:\\\/\\\/www.youtube.com\\\/channel\\\/UCAzec5mnRHgcj2Th3fGRtKw?view_as=subscriber\"]}]}<\/script>\n<!-- \/ Yoast SEO plugin. -->","yoast_head_json":{"title":"Kefir Krepki suhec 1,5% 500 g - Mlekarna Krepko","robots":{"index":"index","follow":"follow","max-snippet":"max-snippet:-1","max-image-preview":"max-image-preview:large","max-video-preview":"max-video-preview:-1"},"canonical":"https:\/\/mlekarna-krepko.si\/de\/produkt\/kefir-krepki-suhec-500-g\/","og_locale":"de_DE","og_type":"article","og_title":"Kefir Krepki suhec 1,5% 500 g - Mlekarna Krepko","og_description":"Kefir Krepki suhec mit 1,5% Milchfett wird nach dem traditionellen Verfahren unter Verwendung von Kefirk\u00f6rnern aus slowenischer, pasteurisierter, typisierter und nicht homogenisierter Milch ohne Zusatzstoffe hergestellt. Er wird auch das Getr\u00e4nk der Hundertj\u00e4hrigen aus dem Kaukasus genannt.","og_url":"https:\/\/mlekarna-krepko.si\/de\/produkt\/kefir-krepki-suhec-500-g\/","og_site_name":"Mlekarna Krepko","article_publisher":"https:\/\/www.facebook.com\/mlekarna.krepko\/","article_modified_time":"2021-12-11T20:17:10+00:00","og_image":[{"width":640,"height":802,"url":"https:\/\/mlekarna-krepko.si\/wp-content\/uploads\/2019\/08\/Kefir_KrepkiSuhec_500g_15.jpg","type":"image\/jpeg"}],"twitter_card":"summary_large_image","twitter_misc":{"Gesch\u00e4tzte Lesezeit":"2 Minuten"},"schema":{"@context":"https:\/\/schema.org","@graph":[{"@type":"WebPage","@id":"https:\/\/mlekarna-krepko.si\/de\/produkt\/kefir-krepki-suhec-500-g\/","url":"https:\/\/mlekarna-krepko.si\/de\/produkt\/kefir-krepki-suhec-500-g\/","name":"Kefir Krepki suhec 1,5% 500 g - Mlekarna Krepko","isPartOf":{"@id":"https:\/\/mlekarna-krepko.si\/sl\/#website"},"primaryImageOfPage":{"@id":"https:\/\/mlekarna-krepko.si\/de\/produkt\/kefir-krepki-suhec-500-g\/#primaryimage"},"image":{"@id":"https:\/\/mlekarna-krepko.si\/de\/produkt\/kefir-krepki-suhec-500-g\/#primaryimage"},"thumbnailUrl":"https:\/\/mlekarna-krepko.si\/wp-content\/uploads\/2019\/08\/Kefir_KrepkiSuhec_500g_15.jpg","datePublished":"2020-03-19T11:42:21+00:00","dateModified":"2021-12-11T20:17:10+00:00","breadcrumb":{"@id":"https:\/\/mlekarna-krepko.si\/de\/produkt\/kefir-krepki-suhec-500-g\/#breadcrumb"},"inLanguage":"de-DE","potentialAction":[{"@type":"ReadAction","target":["https:\/\/mlekarna-krepko.si\/de\/produkt\/kefir-krepki-suhec-500-g\/"]}]},{"@type":"ImageObject","inLanguage":"de-DE","@id":"https:\/\/mlekarna-krepko.si\/de\/produkt\/kefir-krepki-suhec-500-g\/#primaryimage","url":"https:\/\/mlekarna-krepko.si\/wp-content\/uploads\/2019\/08\/Kefir_KrepkiSuhec_500g_15.jpg","contentUrl":"https:\/\/mlekarna-krepko.si\/wp-content\/uploads\/2019\/08\/Kefir_KrepkiSuhec_500g_15.jpg","width":640,"height":802},{"@type":"BreadcrumbList","@id":"https:\/\/mlekarna-krepko.si\/de\/produkt\/kefir-krepki-suhec-500-g\/#breadcrumb","itemListElement":[{"@type":"ListItem","position":1,"name":"Home","item":"https:\/\/mlekarna-krepko.si\/de\/"},{"@type":"ListItem","position":2,"name":"Trgovina","item":"https:\/\/www.mlekarna-krepko.si\/sl\/trgovina\/"},{"@type":"ListItem","position":3,"name":"Kefir Krepki suhec 1,5% 500 g"}]},{"@type":"WebSite","@id":"https:\/\/mlekarna-krepko.si\/sl\/#website","url":"https:\/\/mlekarna-krepko.si\/sl\/","name":"Mlekarna Krepko","description":"","publisher":{"@id":"https:\/\/mlekarna-krepko.si\/sl\/#organization"},"potentialAction":[{"@type":"SearchAction","target":{"@type":"EntryPoint","urlTemplate":"https:\/\/mlekarna-krepko.si\/sl\/?s={search_term_string}"},"query-input":{"@type":"PropertyValueSpecification","valueRequired":true,"valueName":"search_term_string"}}],"inLanguage":"de-DE"},{"@type":"Organization","@id":"https:\/\/mlekarna-krepko.si\/sl\/#organization","name":"Mlekarna Krepko","url":"https:\/\/mlekarna-krepko.si\/sl\/","logo":{"@type":"ImageObject","inLanguage":"de-DE","@id":"https:\/\/mlekarna-krepko.si\/sl\/#\/schema\/logo\/image\/","url":"https:\/\/www.mlekarna-krepko.si\/wp-content\/uploads\/2020\/04\/LogoWeb_transparenten.png","contentUrl":"https:\/\/www.mlekarna-krepko.si\/wp-content\/uploads\/2020\/04\/LogoWeb_transparenten.png","width":300,"height":300,"caption":"Mlekarna Krepko"},"image":{"@id":"https:\/\/mlekarna-krepko.si\/sl\/#\/schema\/logo\/image\/"},"sameAs":["https:\/\/www.facebook.com\/mlekarna.krepko\/","https:\/\/www.instagram.com\/mlekarnakrepko\/","https:\/\/www.linkedin.com\/company\/mlekarna-krepko","https:\/\/www.youtube.com\/channel\/UCAzec5mnRHgcj2Th3fGRtKw?view_as=subscriber"]}]}},"_links":{"self":[{"href":"https:\/\/mlekarna-krepko.si\/de\/wp-json\/wp\/v2\/product\/20168","targetHints":{"allow":["GET"]}}],"collection":[{"href":"https:\/\/mlekarna-krepko.si\/de\/wp-json\/wp\/v2\/product"}],"about":[{"href":"https:\/\/mlekarna-krepko.si\/de\/wp-json\/wp\/v2\/types\/product"}],"wp:featuredmedia":[{"embeddable":true,"href":"https:\/\/mlekarna-krepko.si\/de\/wp-json\/wp\/v2\/media\/16187"}],"wp:attachment":[{"href":"https:\/\/mlekarna-krepko.si\/de\/wp-json\/wp\/v2\/media?parent=20168"}],"wp:term":[{"taxonomy":"product_cat","embeddable":true,"href":"https:\/\/mlekarna-krepko.si\/de\/wp-json\/wp\/v2\/product_cat?post=20168"},{"taxonomy":"product_tag","embeddable":true,"href":"https:\/\/mlekarna-krepko.si\/de\/wp-json\/wp\/v2\/product_tag?post=20168"}],"curies":[{"name":"wp","href":"https:\/\/api.w.org\/{rel}","templated":true}]}}