{"id":20171,"date":"2020-11-01T20:08:55","date_gmt":"2020-11-01T20:08:55","guid":{"rendered":"https:\/\/www.mlekarna-krepko.si\/izdelek\/kefir-krepki-suhec-with-vanilla-500g\/"},"modified":"2021-02-03T19:37:38","modified_gmt":"2021-02-03T19:37:38","slug":"kefir-krepki-suhec-vanille-500g","status":"publish","type":"product","link":"https:\/\/mlekarna-krepko.si\/de\/produkt\/kefir-krepki-suhec-vanille-500g\/","title":{"rendered":"Kefir Krepki suhec \/ Vanille 500g"},"content":{"rendered":"<p>Kefir Krepki suhec mit Vanillegeschmack ist aus slowenischer pasteurisierter, typisierter und nicht homogenisierter Milch hergestellt. Die Grundlage stellt Kefir Krepki suhec mit 1,5 % Milchfett dar, dem 9 % Vanillepr\u00e4parat beigemischt wird. Der traditionelle Kefir suhec mit weniger Fett und dem Geschmack nach Vanille ist ein fermentiertes Getr\u00e4nk f\u00fcr Naschkatzen. Ein Getr\u00e4nk mit einem angenehmen Aroma und Vanillegeschmack, jedoch mit Sch\u00e4rfe, der typischen Charakteristik des traditionellen Kefirs.<\/p>\n<table border=\"1\" cellspacing=\"0\" cellpadding=\"0\">\n<tbody>\n<tr>\n<td style=\"width: 349px;\" colspan=\"2\">\n<p align=\"center\"><strong>N\u00e4hrwert (durchschnittlich in 100 g)<\/strong><\/p>\n<\/td>\n<\/tr>\n<tr>\n<td style=\"width: 245px;\">Eiwei\u00df<\/td>\n<td style=\"width: 104px;\">3,2 g<\/td>\n<\/tr>\n<tr>\n<td style=\"width: 245px;\">Eiwei\u00df<\/td>\n<td style=\"width: 104px;\">9,8 g<\/td>\n<\/tr>\n<tr>\n<td style=\"width: 245px;\">\u00a0 \u00a0 davon Zucker<\/td>\n<td style=\"width: 104px;\">8,7 g<\/td>\n<\/tr>\n<tr>\n<td style=\"width: 245px;\">Fett<\/td>\n<td style=\"width: 104px;\">1,5 g<\/td>\n<\/tr>\n<tr>\n<td style=\"width: 245px;\">ges\u00e4ttigte Fetts\u00e4uren<\/td>\n<td style=\"width: 104px;\">1,0 g<\/td>\n<\/tr>\n<tr>\n<td style=\"width: 245px;\">Ballaststoffe<\/td>\n<td style=\"width: 104px;\">1,0 g<\/td>\n<\/tr>\n<tr>\n<td style=\"width: 245px;\">Natrium (nat\u00fcrlich vorhanden)<\/td>\n<td style=\"width: 104px;\">0,04 g<\/td>\n<\/tr>\n<tr>\n<td style=\"width: 245px;\">Energiewert<\/td>\n<td style=\"width: 104px;\">277 kJ\/66 kcal<\/td>\n<\/tr>\n<\/tbody>\n<\/table>\n<p>*Allergene:\u00a0<strong><em>Milch<\/em><\/strong><\/p>\n<p>&nbsp;<\/p>\n","protected":false},"excerpt":{"rendered":"<p><strong>Kefir Krepki suhec<\/strong> und auch alle anderen Sorten von Kefir aus der Molkerei Krepko werden aus traditionellen Kefirknollen aus dem Kaukasus und aus slowenischer pasteurisierter und nicht homogenisierter Milch hergestellt.<\/p>\n","protected":false},"featured_media":16203,"template":"","meta":{"_acf_changed":false},"product_cat":[179,198],"product_tag":[],"class_list":{"0":"post-20171","1":"product","2":"type-product","3":"status-publish","4":"has-post-thumbnail","6":"product_cat-kefirji-krepko-en","7":"product_cat-kefirji-krepko-de","9":"first","10":"instock","11":"taxable","12":"shipping-taxable","13":"product-type-simple"},"acf":[],"yoast_head":"<!-- This site is optimized with the Yoast SEO plugin v26.2 - https:\/\/yoast.com\/wordpress\/plugins\/seo\/ -->\n<title>Kefir Krepki suhec \/ Vanille 500g - Mlekarna Krepko<\/title>\n<meta name=\"robots\" content=\"index, follow, max-snippet:-1, max-image-preview:large, max-video-preview:-1\" \/>\n<link rel=\"canonical\" href=\"https:\/\/mlekarna-krepko.si\/de\/produkt\/kefir-krepki-suhec-vanille-500g\/\" \/>\n<meta property=\"og:locale\" content=\"de_DE\" \/>\n<meta property=\"og:type\" content=\"article\" \/>\n<meta property=\"og:title\" content=\"Kefir Krepki suhec \/ Vanille 500g - Mlekarna Krepko\" \/>\n<meta property=\"og:description\" content=\"Kefir Krepki suhec und auch alle anderen Sorten von Kefir aus der Molkerei Krepko werden aus traditionellen Kefirknollen aus dem Kaukasus und aus slowenischer pasteurisierter und nicht homogenisierter Milch hergestellt.\" \/>\n<meta property=\"og:url\" content=\"https:\/\/mlekarna-krepko.si\/de\/produkt\/kefir-krepki-suhec-vanille-500g\/\" \/>\n<meta property=\"og:site_name\" content=\"Mlekarna Krepko\" \/>\n<meta property=\"article:publisher\" content=\"https:\/\/www.facebook.com\/mlekarna.krepko\/\" \/>\n<meta property=\"article:modified_time\" content=\"2021-02-03T19:37:38+00:00\" \/>\n<meta property=\"og:image\" content=\"https:\/\/mlekarna-krepko.si\/wp-content\/uploads\/2019\/08\/Kefir_KrepkiSuhec_500g_Vanilija.jpg\" \/>\n\t<meta property=\"og:image:width\" content=\"640\" \/>\n\t<meta property=\"og:image:height\" content=\"802\" \/>\n\t<meta property=\"og:image:type\" content=\"image\/jpeg\" \/>\n<meta name=\"twitter:card\" content=\"summary_large_image\" \/>\n<meta name=\"twitter:label1\" content=\"Gesch\u00e4tzte Lesezeit\" \/>\n\t<meta name=\"twitter:data1\" content=\"1 Minute\" \/>\n<script type=\"application\/ld+json\" class=\"yoast-schema-graph\">{\"@context\":\"https:\/\/schema.org\",\"@graph\":[{\"@type\":\"WebPage\",\"@id\":\"https:\/\/mlekarna-krepko.si\/de\/produkt\/kefir-krepki-suhec-vanille-500g\/\",\"url\":\"https:\/\/mlekarna-krepko.si\/de\/produkt\/kefir-krepki-suhec-vanille-500g\/\",\"name\":\"Kefir Krepki suhec \/ Vanille 500g - Mlekarna Krepko\",\"isPartOf\":{\"@id\":\"https:\/\/mlekarna-krepko.si\/it\/#website\"},\"primaryImageOfPage\":{\"@id\":\"https:\/\/mlekarna-krepko.si\/de\/produkt\/kefir-krepki-suhec-vanille-500g\/#primaryimage\"},\"image\":{\"@id\":\"https:\/\/mlekarna-krepko.si\/de\/produkt\/kefir-krepki-suhec-vanille-500g\/#primaryimage\"},\"thumbnailUrl\":\"https:\/\/mlekarna-krepko.si\/wp-content\/uploads\/2019\/08\/Kefir_KrepkiSuhec_500g_Vanilija.jpg\",\"datePublished\":\"2020-11-01T20:08:55+00:00\",\"dateModified\":\"2021-02-03T19:37:38+00:00\",\"breadcrumb\":{\"@id\":\"https:\/\/mlekarna-krepko.si\/de\/produkt\/kefir-krepki-suhec-vanille-500g\/#breadcrumb\"},\"inLanguage\":\"de-DE\",\"potentialAction\":[{\"@type\":\"ReadAction\",\"target\":[\"https:\/\/mlekarna-krepko.si\/de\/produkt\/kefir-krepki-suhec-vanille-500g\/\"]}]},{\"@type\":\"ImageObject\",\"inLanguage\":\"de-DE\",\"@id\":\"https:\/\/mlekarna-krepko.si\/de\/produkt\/kefir-krepki-suhec-vanille-500g\/#primaryimage\",\"url\":\"https:\/\/mlekarna-krepko.si\/wp-content\/uploads\/2019\/08\/Kefir_KrepkiSuhec_500g_Vanilija.jpg\",\"contentUrl\":\"https:\/\/mlekarna-krepko.si\/wp-content\/uploads\/2019\/08\/Kefir_KrepkiSuhec_500g_Vanilija.jpg\",\"width\":640,\"height\":802},{\"@type\":\"BreadcrumbList\",\"@id\":\"https:\/\/mlekarna-krepko.si\/de\/produkt\/kefir-krepki-suhec-vanille-500g\/#breadcrumb\",\"itemListElement\":[{\"@type\":\"ListItem\",\"position\":1,\"name\":\"Home\",\"item\":\"https:\/\/mlekarna-krepko.si\/de\/\"},{\"@type\":\"ListItem\",\"position\":2,\"name\":\"Trgovina\",\"item\":\"https:\/\/mlekarna-krepko.si\/sl\/trgovina\/\"},{\"@type\":\"ListItem\",\"position\":3,\"name\":\"Kefir Krepki suhec \/ Vanille 500g\"}]},{\"@type\":\"WebSite\",\"@id\":\"https:\/\/mlekarna-krepko.si\/it\/#website\",\"url\":\"https:\/\/mlekarna-krepko.si\/it\/\",\"name\":\"Mlekarna Krepko\",\"description\":\"\",\"publisher\":{\"@id\":\"https:\/\/mlekarna-krepko.si\/it\/#organization\"},\"potentialAction\":[{\"@type\":\"SearchAction\",\"target\":{\"@type\":\"EntryPoint\",\"urlTemplate\":\"https:\/\/mlekarna-krepko.si\/it\/?s={search_term_string}\"},\"query-input\":{\"@type\":\"PropertyValueSpecification\",\"valueRequired\":true,\"valueName\":\"search_term_string\"}}],\"inLanguage\":\"de-DE\"},{\"@type\":\"Organization\",\"@id\":\"https:\/\/mlekarna-krepko.si\/it\/#organization\",\"name\":\"Mlekarna Krepko\",\"url\":\"https:\/\/mlekarna-krepko.si\/it\/\",\"logo\":{\"@type\":\"ImageObject\",\"inLanguage\":\"de-DE\",\"@id\":\"https:\/\/mlekarna-krepko.si\/it\/#\/schema\/logo\/image\/\",\"url\":\"https:\/\/www.mlekarna-krepko.si\/wp-content\/uploads\/2020\/04\/LogoWeb_transparenten.png\",\"contentUrl\":\"https:\/\/www.mlekarna-krepko.si\/wp-content\/uploads\/2020\/04\/LogoWeb_transparenten.png\",\"width\":300,\"height\":300,\"caption\":\"Mlekarna Krepko\"},\"image\":{\"@id\":\"https:\/\/mlekarna-krepko.si\/it\/#\/schema\/logo\/image\/\"},\"sameAs\":[\"https:\/\/www.facebook.com\/mlekarna.krepko\/\",\"https:\/\/www.instagram.com\/mlekarnakrepko\/\",\"https:\/\/www.linkedin.com\/company\/mlekarna-krepko\",\"https:\/\/www.youtube.com\/channel\/UCAzec5mnRHgcj2Th3fGRtKw?view_as=subscriber\"]}]}<\/script>\n<!-- \/ Yoast SEO plugin. -->","yoast_head_json":{"title":"Kefir Krepki suhec \/ Vanille 500g - Mlekarna Krepko","robots":{"index":"index","follow":"follow","max-snippet":"max-snippet:-1","max-image-preview":"max-image-preview:large","max-video-preview":"max-video-preview:-1"},"canonical":"https:\/\/mlekarna-krepko.si\/de\/produkt\/kefir-krepki-suhec-vanille-500g\/","og_locale":"de_DE","og_type":"article","og_title":"Kefir Krepki suhec \/ Vanille 500g - Mlekarna Krepko","og_description":"Kefir Krepki suhec und auch alle anderen Sorten von Kefir aus der Molkerei Krepko werden aus traditionellen Kefirknollen aus dem Kaukasus und aus slowenischer pasteurisierter und nicht homogenisierter Milch hergestellt.","og_url":"https:\/\/mlekarna-krepko.si\/de\/produkt\/kefir-krepki-suhec-vanille-500g\/","og_site_name":"Mlekarna Krepko","article_publisher":"https:\/\/www.facebook.com\/mlekarna.krepko\/","article_modified_time":"2021-02-03T19:37:38+00:00","og_image":[{"width":640,"height":802,"url":"https:\/\/mlekarna-krepko.si\/wp-content\/uploads\/2019\/08\/Kefir_KrepkiSuhec_500g_Vanilija.jpg","type":"image\/jpeg"}],"twitter_card":"summary_large_image","twitter_misc":{"Gesch\u00e4tzte Lesezeit":"1 Minute"},"schema":{"@context":"https:\/\/schema.org","@graph":[{"@type":"WebPage","@id":"https:\/\/mlekarna-krepko.si\/de\/produkt\/kefir-krepki-suhec-vanille-500g\/","url":"https:\/\/mlekarna-krepko.si\/de\/produkt\/kefir-krepki-suhec-vanille-500g\/","name":"Kefir Krepki suhec \/ Vanille 500g - Mlekarna Krepko","isPartOf":{"@id":"https:\/\/mlekarna-krepko.si\/it\/#website"},"primaryImageOfPage":{"@id":"https:\/\/mlekarna-krepko.si\/de\/produkt\/kefir-krepki-suhec-vanille-500g\/#primaryimage"},"image":{"@id":"https:\/\/mlekarna-krepko.si\/de\/produkt\/kefir-krepki-suhec-vanille-500g\/#primaryimage"},"thumbnailUrl":"https:\/\/mlekarna-krepko.si\/wp-content\/uploads\/2019\/08\/Kefir_KrepkiSuhec_500g_Vanilija.jpg","datePublished":"2020-11-01T20:08:55+00:00","dateModified":"2021-02-03T19:37:38+00:00","breadcrumb":{"@id":"https:\/\/mlekarna-krepko.si\/de\/produkt\/kefir-krepki-suhec-vanille-500g\/#breadcrumb"},"inLanguage":"de-DE","potentialAction":[{"@type":"ReadAction","target":["https:\/\/mlekarna-krepko.si\/de\/produkt\/kefir-krepki-suhec-vanille-500g\/"]}]},{"@type":"ImageObject","inLanguage":"de-DE","@id":"https:\/\/mlekarna-krepko.si\/de\/produkt\/kefir-krepki-suhec-vanille-500g\/#primaryimage","url":"https:\/\/mlekarna-krepko.si\/wp-content\/uploads\/2019\/08\/Kefir_KrepkiSuhec_500g_Vanilija.jpg","contentUrl":"https:\/\/mlekarna-krepko.si\/wp-content\/uploads\/2019\/08\/Kefir_KrepkiSuhec_500g_Vanilija.jpg","width":640,"height":802},{"@type":"BreadcrumbList","@id":"https:\/\/mlekarna-krepko.si\/de\/produkt\/kefir-krepki-suhec-vanille-500g\/#breadcrumb","itemListElement":[{"@type":"ListItem","position":1,"name":"Home","item":"https:\/\/mlekarna-krepko.si\/de\/"},{"@type":"ListItem","position":2,"name":"Trgovina","item":"https:\/\/mlekarna-krepko.si\/sl\/trgovina\/"},{"@type":"ListItem","position":3,"name":"Kefir Krepki suhec \/ Vanille 500g"}]},{"@type":"WebSite","@id":"https:\/\/mlekarna-krepko.si\/it\/#website","url":"https:\/\/mlekarna-krepko.si\/it\/","name":"Mlekarna Krepko","description":"","publisher":{"@id":"https:\/\/mlekarna-krepko.si\/it\/#organization"},"potentialAction":[{"@type":"SearchAction","target":{"@type":"EntryPoint","urlTemplate":"https:\/\/mlekarna-krepko.si\/it\/?s={search_term_string}"},"query-input":{"@type":"PropertyValueSpecification","valueRequired":true,"valueName":"search_term_string"}}],"inLanguage":"de-DE"},{"@type":"Organization","@id":"https:\/\/mlekarna-krepko.si\/it\/#organization","name":"Mlekarna Krepko","url":"https:\/\/mlekarna-krepko.si\/it\/","logo":{"@type":"ImageObject","inLanguage":"de-DE","@id":"https:\/\/mlekarna-krepko.si\/it\/#\/schema\/logo\/image\/","url":"https:\/\/www.mlekarna-krepko.si\/wp-content\/uploads\/2020\/04\/LogoWeb_transparenten.png","contentUrl":"https:\/\/www.mlekarna-krepko.si\/wp-content\/uploads\/2020\/04\/LogoWeb_transparenten.png","width":300,"height":300,"caption":"Mlekarna Krepko"},"image":{"@id":"https:\/\/mlekarna-krepko.si\/it\/#\/schema\/logo\/image\/"},"sameAs":["https:\/\/www.facebook.com\/mlekarna.krepko\/","https:\/\/www.instagram.com\/mlekarnakrepko\/","https:\/\/www.linkedin.com\/company\/mlekarna-krepko","https:\/\/www.youtube.com\/channel\/UCAzec5mnRHgcj2Th3fGRtKw?view_as=subscriber"]}]}},"_links":{"self":[{"href":"https:\/\/mlekarna-krepko.si\/de\/wp-json\/wp\/v2\/product\/20171","targetHints":{"allow":["GET"]}}],"collection":[{"href":"https:\/\/mlekarna-krepko.si\/de\/wp-json\/wp\/v2\/product"}],"about":[{"href":"https:\/\/mlekarna-krepko.si\/de\/wp-json\/wp\/v2\/types\/product"}],"wp:featuredmedia":[{"embeddable":true,"href":"https:\/\/mlekarna-krepko.si\/de\/wp-json\/wp\/v2\/media\/16203"}],"wp:attachment":[{"href":"https:\/\/mlekarna-krepko.si\/de\/wp-json\/wp\/v2\/media?parent=20171"}],"wp:term":[{"taxonomy":"product_cat","embeddable":true,"href":"https:\/\/mlekarna-krepko.si\/de\/wp-json\/wp\/v2\/product_cat?post=20171"},{"taxonomy":"product_tag","embeddable":true,"href":"https:\/\/mlekarna-krepko.si\/de\/wp-json\/wp\/v2\/product_tag?post=20171"}],"curies":[{"name":"wp","href":"https:\/\/api.w.org\/{rel}","templated":true}]}}