{"id":20181,"date":"2020-11-01T21:07:49","date_gmt":"2020-11-01T21:07:49","guid":{"rendered":"https:\/\/www.mlekarna-krepko.si\/izdelek\/fitness-cheese-ricotta-400g\/"},"modified":"2022-09-08T20:28:56","modified_gmt":"2022-09-08T20:28:56","slug":"fitness-cheese-ricotta-400g","status":"publish","type":"product","link":"https:\/\/mlekarna-krepko.si\/de\/produkt\/fitness-cheese-ricotta-400g\/","title":{"rendered":"Fitness cheese\u201d Ricotta 400g"},"content":{"rendered":"<p><strong>\u201cFitness cheese\u201d Ricotta<\/strong>, K\u00e4se mit einem hohen Eiwei\u00dfgehalt, hergestellt aus Milch mit weniger Fett. Eine ausgezeichnete Nahrung f\u00fcr die Muskelmasse. Tr\u00e4gt durch weniger Fett zu Gewichtsverlust oder Gewichterhaltung bei.<\/p>\n<p>&nbsp;<\/p>\n<table border=\"1\" cellspacing=\"0\" cellpadding=\"0\">\n<tbody>\n<tr>\n<td style=\"width: 359px;\" colspan=\"2\">\n<p align=\"center\"><strong>N\u00e4hrwert (durchschnittlich in 100 g)<\/strong><\/p>\n<\/td>\n<\/tr>\n<tr>\n<td style=\"width: 245px;\">Eiwei\u00df<\/td>\n<td style=\"width: 113px;\">21,0 g<\/td>\n<\/tr>\n<tr>\n<td style=\"width: 245px;\">Molkeneiwei\u00df<\/td>\n<td style=\"width: 113px;\">1,0 g<\/td>\n<\/tr>\n<tr>\n<td style=\"width: 245px;\">Kohlenhydrate<\/td>\n<td style=\"width: 113px;\">4,1 g<\/td>\n<\/tr>\n<tr>\n<td style=\"width: 245px;\">\u00a0 \u00a0davon Zucker<\/td>\n<td style=\"width: 113px;\">3,4 g<\/td>\n<\/tr>\n<tr>\n<td style=\"width: 245px;\">Fett<\/td>\n<td style=\"width: 113px;\">6,9 g<\/td>\n<\/tr>\n<tr>\n<td style=\"width: 245px;\">\u00a0 \u00a0ges\u00e4ttigte Fetts\u00e4uren<\/td>\n<td style=\"width: 113px;\">4,4 g<\/td>\n<\/tr>\n<tr>\n<td style=\"width: 245px;\">Ballaststoffe<\/td>\n<td style=\"width: 113px;\">0 g<\/td>\n<\/tr>\n<tr>\n<td style=\"width: 245px;\">Salz (nat\u00fcrlich vorhanden)<\/td>\n<td style=\"width: 113px;\">0,05 g<\/td>\n<\/tr>\n<tr>\n<td style=\"width: 245px;\">Energiewert<\/td>\n<td style=\"width: 113px;\">682 kJ\/163 kcal<\/td>\n<\/tr>\n<\/tbody>\n<\/table>\n<p>*Allergene:\u00a0<strong><em>Milch<\/em><\/strong><\/p>\n","protected":false},"excerpt":{"rendered":"<p>\u201cFitness cheese\u201d Ricotta, K\u00e4se mit einem hohen Eiwei\u00dfgehalt, hergestellt aus Milch mit weniger Fett. Eine ausgezeichnete Nahrung f\u00fcr die Muskelmasse. Tr\u00e4gt durch weniger Fett zu Gewichtsverlust oder Gewichterhaltung bei. &nbsp; N\u00e4hrwert (durchschnittlich in 100 g) Eiwei\u00df 21,0 g Molkeneiwei\u00df 1,0 g Kohlenhydrate 4,1 g \u00a0 \u00a0davon Zucker 3,4 g Fett 6,9 g \u00a0 \u00a0ges\u00e4ttigte Fetts\u00e4uren 4,4 g Ballaststoffe 0 g [&hellip;]<\/p>\n","protected":false},"featured_media":22934,"template":"","meta":{"_acf_changed":false},"product_cat":[196,200],"product_tag":[],"class_list":{"0":"post-20181","1":"product","2":"type-product","3":"status-publish","4":"has-post-thumbnail","6":"product_cat-fitnessprodukte","7":"product_cat-milchprodukte","9":"first","10":"instock","11":"taxable","12":"shipping-taxable","13":"product-type-simple"},"acf":[],"yoast_head":"<!-- This site is optimized with the Yoast SEO plugin v26.2 - https:\/\/yoast.com\/wordpress\/plugins\/seo\/ -->\n<title>Fitness cheese\u201d Ricotta 400g - Mlekarna Krepko<\/title>\n<meta name=\"robots\" content=\"index, follow, max-snippet:-1, max-image-preview:large, max-video-preview:-1\" \/>\n<link rel=\"canonical\" href=\"https:\/\/mlekarna-krepko.si\/de\/produkt\/fitness-cheese-ricotta-400g\/\" \/>\n<meta property=\"og:locale\" content=\"de_DE\" \/>\n<meta property=\"og:type\" content=\"article\" \/>\n<meta property=\"og:title\" content=\"Fitness cheese\u201d Ricotta 400g - Mlekarna Krepko\" \/>\n<meta property=\"og:description\" content=\"\u201cFitness cheese\u201d Ricotta, K\u00e4se mit einem hohen Eiwei\u00dfgehalt, hergestellt aus Milch mit weniger Fett. Eine ausgezeichnete Nahrung f\u00fcr die Muskelmasse. Tr\u00e4gt durch weniger Fett zu Gewichtsverlust oder Gewichterhaltung bei. &nbsp; N\u00e4hrwert (durchschnittlich in 100 g) Eiwei\u00df 21,0 g Molkeneiwei\u00df 1,0 g Kohlenhydrate 4,1 g \u00a0 \u00a0davon Zucker 3,4 g Fett 6,9 g \u00a0 \u00a0ges\u00e4ttigte Fetts\u00e4uren 4,4 g Ballaststoffe 0 g [&hellip;]\" \/>\n<meta property=\"og:url\" content=\"https:\/\/mlekarna-krepko.si\/de\/produkt\/fitness-cheese-ricotta-400g\/\" \/>\n<meta property=\"og:site_name\" content=\"Mlekarna Krepko\" \/>\n<meta property=\"article:publisher\" content=\"https:\/\/www.facebook.com\/mlekarna.krepko\/\" \/>\n<meta property=\"article:modified_time\" content=\"2022-09-08T20:28:56+00:00\" \/>\n<meta property=\"og:image\" content=\"https:\/\/mlekarna-krepko.si\/wp-content\/uploads\/2022\/09\/fitness-svezi-sir-izdelek.png\" \/>\n\t<meta property=\"og:image:width\" content=\"640\" \/>\n\t<meta property=\"og:image:height\" content=\"802\" \/>\n\t<meta property=\"og:image:type\" content=\"image\/png\" \/>\n<meta name=\"twitter:card\" content=\"summary_large_image\" \/>\n<script type=\"application\/ld+json\" class=\"yoast-schema-graph\">{\"@context\":\"https:\/\/schema.org\",\"@graph\":[{\"@type\":\"WebPage\",\"@id\":\"https:\/\/mlekarna-krepko.si\/de\/produkt\/fitness-cheese-ricotta-400g\/\",\"url\":\"https:\/\/mlekarna-krepko.si\/de\/produkt\/fitness-cheese-ricotta-400g\/\",\"name\":\"Fitness cheese\u201d Ricotta 400g - Mlekarna Krepko\",\"isPartOf\":{\"@id\":\"https:\/\/mlekarna-krepko.si\/it\/#website\"},\"primaryImageOfPage\":{\"@id\":\"https:\/\/mlekarna-krepko.si\/de\/produkt\/fitness-cheese-ricotta-400g\/#primaryimage\"},\"image\":{\"@id\":\"https:\/\/mlekarna-krepko.si\/de\/produkt\/fitness-cheese-ricotta-400g\/#primaryimage\"},\"thumbnailUrl\":\"https:\/\/mlekarna-krepko.si\/wp-content\/uploads\/2022\/09\/fitness-svezi-sir-izdelek.png\",\"datePublished\":\"2020-11-01T21:07:49+00:00\",\"dateModified\":\"2022-09-08T20:28:56+00:00\",\"breadcrumb\":{\"@id\":\"https:\/\/mlekarna-krepko.si\/de\/produkt\/fitness-cheese-ricotta-400g\/#breadcrumb\"},\"inLanguage\":\"de-DE\",\"potentialAction\":[{\"@type\":\"ReadAction\",\"target\":[\"https:\/\/mlekarna-krepko.si\/de\/produkt\/fitness-cheese-ricotta-400g\/\"]}]},{\"@type\":\"ImageObject\",\"inLanguage\":\"de-DE\",\"@id\":\"https:\/\/mlekarna-krepko.si\/de\/produkt\/fitness-cheese-ricotta-400g\/#primaryimage\",\"url\":\"https:\/\/mlekarna-krepko.si\/wp-content\/uploads\/2022\/09\/fitness-svezi-sir-izdelek.png\",\"contentUrl\":\"https:\/\/mlekarna-krepko.si\/wp-content\/uploads\/2022\/09\/fitness-svezi-sir-izdelek.png\",\"width\":640,\"height\":802},{\"@type\":\"BreadcrumbList\",\"@id\":\"https:\/\/mlekarna-krepko.si\/de\/produkt\/fitness-cheese-ricotta-400g\/#breadcrumb\",\"itemListElement\":[{\"@type\":\"ListItem\",\"position\":1,\"name\":\"Home\",\"item\":\"https:\/\/mlekarna-krepko.si\/de\/\"},{\"@type\":\"ListItem\",\"position\":2,\"name\":\"Trgovina\",\"item\":\"https:\/\/mlekarna-krepko.si\/sl\/trgovina\/\"},{\"@type\":\"ListItem\",\"position\":3,\"name\":\"Fitness cheese\u201d Ricotta 400g\"}]},{\"@type\":\"WebSite\",\"@id\":\"https:\/\/mlekarna-krepko.si\/it\/#website\",\"url\":\"https:\/\/mlekarna-krepko.si\/it\/\",\"name\":\"Mlekarna Krepko\",\"description\":\"\",\"publisher\":{\"@id\":\"https:\/\/mlekarna-krepko.si\/it\/#organization\"},\"potentialAction\":[{\"@type\":\"SearchAction\",\"target\":{\"@type\":\"EntryPoint\",\"urlTemplate\":\"https:\/\/mlekarna-krepko.si\/it\/?s={search_term_string}\"},\"query-input\":{\"@type\":\"PropertyValueSpecification\",\"valueRequired\":true,\"valueName\":\"search_term_string\"}}],\"inLanguage\":\"de-DE\"},{\"@type\":\"Organization\",\"@id\":\"https:\/\/mlekarna-krepko.si\/it\/#organization\",\"name\":\"Mlekarna Krepko\",\"url\":\"https:\/\/mlekarna-krepko.si\/it\/\",\"logo\":{\"@type\":\"ImageObject\",\"inLanguage\":\"de-DE\",\"@id\":\"https:\/\/mlekarna-krepko.si\/it\/#\/schema\/logo\/image\/\",\"url\":\"https:\/\/www.mlekarna-krepko.si\/wp-content\/uploads\/2020\/04\/LogoWeb_transparenten.png\",\"contentUrl\":\"https:\/\/www.mlekarna-krepko.si\/wp-content\/uploads\/2020\/04\/LogoWeb_transparenten.png\",\"width\":300,\"height\":300,\"caption\":\"Mlekarna Krepko\"},\"image\":{\"@id\":\"https:\/\/mlekarna-krepko.si\/it\/#\/schema\/logo\/image\/\"},\"sameAs\":[\"https:\/\/www.facebook.com\/mlekarna.krepko\/\",\"https:\/\/www.instagram.com\/mlekarnakrepko\/\",\"https:\/\/www.linkedin.com\/company\/mlekarna-krepko\",\"https:\/\/www.youtube.com\/channel\/UCAzec5mnRHgcj2Th3fGRtKw?view_as=subscriber\"]}]}<\/script>\n<!-- \/ Yoast SEO plugin. -->","yoast_head_json":{"title":"Fitness cheese\u201d Ricotta 400g - Mlekarna Krepko","robots":{"index":"index","follow":"follow","max-snippet":"max-snippet:-1","max-image-preview":"max-image-preview:large","max-video-preview":"max-video-preview:-1"},"canonical":"https:\/\/mlekarna-krepko.si\/de\/produkt\/fitness-cheese-ricotta-400g\/","og_locale":"de_DE","og_type":"article","og_title":"Fitness cheese\u201d Ricotta 400g - Mlekarna Krepko","og_description":"\u201cFitness cheese\u201d Ricotta, K\u00e4se mit einem hohen Eiwei\u00dfgehalt, hergestellt aus Milch mit weniger Fett. Eine ausgezeichnete Nahrung f\u00fcr die Muskelmasse. Tr\u00e4gt durch weniger Fett zu Gewichtsverlust oder Gewichterhaltung bei. &nbsp; N\u00e4hrwert (durchschnittlich in 100 g) Eiwei\u00df 21,0 g Molkeneiwei\u00df 1,0 g Kohlenhydrate 4,1 g \u00a0 \u00a0davon Zucker 3,4 g Fett 6,9 g \u00a0 \u00a0ges\u00e4ttigte Fetts\u00e4uren 4,4 g Ballaststoffe 0 g [&hellip;]","og_url":"https:\/\/mlekarna-krepko.si\/de\/produkt\/fitness-cheese-ricotta-400g\/","og_site_name":"Mlekarna Krepko","article_publisher":"https:\/\/www.facebook.com\/mlekarna.krepko\/","article_modified_time":"2022-09-08T20:28:56+00:00","og_image":[{"width":640,"height":802,"url":"https:\/\/mlekarna-krepko.si\/wp-content\/uploads\/2022\/09\/fitness-svezi-sir-izdelek.png","type":"image\/png"}],"twitter_card":"summary_large_image","schema":{"@context":"https:\/\/schema.org","@graph":[{"@type":"WebPage","@id":"https:\/\/mlekarna-krepko.si\/de\/produkt\/fitness-cheese-ricotta-400g\/","url":"https:\/\/mlekarna-krepko.si\/de\/produkt\/fitness-cheese-ricotta-400g\/","name":"Fitness cheese\u201d Ricotta 400g - Mlekarna Krepko","isPartOf":{"@id":"https:\/\/mlekarna-krepko.si\/it\/#website"},"primaryImageOfPage":{"@id":"https:\/\/mlekarna-krepko.si\/de\/produkt\/fitness-cheese-ricotta-400g\/#primaryimage"},"image":{"@id":"https:\/\/mlekarna-krepko.si\/de\/produkt\/fitness-cheese-ricotta-400g\/#primaryimage"},"thumbnailUrl":"https:\/\/mlekarna-krepko.si\/wp-content\/uploads\/2022\/09\/fitness-svezi-sir-izdelek.png","datePublished":"2020-11-01T21:07:49+00:00","dateModified":"2022-09-08T20:28:56+00:00","breadcrumb":{"@id":"https:\/\/mlekarna-krepko.si\/de\/produkt\/fitness-cheese-ricotta-400g\/#breadcrumb"},"inLanguage":"de-DE","potentialAction":[{"@type":"ReadAction","target":["https:\/\/mlekarna-krepko.si\/de\/produkt\/fitness-cheese-ricotta-400g\/"]}]},{"@type":"ImageObject","inLanguage":"de-DE","@id":"https:\/\/mlekarna-krepko.si\/de\/produkt\/fitness-cheese-ricotta-400g\/#primaryimage","url":"https:\/\/mlekarna-krepko.si\/wp-content\/uploads\/2022\/09\/fitness-svezi-sir-izdelek.png","contentUrl":"https:\/\/mlekarna-krepko.si\/wp-content\/uploads\/2022\/09\/fitness-svezi-sir-izdelek.png","width":640,"height":802},{"@type":"BreadcrumbList","@id":"https:\/\/mlekarna-krepko.si\/de\/produkt\/fitness-cheese-ricotta-400g\/#breadcrumb","itemListElement":[{"@type":"ListItem","position":1,"name":"Home","item":"https:\/\/mlekarna-krepko.si\/de\/"},{"@type":"ListItem","position":2,"name":"Trgovina","item":"https:\/\/mlekarna-krepko.si\/sl\/trgovina\/"},{"@type":"ListItem","position":3,"name":"Fitness cheese\u201d Ricotta 400g"}]},{"@type":"WebSite","@id":"https:\/\/mlekarna-krepko.si\/it\/#website","url":"https:\/\/mlekarna-krepko.si\/it\/","name":"Mlekarna Krepko","description":"","publisher":{"@id":"https:\/\/mlekarna-krepko.si\/it\/#organization"},"potentialAction":[{"@type":"SearchAction","target":{"@type":"EntryPoint","urlTemplate":"https:\/\/mlekarna-krepko.si\/it\/?s={search_term_string}"},"query-input":{"@type":"PropertyValueSpecification","valueRequired":true,"valueName":"search_term_string"}}],"inLanguage":"de-DE"},{"@type":"Organization","@id":"https:\/\/mlekarna-krepko.si\/it\/#organization","name":"Mlekarna Krepko","url":"https:\/\/mlekarna-krepko.si\/it\/","logo":{"@type":"ImageObject","inLanguage":"de-DE","@id":"https:\/\/mlekarna-krepko.si\/it\/#\/schema\/logo\/image\/","url":"https:\/\/www.mlekarna-krepko.si\/wp-content\/uploads\/2020\/04\/LogoWeb_transparenten.png","contentUrl":"https:\/\/www.mlekarna-krepko.si\/wp-content\/uploads\/2020\/04\/LogoWeb_transparenten.png","width":300,"height":300,"caption":"Mlekarna Krepko"},"image":{"@id":"https:\/\/mlekarna-krepko.si\/it\/#\/schema\/logo\/image\/"},"sameAs":["https:\/\/www.facebook.com\/mlekarna.krepko\/","https:\/\/www.instagram.com\/mlekarnakrepko\/","https:\/\/www.linkedin.com\/company\/mlekarna-krepko","https:\/\/www.youtube.com\/channel\/UCAzec5mnRHgcj2Th3fGRtKw?view_as=subscriber"]}]}},"_links":{"self":[{"href":"https:\/\/mlekarna-krepko.si\/de\/wp-json\/wp\/v2\/product\/20181","targetHints":{"allow":["GET"]}}],"collection":[{"href":"https:\/\/mlekarna-krepko.si\/de\/wp-json\/wp\/v2\/product"}],"about":[{"href":"https:\/\/mlekarna-krepko.si\/de\/wp-json\/wp\/v2\/types\/product"}],"wp:featuredmedia":[{"embeddable":true,"href":"https:\/\/mlekarna-krepko.si\/de\/wp-json\/wp\/v2\/media\/22934"}],"wp:attachment":[{"href":"https:\/\/mlekarna-krepko.si\/de\/wp-json\/wp\/v2\/media?parent=20181"}],"wp:term":[{"taxonomy":"product_cat","embeddable":true,"href":"https:\/\/mlekarna-krepko.si\/de\/wp-json\/wp\/v2\/product_cat?post=20181"},{"taxonomy":"product_tag","embeddable":true,"href":"https:\/\/mlekarna-krepko.si\/de\/wp-json\/wp\/v2\/product_tag?post=20181"}],"curies":[{"name":"wp","href":"https:\/\/api.w.org\/{rel}","templated":true}]}}