{"id":20189,"date":"2020-11-01T20:56:30","date_gmt":"2020-11-01T20:56:30","guid":{"rendered":"https:\/\/www.mlekarna-krepko.si\/izdelek\/bio-cheese-in-olive-oil-krepka-juzina-150g\/"},"modified":"2021-02-02T21:04:19","modified_gmt":"2021-02-02T21:04:19","slug":"bio-kase-in-olivenol-krepka-juzina-150g","status":"publish","type":"product","link":"https:\/\/mlekarna-krepko.si\/de\/produkt\/bio-kase-in-olivenol-krepka-juzina-150g\/","title":{"rendered":"Bio-K\u00e4se in Oliven\u00f6l \u2018Krepka ju\u017eina\u2019 150g"},"content":{"rendered":"<p><strong>Bio-K\u00e4se \u201eKrepka ju\u017eina\u201c<\/strong> ist ein wei\u00dfer Weichk\u00e4se aus pasteurisierter und nicht homogenisierter \u00f6kologisch angebauter slowenischer Milch. Er entsteht, wenn die Milch mit der Kultur gek\u00e4st wird. Nach dem Reifen wird der K\u00e4se nach Wunsch in unterschiedlich gro\u00dfe St\u00fccke geschnitten. Der K\u00e4se reift danach 14 bis 21 Tage in der Salzlake. Nach dem Reifen werden dem K\u00e4se \u00f6kologisch angebautes Oliven\u00f6l, Basilikum und Knoblauch beigemischt.<\/p>\n<p>&nbsp;<\/p>\n<p>Enth\u00e4lt mindestens 40 % Trockenmasse, mindestens 50 % Milchfett in der Trockenmasse.<\/p>\n<p>*Allergene:\u00a0<strong><em>Milch<\/em><\/strong><\/p>\n","protected":false},"excerpt":{"rendered":"<p>Bio-K\u00e4se \u201eKrepka ju\u017eina\u201c ist ein wei\u00dfer Weichk\u00e4se aus pasteurisierter und nicht homogenisierter \u00f6kologisch angebauter slowenischer Milch. Er entsteht, wenn die Milch mit der Kultur gek\u00e4st wird. Nach dem Reifen wird der K\u00e4se nach Wunsch in unterschiedlich gro\u00dfe St\u00fccke geschnitten. Der K\u00e4se reift danach 14 bis 21 Tage in der Salzlake. Nach dem Reifen werden dem K\u00e4se \u00f6kologisch angebautes Oliven\u00f6l, Basilikum [&hellip;]<\/p>\n","protected":false},"featured_media":22401,"template":"","meta":{"_acf_changed":false},"product_cat":[180],"product_tag":[],"class_list":{"0":"post-20189","1":"product","2":"type-product","3":"status-publish","4":"has-post-thumbnail","6":"product_cat-dairy-roducts","8":"first","9":"instock","10":"taxable","11":"shipping-taxable","12":"product-type-simple"},"acf":[],"yoast_head":"<!-- This site is optimized with the Yoast SEO plugin v27.4 - https:\/\/yoast.com\/product\/yoast-seo-wordpress\/ -->\n<title>Bio-K\u00e4se in Oliven\u00f6l \u2018Krepka ju\u017eina\u2019 150g - Mlekarna Krepko<\/title>\n<meta name=\"robots\" content=\"index, follow, max-snippet:-1, max-image-preview:large, max-video-preview:-1\" \/>\n<link rel=\"canonical\" href=\"https:\/\/mlekarna-krepko.si\/de\/produkt\/bio-kase-in-olivenol-krepka-juzina-150g\/\" \/>\n<meta property=\"og:locale\" content=\"de_DE\" \/>\n<meta property=\"og:type\" content=\"article\" \/>\n<meta property=\"og:title\" content=\"Bio-K\u00e4se in Oliven\u00f6l \u2018Krepka ju\u017eina\u2019 150g - Mlekarna Krepko\" \/>\n<meta property=\"og:description\" content=\"Bio-K\u00e4se \u201eKrepka ju\u017eina\u201c ist ein wei\u00dfer Weichk\u00e4se aus pasteurisierter und nicht homogenisierter \u00f6kologisch angebauter slowenischer Milch. Er entsteht, wenn die Milch mit der Kultur gek\u00e4st wird. Nach dem Reifen wird der K\u00e4se nach Wunsch in unterschiedlich gro\u00dfe St\u00fccke geschnitten. Der K\u00e4se reift danach 14 bis 21 Tage in der Salzlake. Nach dem Reifen werden dem K\u00e4se \u00f6kologisch angebautes Oliven\u00f6l, Basilikum [&hellip;]\" \/>\n<meta property=\"og:url\" content=\"https:\/\/mlekarna-krepko.si\/de\/produkt\/bio-kase-in-olivenol-krepka-juzina-150g\/\" \/>\n<meta property=\"og:site_name\" content=\"Mlekarna Krepko\" \/>\n<meta property=\"article:publisher\" content=\"https:\/\/www.facebook.com\/mlekarna.krepko\/\" \/>\n<meta property=\"article:modified_time\" content=\"2021-02-02T21:04:19+00:00\" \/>\n<meta property=\"og:image\" content=\"https:\/\/mlekarna-krepko.si\/wp-content\/uploads\/2021\/12\/bio-krepka-juzina-trgovina.png\" \/>\n\t<meta property=\"og:image:width\" content=\"640\" \/>\n\t<meta property=\"og:image:height\" content=\"802\" \/>\n\t<meta property=\"og:image:type\" content=\"image\/png\" \/>\n<meta name=\"twitter:card\" content=\"summary_large_image\" \/>\n<script type=\"application\/ld+json\" class=\"yoast-schema-graph\">{\"@context\":\"https:\\\/\\\/schema.org\",\"@graph\":[{\"@type\":\"WebPage\",\"@id\":\"https:\\\/\\\/mlekarna-krepko.si\\\/de\\\/produkt\\\/bio-kase-in-olivenol-krepka-juzina-150g\\\/\",\"url\":\"https:\\\/\\\/mlekarna-krepko.si\\\/de\\\/produkt\\\/bio-kase-in-olivenol-krepka-juzina-150g\\\/\",\"name\":\"Bio-K\u00e4se in Oliven\u00f6l \u2018Krepka ju\u017eina\u2019 150g - Mlekarna Krepko\",\"isPartOf\":{\"@id\":\"https:\\\/\\\/mlekarna-krepko.si\\\/sl\\\/#website\"},\"primaryImageOfPage\":{\"@id\":\"https:\\\/\\\/mlekarna-krepko.si\\\/de\\\/produkt\\\/bio-kase-in-olivenol-krepka-juzina-150g\\\/#primaryimage\"},\"image\":{\"@id\":\"https:\\\/\\\/mlekarna-krepko.si\\\/de\\\/produkt\\\/bio-kase-in-olivenol-krepka-juzina-150g\\\/#primaryimage\"},\"thumbnailUrl\":\"https:\\\/\\\/mlekarna-krepko.si\\\/wp-content\\\/uploads\\\/2021\\\/12\\\/bio-krepka-juzina-trgovina.png\",\"datePublished\":\"2020-11-01T20:56:30+00:00\",\"dateModified\":\"2021-02-02T21:04:19+00:00\",\"breadcrumb\":{\"@id\":\"https:\\\/\\\/mlekarna-krepko.si\\\/de\\\/produkt\\\/bio-kase-in-olivenol-krepka-juzina-150g\\\/#breadcrumb\"},\"inLanguage\":\"de-DE\",\"potentialAction\":[{\"@type\":\"ReadAction\",\"target\":[\"https:\\\/\\\/mlekarna-krepko.si\\\/de\\\/produkt\\\/bio-kase-in-olivenol-krepka-juzina-150g\\\/\"]}]},{\"@type\":\"ImageObject\",\"inLanguage\":\"de-DE\",\"@id\":\"https:\\\/\\\/mlekarna-krepko.si\\\/de\\\/produkt\\\/bio-kase-in-olivenol-krepka-juzina-150g\\\/#primaryimage\",\"url\":\"https:\\\/\\\/mlekarna-krepko.si\\\/wp-content\\\/uploads\\\/2021\\\/12\\\/bio-krepka-juzina-trgovina.png\",\"contentUrl\":\"https:\\\/\\\/mlekarna-krepko.si\\\/wp-content\\\/uploads\\\/2021\\\/12\\\/bio-krepka-juzina-trgovina.png\",\"width\":640,\"height\":802},{\"@type\":\"BreadcrumbList\",\"@id\":\"https:\\\/\\\/mlekarna-krepko.si\\\/de\\\/produkt\\\/bio-kase-in-olivenol-krepka-juzina-150g\\\/#breadcrumb\",\"itemListElement\":[{\"@type\":\"ListItem\",\"position\":1,\"name\":\"Home\",\"item\":\"https:\\\/\\\/mlekarna-krepko.si\\\/de\\\/\"},{\"@type\":\"ListItem\",\"position\":2,\"name\":\"Trgovina\",\"item\":\"https:\\\/\\\/www.mlekarna-krepko.si\\\/sl\\\/trgovina\\\/\"},{\"@type\":\"ListItem\",\"position\":3,\"name\":\"Bio-K\u00e4se in Oliven\u00f6l \u2018Krepka ju\u017eina\u2019 150g\"}]},{\"@type\":\"WebSite\",\"@id\":\"https:\\\/\\\/mlekarna-krepko.si\\\/sl\\\/#website\",\"url\":\"https:\\\/\\\/mlekarna-krepko.si\\\/sl\\\/\",\"name\":\"Mlekarna Krepko\",\"description\":\"\",\"publisher\":{\"@id\":\"https:\\\/\\\/mlekarna-krepko.si\\\/sl\\\/#organization\"},\"potentialAction\":[{\"@type\":\"SearchAction\",\"target\":{\"@type\":\"EntryPoint\",\"urlTemplate\":\"https:\\\/\\\/mlekarna-krepko.si\\\/sl\\\/?s={search_term_string}\"},\"query-input\":{\"@type\":\"PropertyValueSpecification\",\"valueRequired\":true,\"valueName\":\"search_term_string\"}}],\"inLanguage\":\"de-DE\"},{\"@type\":\"Organization\",\"@id\":\"https:\\\/\\\/mlekarna-krepko.si\\\/sl\\\/#organization\",\"name\":\"Mlekarna Krepko\",\"url\":\"https:\\\/\\\/mlekarna-krepko.si\\\/sl\\\/\",\"logo\":{\"@type\":\"ImageObject\",\"inLanguage\":\"de-DE\",\"@id\":\"https:\\\/\\\/mlekarna-krepko.si\\\/sl\\\/#\\\/schema\\\/logo\\\/image\\\/\",\"url\":\"https:\\\/\\\/www.mlekarna-krepko.si\\\/wp-content\\\/uploads\\\/2020\\\/04\\\/LogoWeb_transparenten.png\",\"contentUrl\":\"https:\\\/\\\/www.mlekarna-krepko.si\\\/wp-content\\\/uploads\\\/2020\\\/04\\\/LogoWeb_transparenten.png\",\"width\":300,\"height\":300,\"caption\":\"Mlekarna Krepko\"},\"image\":{\"@id\":\"https:\\\/\\\/mlekarna-krepko.si\\\/sl\\\/#\\\/schema\\\/logo\\\/image\\\/\"},\"sameAs\":[\"https:\\\/\\\/www.facebook.com\\\/mlekarna.krepko\\\/\",\"https:\\\/\\\/www.instagram.com\\\/mlekarnakrepko\\\/\",\"https:\\\/\\\/www.linkedin.com\\\/company\\\/mlekarna-krepko\",\"https:\\\/\\\/www.youtube.com\\\/channel\\\/UCAzec5mnRHgcj2Th3fGRtKw?view_as=subscriber\"]}]}<\/script>\n<!-- \/ Yoast SEO plugin. -->","yoast_head_json":{"title":"Bio-K\u00e4se in Oliven\u00f6l \u2018Krepka ju\u017eina\u2019 150g - Mlekarna Krepko","robots":{"index":"index","follow":"follow","max-snippet":"max-snippet:-1","max-image-preview":"max-image-preview:large","max-video-preview":"max-video-preview:-1"},"canonical":"https:\/\/mlekarna-krepko.si\/de\/produkt\/bio-kase-in-olivenol-krepka-juzina-150g\/","og_locale":"de_DE","og_type":"article","og_title":"Bio-K\u00e4se in Oliven\u00f6l \u2018Krepka ju\u017eina\u2019 150g - Mlekarna Krepko","og_description":"Bio-K\u00e4se \u201eKrepka ju\u017eina\u201c ist ein wei\u00dfer Weichk\u00e4se aus pasteurisierter und nicht homogenisierter \u00f6kologisch angebauter slowenischer Milch. Er entsteht, wenn die Milch mit der Kultur gek\u00e4st wird. Nach dem Reifen wird der K\u00e4se nach Wunsch in unterschiedlich gro\u00dfe St\u00fccke geschnitten. Der K\u00e4se reift danach 14 bis 21 Tage in der Salzlake. Nach dem Reifen werden dem K\u00e4se \u00f6kologisch angebautes Oliven\u00f6l, Basilikum [&hellip;]","og_url":"https:\/\/mlekarna-krepko.si\/de\/produkt\/bio-kase-in-olivenol-krepka-juzina-150g\/","og_site_name":"Mlekarna Krepko","article_publisher":"https:\/\/www.facebook.com\/mlekarna.krepko\/","article_modified_time":"2021-02-02T21:04:19+00:00","og_image":[{"width":640,"height":802,"url":"https:\/\/mlekarna-krepko.si\/wp-content\/uploads\/2021\/12\/bio-krepka-juzina-trgovina.png","type":"image\/png"}],"twitter_card":"summary_large_image","schema":{"@context":"https:\/\/schema.org","@graph":[{"@type":"WebPage","@id":"https:\/\/mlekarna-krepko.si\/de\/produkt\/bio-kase-in-olivenol-krepka-juzina-150g\/","url":"https:\/\/mlekarna-krepko.si\/de\/produkt\/bio-kase-in-olivenol-krepka-juzina-150g\/","name":"Bio-K\u00e4se in Oliven\u00f6l \u2018Krepka ju\u017eina\u2019 150g - Mlekarna Krepko","isPartOf":{"@id":"https:\/\/mlekarna-krepko.si\/sl\/#website"},"primaryImageOfPage":{"@id":"https:\/\/mlekarna-krepko.si\/de\/produkt\/bio-kase-in-olivenol-krepka-juzina-150g\/#primaryimage"},"image":{"@id":"https:\/\/mlekarna-krepko.si\/de\/produkt\/bio-kase-in-olivenol-krepka-juzina-150g\/#primaryimage"},"thumbnailUrl":"https:\/\/mlekarna-krepko.si\/wp-content\/uploads\/2021\/12\/bio-krepka-juzina-trgovina.png","datePublished":"2020-11-01T20:56:30+00:00","dateModified":"2021-02-02T21:04:19+00:00","breadcrumb":{"@id":"https:\/\/mlekarna-krepko.si\/de\/produkt\/bio-kase-in-olivenol-krepka-juzina-150g\/#breadcrumb"},"inLanguage":"de-DE","potentialAction":[{"@type":"ReadAction","target":["https:\/\/mlekarna-krepko.si\/de\/produkt\/bio-kase-in-olivenol-krepka-juzina-150g\/"]}]},{"@type":"ImageObject","inLanguage":"de-DE","@id":"https:\/\/mlekarna-krepko.si\/de\/produkt\/bio-kase-in-olivenol-krepka-juzina-150g\/#primaryimage","url":"https:\/\/mlekarna-krepko.si\/wp-content\/uploads\/2021\/12\/bio-krepka-juzina-trgovina.png","contentUrl":"https:\/\/mlekarna-krepko.si\/wp-content\/uploads\/2021\/12\/bio-krepka-juzina-trgovina.png","width":640,"height":802},{"@type":"BreadcrumbList","@id":"https:\/\/mlekarna-krepko.si\/de\/produkt\/bio-kase-in-olivenol-krepka-juzina-150g\/#breadcrumb","itemListElement":[{"@type":"ListItem","position":1,"name":"Home","item":"https:\/\/mlekarna-krepko.si\/de\/"},{"@type":"ListItem","position":2,"name":"Trgovina","item":"https:\/\/www.mlekarna-krepko.si\/sl\/trgovina\/"},{"@type":"ListItem","position":3,"name":"Bio-K\u00e4se in Oliven\u00f6l \u2018Krepka ju\u017eina\u2019 150g"}]},{"@type":"WebSite","@id":"https:\/\/mlekarna-krepko.si\/sl\/#website","url":"https:\/\/mlekarna-krepko.si\/sl\/","name":"Mlekarna Krepko","description":"","publisher":{"@id":"https:\/\/mlekarna-krepko.si\/sl\/#organization"},"potentialAction":[{"@type":"SearchAction","target":{"@type":"EntryPoint","urlTemplate":"https:\/\/mlekarna-krepko.si\/sl\/?s={search_term_string}"},"query-input":{"@type":"PropertyValueSpecification","valueRequired":true,"valueName":"search_term_string"}}],"inLanguage":"de-DE"},{"@type":"Organization","@id":"https:\/\/mlekarna-krepko.si\/sl\/#organization","name":"Mlekarna Krepko","url":"https:\/\/mlekarna-krepko.si\/sl\/","logo":{"@type":"ImageObject","inLanguage":"de-DE","@id":"https:\/\/mlekarna-krepko.si\/sl\/#\/schema\/logo\/image\/","url":"https:\/\/www.mlekarna-krepko.si\/wp-content\/uploads\/2020\/04\/LogoWeb_transparenten.png","contentUrl":"https:\/\/www.mlekarna-krepko.si\/wp-content\/uploads\/2020\/04\/LogoWeb_transparenten.png","width":300,"height":300,"caption":"Mlekarna Krepko"},"image":{"@id":"https:\/\/mlekarna-krepko.si\/sl\/#\/schema\/logo\/image\/"},"sameAs":["https:\/\/www.facebook.com\/mlekarna.krepko\/","https:\/\/www.instagram.com\/mlekarnakrepko\/","https:\/\/www.linkedin.com\/company\/mlekarna-krepko","https:\/\/www.youtube.com\/channel\/UCAzec5mnRHgcj2Th3fGRtKw?view_as=subscriber"]}]}},"_links":{"self":[{"href":"https:\/\/mlekarna-krepko.si\/de\/wp-json\/wp\/v2\/product\/20189","targetHints":{"allow":["GET"]}}],"collection":[{"href":"https:\/\/mlekarna-krepko.si\/de\/wp-json\/wp\/v2\/product"}],"about":[{"href":"https:\/\/mlekarna-krepko.si\/de\/wp-json\/wp\/v2\/types\/product"}],"wp:featuredmedia":[{"embeddable":true,"href":"https:\/\/mlekarna-krepko.si\/de\/wp-json\/wp\/v2\/media\/22401"}],"wp:attachment":[{"href":"https:\/\/mlekarna-krepko.si\/de\/wp-json\/wp\/v2\/media?parent=20189"}],"wp:term":[{"taxonomy":"product_cat","embeddable":true,"href":"https:\/\/mlekarna-krepko.si\/de\/wp-json\/wp\/v2\/product_cat?post=20189"},{"taxonomy":"product_tag","embeddable":true,"href":"https:\/\/mlekarna-krepko.si\/de\/wp-json\/wp\/v2\/product_tag?post=20189"}],"curies":[{"name":"wp","href":"https:\/\/api.w.org\/{rel}","templated":true}]}}