{"id":21978,"date":"2021-11-14T20:24:58","date_gmt":"2021-11-14T20:24:58","guid":{"rendered":"https:\/\/www.mlekarna-krepko.si\/?post_type=product&#038;p=21978"},"modified":"2021-11-14T20:24:58","modified_gmt":"2021-11-14T20:24:58","slug":"kefir-krepki-suhec-erdbeere-15-milchfett-500g","status":"publish","type":"product","link":"https:\/\/mlekarna-krepko.si\/de\/produkt\/kefir-krepki-suhec-erdbeere-15-milchfett-500g\/","title":{"rendered":"Kefir Krepki suhec Erdbeere 1,5% Milchfett 500g"},"content":{"rendered":"<p>Kefir Krepki suhec mit Erdbeergeschmack wird aus slowenischer pasteurisierter, typisierter und nicht homogenisierter Milch hergestellt. Die Grundlage stellt der Kefir Krepki suhec mit 1,5 % Milchfett dar, dem 8 % Erdbeer-Pr\u00e4parat zugesetzt wird. Der traditionelle Kefir Krepki suhec mit weniger Fett und Erdbeergeschmack ist ein fermentiertes Milchgetr\u00e4nk f\u00fcr Naschkatzen. Er hat ein angenehmes Aroma und einen Geschmack nach Erdbeeren, beh\u00e4lt jedoch die Sch\u00e4rfe, die f\u00fcr den traditionellen Kefir charakteristisch ist.<\/p>\n<p>&nbsp;<\/p>\n<table border=\"1\" cellspacing=\"0\" cellpadding=\"0\">\n<tbody>\n<tr>\n<td style=\"width: 349px;\" colspan=\"2\">\n<p align=\"center\"><span style=\"color: #ff0000;\"><strong>N\u00e4hrwert (durchschnittlich in 100 g)<\/strong><\/span><\/p>\n<\/td>\n<\/tr>\n<tr>\n<td style=\"width: 245px;\">Eiwei\u00df<\/td>\n<td style=\"width: 104px;\">3,2 g<\/td>\n<\/tr>\n<tr>\n<td style=\"width: 245px;\">Kohlenhydrate<\/td>\n<td style=\"width: 104px;\">8,7 g<\/td>\n<\/tr>\n<tr>\n<td style=\"width: 245px;\">\u00a0 \u00a0 Davon Zucker*<\/td>\n<td style=\"width: 104px;\">8,5 g<\/td>\n<\/tr>\n<tr>\n<td style=\"width: 245px;\">Fett<\/td>\n<td style=\"width: 104px;\">1,5 g<\/td>\n<\/tr>\n<tr>\n<td style=\"width: 245px;\">\u00a0 \u00a0 Ges\u00e4ttigte Fetts\u00e4uren<\/td>\n<td style=\"width: 104px;\">1,0 g<\/td>\n<\/tr>\n<tr>\n<td style=\"width: 245px;\">Ballaststoffe<\/td>\n<td style=\"width: 104px;\">0 g<\/td>\n<\/tr>\n<tr>\n<td style=\"width: 245px;\">Salz (nat\u00fcrlich vorhanden)**<\/td>\n<td style=\"width: 104px;\">0,1 g<\/td>\n<\/tr>\n<tr>\n<td style=\"width: 245px;\">Energiewert<\/td>\n<td style=\"width: 104px;\">258 kJ\/61 kcal<\/td>\n<\/tr>\n<\/tbody>\n<\/table>\n<p>*\u00a0 \u00a0 Allergene: Milch<br \/>\n**\u00a0 Ohne Zuckerzusatz<br \/>\n*** Der Salzgehalt ist ausschlie\u00dflich auf nat\u00fcrlich vorkommendes Natrium zur\u00fcckzuf\u00fchren.<\/p>\n","protected":false},"excerpt":{"rendered":"<p>Kefir Krepki suhec mit Erdbeergeschmack wird aus slowenischer pasteurisierter, typisierter und nicht homogenisierter Milch hergestellt. Die Grundlage stellt der Kefir Krepki suhec mit 1,5 % Milchfett dar, dem 8 % Erdbeer-Pr\u00e4parat zugesetzt wird. Der traditionelle Kefir Krepki suhec mit weniger Fett und Erdbeergeschmack ist ein fermentiertes Milchgetr\u00e4nk f\u00fcr Naschkatzen. Er hat ein angenehmes Aroma und einen Geschmack nach Erdbeeren, beh\u00e4lt [&hellip;]<\/p>\n","protected":false},"featured_media":20637,"template":"","meta":{"_acf_changed":false},"product_cat":[198],"product_tag":[],"class_list":{"0":"post-21978","1":"product","2":"type-product","3":"status-publish","4":"has-post-thumbnail","6":"product_cat-kefirji-krepko-de","8":"first","9":"instock","10":"taxable","11":"shipping-taxable","12":"product-type-simple"},"acf":[],"yoast_head":"<!-- This site is optimized with the Yoast SEO plugin v27.4 - https:\/\/yoast.com\/product\/yoast-seo-wordpress\/ -->\n<title>Kefir Krepki suhec Erdbeere 1,5% Milchfett 500g - Mlekarna Krepko<\/title>\n<meta name=\"robots\" content=\"index, follow, max-snippet:-1, max-image-preview:large, max-video-preview:-1\" \/>\n<link rel=\"canonical\" href=\"https:\/\/www.mlekarna-krepko.si\/sl\/izdelek\/kefir-krepki-suhec-jagoda-500-g\/\" \/>\n<meta property=\"og:locale\" content=\"de_DE\" \/>\n<meta property=\"og:type\" content=\"article\" \/>\n<meta property=\"og:title\" content=\"Kefir Krepki suhec Erdbeere 1,5% Milchfett 500g - Mlekarna Krepko\" \/>\n<meta property=\"og:description\" content=\"Kefir Krepki suhec mit Erdbeergeschmack wird aus slowenischer pasteurisierter, typisierter und nicht homogenisierter Milch hergestellt. Die Grundlage stellt der Kefir Krepki suhec mit 1,5 % Milchfett dar, dem 8 % Erdbeer-Pr\u00e4parat zugesetzt wird. Der traditionelle Kefir Krepki suhec mit weniger Fett und Erdbeergeschmack ist ein fermentiertes Milchgetr\u00e4nk f\u00fcr Naschkatzen. Er hat ein angenehmes Aroma und einen Geschmack nach Erdbeeren, beh\u00e4lt [&hellip;]\" \/>\n<meta property=\"og:url\" content=\"https:\/\/www.mlekarna-krepko.si\/sl\/izdelek\/kefir-krepki-suhec-jagoda-500-g\/\" \/>\n<meta property=\"og:site_name\" content=\"Mlekarna Krepko\" \/>\n<meta property=\"article:publisher\" content=\"https:\/\/www.facebook.com\/mlekarna.krepko\/\" \/>\n<meta property=\"og:image\" content=\"https:\/\/www.mlekarna-krepko.si\/wp-content\/uploads\/2021\/03\/kefir-krepki-suhec15-jagoda-500g-web-3.png\" \/>\n\t<meta property=\"og:image:width\" content=\"640\" \/>\n\t<meta property=\"og:image:height\" content=\"802\" \/>\n\t<meta property=\"og:image:type\" content=\"image\/png\" \/>\n<meta name=\"twitter:card\" content=\"summary_large_image\" \/>\n<meta name=\"twitter:label1\" content=\"Gesch\u00e4tzte Lesezeit\" \/>\n\t<meta name=\"twitter:data1\" content=\"1 Minute\" \/>\n<script type=\"application\/ld+json\" class=\"yoast-schema-graph\">{\"@context\":\"https:\\\/\\\/schema.org\",\"@graph\":[{\"@type\":\"WebPage\",\"@id\":\"https:\\\/\\\/www.mlekarna-krepko.si\\\/sl\\\/izdelek\\\/kefir-krepki-suhec-jagoda-500-g\\\/\",\"url\":\"https:\\\/\\\/www.mlekarna-krepko.si\\\/sl\\\/izdelek\\\/kefir-krepki-suhec-jagoda-500-g\\\/\",\"name\":\"Kefir Krepki suhec Erdbeere 1,5% Milchfett 500g - Mlekarna Krepko\",\"isPartOf\":{\"@id\":\"https:\\\/\\\/www.mlekarna-krepko.si\\\/sl\\\/#website\"},\"primaryImageOfPage\":{\"@id\":\"https:\\\/\\\/www.mlekarna-krepko.si\\\/sl\\\/izdelek\\\/kefir-krepki-suhec-jagoda-500-g\\\/#primaryimage\"},\"image\":{\"@id\":\"https:\\\/\\\/www.mlekarna-krepko.si\\\/sl\\\/izdelek\\\/kefir-krepki-suhec-jagoda-500-g\\\/#primaryimage\"},\"thumbnailUrl\":\"https:\\\/\\\/mlekarna-krepko.si\\\/wp-content\\\/uploads\\\/2021\\\/03\\\/kefir-krepki-suhec15-jagoda-500g-web-3.png\",\"datePublished\":\"2021-11-14T20:24:58+00:00\",\"breadcrumb\":{\"@id\":\"https:\\\/\\\/www.mlekarna-krepko.si\\\/sl\\\/izdelek\\\/kefir-krepki-suhec-jagoda-500-g\\\/#breadcrumb\"},\"inLanguage\":\"de-DE\",\"potentialAction\":[{\"@type\":\"ReadAction\",\"target\":[\"https:\\\/\\\/www.mlekarna-krepko.si\\\/sl\\\/izdelek\\\/kefir-krepki-suhec-jagoda-500-g\\\/\"]}]},{\"@type\":\"ImageObject\",\"inLanguage\":\"de-DE\",\"@id\":\"https:\\\/\\\/www.mlekarna-krepko.si\\\/sl\\\/izdelek\\\/kefir-krepki-suhec-jagoda-500-g\\\/#primaryimage\",\"url\":\"https:\\\/\\\/mlekarna-krepko.si\\\/wp-content\\\/uploads\\\/2021\\\/03\\\/kefir-krepki-suhec15-jagoda-500g-web-3.png\",\"contentUrl\":\"https:\\\/\\\/mlekarna-krepko.si\\\/wp-content\\\/uploads\\\/2021\\\/03\\\/kefir-krepki-suhec15-jagoda-500g-web-3.png\",\"width\":640,\"height\":802},{\"@type\":\"BreadcrumbList\",\"@id\":\"https:\\\/\\\/www.mlekarna-krepko.si\\\/sl\\\/izdelek\\\/kefir-krepki-suhec-jagoda-500-g\\\/#breadcrumb\",\"itemListElement\":[{\"@type\":\"ListItem\",\"position\":1,\"name\":\"Home\",\"item\":\"https:\\\/\\\/www.mlekarna-krepko.si\\\/de\\\/\"},{\"@type\":\"ListItem\",\"position\":2,\"name\":\"Trgovina\",\"item\":\"https:\\\/\\\/www.mlekarna-krepko.si\\\/sl\\\/trgovina\\\/\"},{\"@type\":\"ListItem\",\"position\":3,\"name\":\"Kefir Krepki suhec Erdbeere 1,5% Milchfett 500g\"}]},{\"@type\":\"WebSite\",\"@id\":\"https:\\\/\\\/www.mlekarna-krepko.si\\\/sl\\\/#website\",\"url\":\"https:\\\/\\\/www.mlekarna-krepko.si\\\/sl\\\/\",\"name\":\"Mlekarna Krepko\",\"description\":\"\",\"publisher\":{\"@id\":\"https:\\\/\\\/www.mlekarna-krepko.si\\\/sl\\\/#organization\"},\"potentialAction\":[{\"@type\":\"SearchAction\",\"target\":{\"@type\":\"EntryPoint\",\"urlTemplate\":\"https:\\\/\\\/www.mlekarna-krepko.si\\\/sl\\\/?s={search_term_string}\"},\"query-input\":{\"@type\":\"PropertyValueSpecification\",\"valueRequired\":true,\"valueName\":\"search_term_string\"}}],\"inLanguage\":\"de-DE\"},{\"@type\":\"Organization\",\"@id\":\"https:\\\/\\\/www.mlekarna-krepko.si\\\/sl\\\/#organization\",\"name\":\"Mlekarna Krepko\",\"url\":\"https:\\\/\\\/www.mlekarna-krepko.si\\\/sl\\\/\",\"logo\":{\"@type\":\"ImageObject\",\"inLanguage\":\"de-DE\",\"@id\":\"https:\\\/\\\/www.mlekarna-krepko.si\\\/sl\\\/#\\\/schema\\\/logo\\\/image\\\/\",\"url\":\"https:\\\/\\\/www.mlekarna-krepko.si\\\/wp-content\\\/uploads\\\/2020\\\/04\\\/LogoWeb_transparenten.png\",\"contentUrl\":\"https:\\\/\\\/www.mlekarna-krepko.si\\\/wp-content\\\/uploads\\\/2020\\\/04\\\/LogoWeb_transparenten.png\",\"width\":300,\"height\":300,\"caption\":\"Mlekarna Krepko\"},\"image\":{\"@id\":\"https:\\\/\\\/www.mlekarna-krepko.si\\\/sl\\\/#\\\/schema\\\/logo\\\/image\\\/\"},\"sameAs\":[\"https:\\\/\\\/www.facebook.com\\\/mlekarna.krepko\\\/\",\"https:\\\/\\\/www.instagram.com\\\/mlekarnakrepko\\\/\",\"https:\\\/\\\/www.linkedin.com\\\/company\\\/mlekarna-krepko\",\"https:\\\/\\\/www.youtube.com\\\/channel\\\/UCAzec5mnRHgcj2Th3fGRtKw?view_as=subscriber\"]}]}<\/script>\n<!-- \/ Yoast SEO plugin. -->","yoast_head_json":{"title":"Kefir Krepki suhec Erdbeere 1,5% Milchfett 500g - Mlekarna Krepko","robots":{"index":"index","follow":"follow","max-snippet":"max-snippet:-1","max-image-preview":"max-image-preview:large","max-video-preview":"max-video-preview:-1"},"canonical":"https:\/\/www.mlekarna-krepko.si\/sl\/izdelek\/kefir-krepki-suhec-jagoda-500-g\/","og_locale":"de_DE","og_type":"article","og_title":"Kefir Krepki suhec Erdbeere 1,5% Milchfett 500g - Mlekarna Krepko","og_description":"Kefir Krepki suhec mit Erdbeergeschmack wird aus slowenischer pasteurisierter, typisierter und nicht homogenisierter Milch hergestellt. Die Grundlage stellt der Kefir Krepki suhec mit 1,5 % Milchfett dar, dem 8 % Erdbeer-Pr\u00e4parat zugesetzt wird. Der traditionelle Kefir Krepki suhec mit weniger Fett und Erdbeergeschmack ist ein fermentiertes Milchgetr\u00e4nk f\u00fcr Naschkatzen. Er hat ein angenehmes Aroma und einen Geschmack nach Erdbeeren, beh\u00e4lt [&hellip;]","og_url":"https:\/\/www.mlekarna-krepko.si\/sl\/izdelek\/kefir-krepki-suhec-jagoda-500-g\/","og_site_name":"Mlekarna Krepko","article_publisher":"https:\/\/www.facebook.com\/mlekarna.krepko\/","og_image":[{"width":640,"height":802,"url":"https:\/\/www.mlekarna-krepko.si\/wp-content\/uploads\/2021\/03\/kefir-krepki-suhec15-jagoda-500g-web-3.png","type":"image\/png"}],"twitter_card":"summary_large_image","twitter_misc":{"Gesch\u00e4tzte Lesezeit":"1 Minute"},"schema":{"@context":"https:\/\/schema.org","@graph":[{"@type":"WebPage","@id":"https:\/\/www.mlekarna-krepko.si\/sl\/izdelek\/kefir-krepki-suhec-jagoda-500-g\/","url":"https:\/\/www.mlekarna-krepko.si\/sl\/izdelek\/kefir-krepki-suhec-jagoda-500-g\/","name":"Kefir Krepki suhec Erdbeere 1,5% Milchfett 500g - Mlekarna Krepko","isPartOf":{"@id":"https:\/\/www.mlekarna-krepko.si\/sl\/#website"},"primaryImageOfPage":{"@id":"https:\/\/www.mlekarna-krepko.si\/sl\/izdelek\/kefir-krepki-suhec-jagoda-500-g\/#primaryimage"},"image":{"@id":"https:\/\/www.mlekarna-krepko.si\/sl\/izdelek\/kefir-krepki-suhec-jagoda-500-g\/#primaryimage"},"thumbnailUrl":"https:\/\/mlekarna-krepko.si\/wp-content\/uploads\/2021\/03\/kefir-krepki-suhec15-jagoda-500g-web-3.png","datePublished":"2021-11-14T20:24:58+00:00","breadcrumb":{"@id":"https:\/\/www.mlekarna-krepko.si\/sl\/izdelek\/kefir-krepki-suhec-jagoda-500-g\/#breadcrumb"},"inLanguage":"de-DE","potentialAction":[{"@type":"ReadAction","target":["https:\/\/www.mlekarna-krepko.si\/sl\/izdelek\/kefir-krepki-suhec-jagoda-500-g\/"]}]},{"@type":"ImageObject","inLanguage":"de-DE","@id":"https:\/\/www.mlekarna-krepko.si\/sl\/izdelek\/kefir-krepki-suhec-jagoda-500-g\/#primaryimage","url":"https:\/\/mlekarna-krepko.si\/wp-content\/uploads\/2021\/03\/kefir-krepki-suhec15-jagoda-500g-web-3.png","contentUrl":"https:\/\/mlekarna-krepko.si\/wp-content\/uploads\/2021\/03\/kefir-krepki-suhec15-jagoda-500g-web-3.png","width":640,"height":802},{"@type":"BreadcrumbList","@id":"https:\/\/www.mlekarna-krepko.si\/sl\/izdelek\/kefir-krepki-suhec-jagoda-500-g\/#breadcrumb","itemListElement":[{"@type":"ListItem","position":1,"name":"Home","item":"https:\/\/www.mlekarna-krepko.si\/de\/"},{"@type":"ListItem","position":2,"name":"Trgovina","item":"https:\/\/www.mlekarna-krepko.si\/sl\/trgovina\/"},{"@type":"ListItem","position":3,"name":"Kefir Krepki suhec Erdbeere 1,5% Milchfett 500g"}]},{"@type":"WebSite","@id":"https:\/\/www.mlekarna-krepko.si\/sl\/#website","url":"https:\/\/www.mlekarna-krepko.si\/sl\/","name":"Mlekarna Krepko","description":"","publisher":{"@id":"https:\/\/www.mlekarna-krepko.si\/sl\/#organization"},"potentialAction":[{"@type":"SearchAction","target":{"@type":"EntryPoint","urlTemplate":"https:\/\/www.mlekarna-krepko.si\/sl\/?s={search_term_string}"},"query-input":{"@type":"PropertyValueSpecification","valueRequired":true,"valueName":"search_term_string"}}],"inLanguage":"de-DE"},{"@type":"Organization","@id":"https:\/\/www.mlekarna-krepko.si\/sl\/#organization","name":"Mlekarna Krepko","url":"https:\/\/www.mlekarna-krepko.si\/sl\/","logo":{"@type":"ImageObject","inLanguage":"de-DE","@id":"https:\/\/www.mlekarna-krepko.si\/sl\/#\/schema\/logo\/image\/","url":"https:\/\/www.mlekarna-krepko.si\/wp-content\/uploads\/2020\/04\/LogoWeb_transparenten.png","contentUrl":"https:\/\/www.mlekarna-krepko.si\/wp-content\/uploads\/2020\/04\/LogoWeb_transparenten.png","width":300,"height":300,"caption":"Mlekarna Krepko"},"image":{"@id":"https:\/\/www.mlekarna-krepko.si\/sl\/#\/schema\/logo\/image\/"},"sameAs":["https:\/\/www.facebook.com\/mlekarna.krepko\/","https:\/\/www.instagram.com\/mlekarnakrepko\/","https:\/\/www.linkedin.com\/company\/mlekarna-krepko","https:\/\/www.youtube.com\/channel\/UCAzec5mnRHgcj2Th3fGRtKw?view_as=subscriber"]}]}},"_links":{"self":[{"href":"https:\/\/mlekarna-krepko.si\/de\/wp-json\/wp\/v2\/product\/21978","targetHints":{"allow":["GET"]}}],"collection":[{"href":"https:\/\/mlekarna-krepko.si\/de\/wp-json\/wp\/v2\/product"}],"about":[{"href":"https:\/\/mlekarna-krepko.si\/de\/wp-json\/wp\/v2\/types\/product"}],"wp:featuredmedia":[{"embeddable":true,"href":"https:\/\/mlekarna-krepko.si\/de\/wp-json\/wp\/v2\/media\/20637"}],"wp:attachment":[{"href":"https:\/\/mlekarna-krepko.si\/de\/wp-json\/wp\/v2\/media?parent=21978"}],"wp:term":[{"taxonomy":"product_cat","embeddable":true,"href":"https:\/\/mlekarna-krepko.si\/de\/wp-json\/wp\/v2\/product_cat?post=21978"},{"taxonomy":"product_tag","embeddable":true,"href":"https:\/\/mlekarna-krepko.si\/de\/wp-json\/wp\/v2\/product_tag?post=21978"}],"curies":[{"name":"wp","href":"https:\/\/api.w.org\/{rel}","templated":true}]}}