{"id":23844,"date":"2023-02-28T09:38:15","date_gmt":"2023-02-28T09:38:15","guid":{"rendered":"https:\/\/www.mlekarna-krepko.si\/izdelek\/kefir-krepki-suhec-s-kolagenom-in-vrtnico-13-m-m-500g\/"},"modified":"2023-05-04T10:04:58","modified_gmt":"2023-05-04T10:04:58","slug":"kefir-krepki-suhec-mit-kollagen-und-rose-13-m-m-500g","status":"publish","type":"product","link":"https:\/\/mlekarna-krepko.si\/de\/produkt\/kefir-krepki-suhec-mit-kollagen-und-rose-13-m-m-500g\/","title":{"rendered":"Kefir Krepki suhec mit Kollagen und Rose 1,3% m.m. 500g"},"content":{"rendered":"<p><strong>Kefir Krepki suhec mit Kollagen und Rosengeschmack\u00a0<\/strong>wird aus slowenischer pasteurisierter, typisierter und nicht homogenisierter Milch hergestellt. Die Grundlage des Produkts ist der Kefir Krepki suhec mit 1,3 % Milchfett, der zu 100 % mit Hilfe echter Kefirknollen hergestellt wird. Es handelt sich um traditionelles Getr\u00e4nk der Hundertj\u00e4hrigen aus dem Kaukasus, das nachweislich das Leben verl\u00e4ngert. Es enth\u00e4lt mehr als 30 probiotische Mikroorganismen, die zur Aufrechterhaltung einer gesunden Mikrobiota beitragen. Jetzt haben wir dem besagten Getr\u00e4nk <strong>Kollagen\u00a0<\/strong>und<strong>\u00a0Vitamin C <\/strong>hinzugef\u00fcgt. Das fermentierte Milchgetr\u00e4nk hat einen angenehmen aromatischen Geruch und einen zarten Geschmack nach<strong>\u00a0Rosen<\/strong>, beh\u00e4lt aber die Sch\u00e4rfe, die ein charakteristisches Merkmal von traditionellem Kefir ist.<\/p>\n<p><strong>Durch den Verzehr des Inhalts einer 500-g-Plastikflasche (Kefir mit Zusatz von Kollagen und Vitamin C) decken wir unseren t\u00e4glichen Bedarf an Kollagen und Vitamin C zu 100 %.<\/strong><\/p>\n<p>Es ist klinisch erwiesen, dass <strong>Kollagen<\/strong> aus Fisch Falten reduziert, die Hautfestigkeit und -elastizit\u00e4t verbessert und gesunde Haare und N\u00e4gel bewahrt. Studien zur Wirksamkeit von Kollagenhydrolysat haben gezeigt, dass die Partikel von Kollagenhydrolysat perfekt aufgenommen werden, teilweise unbesch\u00e4digt durch die Darmwand in die Blutbahn gelangen und die Synthese von eigenem Kollagen anregen.<\/p>\n<p><strong>Rosenextrakt\u00a0<\/strong>hilft, Angst zu lindern und Stress abzubauen. Es verbessert die Verdauung und enth\u00e4lt antimikrobielle und antioxidative Eigenschaften.<\/p>\n<p><strong>Vitamin C<\/strong>\u00a0hilft bei der Funktion des Immunsystems und der Kollagenbildung im K\u00f6rper. Es ist ein wasserl\u00f6sliches Vitamin, das vom K\u00f6rper nicht selbst hergestellt werden kann, daher muss es dem K\u00f6rper t\u00e4glich in ausreichender Menge zugef\u00fchrt werden. Es unterst\u00fctzt auch die Funktion des Nervensystems und des Gehirns.<\/p>\n<p><em>Die Darmgesundheit ist lebenswichtig und kann sowohl den K\u00f6rper als auch das Gehirn beeinflussen.<\/em><\/p>\n<table width=\"321\">\n<tbody>\n<tr>\n<td colspan=\"2\" width=\"321\">DURCHSCHNITTLICHER N\u00c4HRWERT pro 100 g<\/td>\n<\/tr>\n<tr>\n<td width=\"206\">Energiewert<\/td>\n<td width=\"115\">312 kJ \/74 kcal<\/td>\n<\/tr>\n<tr>\n<td width=\"206\">Fett<\/td>\n<td width=\"115\">1,3 g<\/td>\n<\/tr>\n<tr>\n<td width=\"206\">davon ges\u00e4ttigte Fetts\u00e4uren<\/td>\n<td width=\"115\">0,9 g<\/td>\n<\/tr>\n<tr>\n<td width=\"206\">Kohlenhydrate<\/td>\n<td width=\"115\">11,3 g<\/td>\n<\/tr>\n<tr>\n<td width=\"206\">davon Zucker<\/td>\n<td width=\"115\">10,9 g<\/td>\n<\/tr>\n<tr>\n<td width=\"206\">Proteine<\/td>\n<td width=\"115\">4,2 g<\/td>\n<\/tr>\n<tr>\n<td width=\"206\">Salz**<\/td>\n<td width=\"115\">0,10 g<\/td>\n<\/tr>\n<tr>\n<td width=\"206\">Kollagen<\/td>\n<td width=\"115\">1 g<\/td>\n<\/tr>\n<tr>\n<td width=\"206\">Vitamin C<\/td>\n<td width=\"115\">16 mg**<\/td>\n<\/tr>\n<\/tbody>\n<\/table>\n<p><em>*Allergene:\u00a0<strong>Milch<\/strong><\/em><\/p>\n","protected":false},"excerpt":{"rendered":"<p>Kefir Krepki suhec mit Kollagen und Rosengeschmack\u00a0wird aus slowenischer pasteurisierter, typisierter und nicht homogenisierter Milch hergestellt. Die Grundlage des Produkts ist der Kefir Krepki suhec mit 1,3 % Milchfett, der zu 100 % mit Hilfe echter Kefirknollen hergestellt wird. Es handelt sich um traditionelles Getr\u00e4nk der Hundertj\u00e4hrigen aus dem Kaukasus, das nachweislich das Leben verl\u00e4ngert. Es enth\u00e4lt mehr als 30 [&hellip;]<\/p>\n","protected":false},"featured_media":23379,"template":"","meta":{"_acf_changed":false},"product_cat":[198],"product_tag":[212,250,255,256,253,254,257,246,245,244,252,251],"class_list":{"0":"post-23844","1":"product","2":"type-product","3":"status-publish","4":"has-post-thumbnail","6":"product_cat-kefirji-krepko-de","7":"product_tag-kefir","8":"product_tag-kolagen","9":"product_tag-koza","10":"product_tag-lasje","11":"product_tag-lepota","12":"product_tag-mladost","13":"product_tag-nohti","14":"product_tag-prebava","15":"product_tag-prebiotik","16":"product_tag-probiotik","17":"product_tag-vitamin-c","18":"product_tag-vrtnica","20":"first","21":"instock","22":"taxable","23":"shipping-taxable","24":"product-type-simple"},"acf":[],"yoast_head":"<!-- This site is optimized with the Yoast SEO plugin v27.4 - https:\/\/yoast.com\/product\/yoast-seo-wordpress\/ -->\n<title>Kefir Krepki suhec mit Kollagen und Rose 1,3% m.m. 500g - Mlekarna Krepko<\/title>\n<meta name=\"description\" content=\"Durch den Verzehr des Inhalts einer 500-g-Plastikflasche (Kefir mit Zusatz von Kollagen und Vitamin C) decken wir unseren t\u00e4glichen Bedarf an Kollagen...\" \/>\n<meta name=\"robots\" content=\"index, follow, max-snippet:-1, max-image-preview:large, max-video-preview:-1\" \/>\n<link rel=\"canonical\" href=\"https:\/\/mlekarna-krepko.si\/sl\/izdelek\/kefir-krepki-suhec-s-kolagenom-in-vrtnico-13-m-m-500g\/\" \/>\n<meta property=\"og:locale\" content=\"de_DE\" \/>\n<meta property=\"og:type\" content=\"article\" \/>\n<meta property=\"og:title\" content=\"Kefir Krepki suhec mit Kollagen und Rose 1,3% m.m. 500g - Mlekarna Krepko\" \/>\n<meta property=\"og:description\" content=\"Durch den Verzehr des Inhalts einer 500-g-Plastikflasche (Kefir mit Zusatz von Kollagen und Vitamin C) decken wir unseren t\u00e4glichen Bedarf an Kollagen...\" \/>\n<meta property=\"og:url\" content=\"https:\/\/mlekarna-krepko.si\/sl\/izdelek\/kefir-krepki-suhec-s-kolagenom-in-vrtnico-13-m-m-500g\/\" \/>\n<meta property=\"og:site_name\" content=\"Mlekarna Krepko\" \/>\n<meta property=\"article:publisher\" content=\"https:\/\/www.facebook.com\/mlekarna.krepko\/\" \/>\n<meta property=\"article:modified_time\" content=\"2023-05-04T10:04:58+00:00\" \/>\n<meta property=\"og:image\" content=\"https:\/\/mlekarna-krepko.si\/wp-content\/uploads\/2023\/03\/suhec-kolagen-s-500ml.jpg\" \/>\n\t<meta property=\"og:image:width\" content=\"640\" \/>\n\t<meta property=\"og:image:height\" content=\"802\" \/>\n\t<meta property=\"og:image:type\" content=\"image\/jpeg\" \/>\n<meta name=\"twitter:card\" content=\"summary_large_image\" \/>\n<meta name=\"twitter:label1\" content=\"Gesch\u00e4tzte Lesezeit\" \/>\n\t<meta name=\"twitter:data1\" content=\"2 Minuten\" \/>\n<script type=\"application\/ld+json\" class=\"yoast-schema-graph\">{\"@context\":\"https:\\\/\\\/schema.org\",\"@graph\":[{\"@type\":\"WebPage\",\"@id\":\"https:\\\/\\\/mlekarna-krepko.si\\\/sl\\\/izdelek\\\/kefir-krepki-suhec-s-kolagenom-in-vrtnico-13-m-m-500g\\\/\",\"url\":\"https:\\\/\\\/mlekarna-krepko.si\\\/sl\\\/izdelek\\\/kefir-krepki-suhec-s-kolagenom-in-vrtnico-13-m-m-500g\\\/\",\"name\":\"Kefir Krepki suhec mit Kollagen und Rose 1,3% m.m. 500g - Mlekarna Krepko\",\"isPartOf\":{\"@id\":\"https:\\\/\\\/mlekarna-krepko.si\\\/sl\\\/#website\"},\"primaryImageOfPage\":{\"@id\":\"https:\\\/\\\/mlekarna-krepko.si\\\/sl\\\/izdelek\\\/kefir-krepki-suhec-s-kolagenom-in-vrtnico-13-m-m-500g\\\/#primaryimage\"},\"image\":{\"@id\":\"https:\\\/\\\/mlekarna-krepko.si\\\/sl\\\/izdelek\\\/kefir-krepki-suhec-s-kolagenom-in-vrtnico-13-m-m-500g\\\/#primaryimage\"},\"thumbnailUrl\":\"https:\\\/\\\/mlekarna-krepko.si\\\/wp-content\\\/uploads\\\/2023\\\/03\\\/suhec-kolagen-s-500ml.jpg\",\"datePublished\":\"2023-02-28T09:38:15+00:00\",\"dateModified\":\"2023-05-04T10:04:58+00:00\",\"description\":\"Durch den Verzehr des Inhalts einer 500-g-Plastikflasche (Kefir mit Zusatz von Kollagen und Vitamin C) decken wir unseren t\u00e4glichen Bedarf an Kollagen...\",\"breadcrumb\":{\"@id\":\"https:\\\/\\\/mlekarna-krepko.si\\\/sl\\\/izdelek\\\/kefir-krepki-suhec-s-kolagenom-in-vrtnico-13-m-m-500g\\\/#breadcrumb\"},\"inLanguage\":\"de-DE\",\"potentialAction\":[{\"@type\":\"ReadAction\",\"target\":[\"https:\\\/\\\/mlekarna-krepko.si\\\/sl\\\/izdelek\\\/kefir-krepki-suhec-s-kolagenom-in-vrtnico-13-m-m-500g\\\/\"]}]},{\"@type\":\"ImageObject\",\"inLanguage\":\"de-DE\",\"@id\":\"https:\\\/\\\/mlekarna-krepko.si\\\/sl\\\/izdelek\\\/kefir-krepki-suhec-s-kolagenom-in-vrtnico-13-m-m-500g\\\/#primaryimage\",\"url\":\"https:\\\/\\\/mlekarna-krepko.si\\\/wp-content\\\/uploads\\\/2023\\\/03\\\/suhec-kolagen-s-500ml.jpg\",\"contentUrl\":\"https:\\\/\\\/mlekarna-krepko.si\\\/wp-content\\\/uploads\\\/2023\\\/03\\\/suhec-kolagen-s-500ml.jpg\",\"width\":640,\"height\":802},{\"@type\":\"BreadcrumbList\",\"@id\":\"https:\\\/\\\/mlekarna-krepko.si\\\/sl\\\/izdelek\\\/kefir-krepki-suhec-s-kolagenom-in-vrtnico-13-m-m-500g\\\/#breadcrumb\",\"itemListElement\":[{\"@type\":\"ListItem\",\"position\":1,\"name\":\"Home\",\"item\":\"https:\\\/\\\/www.mlekarna-krepko.si\\\/de\\\/\"},{\"@type\":\"ListItem\",\"position\":2,\"name\":\"Trgovina\",\"item\":\"https:\\\/\\\/www.mlekarna-krepko.si\\\/sl\\\/trgovina\\\/\"},{\"@type\":\"ListItem\",\"position\":3,\"name\":\"Kefir Krepki suhec mit Kollagen und Rose 1,3% m.m. 500g\"}]},{\"@type\":\"WebSite\",\"@id\":\"https:\\\/\\\/mlekarna-krepko.si\\\/sl\\\/#website\",\"url\":\"https:\\\/\\\/mlekarna-krepko.si\\\/sl\\\/\",\"name\":\"Mlekarna Krepko\",\"description\":\"\",\"publisher\":{\"@id\":\"https:\\\/\\\/mlekarna-krepko.si\\\/sl\\\/#organization\"},\"potentialAction\":[{\"@type\":\"SearchAction\",\"target\":{\"@type\":\"EntryPoint\",\"urlTemplate\":\"https:\\\/\\\/mlekarna-krepko.si\\\/sl\\\/?s={search_term_string}\"},\"query-input\":{\"@type\":\"PropertyValueSpecification\",\"valueRequired\":true,\"valueName\":\"search_term_string\"}}],\"inLanguage\":\"de-DE\"},{\"@type\":\"Organization\",\"@id\":\"https:\\\/\\\/mlekarna-krepko.si\\\/sl\\\/#organization\",\"name\":\"Mlekarna Krepko\",\"url\":\"https:\\\/\\\/mlekarna-krepko.si\\\/sl\\\/\",\"logo\":{\"@type\":\"ImageObject\",\"inLanguage\":\"de-DE\",\"@id\":\"https:\\\/\\\/mlekarna-krepko.si\\\/sl\\\/#\\\/schema\\\/logo\\\/image\\\/\",\"url\":\"https:\\\/\\\/www.mlekarna-krepko.si\\\/wp-content\\\/uploads\\\/2020\\\/04\\\/LogoWeb_transparenten.png\",\"contentUrl\":\"https:\\\/\\\/www.mlekarna-krepko.si\\\/wp-content\\\/uploads\\\/2020\\\/04\\\/LogoWeb_transparenten.png\",\"width\":300,\"height\":300,\"caption\":\"Mlekarna Krepko\"},\"image\":{\"@id\":\"https:\\\/\\\/mlekarna-krepko.si\\\/sl\\\/#\\\/schema\\\/logo\\\/image\\\/\"},\"sameAs\":[\"https:\\\/\\\/www.facebook.com\\\/mlekarna.krepko\\\/\",\"https:\\\/\\\/www.instagram.com\\\/mlekarnakrepko\\\/\",\"https:\\\/\\\/www.linkedin.com\\\/company\\\/mlekarna-krepko\",\"https:\\\/\\\/www.youtube.com\\\/channel\\\/UCAzec5mnRHgcj2Th3fGRtKw?view_as=subscriber\"]}]}<\/script>\n<!-- \/ Yoast SEO plugin. -->","yoast_head_json":{"title":"Kefir Krepki suhec mit Kollagen und Rose 1,3% m.m. 500g - Mlekarna Krepko","description":"Durch den Verzehr des Inhalts einer 500-g-Plastikflasche (Kefir mit Zusatz von Kollagen und Vitamin C) decken wir unseren t\u00e4glichen Bedarf an Kollagen...","robots":{"index":"index","follow":"follow","max-snippet":"max-snippet:-1","max-image-preview":"max-image-preview:large","max-video-preview":"max-video-preview:-1"},"canonical":"https:\/\/mlekarna-krepko.si\/sl\/izdelek\/kefir-krepki-suhec-s-kolagenom-in-vrtnico-13-m-m-500g\/","og_locale":"de_DE","og_type":"article","og_title":"Kefir Krepki suhec mit Kollagen und Rose 1,3% m.m. 500g - Mlekarna Krepko","og_description":"Durch den Verzehr des Inhalts einer 500-g-Plastikflasche (Kefir mit Zusatz von Kollagen und Vitamin C) decken wir unseren t\u00e4glichen Bedarf an Kollagen...","og_url":"https:\/\/mlekarna-krepko.si\/sl\/izdelek\/kefir-krepki-suhec-s-kolagenom-in-vrtnico-13-m-m-500g\/","og_site_name":"Mlekarna Krepko","article_publisher":"https:\/\/www.facebook.com\/mlekarna.krepko\/","article_modified_time":"2023-05-04T10:04:58+00:00","og_image":[{"width":640,"height":802,"url":"https:\/\/mlekarna-krepko.si\/wp-content\/uploads\/2023\/03\/suhec-kolagen-s-500ml.jpg","type":"image\/jpeg"}],"twitter_card":"summary_large_image","twitter_misc":{"Gesch\u00e4tzte Lesezeit":"2 Minuten"},"schema":{"@context":"https:\/\/schema.org","@graph":[{"@type":"WebPage","@id":"https:\/\/mlekarna-krepko.si\/sl\/izdelek\/kefir-krepki-suhec-s-kolagenom-in-vrtnico-13-m-m-500g\/","url":"https:\/\/mlekarna-krepko.si\/sl\/izdelek\/kefir-krepki-suhec-s-kolagenom-in-vrtnico-13-m-m-500g\/","name":"Kefir Krepki suhec mit Kollagen und Rose 1,3% m.m. 500g - Mlekarna Krepko","isPartOf":{"@id":"https:\/\/mlekarna-krepko.si\/sl\/#website"},"primaryImageOfPage":{"@id":"https:\/\/mlekarna-krepko.si\/sl\/izdelek\/kefir-krepki-suhec-s-kolagenom-in-vrtnico-13-m-m-500g\/#primaryimage"},"image":{"@id":"https:\/\/mlekarna-krepko.si\/sl\/izdelek\/kefir-krepki-suhec-s-kolagenom-in-vrtnico-13-m-m-500g\/#primaryimage"},"thumbnailUrl":"https:\/\/mlekarna-krepko.si\/wp-content\/uploads\/2023\/03\/suhec-kolagen-s-500ml.jpg","datePublished":"2023-02-28T09:38:15+00:00","dateModified":"2023-05-04T10:04:58+00:00","description":"Durch den Verzehr des Inhalts einer 500-g-Plastikflasche (Kefir mit Zusatz von Kollagen und Vitamin C) decken wir unseren t\u00e4glichen Bedarf an Kollagen...","breadcrumb":{"@id":"https:\/\/mlekarna-krepko.si\/sl\/izdelek\/kefir-krepki-suhec-s-kolagenom-in-vrtnico-13-m-m-500g\/#breadcrumb"},"inLanguage":"de-DE","potentialAction":[{"@type":"ReadAction","target":["https:\/\/mlekarna-krepko.si\/sl\/izdelek\/kefir-krepki-suhec-s-kolagenom-in-vrtnico-13-m-m-500g\/"]}]},{"@type":"ImageObject","inLanguage":"de-DE","@id":"https:\/\/mlekarna-krepko.si\/sl\/izdelek\/kefir-krepki-suhec-s-kolagenom-in-vrtnico-13-m-m-500g\/#primaryimage","url":"https:\/\/mlekarna-krepko.si\/wp-content\/uploads\/2023\/03\/suhec-kolagen-s-500ml.jpg","contentUrl":"https:\/\/mlekarna-krepko.si\/wp-content\/uploads\/2023\/03\/suhec-kolagen-s-500ml.jpg","width":640,"height":802},{"@type":"BreadcrumbList","@id":"https:\/\/mlekarna-krepko.si\/sl\/izdelek\/kefir-krepki-suhec-s-kolagenom-in-vrtnico-13-m-m-500g\/#breadcrumb","itemListElement":[{"@type":"ListItem","position":1,"name":"Home","item":"https:\/\/www.mlekarna-krepko.si\/de\/"},{"@type":"ListItem","position":2,"name":"Trgovina","item":"https:\/\/www.mlekarna-krepko.si\/sl\/trgovina\/"},{"@type":"ListItem","position":3,"name":"Kefir Krepki suhec mit Kollagen und Rose 1,3% m.m. 500g"}]},{"@type":"WebSite","@id":"https:\/\/mlekarna-krepko.si\/sl\/#website","url":"https:\/\/mlekarna-krepko.si\/sl\/","name":"Mlekarna Krepko","description":"","publisher":{"@id":"https:\/\/mlekarna-krepko.si\/sl\/#organization"},"potentialAction":[{"@type":"SearchAction","target":{"@type":"EntryPoint","urlTemplate":"https:\/\/mlekarna-krepko.si\/sl\/?s={search_term_string}"},"query-input":{"@type":"PropertyValueSpecification","valueRequired":true,"valueName":"search_term_string"}}],"inLanguage":"de-DE"},{"@type":"Organization","@id":"https:\/\/mlekarna-krepko.si\/sl\/#organization","name":"Mlekarna Krepko","url":"https:\/\/mlekarna-krepko.si\/sl\/","logo":{"@type":"ImageObject","inLanguage":"de-DE","@id":"https:\/\/mlekarna-krepko.si\/sl\/#\/schema\/logo\/image\/","url":"https:\/\/www.mlekarna-krepko.si\/wp-content\/uploads\/2020\/04\/LogoWeb_transparenten.png","contentUrl":"https:\/\/www.mlekarna-krepko.si\/wp-content\/uploads\/2020\/04\/LogoWeb_transparenten.png","width":300,"height":300,"caption":"Mlekarna Krepko"},"image":{"@id":"https:\/\/mlekarna-krepko.si\/sl\/#\/schema\/logo\/image\/"},"sameAs":["https:\/\/www.facebook.com\/mlekarna.krepko\/","https:\/\/www.instagram.com\/mlekarnakrepko\/","https:\/\/www.linkedin.com\/company\/mlekarna-krepko","https:\/\/www.youtube.com\/channel\/UCAzec5mnRHgcj2Th3fGRtKw?view_as=subscriber"]}]}},"_links":{"self":[{"href":"https:\/\/mlekarna-krepko.si\/de\/wp-json\/wp\/v2\/product\/23844","targetHints":{"allow":["GET"]}}],"collection":[{"href":"https:\/\/mlekarna-krepko.si\/de\/wp-json\/wp\/v2\/product"}],"about":[{"href":"https:\/\/mlekarna-krepko.si\/de\/wp-json\/wp\/v2\/types\/product"}],"wp:featuredmedia":[{"embeddable":true,"href":"https:\/\/mlekarna-krepko.si\/de\/wp-json\/wp\/v2\/media\/23379"}],"wp:attachment":[{"href":"https:\/\/mlekarna-krepko.si\/de\/wp-json\/wp\/v2\/media?parent=23844"}],"wp:term":[{"taxonomy":"product_cat","embeddable":true,"href":"https:\/\/mlekarna-krepko.si\/de\/wp-json\/wp\/v2\/product_cat?post=23844"},{"taxonomy":"product_tag","embeddable":true,"href":"https:\/\/mlekarna-krepko.si\/de\/wp-json\/wp\/v2\/product_tag?post=23844"}],"curies":[{"name":"wp","href":"https:\/\/api.w.org\/{rel}","templated":true}]}}