{"id":23846,"date":"2023-02-28T09:20:35","date_gmt":"2023-02-28T09:20:35","guid":{"rendered":"https:\/\/www.mlekarna-krepko.si\/izdelek\/kefir-krepki-suhec-s-proteini-brez-laktoze-vanilija-09-m-m-500g\/"},"modified":"2023-05-04T10:06:32","modified_gmt":"2023-05-04T10:06:32","slug":"kefir-krepki-suhec-mit-proteinen-ohne-laktose-vanille","status":"publish","type":"product","link":"https:\/\/mlekarna-krepko.si\/de\/produkt\/kefir-krepki-suhec-mit-proteinen-ohne-laktose-vanille\/","title":{"rendered":"Kefir Krepki suhec mit Proteinen, ohne Laktose \/ Vanille 0,9% m.m. 500g"},"content":{"rendered":"<p><strong>Kefir Krepki suhec mit Proteinen, ohne Laktose und Vanillegeschmack\u00a0<\/strong>wird aus slowenischer pasteurisierter, typisierter und nicht homogenisierter Milch hergestellt. Die Grundlage des Produkts ist der Kefir Krepki suhec ohne Laktose mit 0,9 % Milchfett, der zu 100 % mit Hilfe echter Kefirknollen hergestellt wird. Es handelt sich um traditionelles Getr\u00e4nk der Hundertj\u00e4hrigen aus dem Kaukasus, das nachweislich das Leben verl\u00e4ngert. Es enth\u00e4lt mehr als 30 probiotische Mikroorganismen, die zur Aufrechterhaltung einer gesunden Mikrobiota beitragen. F\u00fcr die zus\u00e4tzliche Funktionalit\u00e4t werden\u00a0<strong>Milchproteine \u200b\u200b<\/strong>hinzugef\u00fcgt. Das fermentierte Milchgetr\u00e4nk hat einen angenehm aromatischen Geruch und Geschmack nach\u00a0<strong>Vanille<\/strong>, beh\u00e4lt aber die f\u00fcr traditionellen Kefir charakteristische Sch\u00e4rfe.<\/p>\n<p><strong>Durch den Verzehr des Inhalts einer 500-g-Plastikflasche (Kefir\u00a0ohne Laktose mit\u00a0Vanillegeschmack\u00a0und Zusatz von Milchproteinen) f\u00fchren wir dem K\u00f6rper bis zu <u>31 g Proteine<\/u> \u200b\u200bzu.<\/strong><\/p>\n<h3>Eiwei\u00df<\/h3>\n<p>bzw. Proteine \u200b\u200bsind Makron\u00e4hrstoffe, die unser K\u00f6rper f\u00fcr eine normale Funktion unbedingt ben\u00f6tigt. Sie sind notwendig f\u00fcr das Wachstum und die Entwicklung, bauen Zellstrukturen auf, sind an der Immunreaktion und Muskelfunktion beteiligt. Damit der K\u00f6rper normal Funktioniert ist eine entsprechende Aufnahme von Proteinen notwendig. Lebensmittel tierischen Ursprungs sind eine Quelle hochwertiger Proteine, zu denen auch Milchproteine z\u00e4hlen<\/p>\n<h3>Milchproteine<\/h3>\n<p>bzw. Caseine versorgen den K\u00f6rper mit einem konstanten und langanhaltenden Niveau an Aminos\u00e4uren. <em>Somit wirken sie in erster Linie<\/em>\u00a0<em>antikatabol<\/em>\u00a0<em>(ein katabolischer Zustand kann beispielsweise bei falscher Ern\u00e4hrung nach intensivem Training entstehen, der zum Abbau von Muskelgewebe f\u00fchrt.) und hilft, die Muskelmasse zu erhalten.<\/em> Es wird empfohlen, sie am Morgen einzunehmen, am besten jedoch abends vor dem Schlafengehen, da sie durch ihre langsame Freisetzung dem K\u00f6rper ausreichend N\u00e4hrstoffe und damit Muskelwachstum und -regeneration liefern.<\/p>\n<p><em>Die Darmgesundheit ist lebenswichtig und kann sowohl den K\u00f6rper als auch das Gehirn beeinflussen.<\/em><\/p>\n<table width=\"532\">\n<tbody>\n<tr>\n<td colspan=\"3\" width=\"400\">DURCHSCHNITTLICHER N\u00c4HRWERT<\/td>\n<\/tr>\n<tr>\n<td width=\"179\"><\/td>\n<td width=\"100\">Pro 100 g<\/td>\n<td width=\"121\">Pro Portion 500 g*<\/td>\n<\/tr>\n<tr>\n<td width=\"179\">Energiewert<\/td>\n<td width=\"100\">266 kJ \/68 kcal<\/td>\n<td width=\"121\">1442 kJ \/341 kcal<\/td>\n<\/tr>\n<tr>\n<td width=\"179\">Fett<\/td>\n<td width=\"100\">0,9 g<\/td>\n<td width=\"121\">4,5 g<\/td>\n<\/tr>\n<tr>\n<td width=\"179\">davon ges\u00e4ttigte Fetts\u00e4uren<\/td>\n<td width=\"100\">0,6 g<\/td>\n<td width=\"121\">3,0 g<\/td>\n<\/tr>\n<tr>\n<td width=\"179\">Kohlenhydrate<\/td>\n<td width=\"100\">8,8 g<\/td>\n<td width=\"121\">44,0 g<\/td>\n<\/tr>\n<tr>\n<td width=\"179\">davon Zucker<\/td>\n<td width=\"100\">8,6 g<\/td>\n<td width=\"121\">43,0 g<\/td>\n<\/tr>\n<tr>\n<td width=\"179\">Eiweis<\/td>\n<td width=\"100\">6,2 g<\/td>\n<td width=\"121\">31,0 g<\/td>\n<\/tr>\n<tr>\n<td width=\"179\">Salz**<\/td>\n<td width=\"100\">0,10 g<\/td>\n<td width=\"121\">0,50 g<\/td>\n<\/tr>\n<\/tbody>\n<\/table>\n<p><em>*Allergene:\u00a0<strong>Milch<\/strong><\/em><\/p>\n","protected":false},"excerpt":{"rendered":"<p>Kefir Krepki suhec mit Proteinen, ohne Laktose und Vanillegeschmack\u00a0wird aus slowenischer pasteurisierter, typisierter und nicht homogenisierter Milch hergestellt. Die Grundlage des Produkts ist der Kefir Krepki suhec ohne Laktose mit 0,9 % Milchfett, der zu 100 % mit Hilfe echter Kefirknollen hergestellt wird. Es handelt sich um traditionelles Getr\u00e4nk der Hundertj\u00e4hrigen aus dem Kaukasus, das nachweislich das Leben verl\u00e4ngert. Es [&hellip;]<\/p>\n","protected":false},"featured_media":25247,"template":"","meta":{"_acf_changed":false},"product_cat":[196,198],"product_tag":[249,247,212,258,246,245,244,242,248,243,259],"class_list":{"0":"post-23846","1":"product","2":"type-product","3":"status-publish","4":"has-post-thumbnail","6":"product_cat-fitnessprodukte","7":"product_cat-kefirji-krepko-de","8":"product_tag-brez-laktoze","9":"product_tag-fitness","10":"product_tag-kefir","11":"product_tag-misice","12":"product_tag-prebava","13":"product_tag-prebiotik","14":"product_tag-probiotik","15":"product_tag-proteini","16":"product_tag-sport","17":"product_tag-vanilija","18":"product_tag-zdravje","20":"first","21":"instock","22":"taxable","23":"shipping-taxable","24":"product-type-simple"},"acf":[],"yoast_head":"<!-- This site is optimized with the Yoast SEO plugin v27.4 - https:\/\/yoast.com\/product\/yoast-seo-wordpress\/ -->\n<title>Kefir Krepki suhec mit Proteinen, ohne Laktose \/ Vanille 0,9% m.m. 500g - Mlekarna Krepko<\/title>\n<meta name=\"description\" content=\"Durch den Verzehr des Inhalts einer 500-g-Plastikflasche (Kefir\u00a0ohne Laktose mit\u00a0Vanillegeschmack\u00a0und Zusatz von Milchproteinen) f\u00fchren wir dem K\u00f6rper...\" \/>\n<meta name=\"robots\" content=\"index, follow, max-snippet:-1, max-image-preview:large, max-video-preview:-1\" \/>\n<link rel=\"canonical\" href=\"https:\/\/www.mlekarna-krepko.si\/de\/produkt\/kefir-krepki-suhec-mit-proteinen-ohne-laktose-vanille\/\" \/>\n<meta property=\"og:locale\" content=\"de_DE\" \/>\n<meta property=\"og:type\" content=\"article\" \/>\n<meta property=\"og:title\" content=\"Kefir Krepki suhec mit Proteinen, ohne Laktose \/ Vanille 0,9% m.m. 500g - Mlekarna Krepko\" \/>\n<meta property=\"og:description\" content=\"Durch den Verzehr des Inhalts einer 500-g-Plastikflasche (Kefir\u00a0ohne Laktose mit\u00a0Vanillegeschmack\u00a0und Zusatz von Milchproteinen) f\u00fchren wir dem K\u00f6rper...\" \/>\n<meta property=\"og:url\" content=\"https:\/\/www.mlekarna-krepko.si\/de\/produkt\/kefir-krepki-suhec-mit-proteinen-ohne-laktose-vanille\/\" \/>\n<meta property=\"og:site_name\" content=\"Mlekarna Krepko\" \/>\n<meta property=\"article:publisher\" content=\"https:\/\/www.facebook.com\/mlekarna.krepko\/\" \/>\n<meta property=\"article:modified_time\" content=\"2023-05-04T10:06:32+00:00\" \/>\n<meta property=\"og:image\" content=\"https:\/\/www.mlekarna-krepko.si\/wp-content\/uploads\/2024\/04\/suhec-protein-s-500ml-logo-nagrada.jpg\" \/>\n\t<meta property=\"og:image:width\" content=\"640\" \/>\n\t<meta property=\"og:image:height\" content=\"802\" \/>\n\t<meta property=\"og:image:type\" content=\"image\/jpeg\" \/>\n<meta name=\"twitter:card\" content=\"summary_large_image\" \/>\n<meta name=\"twitter:label1\" content=\"Gesch\u00e4tzte Lesezeit\" \/>\n\t<meta name=\"twitter:data1\" content=\"2 Minuten\" \/>\n<script type=\"application\/ld+json\" class=\"yoast-schema-graph\">{\"@context\":\"https:\\\/\\\/schema.org\",\"@graph\":[{\"@type\":\"WebPage\",\"@id\":\"https:\\\/\\\/www.mlekarna-krepko.si\\\/de\\\/produkt\\\/kefir-krepki-suhec-mit-proteinen-ohne-laktose-vanille\\\/\",\"url\":\"https:\\\/\\\/www.mlekarna-krepko.si\\\/de\\\/produkt\\\/kefir-krepki-suhec-mit-proteinen-ohne-laktose-vanille\\\/\",\"name\":\"Kefir Krepki suhec mit Proteinen, ohne Laktose \\\/ Vanille 0,9% m.m. 500g - Mlekarna Krepko\",\"isPartOf\":{\"@id\":\"https:\\\/\\\/www.mlekarna-krepko.si\\\/sl\\\/#website\"},\"primaryImageOfPage\":{\"@id\":\"https:\\\/\\\/www.mlekarna-krepko.si\\\/de\\\/produkt\\\/kefir-krepki-suhec-mit-proteinen-ohne-laktose-vanille\\\/#primaryimage\"},\"image\":{\"@id\":\"https:\\\/\\\/www.mlekarna-krepko.si\\\/de\\\/produkt\\\/kefir-krepki-suhec-mit-proteinen-ohne-laktose-vanille\\\/#primaryimage\"},\"thumbnailUrl\":\"https:\\\/\\\/mlekarna-krepko.si\\\/wp-content\\\/uploads\\\/2024\\\/04\\\/suhec-protein-s-500ml-logo-nagrada.jpg\",\"datePublished\":\"2023-02-28T09:20:35+00:00\",\"dateModified\":\"2023-05-04T10:06:32+00:00\",\"description\":\"Durch den Verzehr des Inhalts einer 500-g-Plastikflasche (Kefir\u00a0ohne Laktose mit\u00a0Vanillegeschmack\u00a0und Zusatz von Milchproteinen) f\u00fchren wir dem K\u00f6rper...\",\"breadcrumb\":{\"@id\":\"https:\\\/\\\/www.mlekarna-krepko.si\\\/de\\\/produkt\\\/kefir-krepki-suhec-mit-proteinen-ohne-laktose-vanille\\\/#breadcrumb\"},\"inLanguage\":\"de-DE\",\"potentialAction\":[{\"@type\":\"ReadAction\",\"target\":[\"https:\\\/\\\/www.mlekarna-krepko.si\\\/de\\\/produkt\\\/kefir-krepki-suhec-mit-proteinen-ohne-laktose-vanille\\\/\"]}]},{\"@type\":\"ImageObject\",\"inLanguage\":\"de-DE\",\"@id\":\"https:\\\/\\\/www.mlekarna-krepko.si\\\/de\\\/produkt\\\/kefir-krepki-suhec-mit-proteinen-ohne-laktose-vanille\\\/#primaryimage\",\"url\":\"https:\\\/\\\/mlekarna-krepko.si\\\/wp-content\\\/uploads\\\/2024\\\/04\\\/suhec-protein-s-500ml-logo-nagrada.jpg\",\"contentUrl\":\"https:\\\/\\\/mlekarna-krepko.si\\\/wp-content\\\/uploads\\\/2024\\\/04\\\/suhec-protein-s-500ml-logo-nagrada.jpg\",\"width\":640,\"height\":802},{\"@type\":\"BreadcrumbList\",\"@id\":\"https:\\\/\\\/www.mlekarna-krepko.si\\\/de\\\/produkt\\\/kefir-krepki-suhec-mit-proteinen-ohne-laktose-vanille\\\/#breadcrumb\",\"itemListElement\":[{\"@type\":\"ListItem\",\"position\":1,\"name\":\"Home\",\"item\":\"https:\\\/\\\/www.mlekarna-krepko.si\\\/de\\\/\"},{\"@type\":\"ListItem\",\"position\":2,\"name\":\"Trgovina\",\"item\":\"https:\\\/\\\/www.mlekarna-krepko.si\\\/sl\\\/trgovina\\\/\"},{\"@type\":\"ListItem\",\"position\":3,\"name\":\"Kefir Krepki suhec mit Proteinen, ohne Laktose \\\/ Vanille 0,9% m.m. 500g\"}]},{\"@type\":\"WebSite\",\"@id\":\"https:\\\/\\\/www.mlekarna-krepko.si\\\/sl\\\/#website\",\"url\":\"https:\\\/\\\/www.mlekarna-krepko.si\\\/sl\\\/\",\"name\":\"Mlekarna Krepko\",\"description\":\"\",\"publisher\":{\"@id\":\"https:\\\/\\\/www.mlekarna-krepko.si\\\/sl\\\/#organization\"},\"potentialAction\":[{\"@type\":\"SearchAction\",\"target\":{\"@type\":\"EntryPoint\",\"urlTemplate\":\"https:\\\/\\\/www.mlekarna-krepko.si\\\/sl\\\/?s={search_term_string}\"},\"query-input\":{\"@type\":\"PropertyValueSpecification\",\"valueRequired\":true,\"valueName\":\"search_term_string\"}}],\"inLanguage\":\"de-DE\"},{\"@type\":\"Organization\",\"@id\":\"https:\\\/\\\/www.mlekarna-krepko.si\\\/sl\\\/#organization\",\"name\":\"Mlekarna Krepko\",\"url\":\"https:\\\/\\\/www.mlekarna-krepko.si\\\/sl\\\/\",\"logo\":{\"@type\":\"ImageObject\",\"inLanguage\":\"de-DE\",\"@id\":\"https:\\\/\\\/www.mlekarna-krepko.si\\\/sl\\\/#\\\/schema\\\/logo\\\/image\\\/\",\"url\":\"https:\\\/\\\/www.mlekarna-krepko.si\\\/wp-content\\\/uploads\\\/2020\\\/04\\\/LogoWeb_transparenten.png\",\"contentUrl\":\"https:\\\/\\\/www.mlekarna-krepko.si\\\/wp-content\\\/uploads\\\/2020\\\/04\\\/LogoWeb_transparenten.png\",\"width\":300,\"height\":300,\"caption\":\"Mlekarna Krepko\"},\"image\":{\"@id\":\"https:\\\/\\\/www.mlekarna-krepko.si\\\/sl\\\/#\\\/schema\\\/logo\\\/image\\\/\"},\"sameAs\":[\"https:\\\/\\\/www.facebook.com\\\/mlekarna.krepko\\\/\",\"https:\\\/\\\/www.instagram.com\\\/mlekarnakrepko\\\/\",\"https:\\\/\\\/www.linkedin.com\\\/company\\\/mlekarna-krepko\",\"https:\\\/\\\/www.youtube.com\\\/channel\\\/UCAzec5mnRHgcj2Th3fGRtKw?view_as=subscriber\"]}]}<\/script>\n<!-- \/ Yoast SEO plugin. -->","yoast_head_json":{"title":"Kefir Krepki suhec mit Proteinen, ohne Laktose \/ Vanille 0,9% m.m. 500g - Mlekarna Krepko","description":"Durch den Verzehr des Inhalts einer 500-g-Plastikflasche (Kefir\u00a0ohne Laktose mit\u00a0Vanillegeschmack\u00a0und Zusatz von Milchproteinen) f\u00fchren wir dem K\u00f6rper...","robots":{"index":"index","follow":"follow","max-snippet":"max-snippet:-1","max-image-preview":"max-image-preview:large","max-video-preview":"max-video-preview:-1"},"canonical":"https:\/\/www.mlekarna-krepko.si\/de\/produkt\/kefir-krepki-suhec-mit-proteinen-ohne-laktose-vanille\/","og_locale":"de_DE","og_type":"article","og_title":"Kefir Krepki suhec mit Proteinen, ohne Laktose \/ Vanille 0,9% m.m. 500g - Mlekarna Krepko","og_description":"Durch den Verzehr des Inhalts einer 500-g-Plastikflasche (Kefir\u00a0ohne Laktose mit\u00a0Vanillegeschmack\u00a0und Zusatz von Milchproteinen) f\u00fchren wir dem K\u00f6rper...","og_url":"https:\/\/www.mlekarna-krepko.si\/de\/produkt\/kefir-krepki-suhec-mit-proteinen-ohne-laktose-vanille\/","og_site_name":"Mlekarna Krepko","article_publisher":"https:\/\/www.facebook.com\/mlekarna.krepko\/","article_modified_time":"2023-05-04T10:06:32+00:00","og_image":[{"width":640,"height":802,"url":"https:\/\/www.mlekarna-krepko.si\/wp-content\/uploads\/2024\/04\/suhec-protein-s-500ml-logo-nagrada.jpg","type":"image\/jpeg"}],"twitter_card":"summary_large_image","twitter_misc":{"Gesch\u00e4tzte Lesezeit":"2 Minuten"},"schema":{"@context":"https:\/\/schema.org","@graph":[{"@type":"WebPage","@id":"https:\/\/www.mlekarna-krepko.si\/de\/produkt\/kefir-krepki-suhec-mit-proteinen-ohne-laktose-vanille\/","url":"https:\/\/www.mlekarna-krepko.si\/de\/produkt\/kefir-krepki-suhec-mit-proteinen-ohne-laktose-vanille\/","name":"Kefir Krepki suhec mit Proteinen, ohne Laktose \/ Vanille 0,9% m.m. 500g - Mlekarna Krepko","isPartOf":{"@id":"https:\/\/www.mlekarna-krepko.si\/sl\/#website"},"primaryImageOfPage":{"@id":"https:\/\/www.mlekarna-krepko.si\/de\/produkt\/kefir-krepki-suhec-mit-proteinen-ohne-laktose-vanille\/#primaryimage"},"image":{"@id":"https:\/\/www.mlekarna-krepko.si\/de\/produkt\/kefir-krepki-suhec-mit-proteinen-ohne-laktose-vanille\/#primaryimage"},"thumbnailUrl":"https:\/\/mlekarna-krepko.si\/wp-content\/uploads\/2024\/04\/suhec-protein-s-500ml-logo-nagrada.jpg","datePublished":"2023-02-28T09:20:35+00:00","dateModified":"2023-05-04T10:06:32+00:00","description":"Durch den Verzehr des Inhalts einer 500-g-Plastikflasche (Kefir\u00a0ohne Laktose mit\u00a0Vanillegeschmack\u00a0und Zusatz von Milchproteinen) f\u00fchren wir dem K\u00f6rper...","breadcrumb":{"@id":"https:\/\/www.mlekarna-krepko.si\/de\/produkt\/kefir-krepki-suhec-mit-proteinen-ohne-laktose-vanille\/#breadcrumb"},"inLanguage":"de-DE","potentialAction":[{"@type":"ReadAction","target":["https:\/\/www.mlekarna-krepko.si\/de\/produkt\/kefir-krepki-suhec-mit-proteinen-ohne-laktose-vanille\/"]}]},{"@type":"ImageObject","inLanguage":"de-DE","@id":"https:\/\/www.mlekarna-krepko.si\/de\/produkt\/kefir-krepki-suhec-mit-proteinen-ohne-laktose-vanille\/#primaryimage","url":"https:\/\/mlekarna-krepko.si\/wp-content\/uploads\/2024\/04\/suhec-protein-s-500ml-logo-nagrada.jpg","contentUrl":"https:\/\/mlekarna-krepko.si\/wp-content\/uploads\/2024\/04\/suhec-protein-s-500ml-logo-nagrada.jpg","width":640,"height":802},{"@type":"BreadcrumbList","@id":"https:\/\/www.mlekarna-krepko.si\/de\/produkt\/kefir-krepki-suhec-mit-proteinen-ohne-laktose-vanille\/#breadcrumb","itemListElement":[{"@type":"ListItem","position":1,"name":"Home","item":"https:\/\/www.mlekarna-krepko.si\/de\/"},{"@type":"ListItem","position":2,"name":"Trgovina","item":"https:\/\/www.mlekarna-krepko.si\/sl\/trgovina\/"},{"@type":"ListItem","position":3,"name":"Kefir Krepki suhec mit Proteinen, ohne Laktose \/ Vanille 0,9% m.m. 500g"}]},{"@type":"WebSite","@id":"https:\/\/www.mlekarna-krepko.si\/sl\/#website","url":"https:\/\/www.mlekarna-krepko.si\/sl\/","name":"Mlekarna Krepko","description":"","publisher":{"@id":"https:\/\/www.mlekarna-krepko.si\/sl\/#organization"},"potentialAction":[{"@type":"SearchAction","target":{"@type":"EntryPoint","urlTemplate":"https:\/\/www.mlekarna-krepko.si\/sl\/?s={search_term_string}"},"query-input":{"@type":"PropertyValueSpecification","valueRequired":true,"valueName":"search_term_string"}}],"inLanguage":"de-DE"},{"@type":"Organization","@id":"https:\/\/www.mlekarna-krepko.si\/sl\/#organization","name":"Mlekarna Krepko","url":"https:\/\/www.mlekarna-krepko.si\/sl\/","logo":{"@type":"ImageObject","inLanguage":"de-DE","@id":"https:\/\/www.mlekarna-krepko.si\/sl\/#\/schema\/logo\/image\/","url":"https:\/\/www.mlekarna-krepko.si\/wp-content\/uploads\/2020\/04\/LogoWeb_transparenten.png","contentUrl":"https:\/\/www.mlekarna-krepko.si\/wp-content\/uploads\/2020\/04\/LogoWeb_transparenten.png","width":300,"height":300,"caption":"Mlekarna Krepko"},"image":{"@id":"https:\/\/www.mlekarna-krepko.si\/sl\/#\/schema\/logo\/image\/"},"sameAs":["https:\/\/www.facebook.com\/mlekarna.krepko\/","https:\/\/www.instagram.com\/mlekarnakrepko\/","https:\/\/www.linkedin.com\/company\/mlekarna-krepko","https:\/\/www.youtube.com\/channel\/UCAzec5mnRHgcj2Th3fGRtKw?view_as=subscriber"]}]}},"_links":{"self":[{"href":"https:\/\/mlekarna-krepko.si\/de\/wp-json\/wp\/v2\/product\/23846","targetHints":{"allow":["GET"]}}],"collection":[{"href":"https:\/\/mlekarna-krepko.si\/de\/wp-json\/wp\/v2\/product"}],"about":[{"href":"https:\/\/mlekarna-krepko.si\/de\/wp-json\/wp\/v2\/types\/product"}],"wp:featuredmedia":[{"embeddable":true,"href":"https:\/\/mlekarna-krepko.si\/de\/wp-json\/wp\/v2\/media\/25247"}],"wp:attachment":[{"href":"https:\/\/mlekarna-krepko.si\/de\/wp-json\/wp\/v2\/media?parent=23846"}],"wp:term":[{"taxonomy":"product_cat","embeddable":true,"href":"https:\/\/mlekarna-krepko.si\/de\/wp-json\/wp\/v2\/product_cat?post=23846"},{"taxonomy":"product_tag","embeddable":true,"href":"https:\/\/mlekarna-krepko.si\/de\/wp-json\/wp\/v2\/product_tag?post=23846"}],"curies":[{"name":"wp","href":"https:\/\/api.w.org\/{rel}","templated":true}]}}