{"id":24492,"date":"2023-10-19T08:17:40","date_gmt":"2023-10-19T08:17:40","guid":{"rendered":"https:\/\/www.mlekarna-krepko.si\/izdelek\/lepotni-kefir-krepki-suhec-s-kolagenom-15-m-m-500g\/"},"modified":"2023-11-15T15:37:13","modified_gmt":"2023-11-15T15:37:13","slug":"schonheits-kefir-krepki-suhec-mit-kollagenom-15-m-m-500g","status":"publish","type":"product","link":"https:\/\/mlekarna-krepko.si\/de\/produkt\/schonheits-kefir-krepki-suhec-mit-kollagenom-15-m-m-500g\/","title":{"rendered":"Sch\u00f6nheits-Kefir Krepki suhec mit Kollagen 1,5 % Milchfett 500g"},"content":{"rendered":"<p><strong>Kefir Krepki suhec mit Kollagen\u00a0<\/strong>wird aus slowenischer pasteurisierter, typisierter und nicht homogenisierter Milch hergestellt. Die Grundlage des Produkts ist der Kefir Krepki Suhec mit 1,5 % Milchfett, der zu 100 % aus echten Kefirk\u00f6rnern hergestellt wird. Es handelt sich um das traditionelle Getr\u00e4nk der Hundertj\u00e4hrigen aus dem Kaukasus, das nachweislich das Leben verl\u00e4ngert. Es enth\u00e4lt mehr als 30 probiotische Mikroorganismen, die zur Aufrechterhaltung einer gesunden Mikrobiota beitragen. Jetzt haben wir dem besagten Getr\u00e4nk <strong>Kollagen\u00a0<\/strong>und<strong>\u00a0Vitamin C <\/strong>hinzugef\u00fcgt. Das fermentierte Milchgetr\u00e4nk hat einen angenehmen aromatischen Geruch, beh\u00e4lt aber die Sch\u00e4rfe, die ein charakteristisches Merkmal von traditionellem Kefir ist.<\/p>\n<p><strong>Durch den Verzehr des Inhalts einer 500-g-Plastikflasche (Kefir mit Zusatz von Kollagen und Vitamin C) decken wir unseren t\u00e4glichen Bedarf an Kollagen und Vitamin C zu 100 %.<\/strong><\/p>\n<p>Es ist klinisch erwiesen, dass <strong>Kollagen<\/strong> aus Fisch Falten reduziert, die Hautfestigkeit und -elastizit\u00e4t verbessert und gesunde Haare und N\u00e4gel bewahrt. Studien zur Wirksamkeit des hydrolysierten Kollagens haben gezeigt, dass die Partikel von hydrolysiertem Kollagen hervorragend aufgenommen werden, teilweise unbesch\u00e4digt durch die Darmwand in die Blutbahn gelangen und die Synthese von eigenem Kollagen f\u00f6rdern.<\/p>\n<p><strong>Vitamin C<\/strong>\u00a0unterst\u00fctzt die Funktion des Immunsystems und die Kollagenbildung im K\u00f6rper. Es ist ein wasserl\u00f6sliches Vitamin, das vom K\u00f6rper nicht selbst hergestellt werden kann, daher muss es dem K\u00f6rper t\u00e4glich in ausreichender Menge zugef\u00fchrt werden. Es unterst\u00fctzt auch die Funktion des Nervensystems und des Gehirns.<\/p>\n<p><em>Die Darmgesundheit ist von entscheidender Bedeutung und kann sowohl den K\u00f6rper als auch das Gehirn beeinflussen.<\/em><\/p>\n<p>&nbsp;<\/p>\n<table width=\"321\">\n<tbody>\n<tr>\n<td colspan=\"2\" width=\"321\">DURCHSCHNITTLICHER N\u00c4HRWERT pro 100 g<\/td>\n<\/tr>\n<tr>\n<td width=\"206\">Energiewert<\/td>\n<td width=\"115\">176 kJ \/42 kcal<\/td>\n<\/tr>\n<tr>\n<td width=\"206\">Fett<\/td>\n<td width=\"115\">1,5 g<\/td>\n<\/tr>\n<tr>\n<td width=\"206\">davon ges\u00e4ttigte Fetts\u00e4uren<\/td>\n<td width=\"115\">1 g<\/td>\n<\/tr>\n<tr>\n<td width=\"206\">Kohlenhydrate<\/td>\n<td width=\"115\">3,9 g<\/td>\n<\/tr>\n<tr>\n<td width=\"206\">davon Zucker<\/td>\n<td width=\"115\">3,9 g<\/td>\n<\/tr>\n<tr>\n<td width=\"206\">Eiwei\u00df<\/td>\n<td width=\"115\">3,2 g<\/td>\n<\/tr>\n<tr>\n<td width=\"206\">Salz**<\/td>\n<td width=\"115\">0,10 g<\/td>\n<\/tr>\n<tr>\n<td width=\"206\">Kollagen<\/td>\n<td width=\"115\">1 g<\/td>\n<\/tr>\n<tr>\n<td width=\"206\">Vitamin C<\/td>\n<td width=\"115\">16 mg**<\/td>\n<\/tr>\n<\/tbody>\n<\/table>\n<p><em>*Allergene:\u00a0<strong>Milch<\/strong><\/em><\/p>\n<p>&nbsp;<\/p>\n","protected":false},"excerpt":{"rendered":"<p>Kefir Krepki suhec mit Kollagen\u00a0wird aus slowenischer pasteurisierter, typisierter und nicht homogenisierter Milch hergestellt. Die Grundlage des Produkts ist der Kefir Krepki Suhec mit 1,5 % Milchfett, der zu 100 % aus echten Kefirk\u00f6rnern hergestellt wird. Es handelt sich um das traditionelle Getr\u00e4nk der Hundertj\u00e4hrigen aus dem Kaukasus, das nachweislich das Leben verl\u00e4ngert. Es enth\u00e4lt mehr als 30 probiotische Mikroorganismen, [&hellip;]<\/p>\n","protected":false},"featured_media":24309,"template":"","meta":{"_acf_changed":false},"product_cat":[200,161],"product_tag":[212,250,255,256,253,254,257,246,245,244,252,259],"class_list":{"0":"post-24492","1":"product","2":"type-product","3":"status-publish","4":"has-post-thumbnail","6":"product_cat-milchprodukte","7":"product_cat-mlecni-izdelki-krepko","8":"product_tag-kefir","9":"product_tag-kolagen","10":"product_tag-koza","11":"product_tag-lasje","12":"product_tag-lepota","13":"product_tag-mladost","14":"product_tag-nohti","15":"product_tag-prebava","16":"product_tag-prebiotik","17":"product_tag-probiotik","18":"product_tag-vitamin-c","19":"product_tag-zdravje","21":"first","22":"instock","23":"taxable","24":"shipping-taxable","25":"product-type-simple"},"acf":[],"yoast_head":"<!-- This site is optimized with the Yoast SEO plugin v27.4 - https:\/\/yoast.com\/product\/yoast-seo-wordpress\/ -->\n<title>Sch\u00f6nheits-Kefir Krepki suhec mit Kollagen 1,5 % Milchfett 500g - Mlekarna Krepko<\/title>\n<meta name=\"description\" content=\"Durch den Verzehr des Inhalts einer 500-g-Plastikflasche (Kefir mit Zusatz von Kollagen und Vitamin C) decken wir unseren t\u00e4glichen Bedarf an Kollagen und..\" \/>\n<meta name=\"robots\" content=\"index, follow, max-snippet:-1, max-image-preview:large, max-video-preview:-1\" \/>\n<link rel=\"canonical\" href=\"https:\/\/mlekarna-krepko.si\/sl\/?post_type=product&p=24197\" \/>\n<meta property=\"og:locale\" content=\"de_DE\" \/>\n<meta property=\"og:type\" content=\"article\" \/>\n<meta property=\"og:title\" content=\"Sch\u00f6nheits-Kefir Krepki suhec mit Kollagen 1,5 % Milchfett 500g - Mlekarna Krepko\" \/>\n<meta property=\"og:description\" content=\"Durch den Verzehr des Inhalts einer 500-g-Plastikflasche (Kefir mit Zusatz von Kollagen und Vitamin C) decken wir unseren t\u00e4glichen Bedarf an Kollagen und..\" \/>\n<meta property=\"og:url\" content=\"https:\/\/mlekarna-krepko.si\/sl\/?post_type=product&amp;p=24197\" \/>\n<meta property=\"og:site_name\" content=\"Mlekarna Krepko\" \/>\n<meta property=\"article:publisher\" content=\"https:\/\/www.facebook.com\/mlekarna.krepko\/\" \/>\n<meta property=\"article:modified_time\" content=\"2023-11-15T15:37:13+00:00\" \/>\n<meta property=\"og:image\" content=\"https:\/\/mlekarna-krepko.si\/wp-content\/uploads\/2023\/10\/kefir_1.3_Kolagen_500g-web.jpg\" \/>\n\t<meta property=\"og:image:width\" content=\"640\" \/>\n\t<meta property=\"og:image:height\" content=\"802\" \/>\n\t<meta property=\"og:image:type\" content=\"image\/jpeg\" \/>\n<meta name=\"twitter:card\" content=\"summary_large_image\" \/>\n<meta name=\"twitter:label1\" content=\"Gesch\u00e4tzte Lesezeit\" \/>\n\t<meta name=\"twitter:data1\" content=\"2 Minuten\" \/>\n<script type=\"application\/ld+json\" class=\"yoast-schema-graph\">{\"@context\":\"https:\\\/\\\/schema.org\",\"@graph\":[{\"@type\":\"WebPage\",\"@id\":\"https:\\\/\\\/mlekarna-krepko.si\\\/sl\\\/?post_type=product&p=24197\",\"url\":\"https:\\\/\\\/mlekarna-krepko.si\\\/sl\\\/?post_type=product&p=24197\",\"name\":\"Sch\u00f6nheits-Kefir Krepki suhec mit Kollagen 1,5 % Milchfett 500g - Mlekarna Krepko\",\"isPartOf\":{\"@id\":\"https:\\\/\\\/mlekarna-krepko.si\\\/sl\\\/#website\"},\"primaryImageOfPage\":{\"@id\":\"https:\\\/\\\/mlekarna-krepko.si\\\/sl\\\/?post_type=product&p=24197#primaryimage\"},\"image\":{\"@id\":\"https:\\\/\\\/mlekarna-krepko.si\\\/sl\\\/?post_type=product&p=24197#primaryimage\"},\"thumbnailUrl\":\"https:\\\/\\\/mlekarna-krepko.si\\\/wp-content\\\/uploads\\\/2023\\\/10\\\/kefir_1.3_Kolagen_500g-web.jpg\",\"datePublished\":\"2023-10-19T08:17:40+00:00\",\"dateModified\":\"2023-11-15T15:37:13+00:00\",\"description\":\"Durch den Verzehr des Inhalts einer 500-g-Plastikflasche (Kefir mit Zusatz von Kollagen und Vitamin C) decken wir unseren t\u00e4glichen Bedarf an Kollagen und..\",\"breadcrumb\":{\"@id\":\"https:\\\/\\\/mlekarna-krepko.si\\\/sl\\\/?post_type=product&p=24197#breadcrumb\"},\"inLanguage\":\"de-DE\",\"potentialAction\":[{\"@type\":\"ReadAction\",\"target\":[\"https:\\\/\\\/mlekarna-krepko.si\\\/sl\\\/?post_type=product&p=24197\"]}]},{\"@type\":\"ImageObject\",\"inLanguage\":\"de-DE\",\"@id\":\"https:\\\/\\\/mlekarna-krepko.si\\\/sl\\\/?post_type=product&p=24197#primaryimage\",\"url\":\"https:\\\/\\\/mlekarna-krepko.si\\\/wp-content\\\/uploads\\\/2023\\\/10\\\/kefir_1.3_Kolagen_500g-web.jpg\",\"contentUrl\":\"https:\\\/\\\/mlekarna-krepko.si\\\/wp-content\\\/uploads\\\/2023\\\/10\\\/kefir_1.3_Kolagen_500g-web.jpg\",\"width\":640,\"height\":802,\"caption\":\"Kefir kolagen\"},{\"@type\":\"BreadcrumbList\",\"@id\":\"https:\\\/\\\/mlekarna-krepko.si\\\/sl\\\/?post_type=product&p=24197#breadcrumb\",\"itemListElement\":[{\"@type\":\"ListItem\",\"position\":1,\"name\":\"Home\",\"item\":\"https:\\\/\\\/www.mlekarna-krepko.si\\\/de\\\/\"},{\"@type\":\"ListItem\",\"position\":2,\"name\":\"Trgovina\",\"item\":\"https:\\\/\\\/www.mlekarna-krepko.si\\\/sl\\\/trgovina\\\/\"},{\"@type\":\"ListItem\",\"position\":3,\"name\":\"Sch\u00f6nheits-Kefir Krepki suhec mit Kollagen 1,5 % Milchfett 500g\"}]},{\"@type\":\"WebSite\",\"@id\":\"https:\\\/\\\/mlekarna-krepko.si\\\/sl\\\/#website\",\"url\":\"https:\\\/\\\/mlekarna-krepko.si\\\/sl\\\/\",\"name\":\"Mlekarna Krepko\",\"description\":\"\",\"publisher\":{\"@id\":\"https:\\\/\\\/mlekarna-krepko.si\\\/sl\\\/#organization\"},\"potentialAction\":[{\"@type\":\"SearchAction\",\"target\":{\"@type\":\"EntryPoint\",\"urlTemplate\":\"https:\\\/\\\/mlekarna-krepko.si\\\/sl\\\/?s={search_term_string}\"},\"query-input\":{\"@type\":\"PropertyValueSpecification\",\"valueRequired\":true,\"valueName\":\"search_term_string\"}}],\"inLanguage\":\"de-DE\"},{\"@type\":\"Organization\",\"@id\":\"https:\\\/\\\/mlekarna-krepko.si\\\/sl\\\/#organization\",\"name\":\"Mlekarna Krepko\",\"url\":\"https:\\\/\\\/mlekarna-krepko.si\\\/sl\\\/\",\"logo\":{\"@type\":\"ImageObject\",\"inLanguage\":\"de-DE\",\"@id\":\"https:\\\/\\\/mlekarna-krepko.si\\\/sl\\\/#\\\/schema\\\/logo\\\/image\\\/\",\"url\":\"https:\\\/\\\/www.mlekarna-krepko.si\\\/wp-content\\\/uploads\\\/2020\\\/04\\\/LogoWeb_transparenten.png\",\"contentUrl\":\"https:\\\/\\\/www.mlekarna-krepko.si\\\/wp-content\\\/uploads\\\/2020\\\/04\\\/LogoWeb_transparenten.png\",\"width\":300,\"height\":300,\"caption\":\"Mlekarna Krepko\"},\"image\":{\"@id\":\"https:\\\/\\\/mlekarna-krepko.si\\\/sl\\\/#\\\/schema\\\/logo\\\/image\\\/\"},\"sameAs\":[\"https:\\\/\\\/www.facebook.com\\\/mlekarna.krepko\\\/\",\"https:\\\/\\\/www.instagram.com\\\/mlekarnakrepko\\\/\",\"https:\\\/\\\/www.linkedin.com\\\/company\\\/mlekarna-krepko\",\"https:\\\/\\\/www.youtube.com\\\/channel\\\/UCAzec5mnRHgcj2Th3fGRtKw?view_as=subscriber\"]}]}<\/script>\n<!-- \/ Yoast SEO plugin. -->","yoast_head_json":{"title":"Sch\u00f6nheits-Kefir Krepki suhec mit Kollagen 1,5 % Milchfett 500g - Mlekarna Krepko","description":"Durch den Verzehr des Inhalts einer 500-g-Plastikflasche (Kefir mit Zusatz von Kollagen und Vitamin C) decken wir unseren t\u00e4glichen Bedarf an Kollagen und..","robots":{"index":"index","follow":"follow","max-snippet":"max-snippet:-1","max-image-preview":"max-image-preview:large","max-video-preview":"max-video-preview:-1"},"canonical":"https:\/\/mlekarna-krepko.si\/sl\/?post_type=product&p=24197","og_locale":"de_DE","og_type":"article","og_title":"Sch\u00f6nheits-Kefir Krepki suhec mit Kollagen 1,5 % Milchfett 500g - Mlekarna Krepko","og_description":"Durch den Verzehr des Inhalts einer 500-g-Plastikflasche (Kefir mit Zusatz von Kollagen und Vitamin C) decken wir unseren t\u00e4glichen Bedarf an Kollagen und..","og_url":"https:\/\/mlekarna-krepko.si\/sl\/?post_type=product&p=24197","og_site_name":"Mlekarna Krepko","article_publisher":"https:\/\/www.facebook.com\/mlekarna.krepko\/","article_modified_time":"2023-11-15T15:37:13+00:00","og_image":[{"width":640,"height":802,"url":"https:\/\/mlekarna-krepko.si\/wp-content\/uploads\/2023\/10\/kefir_1.3_Kolagen_500g-web.jpg","type":"image\/jpeg"}],"twitter_card":"summary_large_image","twitter_misc":{"Gesch\u00e4tzte Lesezeit":"2 Minuten"},"schema":{"@context":"https:\/\/schema.org","@graph":[{"@type":"WebPage","@id":"https:\/\/mlekarna-krepko.si\/sl\/?post_type=product&p=24197","url":"https:\/\/mlekarna-krepko.si\/sl\/?post_type=product&p=24197","name":"Sch\u00f6nheits-Kefir Krepki suhec mit Kollagen 1,5 % Milchfett 500g - Mlekarna Krepko","isPartOf":{"@id":"https:\/\/mlekarna-krepko.si\/sl\/#website"},"primaryImageOfPage":{"@id":"https:\/\/mlekarna-krepko.si\/sl\/?post_type=product&p=24197#primaryimage"},"image":{"@id":"https:\/\/mlekarna-krepko.si\/sl\/?post_type=product&p=24197#primaryimage"},"thumbnailUrl":"https:\/\/mlekarna-krepko.si\/wp-content\/uploads\/2023\/10\/kefir_1.3_Kolagen_500g-web.jpg","datePublished":"2023-10-19T08:17:40+00:00","dateModified":"2023-11-15T15:37:13+00:00","description":"Durch den Verzehr des Inhalts einer 500-g-Plastikflasche (Kefir mit Zusatz von Kollagen und Vitamin C) decken wir unseren t\u00e4glichen Bedarf an Kollagen und..","breadcrumb":{"@id":"https:\/\/mlekarna-krepko.si\/sl\/?post_type=product&p=24197#breadcrumb"},"inLanguage":"de-DE","potentialAction":[{"@type":"ReadAction","target":["https:\/\/mlekarna-krepko.si\/sl\/?post_type=product&p=24197"]}]},{"@type":"ImageObject","inLanguage":"de-DE","@id":"https:\/\/mlekarna-krepko.si\/sl\/?post_type=product&p=24197#primaryimage","url":"https:\/\/mlekarna-krepko.si\/wp-content\/uploads\/2023\/10\/kefir_1.3_Kolagen_500g-web.jpg","contentUrl":"https:\/\/mlekarna-krepko.si\/wp-content\/uploads\/2023\/10\/kefir_1.3_Kolagen_500g-web.jpg","width":640,"height":802,"caption":"Kefir kolagen"},{"@type":"BreadcrumbList","@id":"https:\/\/mlekarna-krepko.si\/sl\/?post_type=product&p=24197#breadcrumb","itemListElement":[{"@type":"ListItem","position":1,"name":"Home","item":"https:\/\/www.mlekarna-krepko.si\/de\/"},{"@type":"ListItem","position":2,"name":"Trgovina","item":"https:\/\/www.mlekarna-krepko.si\/sl\/trgovina\/"},{"@type":"ListItem","position":3,"name":"Sch\u00f6nheits-Kefir Krepki suhec mit Kollagen 1,5 % Milchfett 500g"}]},{"@type":"WebSite","@id":"https:\/\/mlekarna-krepko.si\/sl\/#website","url":"https:\/\/mlekarna-krepko.si\/sl\/","name":"Mlekarna Krepko","description":"","publisher":{"@id":"https:\/\/mlekarna-krepko.si\/sl\/#organization"},"potentialAction":[{"@type":"SearchAction","target":{"@type":"EntryPoint","urlTemplate":"https:\/\/mlekarna-krepko.si\/sl\/?s={search_term_string}"},"query-input":{"@type":"PropertyValueSpecification","valueRequired":true,"valueName":"search_term_string"}}],"inLanguage":"de-DE"},{"@type":"Organization","@id":"https:\/\/mlekarna-krepko.si\/sl\/#organization","name":"Mlekarna Krepko","url":"https:\/\/mlekarna-krepko.si\/sl\/","logo":{"@type":"ImageObject","inLanguage":"de-DE","@id":"https:\/\/mlekarna-krepko.si\/sl\/#\/schema\/logo\/image\/","url":"https:\/\/www.mlekarna-krepko.si\/wp-content\/uploads\/2020\/04\/LogoWeb_transparenten.png","contentUrl":"https:\/\/www.mlekarna-krepko.si\/wp-content\/uploads\/2020\/04\/LogoWeb_transparenten.png","width":300,"height":300,"caption":"Mlekarna Krepko"},"image":{"@id":"https:\/\/mlekarna-krepko.si\/sl\/#\/schema\/logo\/image\/"},"sameAs":["https:\/\/www.facebook.com\/mlekarna.krepko\/","https:\/\/www.instagram.com\/mlekarnakrepko\/","https:\/\/www.linkedin.com\/company\/mlekarna-krepko","https:\/\/www.youtube.com\/channel\/UCAzec5mnRHgcj2Th3fGRtKw?view_as=subscriber"]}]}},"_links":{"self":[{"href":"https:\/\/mlekarna-krepko.si\/de\/wp-json\/wp\/v2\/product\/24492","targetHints":{"allow":["GET"]}}],"collection":[{"href":"https:\/\/mlekarna-krepko.si\/de\/wp-json\/wp\/v2\/product"}],"about":[{"href":"https:\/\/mlekarna-krepko.si\/de\/wp-json\/wp\/v2\/types\/product"}],"wp:featuredmedia":[{"embeddable":true,"href":"https:\/\/mlekarna-krepko.si\/de\/wp-json\/wp\/v2\/media\/24309"}],"wp:attachment":[{"href":"https:\/\/mlekarna-krepko.si\/de\/wp-json\/wp\/v2\/media?parent=24492"}],"wp:term":[{"taxonomy":"product_cat","embeddable":true,"href":"https:\/\/mlekarna-krepko.si\/de\/wp-json\/wp\/v2\/product_cat?post=24492"},{"taxonomy":"product_tag","embeddable":true,"href":"https:\/\/mlekarna-krepko.si\/de\/wp-json\/wp\/v2\/product_tag?post=24492"}],"curies":[{"name":"wp","href":"https:\/\/api.w.org\/{rel}","templated":true}]}}