{"id":20328,"date":"2020-02-11T13:20:13","date_gmt":"2020-02-11T13:20:13","guid":{"rendered":"https:\/\/www.mlekarna-krepko.si\/personal-data-protection-policy\/"},"modified":"2021-02-27T20:47:48","modified_gmt":"2021-02-27T20:47:48","slug":"politica-di-protezione-dei-dati-personali","status":"publish","type":"page","link":"https:\/\/mlekarna-krepko.si\/it\/politica-di-protezione-dei-dati-personali\/","title":{"rendered":"Politica di protezione dei dati personali"},"content":{"rendered":"<p><span style=\"font-size: 16px;\">Grazie per aver visitato il nostro sito. La protezione dei tuoi dati personali \u00e8 molto importante per noi, quindi insieme a contenuti di qualit\u00e0 ti garantiamo anche il diritto di decidere autonomamente sull&#8217;utilizzo dei tuoi dati. La presente informativa sulla privacy regola la raccolta, l&#8217;archiviazione e l&#8217;elaborazione dei dati personali raccolti dagli utenti dal gestore dei dati.<\/span><\/p>\n<div class=\"wpb_wrapper wpb_text_column td_block_wrap td_block_wrap vc_column_text td_uid_4_5e42a878431d6_rand td-pb-border-top td_block_template_1\" data-td-block-uid=\"td_uid_4_5e42a878431d6\">\n<div class=\"td-fix-index\">\n<h1><strong>Indice<\/strong><\/h1>\n<ul>\n<li>Gestore del database dei dati personali<\/li>\n<li>Categorie di dati personali<\/li>\n<li>Finalit\u00e0 del trattamento dei dati personali<\/li>\n<li>Tempi di conservazione<\/li>\n<li>Protezione dei dati personali<\/li>\n<li>Diritti degli utenti<\/li>\n<li>Elaboratori contrattuali dei dati e luogo di archiviazione<\/li>\n<li>Uso dei cookie<\/li>\n<li>Istruzioni per la modifica dei cookie nei singoli browser<\/li>\n<li>Avviso legale<\/li>\n<\/ul>\n<\/div>\n<\/div>\n<div class=\"wpb_wrapper td_block_wrap vc_raw_html td_uid_6_5e42a87845bc8_rand \">\n<div class=\"td-fix-index\">\n<div id=\"upravljaveczbirkeosebnihpodatkov\"><\/div>\n<\/div>\n<\/div>\n<h1><strong>Gestore del database dei dati personali<\/strong><\/h1>\n<p>MLEKARNA KREPKO Kele &amp; Kele d.o.o. , Laze 22a SI-1370 Logatec.<\/p>\n<p>La persona autorizzata in merito alla protezione dei dati personali \u00e8 disponibile presso <a href=\"mailto:info@mlekarna-krepko.si\">info@mlekarna-krepko.si<\/a><\/p>\n<p>Come destinatario o utente consento al gestore di raccogliere, elaborare e archiviare i dati personali trasmessi in conformit\u00e0 con la vigente legislazione in materia di protezione dei dati personali.<\/p>\n<h1><strong>Categorie di dati personali<\/strong><\/h1>\n<p>Dati acquisiti conservati dal responsabile del trattamento dei dati personali:<\/p>\n<ul>\n<li>indirizzo e-mail;<\/li>\n<li>nome e cognome, titolo e sesso al fine di personalizzare l&#8217;invio delle e-mail;<\/li>\n<li>nome dell&#8217;azienda;<\/li>\n<li>indirizzo effettivo;<\/li>\n<li>telefono;<\/li>\n<li>cellulare;<\/li>\n<li>quali messaggi ha aperto l&#8217;utente e quali link ha cliccato nei messaggi;<\/li>\n<li>quali pagine ha visitato nel portale;<\/li>\n<li>richieste passate, acquisti, fatture, richieste di supporto;<\/li>\n<li>Indirizzi IP utente e ID cookie.<\/li>\n<\/ul>\n<h1><strong>Finalit\u00e0 del trattamento dei dati personali<\/strong><\/h1>\n<p><strong>\u00a0<\/strong><\/p>\n<p>Il gestore dei dati, Kele &amp; Kele d.o.o., Laze 22a SI-1370 Logatec, utilizzer\u00e0 i dati ottenuti dagli utenti per i seguenti scopi:<\/p>\n<ul>\n<li>comunicare con il cliente o per relazioni (pre)contrattuali;<\/li>\n<li>giochi a premi;<\/li>\n<li>analisi statistiche e di mercato; tenere traccia dei clic e dell&#8217;apertura delle e- mail e dei clic sul sito Web per segmentare e personalizzare il contenuto delle \u00a0\u00a0 e-mail;<\/li>\n<li>informare e inviare e-news, articoli, notifiche di eventi via e-mail;<\/li>\n<li>marketing diretto e invio di offerte via SMS\/MMS, e-mail e messaggi di notifica, per posta tradizionale, sul sito Web e su app, ed effettuare chiamate \u00a0\u00a0\u00a0\u00a0 telefoniche;<\/li>\n<li>segmentazione, profilazione ed elaborazione automatizzata al fine di creare i messaggi personalizzati e le offerte che saranno pi\u00f9 rilevanti per l&#8217;utente;<\/li>\n<li>visualizzazione di annunci personalizzati su piattaforme pubblicitarie (Google e Facebook).<\/li>\n<\/ul>\n<p>Quando vengono inviate e-mail il gestore registra l&#8217;apertura dei messaggi ricevuti dalla persona e i clic sui collegamenti nei messaggi ricevuti. Registra inoltre visualizzazioni e promozioni sul sito web del gestore. Per una migliore e pi\u00f9 mirata trasmissione di offerte e personalizzazione dei messaggi ossia della comunicazione elabora, analizza, profila e valuta automaticamente l&#8217;attivit\u00e0 e la misurazione dell&#8217;interesse degli utenti.<\/p>\n<p>&nbsp;<\/p>\n<h1><strong>Tempi di conservazione<\/strong><\/h1>\n<p>Conserviamo i dati personali della persona indefinitamente o fino alla sua revoca del consenso alla conservazione e al trattamento dei dati. In caso di revoca del consenso da parte della persona i suoi dati personali vengono immediatamente cancellati in modo efficiente e permanente.<\/p>\n<p>&nbsp;<\/p>\n<p>Qualora nella nostra azienda cessino le finalit\u00e0 sopra descritte per le quali archiviamo ed elaboriamo i dati personali elimineremo immediatamente, efficacemente e in modo permanente i database il cui scopo \u00e8 cessato.<\/p>\n<p>&nbsp;<\/p>\n<h1><strong>Protezione dei dati personali<\/strong><\/h1>\n<p>Il responsabile del trattamento protegger\u00e0 i dati ottenuti in conformit\u00e0 con la vigente legislazione in materia di protezione dei dati personali e in conformit\u00e0 con i suoi atti interni adottati in base alla legge. Garantir\u00e0 un&#8217;adeguata protezione organizzativa e tecnica. In nessun caso il responsabile del trattamento trasmetter\u00e0 o divulgher\u00e0 i dati ottenuti a terzi. La societ\u00e0 Kele &amp; Kele d.o.o. mette in atto adeguate misure tecniche e organizzative per la protezione dei dati personali.<\/p>\n<h1><strong>Diritti degli utenti<\/strong><\/h1>\n<p>In conformit\u00e0 con le disposizioni del Regolamento generale UE sulla protezione dei dati (GDPR) il responsabile del trattamento, riguardo ai dati dell&#8217;utente e su richiesta dell&#8217;utente stesso, \u00e8 tenuto a:<\/p>\n<ul>\n<li>Confermare se i dati che lo riguardano sono trattati o meno e consentirgli di visualizzare i dati personali che lo riguardano.<\/li>\n<li>Fornire una stampa dei dati personali che lo riguardano.<\/li>\n<li>Dargli l&#8217;opportunit\u00e0 di correggere o integrare i suoi dati personali.<\/li>\n<li>Dargli la possibilit\u00e0 di cancellare parzialmente o completamente i dati<\/li>\n<li>Dargli la possibilit\u00e0 di trasferire dati personali a un altro fornitore di servizi<\/li>\n<li>Dargli la possibilit\u00e0 di revocare parzialmente o completamente il consenso al trattamento dei dati personali.<\/li>\n<\/ul>\n<p>Il responsabile del trattamento terr\u00e0 conto della volont\u00e0 dell&#8217;utente di revocare il consenso ed effettuer\u00e0 prontamente la revoca del consenso al trattamento dei dati personali entro e non oltre 15 giorni.<\/p>\n<p>Chiunque in qualsiasi momento pu\u00f2, nel caso in cui ritenga che i suoi diritti alla protezione dei propri dati personali siano stati in qualche modo violati, presentare un reclamo all&#8217;organismo di controllo (Commissario responsabile dell&#8217;informazione nella Repubblica di Slovenia).<\/p>\n<p>Ogni utente ha la possibilit\u00e0 di annullare l&#8217;iscrizione in modo semplice: alla ricezione di e-mail, con un clic in fondo al messaggio e-mail ricevuto, oppure inviando un&#8217;e-mail che annulla l&#8217;iscrizione a:\u00a0<a href=\"mailto:info@eprvak.si\">info@mlekarna-krepko.si<\/a>\u00a0, o rispondendo a una data mail ricevuta.<\/p>\n<p>&nbsp;<\/p>\n<h1><strong>Elaboratori contrattuali dei dati e luogo di archiviazione<\/strong><\/h1>\n<p>&nbsp;<\/p>\n<p>Il gestore inoltra i dati personali raccolti anche ai suoi elaboratori contrattuali, i quali possono elaborare i dati esclusivamente nell&#8217;ambito delle istruzioni e autorizzazioni del gestore e sono tenuti a garantire un livello adeguato di protezione dei dati personali come da contratto stipulato con il gestore, vale a dire: per il CRM, il sistema e-mail di marketing e il sistema di automazione del marketing. Il fornitore conserva i file di dati personali nell&#8217;UE e non li esporta in paesi terzi.<\/p>\n<p>Il gestore pu\u00f2 fornire dati personali a piattaforme pubblicitarie digitali (Google, Facebook, LinkedIn, ecc.) e utilizzare i loro cookie, che consentono al gestore la creazione di segmenti pi\u00f9 accurati, la visualizzazione di annunci mirati e il remarketing. Con ci\u00f2 l&#8217;utente riceve pi\u00f9 annunci pertinenti su queste piattaforme da parte del gestore. Questo pu\u00f2 comportare l&#8217;esportazione di dati a un responsabile contrattuale al di fuori dell&#8217;UE.<\/p>\n<p>&nbsp;<\/p>\n<h1><strong>Persona autorizzata per la protezione dei dati personali<\/strong><\/h1>\n<p>dott. prof. Miha Dvojmo\u010d<br \/>\nTbilisijska 96, 1000 Ljubljana<br \/>\nTel.: 031 692 524<br \/>\nE-mail:\u00a0<a href=\"mailto:miha.dvojmoc@infocenter.si\">miha.dvojmoc@infocenter.si<\/a><\/p>\n<p>&nbsp;<\/p>\n<h1><strong>Uso dei cookie<\/strong><\/h1>\n<p>Come utente del sito\u00a0<a href=\"http:\/\/www.eprvak.si\/\">www.mlekarna-krepko.si<\/a>\u00a0accetta che nel suo computer vengano scaricati cookie per garantire il funzionamento di tutte le funzioni del sito Web, dell&#8217;analisi dei dati web e della pubblicit\u00e0 avanzata. Vengono caricati i seguenti cookie:<\/p>\n<ul>\n<li>Cookie Google Analytics a fini analitici;<\/li>\n<li>Cookie strumenti di automazione del marketing per monitorare le attivit\u00e0 degli utenti sul sito Web.<\/li>\n<li>Cookie necessari per il funzionamento del WordPress del sito.<\/li>\n<\/ul>\n<p>I cookie consentono di adattare determinati contenuti o funzioni dell&#8217;applicazione ad un determinato visitatore in base alle sue scelte o preferenze o in base alle caratteristiche del suo dispositivo. I cookie a fini analitici consentono il miglioramento continuo del sito Web.<\/p>\n<p>&nbsp;<\/p>\n<h1><strong>\u00a0 Istruzioni per la modifica dei \u00a0 cookie nei singoli browser<\/strong><\/h1>\n<table>\n<tbody>\n<tr>\n<td>\u2013\u00a0<a href=\"https:\/\/support.google.com\/chrome\/answer\/95647?hl=sl\">Google Chrome<\/a><\/td>\n<\/tr>\n<tr>\n<td>\u2013\u00a0<a href=\"http:\/\/windows.microsoft.com\/sl-si\/internet-explorer\/delete-manage-cookies#ie=ie-10\">Internet Explorer<\/a><\/td>\n<\/tr>\n<tr>\n<td>\u2013\u00a0<a href=\"http:\/\/support.apple.com\/kb\/index?page=search&amp;fac=all&amp;q=cookies%20safari\">Safari<\/a><\/td>\n<\/tr>\n<tr>\n<td>\u2013\u00a0<a href=\"http:\/\/support.mozilla.org\/en-US\/kb\/enable-and-disable-cookies-website-preferences\">Firefox<\/a><\/td>\n<\/tr>\n<tr>\n<td>\u2013\u00a0<a href=\"http:\/\/www.opera.com\/help\/tutorials\/security\/privacy\/\">Opera<\/a><\/td>\n<\/tr>\n<\/tbody>\n<\/table>\n<h1><strong>Avviso legale<\/strong><\/h1>\n<p>Tutti i contenuti pubblicati su www.mlekarna-krepko.si sono di propriet\u00e0 di Kele &amp; Kele d.o.o., Laze 22a SI-1370 Logatec. Senza il consenso di Kele &amp; Kele d.o.o. non possono essere copiati, riprodotti o distribuiti in nessun altro modo. Kele &amp; Kele d.o.o. non \u00e8 responsabile per eventuali problemi con il funzionamento del sito Web. Kele &amp; Kele d.o.o. si riserva il diritto di eventuali errori e modifiche nel contenuto pubblicato su www.mlekarna-krepko.si.<\/p>\n<div class=\"wpb_wrapper wpb_text_column td_block_wrap td_block_wrap vc_column_text td_uid_25_5e42a87850d4d_rand td-pb-border-top td_block_template_1\" data-td-block-uid=\"td_uid_25_5e42a87850d4d\">\n<div class=\"td-fix-index\">\n<p><strong>\u00a0<\/strong><\/p>\n<\/div>\n<\/div>\n","protected":false},"excerpt":{"rendered":"<p>Grazie per aver visitato il nostro sito. La protezione dei tuoi dati personali \u00e8 molto importante per noi, quindi insieme a contenuti di qualit\u00e0 ti garantiamo anche il diritto di decidere autonomamente sull&#8217;utilizzo dei tuoi dati. La presente informativa sulla privacy regola la raccolta, l&#8217;archiviazione e l&#8217;elaborazione dei dati personali raccolti dagli utenti dal gestore dei dati. Indice Gestore del [&hellip;]<\/p>\n","protected":false},"author":10,"featured_media":0,"parent":0,"menu_order":0,"comment_status":"closed","ping_status":"closed","template":"","meta":{"_acf_changed":false,"footnotes":""},"class_list":["post-20328","page","type-page","status-publish","hentry"],"acf":[],"yoast_head":"<!-- This site is optimized with the Yoast SEO plugin v26.2 - https:\/\/yoast.com\/wordpress\/plugins\/seo\/ -->\n<title>Politica di protezione dei dati personali - Mlekarna Krepko<\/title>\n<meta name=\"robots\" content=\"index, follow, max-snippet:-1, max-image-preview:large, max-video-preview:-1\" \/>\n<link rel=\"canonical\" href=\"https:\/\/mlekarna-krepko.si\/it\/politica-di-protezione-dei-dati-personali\/\" \/>\n<meta property=\"og:locale\" content=\"it_IT\" \/>\n<meta property=\"og:type\" content=\"article\" \/>\n<meta property=\"og:title\" content=\"Politica di protezione dei dati personali - Mlekarna Krepko\" \/>\n<meta property=\"og:description\" content=\"Grazie per aver visitato il nostro sito. La protezione dei tuoi dati personali \u00e8 molto importante per noi, quindi insieme a contenuti di qualit\u00e0 ti garantiamo anche il diritto di decidere autonomamente sull&#8217;utilizzo dei tuoi dati. La presente informativa sulla privacy regola la raccolta, l&#8217;archiviazione e l&#8217;elaborazione dei dati personali raccolti dagli utenti dal gestore dei dati. Indice Gestore del [&hellip;]\" \/>\n<meta property=\"og:url\" content=\"https:\/\/mlekarna-krepko.si\/it\/politica-di-protezione-dei-dati-personali\/\" \/>\n<meta property=\"og:site_name\" content=\"Mlekarna Krepko\" \/>\n<meta property=\"article:publisher\" content=\"https:\/\/www.facebook.com\/mlekarna.krepko\/\" \/>\n<meta property=\"article:modified_time\" content=\"2021-02-27T20:47:48+00:00\" \/>\n<meta name=\"twitter:card\" content=\"summary_large_image\" \/>\n<meta name=\"twitter:label1\" content=\"Tempo di lettura stimato\" \/>\n\t<meta name=\"twitter:data1\" content=\"6 minuti\" \/>\n<script type=\"application\/ld+json\" class=\"yoast-schema-graph\">{\"@context\":\"https:\/\/schema.org\",\"@graph\":[{\"@type\":\"WebPage\",\"@id\":\"https:\/\/mlekarna-krepko.si\/it\/politica-di-protezione-dei-dati-personali\/\",\"url\":\"https:\/\/mlekarna-krepko.si\/it\/politica-di-protezione-dei-dati-personali\/\",\"name\":\"Politica di protezione dei dati personali - Mlekarna Krepko\",\"isPartOf\":{\"@id\":\"https:\/\/mlekarna-krepko.si\/it\/#website\"},\"datePublished\":\"2020-02-11T13:20:13+00:00\",\"dateModified\":\"2021-02-27T20:47:48+00:00\",\"breadcrumb\":{\"@id\":\"https:\/\/mlekarna-krepko.si\/it\/politica-di-protezione-dei-dati-personali\/#breadcrumb\"},\"inLanguage\":\"it-IT\",\"potentialAction\":[{\"@type\":\"ReadAction\",\"target\":[\"https:\/\/mlekarna-krepko.si\/it\/politica-di-protezione-dei-dati-personali\/\"]}]},{\"@type\":\"BreadcrumbList\",\"@id\":\"https:\/\/mlekarna-krepko.si\/it\/politica-di-protezione-dei-dati-personali\/#breadcrumb\",\"itemListElement\":[{\"@type\":\"ListItem\",\"position\":1,\"name\":\"Home\",\"item\":\"https:\/\/mlekarna-krepko.si\/it\/\"},{\"@type\":\"ListItem\",\"position\":2,\"name\":\"Politica di protezione dei dati personali\"}]},{\"@type\":\"WebSite\",\"@id\":\"https:\/\/mlekarna-krepko.si\/it\/#website\",\"url\":\"https:\/\/mlekarna-krepko.si\/it\/\",\"name\":\"Mlekarna Krepko\",\"description\":\"\",\"publisher\":{\"@id\":\"https:\/\/mlekarna-krepko.si\/it\/#organization\"},\"potentialAction\":[{\"@type\":\"SearchAction\",\"target\":{\"@type\":\"EntryPoint\",\"urlTemplate\":\"https:\/\/mlekarna-krepko.si\/it\/?s={search_term_string}\"},\"query-input\":{\"@type\":\"PropertyValueSpecification\",\"valueRequired\":true,\"valueName\":\"search_term_string\"}}],\"inLanguage\":\"it-IT\"},{\"@type\":\"Organization\",\"@id\":\"https:\/\/mlekarna-krepko.si\/it\/#organization\",\"name\":\"Mlekarna Krepko\",\"url\":\"https:\/\/mlekarna-krepko.si\/it\/\",\"logo\":{\"@type\":\"ImageObject\",\"inLanguage\":\"it-IT\",\"@id\":\"https:\/\/mlekarna-krepko.si\/it\/#\/schema\/logo\/image\/\",\"url\":\"https:\/\/www.mlekarna-krepko.si\/wp-content\/uploads\/2020\/04\/LogoWeb_transparenten.png\",\"contentUrl\":\"https:\/\/www.mlekarna-krepko.si\/wp-content\/uploads\/2020\/04\/LogoWeb_transparenten.png\",\"width\":300,\"height\":300,\"caption\":\"Mlekarna Krepko\"},\"image\":{\"@id\":\"https:\/\/mlekarna-krepko.si\/it\/#\/schema\/logo\/image\/\"},\"sameAs\":[\"https:\/\/www.facebook.com\/mlekarna.krepko\/\",\"https:\/\/www.instagram.com\/mlekarnakrepko\/\",\"https:\/\/www.linkedin.com\/company\/mlekarna-krepko\",\"https:\/\/www.youtube.com\/channel\/UCAzec5mnRHgcj2Th3fGRtKw?view_as=subscriber\"]}]}<\/script>\n<!-- \/ Yoast SEO plugin. -->","yoast_head_json":{"title":"Politica di protezione dei dati personali - Mlekarna Krepko","robots":{"index":"index","follow":"follow","max-snippet":"max-snippet:-1","max-image-preview":"max-image-preview:large","max-video-preview":"max-video-preview:-1"},"canonical":"https:\/\/mlekarna-krepko.si\/it\/politica-di-protezione-dei-dati-personali\/","og_locale":"it_IT","og_type":"article","og_title":"Politica di protezione dei dati personali - Mlekarna Krepko","og_description":"Grazie per aver visitato il nostro sito. La protezione dei tuoi dati personali \u00e8 molto importante per noi, quindi insieme a contenuti di qualit\u00e0 ti garantiamo anche il diritto di decidere autonomamente sull&#8217;utilizzo dei tuoi dati. La presente informativa sulla privacy regola la raccolta, l&#8217;archiviazione e l&#8217;elaborazione dei dati personali raccolti dagli utenti dal gestore dei dati. Indice Gestore del [&hellip;]","og_url":"https:\/\/mlekarna-krepko.si\/it\/politica-di-protezione-dei-dati-personali\/","og_site_name":"Mlekarna Krepko","article_publisher":"https:\/\/www.facebook.com\/mlekarna.krepko\/","article_modified_time":"2021-02-27T20:47:48+00:00","twitter_card":"summary_large_image","twitter_misc":{"Tempo di lettura stimato":"6 minuti"},"schema":{"@context":"https:\/\/schema.org","@graph":[{"@type":"WebPage","@id":"https:\/\/mlekarna-krepko.si\/it\/politica-di-protezione-dei-dati-personali\/","url":"https:\/\/mlekarna-krepko.si\/it\/politica-di-protezione-dei-dati-personali\/","name":"Politica di protezione dei dati personali - Mlekarna Krepko","isPartOf":{"@id":"https:\/\/mlekarna-krepko.si\/it\/#website"},"datePublished":"2020-02-11T13:20:13+00:00","dateModified":"2021-02-27T20:47:48+00:00","breadcrumb":{"@id":"https:\/\/mlekarna-krepko.si\/it\/politica-di-protezione-dei-dati-personali\/#breadcrumb"},"inLanguage":"it-IT","potentialAction":[{"@type":"ReadAction","target":["https:\/\/mlekarna-krepko.si\/it\/politica-di-protezione-dei-dati-personali\/"]}]},{"@type":"BreadcrumbList","@id":"https:\/\/mlekarna-krepko.si\/it\/politica-di-protezione-dei-dati-personali\/#breadcrumb","itemListElement":[{"@type":"ListItem","position":1,"name":"Home","item":"https:\/\/mlekarna-krepko.si\/it\/"},{"@type":"ListItem","position":2,"name":"Politica di protezione dei dati personali"}]},{"@type":"WebSite","@id":"https:\/\/mlekarna-krepko.si\/it\/#website","url":"https:\/\/mlekarna-krepko.si\/it\/","name":"Mlekarna Krepko","description":"","publisher":{"@id":"https:\/\/mlekarna-krepko.si\/it\/#organization"},"potentialAction":[{"@type":"SearchAction","target":{"@type":"EntryPoint","urlTemplate":"https:\/\/mlekarna-krepko.si\/it\/?s={search_term_string}"},"query-input":{"@type":"PropertyValueSpecification","valueRequired":true,"valueName":"search_term_string"}}],"inLanguage":"it-IT"},{"@type":"Organization","@id":"https:\/\/mlekarna-krepko.si\/it\/#organization","name":"Mlekarna Krepko","url":"https:\/\/mlekarna-krepko.si\/it\/","logo":{"@type":"ImageObject","inLanguage":"it-IT","@id":"https:\/\/mlekarna-krepko.si\/it\/#\/schema\/logo\/image\/","url":"https:\/\/www.mlekarna-krepko.si\/wp-content\/uploads\/2020\/04\/LogoWeb_transparenten.png","contentUrl":"https:\/\/www.mlekarna-krepko.si\/wp-content\/uploads\/2020\/04\/LogoWeb_transparenten.png","width":300,"height":300,"caption":"Mlekarna Krepko"},"image":{"@id":"https:\/\/mlekarna-krepko.si\/it\/#\/schema\/logo\/image\/"},"sameAs":["https:\/\/www.facebook.com\/mlekarna.krepko\/","https:\/\/www.instagram.com\/mlekarnakrepko\/","https:\/\/www.linkedin.com\/company\/mlekarna-krepko","https:\/\/www.youtube.com\/channel\/UCAzec5mnRHgcj2Th3fGRtKw?view_as=subscriber"]}]}},"_links":{"self":[{"href":"https:\/\/mlekarna-krepko.si\/it\/wp-json\/wp\/v2\/pages\/20328","targetHints":{"allow":["GET"]}}],"collection":[{"href":"https:\/\/mlekarna-krepko.si\/it\/wp-json\/wp\/v2\/pages"}],"about":[{"href":"https:\/\/mlekarna-krepko.si\/it\/wp-json\/wp\/v2\/types\/page"}],"author":[{"embeddable":true,"href":"https:\/\/mlekarna-krepko.si\/it\/wp-json\/wp\/v2\/users\/10"}],"replies":[{"embeddable":true,"href":"https:\/\/mlekarna-krepko.si\/it\/wp-json\/wp\/v2\/comments?post=20328"}],"version-history":[{"count":2,"href":"https:\/\/mlekarna-krepko.si\/it\/wp-json\/wp\/v2\/pages\/20328\/revisions"}],"predecessor-version":[{"id":20330,"href":"https:\/\/mlekarna-krepko.si\/it\/wp-json\/wp\/v2\/pages\/20328\/revisions\/20330"}],"wp:attachment":[{"href":"https:\/\/mlekarna-krepko.si\/it\/wp-json\/wp\/v2\/media?parent=20328"}],"curies":[{"name":"wp","href":"https:\/\/api.w.org\/{rel}","templated":true}]}}