{"id":20350,"date":"2020-11-01T20:51:46","date_gmt":"2020-11-01T20:51:46","guid":{"rendered":"https:\/\/www.mlekarna-krepko.si\/izdelek\/bio-butter-1st-class-200g\/"},"modified":"2021-02-28T19:36:40","modified_gmt":"2021-02-28T19:36:40","slug":"burro-bio-200g","status":"publish","type":"product","link":"https:\/\/mlekarna-krepko.si\/it\/prodotto\/burro-bio-200g\/","title":{"rendered":"Burro bio di 1\u00b0 tipo 200g"},"content":{"rendered":"<p><strong>Il burro biologico del 1\u00b0 tipo<\/strong> \u00e8 prodotto con panna biologica pastorizzata (38-43% grassi del latte), che \u00e8 prodotta con latte biologico sloveno non omogeneizzato. La specialit\u00e0 del burro di Mlekarna Krepko \u00e8 l&#8217;aggiunta della cultura del kefir, che crea un gusto unico. Ha un colore caratteristico e decisamente giallo.<\/p>\n<p>&nbsp;<\/p>\n<p>&nbsp;<\/p>\n<table border=\"1\" cellspacing=\"0\" cellpadding=\"0\">\n<tbody>\n<tr>\n<td style=\"width: 359px;\" colspan=\"2\">\n<p align=\"center\"><span style=\"color: #ff0000;\"><strong>Valore nutritivo (media per 100 g)<\/strong><\/span><\/p>\n<\/td>\n<\/tr>\n<tr>\n<td style=\"width: 245px;\">Proteine<\/td>\n<td style=\"width: 113px;\">0,4 g<\/td>\n<\/tr>\n<tr>\n<td style=\"width: 245px;\">Carboidrati<\/td>\n<td style=\"width: 113px;\">2,0 g<\/td>\n<\/tr>\n<tr>\n<td style=\"width: 245px;\">\u00a0 dei quali zuccheri<\/td>\n<td style=\"width: 113px;\">2,0 g<\/td>\n<\/tr>\n<tr>\n<td style=\"width: 245px;\">Grassi<\/td>\n<td style=\"width: 113px;\">82 g<\/td>\n<\/tr>\n<tr>\n<td style=\"width: 245px;\">\u00a0 acidi grassi saturi<\/td>\n<td style=\"width: 113px;\">52,2 g<\/td>\n<\/tr>\n<tr>\n<td style=\"width: 245px;\">Fibre alimentari<\/td>\n<td style=\"width: 113px;\">0 g<\/td>\n<\/tr>\n<tr>\n<td style=\"width: 245px;\">Sodio (naturalmente presente)<\/td>\n<td style=\"width: 113px;\">0,01 g<\/td>\n<\/tr>\n<tr>\n<td style=\"width: 245px;\">Valore energetico<\/td>\n<td style=\"width: 113px;\">3075 kJ\/748 kcal<\/td>\n<\/tr>\n<\/tbody>\n<\/table>\n<p>*Allergeni:\u00a0<strong><em>latte<\/em><\/strong><\/p>\n","protected":false},"excerpt":{"rendered":"<p>Il burro biologico del 1\u00b0 tipo \u00e8 prodotto con panna biologica pastorizzata (38-43% grassi del latte), che \u00e8 prodotta con latte biologico sloveno non omogeneizzato. La specialit\u00e0 del burro di Mlekarna Krepko \u00e8 l&#8217;aggiunta della cultura del kefir, che crea un gusto unico. Ha un colore caratteristico e decisamente giallo. &nbsp; &nbsp; Valore nutritivo (media per 100 g) Proteine 0,4 [&hellip;]<\/p>\n","protected":false},"featured_media":20351,"template":"","meta":{"_acf_changed":false},"product_cat":[180],"product_tag":[],"class_list":{"0":"post-20350","1":"product","2":"type-product","3":"status-publish","4":"has-post-thumbnail","6":"product_cat-dairy-roducts","8":"first","9":"instock","10":"taxable","11":"shipping-taxable","12":"product-type-simple"},"acf":[],"yoast_head":"<!-- This site is optimized with the Yoast SEO plugin v27.4 - https:\/\/yoast.com\/product\/yoast-seo-wordpress\/ -->\n<title>Burro bio di 1\u00b0 tipo 200g - Mlekarna Krepko<\/title>\n<meta name=\"robots\" content=\"index, follow, max-snippet:-1, max-image-preview:large, max-video-preview:-1\" \/>\n<link rel=\"canonical\" href=\"https:\/\/www.mlekarna-krepko.si\/sl\/izdelek\/bio-maslo-1-vrste-200-g\/\" \/>\n<meta property=\"og:locale\" content=\"it_IT\" \/>\n<meta property=\"og:type\" content=\"article\" \/>\n<meta property=\"og:title\" content=\"Burro bio di 1\u00b0 tipo 200g - Mlekarna Krepko\" \/>\n<meta property=\"og:description\" content=\"Il burro biologico del 1\u00b0 tipo \u00e8 prodotto con panna biologica pastorizzata (38-43% grassi del latte), che \u00e8 prodotta con latte biologico sloveno non omogeneizzato. La specialit\u00e0 del burro di Mlekarna Krepko \u00e8 l&#8217;aggiunta della cultura del kefir, che crea un gusto unico. Ha un colore caratteristico e decisamente giallo. &nbsp; &nbsp; Valore nutritivo (media per 100 g) Proteine 0,4 [&hellip;]\" \/>\n<meta property=\"og:url\" content=\"https:\/\/www.mlekarna-krepko.si\/sl\/izdelek\/bio-maslo-1-vrste-200-g\/\" \/>\n<meta property=\"og:site_name\" content=\"Mlekarna Krepko\" \/>\n<meta property=\"article:publisher\" content=\"https:\/\/www.facebook.com\/mlekarna.krepko\/\" \/>\n<meta property=\"article:modified_time\" content=\"2021-02-28T19:36:40+00:00\" \/>\n<meta property=\"og:image\" content=\"https:\/\/www.mlekarna-krepko.si\/wp-content\/uploads\/2020\/09\/bio-maslo-trgovina.jpg\" \/>\n\t<meta property=\"og:image:width\" content=\"640\" \/>\n\t<meta property=\"og:image:height\" content=\"802\" \/>\n\t<meta property=\"og:image:type\" content=\"image\/jpeg\" \/>\n<meta name=\"twitter:card\" content=\"summary_large_image\" \/>\n<script type=\"application\/ld+json\" class=\"yoast-schema-graph\">{\"@context\":\"https:\\\/\\\/schema.org\",\"@graph\":[{\"@type\":\"WebPage\",\"@id\":\"https:\\\/\\\/www.mlekarna-krepko.si\\\/sl\\\/izdelek\\\/bio-maslo-1-vrste-200-g\\\/\",\"url\":\"https:\\\/\\\/www.mlekarna-krepko.si\\\/sl\\\/izdelek\\\/bio-maslo-1-vrste-200-g\\\/\",\"name\":\"Burro bio di 1\u00b0 tipo 200g - Mlekarna Krepko\",\"isPartOf\":{\"@id\":\"https:\\\/\\\/www.mlekarna-krepko.si\\\/sl\\\/#website\"},\"primaryImageOfPage\":{\"@id\":\"https:\\\/\\\/www.mlekarna-krepko.si\\\/sl\\\/izdelek\\\/bio-maslo-1-vrste-200-g\\\/#primaryimage\"},\"image\":{\"@id\":\"https:\\\/\\\/www.mlekarna-krepko.si\\\/sl\\\/izdelek\\\/bio-maslo-1-vrste-200-g\\\/#primaryimage\"},\"thumbnailUrl\":\"https:\\\/\\\/mlekarna-krepko.si\\\/wp-content\\\/uploads\\\/2020\\\/09\\\/bio-maslo-trgovina.jpg\",\"datePublished\":\"2020-11-01T20:51:46+00:00\",\"dateModified\":\"2021-02-28T19:36:40+00:00\",\"breadcrumb\":{\"@id\":\"https:\\\/\\\/www.mlekarna-krepko.si\\\/sl\\\/izdelek\\\/bio-maslo-1-vrste-200-g\\\/#breadcrumb\"},\"inLanguage\":\"it-IT\",\"potentialAction\":[{\"@type\":\"ReadAction\",\"target\":[\"https:\\\/\\\/www.mlekarna-krepko.si\\\/sl\\\/izdelek\\\/bio-maslo-1-vrste-200-g\\\/\"]}]},{\"@type\":\"ImageObject\",\"inLanguage\":\"it-IT\",\"@id\":\"https:\\\/\\\/www.mlekarna-krepko.si\\\/sl\\\/izdelek\\\/bio-maslo-1-vrste-200-g\\\/#primaryimage\",\"url\":\"https:\\\/\\\/mlekarna-krepko.si\\\/wp-content\\\/uploads\\\/2020\\\/09\\\/bio-maslo-trgovina.jpg\",\"contentUrl\":\"https:\\\/\\\/mlekarna-krepko.si\\\/wp-content\\\/uploads\\\/2020\\\/09\\\/bio-maslo-trgovina.jpg\",\"width\":640,\"height\":802},{\"@type\":\"BreadcrumbList\",\"@id\":\"https:\\\/\\\/www.mlekarna-krepko.si\\\/sl\\\/izdelek\\\/bio-maslo-1-vrste-200-g\\\/#breadcrumb\",\"itemListElement\":[{\"@type\":\"ListItem\",\"position\":1,\"name\":\"Home\",\"item\":\"https:\\\/\\\/www.mlekarna-krepko.si\\\/it\\\/\"},{\"@type\":\"ListItem\",\"position\":2,\"name\":\"Trgovina\",\"item\":\"https:\\\/\\\/www.mlekarna-krepko.si\\\/sl\\\/trgovina\\\/\"},{\"@type\":\"ListItem\",\"position\":3,\"name\":\"Burro bio di 1\u00b0 tipo 200g\"}]},{\"@type\":\"WebSite\",\"@id\":\"https:\\\/\\\/www.mlekarna-krepko.si\\\/sl\\\/#website\",\"url\":\"https:\\\/\\\/www.mlekarna-krepko.si\\\/sl\\\/\",\"name\":\"Mlekarna Krepko\",\"description\":\"\",\"publisher\":{\"@id\":\"https:\\\/\\\/www.mlekarna-krepko.si\\\/sl\\\/#organization\"},\"potentialAction\":[{\"@type\":\"SearchAction\",\"target\":{\"@type\":\"EntryPoint\",\"urlTemplate\":\"https:\\\/\\\/www.mlekarna-krepko.si\\\/sl\\\/?s={search_term_string}\"},\"query-input\":{\"@type\":\"PropertyValueSpecification\",\"valueRequired\":true,\"valueName\":\"search_term_string\"}}],\"inLanguage\":\"it-IT\"},{\"@type\":\"Organization\",\"@id\":\"https:\\\/\\\/www.mlekarna-krepko.si\\\/sl\\\/#organization\",\"name\":\"Mlekarna Krepko\",\"url\":\"https:\\\/\\\/www.mlekarna-krepko.si\\\/sl\\\/\",\"logo\":{\"@type\":\"ImageObject\",\"inLanguage\":\"it-IT\",\"@id\":\"https:\\\/\\\/www.mlekarna-krepko.si\\\/sl\\\/#\\\/schema\\\/logo\\\/image\\\/\",\"url\":\"https:\\\/\\\/www.mlekarna-krepko.si\\\/wp-content\\\/uploads\\\/2020\\\/04\\\/LogoWeb_transparenten.png\",\"contentUrl\":\"https:\\\/\\\/www.mlekarna-krepko.si\\\/wp-content\\\/uploads\\\/2020\\\/04\\\/LogoWeb_transparenten.png\",\"width\":300,\"height\":300,\"caption\":\"Mlekarna Krepko\"},\"image\":{\"@id\":\"https:\\\/\\\/www.mlekarna-krepko.si\\\/sl\\\/#\\\/schema\\\/logo\\\/image\\\/\"},\"sameAs\":[\"https:\\\/\\\/www.facebook.com\\\/mlekarna.krepko\\\/\",\"https:\\\/\\\/www.instagram.com\\\/mlekarnakrepko\\\/\",\"https:\\\/\\\/www.linkedin.com\\\/company\\\/mlekarna-krepko\",\"https:\\\/\\\/www.youtube.com\\\/channel\\\/UCAzec5mnRHgcj2Th3fGRtKw?view_as=subscriber\"]}]}<\/script>\n<!-- \/ Yoast SEO plugin. -->","yoast_head_json":{"title":"Burro bio di 1\u00b0 tipo 200g - Mlekarna Krepko","robots":{"index":"index","follow":"follow","max-snippet":"max-snippet:-1","max-image-preview":"max-image-preview:large","max-video-preview":"max-video-preview:-1"},"canonical":"https:\/\/www.mlekarna-krepko.si\/sl\/izdelek\/bio-maslo-1-vrste-200-g\/","og_locale":"it_IT","og_type":"article","og_title":"Burro bio di 1\u00b0 tipo 200g - Mlekarna Krepko","og_description":"Il burro biologico del 1\u00b0 tipo \u00e8 prodotto con panna biologica pastorizzata (38-43% grassi del latte), che \u00e8 prodotta con latte biologico sloveno non omogeneizzato. La specialit\u00e0 del burro di Mlekarna Krepko \u00e8 l&#8217;aggiunta della cultura del kefir, che crea un gusto unico. Ha un colore caratteristico e decisamente giallo. &nbsp; &nbsp; Valore nutritivo (media per 100 g) Proteine 0,4 [&hellip;]","og_url":"https:\/\/www.mlekarna-krepko.si\/sl\/izdelek\/bio-maslo-1-vrste-200-g\/","og_site_name":"Mlekarna Krepko","article_publisher":"https:\/\/www.facebook.com\/mlekarna.krepko\/","article_modified_time":"2021-02-28T19:36:40+00:00","og_image":[{"width":640,"height":802,"url":"https:\/\/www.mlekarna-krepko.si\/wp-content\/uploads\/2020\/09\/bio-maslo-trgovina.jpg","type":"image\/jpeg"}],"twitter_card":"summary_large_image","schema":{"@context":"https:\/\/schema.org","@graph":[{"@type":"WebPage","@id":"https:\/\/www.mlekarna-krepko.si\/sl\/izdelek\/bio-maslo-1-vrste-200-g\/","url":"https:\/\/www.mlekarna-krepko.si\/sl\/izdelek\/bio-maslo-1-vrste-200-g\/","name":"Burro bio di 1\u00b0 tipo 200g - Mlekarna Krepko","isPartOf":{"@id":"https:\/\/www.mlekarna-krepko.si\/sl\/#website"},"primaryImageOfPage":{"@id":"https:\/\/www.mlekarna-krepko.si\/sl\/izdelek\/bio-maslo-1-vrste-200-g\/#primaryimage"},"image":{"@id":"https:\/\/www.mlekarna-krepko.si\/sl\/izdelek\/bio-maslo-1-vrste-200-g\/#primaryimage"},"thumbnailUrl":"https:\/\/mlekarna-krepko.si\/wp-content\/uploads\/2020\/09\/bio-maslo-trgovina.jpg","datePublished":"2020-11-01T20:51:46+00:00","dateModified":"2021-02-28T19:36:40+00:00","breadcrumb":{"@id":"https:\/\/www.mlekarna-krepko.si\/sl\/izdelek\/bio-maslo-1-vrste-200-g\/#breadcrumb"},"inLanguage":"it-IT","potentialAction":[{"@type":"ReadAction","target":["https:\/\/www.mlekarna-krepko.si\/sl\/izdelek\/bio-maslo-1-vrste-200-g\/"]}]},{"@type":"ImageObject","inLanguage":"it-IT","@id":"https:\/\/www.mlekarna-krepko.si\/sl\/izdelek\/bio-maslo-1-vrste-200-g\/#primaryimage","url":"https:\/\/mlekarna-krepko.si\/wp-content\/uploads\/2020\/09\/bio-maslo-trgovina.jpg","contentUrl":"https:\/\/mlekarna-krepko.si\/wp-content\/uploads\/2020\/09\/bio-maslo-trgovina.jpg","width":640,"height":802},{"@type":"BreadcrumbList","@id":"https:\/\/www.mlekarna-krepko.si\/sl\/izdelek\/bio-maslo-1-vrste-200-g\/#breadcrumb","itemListElement":[{"@type":"ListItem","position":1,"name":"Home","item":"https:\/\/www.mlekarna-krepko.si\/it\/"},{"@type":"ListItem","position":2,"name":"Trgovina","item":"https:\/\/www.mlekarna-krepko.si\/sl\/trgovina\/"},{"@type":"ListItem","position":3,"name":"Burro bio di 1\u00b0 tipo 200g"}]},{"@type":"WebSite","@id":"https:\/\/www.mlekarna-krepko.si\/sl\/#website","url":"https:\/\/www.mlekarna-krepko.si\/sl\/","name":"Mlekarna Krepko","description":"","publisher":{"@id":"https:\/\/www.mlekarna-krepko.si\/sl\/#organization"},"potentialAction":[{"@type":"SearchAction","target":{"@type":"EntryPoint","urlTemplate":"https:\/\/www.mlekarna-krepko.si\/sl\/?s={search_term_string}"},"query-input":{"@type":"PropertyValueSpecification","valueRequired":true,"valueName":"search_term_string"}}],"inLanguage":"it-IT"},{"@type":"Organization","@id":"https:\/\/www.mlekarna-krepko.si\/sl\/#organization","name":"Mlekarna Krepko","url":"https:\/\/www.mlekarna-krepko.si\/sl\/","logo":{"@type":"ImageObject","inLanguage":"it-IT","@id":"https:\/\/www.mlekarna-krepko.si\/sl\/#\/schema\/logo\/image\/","url":"https:\/\/www.mlekarna-krepko.si\/wp-content\/uploads\/2020\/04\/LogoWeb_transparenten.png","contentUrl":"https:\/\/www.mlekarna-krepko.si\/wp-content\/uploads\/2020\/04\/LogoWeb_transparenten.png","width":300,"height":300,"caption":"Mlekarna Krepko"},"image":{"@id":"https:\/\/www.mlekarna-krepko.si\/sl\/#\/schema\/logo\/image\/"},"sameAs":["https:\/\/www.facebook.com\/mlekarna.krepko\/","https:\/\/www.instagram.com\/mlekarnakrepko\/","https:\/\/www.linkedin.com\/company\/mlekarna-krepko","https:\/\/www.youtube.com\/channel\/UCAzec5mnRHgcj2Th3fGRtKw?view_as=subscriber"]}]}},"_links":{"self":[{"href":"https:\/\/mlekarna-krepko.si\/it\/wp-json\/wp\/v2\/product\/20350","targetHints":{"allow":["GET"]}}],"collection":[{"href":"https:\/\/mlekarna-krepko.si\/it\/wp-json\/wp\/v2\/product"}],"about":[{"href":"https:\/\/mlekarna-krepko.si\/it\/wp-json\/wp\/v2\/types\/product"}],"wp:featuredmedia":[{"embeddable":true,"href":"https:\/\/mlekarna-krepko.si\/it\/wp-json\/wp\/v2\/media\/20351"}],"wp:attachment":[{"href":"https:\/\/mlekarna-krepko.si\/it\/wp-json\/wp\/v2\/media?parent=20350"}],"wp:term":[{"taxonomy":"product_cat","embeddable":true,"href":"https:\/\/mlekarna-krepko.si\/it\/wp-json\/wp\/v2\/product_cat?post=20350"},{"taxonomy":"product_tag","embeddable":true,"href":"https:\/\/mlekarna-krepko.si\/it\/wp-json\/wp\/v2\/product_tag?post=20350"}],"curies":[{"name":"wp","href":"https:\/\/api.w.org\/{rel}","templated":true}]}}