{"id":20370,"date":"2020-03-19T11:42:21","date_gmt":"2020-03-19T11:42:21","guid":{"rendered":"https:\/\/www.mlekarna-krepko.si\/izdelek\/kefir-krepki-suhec-500-g\/"},"modified":"2021-12-11T20:56:14","modified_gmt":"2021-12-11T20:56:14","slug":"kefir-krepko-magro-500-g","status":"publish","type":"product","link":"https:\/\/mlekarna-krepko.si\/it\/prodotto\/kefir-krepko-magro-500-g\/","title":{"rendered":"Kefir Krepko Magro 1,5% 500 g"},"content":{"rendered":"<h3>Vantaggi del consumo regolare del kefir tradizionale:<\/h3>\n<ul>\n<li><strong>Migliora la flora intestinale e la digestione<\/strong> in quanto \u00e8 un simbiotico naturale (<strong>contiene probiotici e prebiotici<\/strong>). L&#8217;effetto dei prebiotici \u00e8 importante, dato che i prebiotici assicurano un effetto pi\u00f9 intenso rispetto ai batteri probiotici.<\/li>\n<li>Con esso<strong>, insieme a un pasto sano e leggero, apporterete all&#8217;organismo importanti vitamine naturali<\/strong> (A, E, B1, B2, B6, B12, biotina, acido folico), minerali (potassio, calcio, ferro, magnesio, sodio, rame, zinco, fosforo) e <strong>aminoacidi essenziali<\/strong>.<\/li>\n<li>Dato il <strong>basso contenuto di lattosio<\/strong> sar\u00e0 pi\u00f9 facile per le persone in et\u00e0 matura consumarlo.<\/li>\n<li>Diffondetelo a livello locale, dato che \u00e8 prodotto con latte sloveno (biologico) non omogeneizzato,<\/li>\n<li>\u00c8 privo di conservanti e additivi.<\/li>\n<\/ul>\n<h3>A chi raccomandiamo particolarmente il kefir?<\/h3>\n<p>Lo raccomandiamo a chi:<\/p>\n<ul>\n<li>desidera una digestione pi\u00f9 ordinata e una flora intestinale equilibrata,<\/li>\n<li>ha bisogno di un pasto ipocalorico che contribuisca a perdere peso,<\/li>\n<li>sta lavorando per rafforzare il sistema immunitario, in quanto \u00e8 noto che l&#8217;intestino costituisce la maggior parte delle cellule del sistema immunitario,<\/li>\n<li>ha assunto antibiotici e vuole ripristinare l&#8217;equilibrio della flora intestinale,<\/li>\n<li>fa sport e vuole seguire una dieta sana,<\/li>\n<li>\u00e8 esposto a stress, che pu\u00f2 avere un effetto molto negativo sulla flora intestinale,<\/li>\n<li>apprezza il cibo coltivato localmente e biologicamente.<\/li>\n<\/ul>\n<h3><strong>Prodotto secondo il metodo naturale tradizionale<\/strong><\/h3>\n<p>La produzione del kefir Krepki secco avviene in modo tradizionale, con grani di kefir e con latte sloveno, pastorizzato, tipizzato e non omogeneizzato. <strong>Mlekarna Krepko \u00e8 l&#8217;unica nell&#8217;UE che produce kefir da veri grani di kefir<\/strong>. Pertanto durante il processo di fermentazione si formano CO<sub>2<\/sub> naturale, acido lattico, etanolo e altri nutrienti che influenzano il gusto del kefir prodotto in modo tradizionale.<\/p>\n<p>Se confrontiamo il kefir prodotto tradizionalmente con lo yogurt o il latte acido, anch&#8217;essi prodotti caseari fermentati, troviamo che lo yogurt contiene un massimo di tre batteri, e lo stesso vale per il latte acido: il pi\u00f9 importante dei tre \u00e8 il kefir tradizionale, perch\u00e9 oltre al numero enorme di microrganismi, oltre un centinaio, contiene anche lieviti. Il Kefir \u00e8 considerato il re indiscusso dei prodotti caseari fermentati!<\/p>\n<h3><strong>Utilizzo del kefir nella preparazione di piatti<\/strong><\/h3>\n<p>Il kefir viene usato nella preparazione di zuppe calde o fredde, di condimenti per insalate, per gelati, torte, muffin e dolci, pancake e waffel, per il pane e altri prodotti da forno, per frapp\u00e9 e smoothy, come salsa per fiocchi e gnocchi o come salsa per arrosto di carne.<\/p>\n<p>Con il kefir possiamo creare in molti altri modi. Per un perfetto inizio di giornata, con il kefir possiamo preparare una colazione fantastica. Pu\u00f2 essere arricchito con frutta fresca o secca, cannella e semi. Ottima anche la torta di mais arricchita con kefir, per la quale bastano pochi ingredienti base &#8211; e si cuoce in poco pi\u00f9 di mezz&#8217;ora!<\/p>\n<table border=\"1\" cellspacing=\"0\" cellpadding=\"0\">\n<tbody>\n<tr>\n<td style=\"width: 349px;\" colspan=\"2\">\n<p align=\"center\"><span style=\"color: #ff0000;\"><strong>Valore nutritivo (media per 100 g))<\/strong><\/span><\/p>\n<\/td>\n<\/tr>\n<tr>\n<td style=\"width: 245px;\">Proteine<\/td>\n<td style=\"width: 104px;\">3,2 g<\/td>\n<\/tr>\n<tr>\n<td style=\"width: 245px;\">Carboidrati<\/td>\n<td style=\"width: 104px;\">3,8 g<\/td>\n<\/tr>\n<tr>\n<td style=\"width: 245px;\">\u00a0 dei quali zuccheri<\/td>\n<td style=\"width: 104px;\">2,7 g<\/td>\n<\/tr>\n<tr>\n<td style=\"width: 245px;\">Grassi<\/td>\n<td style=\"width: 104px;\">1,5 g<\/td>\n<\/tr>\n<tr>\n<td style=\"width: 245px;\">\u00a0 Acidi grassi saturi<\/td>\n<td style=\"width: 104px;\">1,0 g<\/td>\n<\/tr>\n<tr>\n<td style=\"width: 245px;\">Fibre alimentari<\/td>\n<td style=\"width: 104px;\">0 g<\/td>\n<\/tr>\n<tr>\n<td style=\"width: 245px;\">Sodio (naturalmente presente)<\/td>\n<td style=\"width: 104px;\">0,04 g<\/td>\n<\/tr>\n<tr>\n<td style=\"width: 245px;\">Valore energetico<\/td>\n<td style=\"width: 104px;\">175 kJ\/42 kcal<\/td>\n<\/tr>\n<\/tbody>\n<\/table>\n<p>*Allergeni:\u00a0<strong><em>latte<\/em><\/strong><\/p>\n","protected":false},"excerpt":{"rendered":"<p>Il Kefir Krepki secco con l&#8217;1,5% di grassi caseari \u00e8 prodotto secondo il <strong>metodo tradizionale da grani di kefir<\/strong> con latte sloveno, pastorizzato, tipizzato, non omogeneizzato e senza aggiunte o additivi. \u00c8 anche chiamato la bevanda dei centenari del Caucaso.<\/p>\n","protected":false},"featured_media":16188,"template":"","meta":{"_acf_changed":false},"product_cat":[199],"product_tag":[],"class_list":{"0":"post-20370","1":"product","2":"type-product","3":"status-publish","4":"has-post-thumbnail","6":"product_cat-kefirji-krepko-it","8":"first","9":"instock","10":"taxable","11":"shipping-taxable","12":"product-type-simple"},"acf":[],"yoast_head":"<!-- This site is optimized with the Yoast SEO plugin v26.2 - https:\/\/yoast.com\/wordpress\/plugins\/seo\/ -->\n<title>Kefir Krepko Magro 1,5% 500 g - Mlekarna Krepko<\/title>\n<meta name=\"robots\" content=\"index, follow, max-snippet:-1, max-image-preview:large, max-video-preview:-1\" \/>\n<link rel=\"canonical\" href=\"https:\/\/mlekarna-krepko.si\/it\/prodotto\/kefir-krepko-magro-500-g\/\" \/>\n<meta property=\"og:locale\" content=\"it_IT\" \/>\n<meta property=\"og:type\" content=\"article\" \/>\n<meta property=\"og:title\" content=\"Kefir Krepko Magro 1,5% 500 g - Mlekarna Krepko\" \/>\n<meta property=\"og:description\" content=\"Il Kefir Krepki secco con l&#039;1,5% di grassi caseari \u00e8 prodotto secondo il metodo tradizionale da grani di kefir con latte sloveno, pastorizzato, tipizzato, non omogeneizzato e senza aggiunte o additivi. \u00c8 anche chiamato la bevanda dei centenari del Caucaso.\" \/>\n<meta property=\"og:url\" content=\"https:\/\/mlekarna-krepko.si\/it\/prodotto\/kefir-krepko-magro-500-g\/\" \/>\n<meta property=\"og:site_name\" content=\"Mlekarna Krepko\" \/>\n<meta property=\"article:publisher\" content=\"https:\/\/www.facebook.com\/mlekarna.krepko\/\" \/>\n<meta property=\"article:modified_time\" content=\"2021-12-11T20:56:14+00:00\" \/>\n<meta property=\"og:image\" content=\"https:\/\/mlekarna-krepko.si\/wp-content\/uploads\/2019\/08\/Kefir_KrepkiSuhec_500g_15.jpg\" \/>\n\t<meta property=\"og:image:width\" content=\"640\" \/>\n\t<meta property=\"og:image:height\" content=\"802\" \/>\n\t<meta property=\"og:image:type\" content=\"image\/jpeg\" \/>\n<meta name=\"twitter:card\" content=\"summary_large_image\" \/>\n<meta name=\"twitter:label1\" content=\"Tempo di lettura stimato\" \/>\n\t<meta name=\"twitter:data1\" content=\"3 minuti\" \/>\n<script type=\"application\/ld+json\" class=\"yoast-schema-graph\">{\"@context\":\"https:\/\/schema.org\",\"@graph\":[{\"@type\":\"WebPage\",\"@id\":\"https:\/\/mlekarna-krepko.si\/it\/prodotto\/kefir-krepko-magro-500-g\/\",\"url\":\"https:\/\/mlekarna-krepko.si\/it\/prodotto\/kefir-krepko-magro-500-g\/\",\"name\":\"Kefir Krepko Magro 1,5% 500 g - Mlekarna Krepko\",\"isPartOf\":{\"@id\":\"https:\/\/mlekarna-krepko.si\/it\/#website\"},\"primaryImageOfPage\":{\"@id\":\"https:\/\/mlekarna-krepko.si\/it\/prodotto\/kefir-krepko-magro-500-g\/#primaryimage\"},\"image\":{\"@id\":\"https:\/\/mlekarna-krepko.si\/it\/prodotto\/kefir-krepko-magro-500-g\/#primaryimage\"},\"thumbnailUrl\":\"https:\/\/mlekarna-krepko.si\/wp-content\/uploads\/2019\/08\/Kefir_KrepkiSuhec_500g_15.jpg\",\"datePublished\":\"2020-03-19T11:42:21+00:00\",\"dateModified\":\"2021-12-11T20:56:14+00:00\",\"breadcrumb\":{\"@id\":\"https:\/\/mlekarna-krepko.si\/it\/prodotto\/kefir-krepko-magro-500-g\/#breadcrumb\"},\"inLanguage\":\"it-IT\",\"potentialAction\":[{\"@type\":\"ReadAction\",\"target\":[\"https:\/\/mlekarna-krepko.si\/it\/prodotto\/kefir-krepko-magro-500-g\/\"]}]},{\"@type\":\"ImageObject\",\"inLanguage\":\"it-IT\",\"@id\":\"https:\/\/mlekarna-krepko.si\/it\/prodotto\/kefir-krepko-magro-500-g\/#primaryimage\",\"url\":\"https:\/\/mlekarna-krepko.si\/wp-content\/uploads\/2019\/08\/Kefir_KrepkiSuhec_500g_15.jpg\",\"contentUrl\":\"https:\/\/mlekarna-krepko.si\/wp-content\/uploads\/2019\/08\/Kefir_KrepkiSuhec_500g_15.jpg\",\"width\":640,\"height\":802},{\"@type\":\"BreadcrumbList\",\"@id\":\"https:\/\/mlekarna-krepko.si\/it\/prodotto\/kefir-krepko-magro-500-g\/#breadcrumb\",\"itemListElement\":[{\"@type\":\"ListItem\",\"position\":1,\"name\":\"Home\",\"item\":\"https:\/\/mlekarna-krepko.si\/it\/\"},{\"@type\":\"ListItem\",\"position\":2,\"name\":\"Trgovina\",\"item\":\"https:\/\/mlekarna-krepko.si\/sl\/trgovina\/\"},{\"@type\":\"ListItem\",\"position\":3,\"name\":\"Kefir Krepko Magro 1,5% 500 g\"}]},{\"@type\":\"WebSite\",\"@id\":\"https:\/\/mlekarna-krepko.si\/it\/#website\",\"url\":\"https:\/\/mlekarna-krepko.si\/it\/\",\"name\":\"Mlekarna Krepko\",\"description\":\"\",\"publisher\":{\"@id\":\"https:\/\/mlekarna-krepko.si\/it\/#organization\"},\"potentialAction\":[{\"@type\":\"SearchAction\",\"target\":{\"@type\":\"EntryPoint\",\"urlTemplate\":\"https:\/\/mlekarna-krepko.si\/it\/?s={search_term_string}\"},\"query-input\":{\"@type\":\"PropertyValueSpecification\",\"valueRequired\":true,\"valueName\":\"search_term_string\"}}],\"inLanguage\":\"it-IT\"},{\"@type\":\"Organization\",\"@id\":\"https:\/\/mlekarna-krepko.si\/it\/#organization\",\"name\":\"Mlekarna Krepko\",\"url\":\"https:\/\/mlekarna-krepko.si\/it\/\",\"logo\":{\"@type\":\"ImageObject\",\"inLanguage\":\"it-IT\",\"@id\":\"https:\/\/mlekarna-krepko.si\/it\/#\/schema\/logo\/image\/\",\"url\":\"https:\/\/www.mlekarna-krepko.si\/wp-content\/uploads\/2020\/04\/LogoWeb_transparenten.png\",\"contentUrl\":\"https:\/\/www.mlekarna-krepko.si\/wp-content\/uploads\/2020\/04\/LogoWeb_transparenten.png\",\"width\":300,\"height\":300,\"caption\":\"Mlekarna Krepko\"},\"image\":{\"@id\":\"https:\/\/mlekarna-krepko.si\/it\/#\/schema\/logo\/image\/\"},\"sameAs\":[\"https:\/\/www.facebook.com\/mlekarna.krepko\/\",\"https:\/\/www.instagram.com\/mlekarnakrepko\/\",\"https:\/\/www.linkedin.com\/company\/mlekarna-krepko\",\"https:\/\/www.youtube.com\/channel\/UCAzec5mnRHgcj2Th3fGRtKw?view_as=subscriber\"]}]}<\/script>\n<!-- \/ Yoast SEO plugin. -->","yoast_head_json":{"title":"Kefir Krepko Magro 1,5% 500 g - Mlekarna Krepko","robots":{"index":"index","follow":"follow","max-snippet":"max-snippet:-1","max-image-preview":"max-image-preview:large","max-video-preview":"max-video-preview:-1"},"canonical":"https:\/\/mlekarna-krepko.si\/it\/prodotto\/kefir-krepko-magro-500-g\/","og_locale":"it_IT","og_type":"article","og_title":"Kefir Krepko Magro 1,5% 500 g - Mlekarna Krepko","og_description":"Il Kefir Krepki secco con l'1,5% di grassi caseari \u00e8 prodotto secondo il metodo tradizionale da grani di kefir con latte sloveno, pastorizzato, tipizzato, non omogeneizzato e senza aggiunte o additivi. \u00c8 anche chiamato la bevanda dei centenari del Caucaso.","og_url":"https:\/\/mlekarna-krepko.si\/it\/prodotto\/kefir-krepko-magro-500-g\/","og_site_name":"Mlekarna Krepko","article_publisher":"https:\/\/www.facebook.com\/mlekarna.krepko\/","article_modified_time":"2021-12-11T20:56:14+00:00","og_image":[{"width":640,"height":802,"url":"https:\/\/mlekarna-krepko.si\/wp-content\/uploads\/2019\/08\/Kefir_KrepkiSuhec_500g_15.jpg","type":"image\/jpeg"}],"twitter_card":"summary_large_image","twitter_misc":{"Tempo di lettura stimato":"3 minuti"},"schema":{"@context":"https:\/\/schema.org","@graph":[{"@type":"WebPage","@id":"https:\/\/mlekarna-krepko.si\/it\/prodotto\/kefir-krepko-magro-500-g\/","url":"https:\/\/mlekarna-krepko.si\/it\/prodotto\/kefir-krepko-magro-500-g\/","name":"Kefir Krepko Magro 1,5% 500 g - Mlekarna Krepko","isPartOf":{"@id":"https:\/\/mlekarna-krepko.si\/it\/#website"},"primaryImageOfPage":{"@id":"https:\/\/mlekarna-krepko.si\/it\/prodotto\/kefir-krepko-magro-500-g\/#primaryimage"},"image":{"@id":"https:\/\/mlekarna-krepko.si\/it\/prodotto\/kefir-krepko-magro-500-g\/#primaryimage"},"thumbnailUrl":"https:\/\/mlekarna-krepko.si\/wp-content\/uploads\/2019\/08\/Kefir_KrepkiSuhec_500g_15.jpg","datePublished":"2020-03-19T11:42:21+00:00","dateModified":"2021-12-11T20:56:14+00:00","breadcrumb":{"@id":"https:\/\/mlekarna-krepko.si\/it\/prodotto\/kefir-krepko-magro-500-g\/#breadcrumb"},"inLanguage":"it-IT","potentialAction":[{"@type":"ReadAction","target":["https:\/\/mlekarna-krepko.si\/it\/prodotto\/kefir-krepko-magro-500-g\/"]}]},{"@type":"ImageObject","inLanguage":"it-IT","@id":"https:\/\/mlekarna-krepko.si\/it\/prodotto\/kefir-krepko-magro-500-g\/#primaryimage","url":"https:\/\/mlekarna-krepko.si\/wp-content\/uploads\/2019\/08\/Kefir_KrepkiSuhec_500g_15.jpg","contentUrl":"https:\/\/mlekarna-krepko.si\/wp-content\/uploads\/2019\/08\/Kefir_KrepkiSuhec_500g_15.jpg","width":640,"height":802},{"@type":"BreadcrumbList","@id":"https:\/\/mlekarna-krepko.si\/it\/prodotto\/kefir-krepko-magro-500-g\/#breadcrumb","itemListElement":[{"@type":"ListItem","position":1,"name":"Home","item":"https:\/\/mlekarna-krepko.si\/it\/"},{"@type":"ListItem","position":2,"name":"Trgovina","item":"https:\/\/mlekarna-krepko.si\/sl\/trgovina\/"},{"@type":"ListItem","position":3,"name":"Kefir Krepko Magro 1,5% 500 g"}]},{"@type":"WebSite","@id":"https:\/\/mlekarna-krepko.si\/it\/#website","url":"https:\/\/mlekarna-krepko.si\/it\/","name":"Mlekarna Krepko","description":"","publisher":{"@id":"https:\/\/mlekarna-krepko.si\/it\/#organization"},"potentialAction":[{"@type":"SearchAction","target":{"@type":"EntryPoint","urlTemplate":"https:\/\/mlekarna-krepko.si\/it\/?s={search_term_string}"},"query-input":{"@type":"PropertyValueSpecification","valueRequired":true,"valueName":"search_term_string"}}],"inLanguage":"it-IT"},{"@type":"Organization","@id":"https:\/\/mlekarna-krepko.si\/it\/#organization","name":"Mlekarna Krepko","url":"https:\/\/mlekarna-krepko.si\/it\/","logo":{"@type":"ImageObject","inLanguage":"it-IT","@id":"https:\/\/mlekarna-krepko.si\/it\/#\/schema\/logo\/image\/","url":"https:\/\/www.mlekarna-krepko.si\/wp-content\/uploads\/2020\/04\/LogoWeb_transparenten.png","contentUrl":"https:\/\/www.mlekarna-krepko.si\/wp-content\/uploads\/2020\/04\/LogoWeb_transparenten.png","width":300,"height":300,"caption":"Mlekarna Krepko"},"image":{"@id":"https:\/\/mlekarna-krepko.si\/it\/#\/schema\/logo\/image\/"},"sameAs":["https:\/\/www.facebook.com\/mlekarna.krepko\/","https:\/\/www.instagram.com\/mlekarnakrepko\/","https:\/\/www.linkedin.com\/company\/mlekarna-krepko","https:\/\/www.youtube.com\/channel\/UCAzec5mnRHgcj2Th3fGRtKw?view_as=subscriber"]}]}},"_links":{"self":[{"href":"https:\/\/mlekarna-krepko.si\/it\/wp-json\/wp\/v2\/product\/20370","targetHints":{"allow":["GET"]}}],"collection":[{"href":"https:\/\/mlekarna-krepko.si\/it\/wp-json\/wp\/v2\/product"}],"about":[{"href":"https:\/\/mlekarna-krepko.si\/it\/wp-json\/wp\/v2\/types\/product"}],"wp:featuredmedia":[{"embeddable":true,"href":"https:\/\/mlekarna-krepko.si\/it\/wp-json\/wp\/v2\/media\/16188"}],"wp:attachment":[{"href":"https:\/\/mlekarna-krepko.si\/it\/wp-json\/wp\/v2\/media?parent=20370"}],"wp:term":[{"taxonomy":"product_cat","embeddable":true,"href":"https:\/\/mlekarna-krepko.si\/it\/wp-json\/wp\/v2\/product_cat?post=20370"},{"taxonomy":"product_tag","embeddable":true,"href":"https:\/\/mlekarna-krepko.si\/it\/wp-json\/wp\/v2\/product_tag?post=20370"}],"curies":[{"name":"wp","href":"https:\/\/api.w.org\/{rel}","templated":true}]}}