{"id":21475,"date":"2021-09-06T18:38:03","date_gmt":"2021-09-06T18:38:03","guid":{"rendered":"https:\/\/www.mlekarna-krepko.si\/?post_type=product&#038;p=21475"},"modified":"2021-09-06T18:38:03","modified_gmt":"2021-09-06T18:38:03","slug":"kefir-krepki-secco-alla-fragola-15-di-grassi-caseari-500g","status":"publish","type":"product","link":"https:\/\/mlekarna-krepko.si\/it\/prodotto\/kefir-krepki-secco-alla-fragola-15-di-grassi-caseari-500g\/","title":{"rendered":"Kefir Krepki secco alla fragola 1,5% di grassi caseari 500g"},"content":{"rendered":"<p>Il Kefir Krepki secco al gusto di fragola \u00e8 prodotto con latte sloveno pastorizzato, tipizzato e non omogeneizzato. La base del prodotto \u00e8 il kefir Krepki secco con l&#8217;1,5% di grassi caseari, cui viene aggiunto l&#8217;8% di preparato alla fragola. Il kefir tradizionale Krepki secco con meno grassi e al gusto di fragola \u00e8 una bevanda a base di latte fermentato per i pi\u00f9 golosi. Ha un gradevole profumo aromatico e sapore di fragola, ma conserva il tocco acido che \u00e8 una caratteristica del kefir tradizionale.<\/p>\n<p>&nbsp;<\/p>\n<table border=\"1\" cellspacing=\"0\" cellpadding=\"0\">\n<tbody>\n<tr>\n<td style=\"width: 349px;\" colspan=\"2\">\n<p align=\"center\"><span style=\"color: #ff0000;\"><strong>Valore nutrizionale (medio in 100 g)<\/strong><\/span><\/p>\n<\/td>\n<\/tr>\n<tr>\n<td style=\"width: 245px;\">Proteine<\/td>\n<td style=\"width: 104px;\">3,2 g<\/td>\n<\/tr>\n<tr>\n<td style=\"width: 245px;\">Carboidrati<\/td>\n<td style=\"width: 104px;\">8,7 g<\/td>\n<\/tr>\n<tr>\n<td style=\"width: 245px;\">\u00a0 di cui zuccheri*<\/td>\n<td style=\"width: 104px;\">8,5 g<\/td>\n<\/tr>\n<tr>\n<td style=\"width: 245px;\">Grassi<\/td>\n<td style=\"width: 104px;\">1,5 g<\/td>\n<\/tr>\n<tr>\n<td style=\"width: 245px;\">\u00a0 \u00a0 acidi grassi saturi<\/td>\n<td style=\"width: 104px;\">1,0 g<\/td>\n<\/tr>\n<tr>\n<td style=\"width: 245px;\">Fibre alimentari<\/td>\n<td style=\"width: 104px;\">0 g<\/td>\n<\/tr>\n<tr>\n<td style=\"width: 245px;\">Sale (presente naturalmente)**<\/td>\n<td style=\"width: 104px;\">0,1 g<\/td>\n<\/tr>\n<tr>\n<td style=\"width: 245px;\">Valore energetico<\/td>\n<td style=\"width: 104px;\">258 kJ\/61 kcal<\/td>\n<\/tr>\n<\/tbody>\n<\/table>\n<p>* Senza aggiunta di zuccheri<br \/>\n* * Il contenuto di sale \u00e8 dovuto esclusivamente al sodio presente naturalmente.<\/p>\n","protected":false},"excerpt":{"rendered":"<p>Il Kefir Krepki secco al gusto di fragola \u00e8 prodotto con latte sloveno pastorizzato, tipizzato e non omogeneizzato. La base del prodotto \u00e8 il kefir Krepki secco con l&#8217;1,5% di grassi caseari, cui viene aggiunto l&#8217;8% di preparato alla fragola. Il kefir tradizionale Krepki secco con meno grassi e al gusto di fragola \u00e8 una bevanda a base di latte [&hellip;]<\/p>\n","protected":false},"featured_media":20638,"template":"","meta":{"_acf_changed":false},"product_cat":[199],"product_tag":[],"class_list":{"0":"post-21475","1":"product","2":"type-product","3":"status-publish","4":"has-post-thumbnail","6":"product_cat-kefirji-krepko-it","8":"first","9":"instock","10":"taxable","11":"shipping-taxable","12":"product-type-simple"},"acf":[],"yoast_head":"<!-- This site is optimized with the Yoast SEO plugin v27.4 - https:\/\/yoast.com\/product\/yoast-seo-wordpress\/ -->\n<title>Kefir Krepki secco alla fragola 1,5% di grassi caseari 500g - Mlekarna Krepko<\/title>\n<meta name=\"robots\" content=\"index, follow, max-snippet:-1, max-image-preview:large, max-video-preview:-1\" \/>\n<link rel=\"canonical\" href=\"https:\/\/mlekarna-krepko.si\/it\/prodotto\/kefir-krepki-secco-alla-fragola-15-di-grassi-caseari-500g\/\" \/>\n<meta property=\"og:locale\" content=\"it_IT\" \/>\n<meta property=\"og:type\" content=\"article\" \/>\n<meta property=\"og:title\" content=\"Kefir Krepki secco alla fragola 1,5% di grassi caseari 500g - Mlekarna Krepko\" \/>\n<meta property=\"og:description\" content=\"Il Kefir Krepki secco al gusto di fragola \u00e8 prodotto con latte sloveno pastorizzato, tipizzato e non omogeneizzato. La base del prodotto \u00e8 il kefir Krepki secco con l&#8217;1,5% di grassi caseari, cui viene aggiunto l&#8217;8% di preparato alla fragola. Il kefir tradizionale Krepki secco con meno grassi e al gusto di fragola \u00e8 una bevanda a base di latte [&hellip;]\" \/>\n<meta property=\"og:url\" content=\"https:\/\/mlekarna-krepko.si\/it\/prodotto\/kefir-krepki-secco-alla-fragola-15-di-grassi-caseari-500g\/\" \/>\n<meta property=\"og:site_name\" content=\"Mlekarna Krepko\" \/>\n<meta property=\"article:publisher\" content=\"https:\/\/www.facebook.com\/mlekarna.krepko\/\" \/>\n<meta property=\"og:image\" content=\"https:\/\/mlekarna-krepko.si\/wp-content\/uploads\/2021\/03\/kefir-krepki-suhec15-jagoda-500g-web-3.png\" \/>\n\t<meta property=\"og:image:width\" content=\"640\" \/>\n\t<meta property=\"og:image:height\" content=\"802\" \/>\n\t<meta property=\"og:image:type\" content=\"image\/png\" \/>\n<meta name=\"twitter:card\" content=\"summary_large_image\" \/>\n<meta name=\"twitter:label1\" content=\"Tempo di lettura stimato\" \/>\n\t<meta name=\"twitter:data1\" content=\"1 minuto\" \/>\n<script type=\"application\/ld+json\" class=\"yoast-schema-graph\">{\"@context\":\"https:\\\/\\\/schema.org\",\"@graph\":[{\"@type\":\"WebPage\",\"@id\":\"https:\\\/\\\/mlekarna-krepko.si\\\/it\\\/prodotto\\\/kefir-krepki-secco-alla-fragola-15-di-grassi-caseari-500g\\\/\",\"url\":\"https:\\\/\\\/mlekarna-krepko.si\\\/it\\\/prodotto\\\/kefir-krepki-secco-alla-fragola-15-di-grassi-caseari-500g\\\/\",\"name\":\"Kefir Krepki secco alla fragola 1,5% di grassi caseari 500g - Mlekarna Krepko\",\"isPartOf\":{\"@id\":\"https:\\\/\\\/www.mlekarna-krepko.si\\\/sl\\\/#website\"},\"primaryImageOfPage\":{\"@id\":\"https:\\\/\\\/mlekarna-krepko.si\\\/it\\\/prodotto\\\/kefir-krepki-secco-alla-fragola-15-di-grassi-caseari-500g\\\/#primaryimage\"},\"image\":{\"@id\":\"https:\\\/\\\/mlekarna-krepko.si\\\/it\\\/prodotto\\\/kefir-krepki-secco-alla-fragola-15-di-grassi-caseari-500g\\\/#primaryimage\"},\"thumbnailUrl\":\"https:\\\/\\\/mlekarna-krepko.si\\\/wp-content\\\/uploads\\\/2021\\\/03\\\/kefir-krepki-suhec15-jagoda-500g-web-3.png\",\"datePublished\":\"2021-09-06T18:38:03+00:00\",\"breadcrumb\":{\"@id\":\"https:\\\/\\\/mlekarna-krepko.si\\\/it\\\/prodotto\\\/kefir-krepki-secco-alla-fragola-15-di-grassi-caseari-500g\\\/#breadcrumb\"},\"inLanguage\":\"it-IT\",\"potentialAction\":[{\"@type\":\"ReadAction\",\"target\":[\"https:\\\/\\\/mlekarna-krepko.si\\\/it\\\/prodotto\\\/kefir-krepki-secco-alla-fragola-15-di-grassi-caseari-500g\\\/\"]}]},{\"@type\":\"ImageObject\",\"inLanguage\":\"it-IT\",\"@id\":\"https:\\\/\\\/mlekarna-krepko.si\\\/it\\\/prodotto\\\/kefir-krepki-secco-alla-fragola-15-di-grassi-caseari-500g\\\/#primaryimage\",\"url\":\"https:\\\/\\\/mlekarna-krepko.si\\\/wp-content\\\/uploads\\\/2021\\\/03\\\/kefir-krepki-suhec15-jagoda-500g-web-3.png\",\"contentUrl\":\"https:\\\/\\\/mlekarna-krepko.si\\\/wp-content\\\/uploads\\\/2021\\\/03\\\/kefir-krepki-suhec15-jagoda-500g-web-3.png\",\"width\":640,\"height\":802},{\"@type\":\"BreadcrumbList\",\"@id\":\"https:\\\/\\\/mlekarna-krepko.si\\\/it\\\/prodotto\\\/kefir-krepki-secco-alla-fragola-15-di-grassi-caseari-500g\\\/#breadcrumb\",\"itemListElement\":[{\"@type\":\"ListItem\",\"position\":1,\"name\":\"Home\",\"item\":\"https:\\\/\\\/www.mlekarna-krepko.si\\\/it\\\/\"},{\"@type\":\"ListItem\",\"position\":2,\"name\":\"Trgovina\",\"item\":\"https:\\\/\\\/www.mlekarna-krepko.si\\\/sl\\\/trgovina\\\/\"},{\"@type\":\"ListItem\",\"position\":3,\"name\":\"Kefir Krepki secco alla fragola 1,5% di grassi caseari 500g\"}]},{\"@type\":\"WebSite\",\"@id\":\"https:\\\/\\\/www.mlekarna-krepko.si\\\/sl\\\/#website\",\"url\":\"https:\\\/\\\/www.mlekarna-krepko.si\\\/sl\\\/\",\"name\":\"Mlekarna Krepko\",\"description\":\"\",\"publisher\":{\"@id\":\"https:\\\/\\\/www.mlekarna-krepko.si\\\/sl\\\/#organization\"},\"potentialAction\":[{\"@type\":\"SearchAction\",\"target\":{\"@type\":\"EntryPoint\",\"urlTemplate\":\"https:\\\/\\\/www.mlekarna-krepko.si\\\/sl\\\/?s={search_term_string}\"},\"query-input\":{\"@type\":\"PropertyValueSpecification\",\"valueRequired\":true,\"valueName\":\"search_term_string\"}}],\"inLanguage\":\"it-IT\"},{\"@type\":\"Organization\",\"@id\":\"https:\\\/\\\/www.mlekarna-krepko.si\\\/sl\\\/#organization\",\"name\":\"Mlekarna Krepko\",\"url\":\"https:\\\/\\\/www.mlekarna-krepko.si\\\/sl\\\/\",\"logo\":{\"@type\":\"ImageObject\",\"inLanguage\":\"it-IT\",\"@id\":\"https:\\\/\\\/www.mlekarna-krepko.si\\\/sl\\\/#\\\/schema\\\/logo\\\/image\\\/\",\"url\":\"https:\\\/\\\/www.mlekarna-krepko.si\\\/wp-content\\\/uploads\\\/2020\\\/04\\\/LogoWeb_transparenten.png\",\"contentUrl\":\"https:\\\/\\\/www.mlekarna-krepko.si\\\/wp-content\\\/uploads\\\/2020\\\/04\\\/LogoWeb_transparenten.png\",\"width\":300,\"height\":300,\"caption\":\"Mlekarna Krepko\"},\"image\":{\"@id\":\"https:\\\/\\\/www.mlekarna-krepko.si\\\/sl\\\/#\\\/schema\\\/logo\\\/image\\\/\"},\"sameAs\":[\"https:\\\/\\\/www.facebook.com\\\/mlekarna.krepko\\\/\",\"https:\\\/\\\/www.instagram.com\\\/mlekarnakrepko\\\/\",\"https:\\\/\\\/www.linkedin.com\\\/company\\\/mlekarna-krepko\",\"https:\\\/\\\/www.youtube.com\\\/channel\\\/UCAzec5mnRHgcj2Th3fGRtKw?view_as=subscriber\"]}]}<\/script>\n<!-- \/ Yoast SEO plugin. -->","yoast_head_json":{"title":"Kefir Krepki secco alla fragola 1,5% di grassi caseari 500g - Mlekarna Krepko","robots":{"index":"index","follow":"follow","max-snippet":"max-snippet:-1","max-image-preview":"max-image-preview:large","max-video-preview":"max-video-preview:-1"},"canonical":"https:\/\/mlekarna-krepko.si\/it\/prodotto\/kefir-krepki-secco-alla-fragola-15-di-grassi-caseari-500g\/","og_locale":"it_IT","og_type":"article","og_title":"Kefir Krepki secco alla fragola 1,5% di grassi caseari 500g - Mlekarna Krepko","og_description":"Il Kefir Krepki secco al gusto di fragola \u00e8 prodotto con latte sloveno pastorizzato, tipizzato e non omogeneizzato. La base del prodotto \u00e8 il kefir Krepki secco con l&#8217;1,5% di grassi caseari, cui viene aggiunto l&#8217;8% di preparato alla fragola. Il kefir tradizionale Krepki secco con meno grassi e al gusto di fragola \u00e8 una bevanda a base di latte [&hellip;]","og_url":"https:\/\/mlekarna-krepko.si\/it\/prodotto\/kefir-krepki-secco-alla-fragola-15-di-grassi-caseari-500g\/","og_site_name":"Mlekarna Krepko","article_publisher":"https:\/\/www.facebook.com\/mlekarna.krepko\/","og_image":[{"width":640,"height":802,"url":"https:\/\/mlekarna-krepko.si\/wp-content\/uploads\/2021\/03\/kefir-krepki-suhec15-jagoda-500g-web-3.png","type":"image\/png"}],"twitter_card":"summary_large_image","twitter_misc":{"Tempo di lettura stimato":"1 minuto"},"schema":{"@context":"https:\/\/schema.org","@graph":[{"@type":"WebPage","@id":"https:\/\/mlekarna-krepko.si\/it\/prodotto\/kefir-krepki-secco-alla-fragola-15-di-grassi-caseari-500g\/","url":"https:\/\/mlekarna-krepko.si\/it\/prodotto\/kefir-krepki-secco-alla-fragola-15-di-grassi-caseari-500g\/","name":"Kefir Krepki secco alla fragola 1,5% di grassi caseari 500g - Mlekarna Krepko","isPartOf":{"@id":"https:\/\/www.mlekarna-krepko.si\/sl\/#website"},"primaryImageOfPage":{"@id":"https:\/\/mlekarna-krepko.si\/it\/prodotto\/kefir-krepki-secco-alla-fragola-15-di-grassi-caseari-500g\/#primaryimage"},"image":{"@id":"https:\/\/mlekarna-krepko.si\/it\/prodotto\/kefir-krepki-secco-alla-fragola-15-di-grassi-caseari-500g\/#primaryimage"},"thumbnailUrl":"https:\/\/mlekarna-krepko.si\/wp-content\/uploads\/2021\/03\/kefir-krepki-suhec15-jagoda-500g-web-3.png","datePublished":"2021-09-06T18:38:03+00:00","breadcrumb":{"@id":"https:\/\/mlekarna-krepko.si\/it\/prodotto\/kefir-krepki-secco-alla-fragola-15-di-grassi-caseari-500g\/#breadcrumb"},"inLanguage":"it-IT","potentialAction":[{"@type":"ReadAction","target":["https:\/\/mlekarna-krepko.si\/it\/prodotto\/kefir-krepki-secco-alla-fragola-15-di-grassi-caseari-500g\/"]}]},{"@type":"ImageObject","inLanguage":"it-IT","@id":"https:\/\/mlekarna-krepko.si\/it\/prodotto\/kefir-krepki-secco-alla-fragola-15-di-grassi-caseari-500g\/#primaryimage","url":"https:\/\/mlekarna-krepko.si\/wp-content\/uploads\/2021\/03\/kefir-krepki-suhec15-jagoda-500g-web-3.png","contentUrl":"https:\/\/mlekarna-krepko.si\/wp-content\/uploads\/2021\/03\/kefir-krepki-suhec15-jagoda-500g-web-3.png","width":640,"height":802},{"@type":"BreadcrumbList","@id":"https:\/\/mlekarna-krepko.si\/it\/prodotto\/kefir-krepki-secco-alla-fragola-15-di-grassi-caseari-500g\/#breadcrumb","itemListElement":[{"@type":"ListItem","position":1,"name":"Home","item":"https:\/\/www.mlekarna-krepko.si\/it\/"},{"@type":"ListItem","position":2,"name":"Trgovina","item":"https:\/\/www.mlekarna-krepko.si\/sl\/trgovina\/"},{"@type":"ListItem","position":3,"name":"Kefir Krepki secco alla fragola 1,5% di grassi caseari 500g"}]},{"@type":"WebSite","@id":"https:\/\/www.mlekarna-krepko.si\/sl\/#website","url":"https:\/\/www.mlekarna-krepko.si\/sl\/","name":"Mlekarna Krepko","description":"","publisher":{"@id":"https:\/\/www.mlekarna-krepko.si\/sl\/#organization"},"potentialAction":[{"@type":"SearchAction","target":{"@type":"EntryPoint","urlTemplate":"https:\/\/www.mlekarna-krepko.si\/sl\/?s={search_term_string}"},"query-input":{"@type":"PropertyValueSpecification","valueRequired":true,"valueName":"search_term_string"}}],"inLanguage":"it-IT"},{"@type":"Organization","@id":"https:\/\/www.mlekarna-krepko.si\/sl\/#organization","name":"Mlekarna Krepko","url":"https:\/\/www.mlekarna-krepko.si\/sl\/","logo":{"@type":"ImageObject","inLanguage":"it-IT","@id":"https:\/\/www.mlekarna-krepko.si\/sl\/#\/schema\/logo\/image\/","url":"https:\/\/www.mlekarna-krepko.si\/wp-content\/uploads\/2020\/04\/LogoWeb_transparenten.png","contentUrl":"https:\/\/www.mlekarna-krepko.si\/wp-content\/uploads\/2020\/04\/LogoWeb_transparenten.png","width":300,"height":300,"caption":"Mlekarna Krepko"},"image":{"@id":"https:\/\/www.mlekarna-krepko.si\/sl\/#\/schema\/logo\/image\/"},"sameAs":["https:\/\/www.facebook.com\/mlekarna.krepko\/","https:\/\/www.instagram.com\/mlekarnakrepko\/","https:\/\/www.linkedin.com\/company\/mlekarna-krepko","https:\/\/www.youtube.com\/channel\/UCAzec5mnRHgcj2Th3fGRtKw?view_as=subscriber"]}]}},"_links":{"self":[{"href":"https:\/\/mlekarna-krepko.si\/it\/wp-json\/wp\/v2\/product\/21475","targetHints":{"allow":["GET"]}}],"collection":[{"href":"https:\/\/mlekarna-krepko.si\/it\/wp-json\/wp\/v2\/product"}],"about":[{"href":"https:\/\/mlekarna-krepko.si\/it\/wp-json\/wp\/v2\/types\/product"}],"wp:featuredmedia":[{"embeddable":true,"href":"https:\/\/mlekarna-krepko.si\/it\/wp-json\/wp\/v2\/media\/20638"}],"wp:attachment":[{"href":"https:\/\/mlekarna-krepko.si\/it\/wp-json\/wp\/v2\/media?parent=21475"}],"wp:term":[{"taxonomy":"product_cat","embeddable":true,"href":"https:\/\/mlekarna-krepko.si\/it\/wp-json\/wp\/v2\/product_cat?post=21475"},{"taxonomy":"product_tag","embeddable":true,"href":"https:\/\/mlekarna-krepko.si\/it\/wp-json\/wp\/v2\/product_tag?post=21475"}],"curies":[{"name":"wp","href":"https:\/\/api.w.org\/{rel}","templated":true}]}}