{"id":23852,"date":"2023-02-28T09:38:15","date_gmt":"2023-02-28T09:38:15","guid":{"rendered":"https:\/\/www.mlekarna-krepko.si\/izdelek\/kefir-krepki-suhec-s-kolagenom-in-vrtnico-13-m-m-500g\/"},"modified":"2023-05-04T10:08:24","modified_gmt":"2023-05-04T10:08:24","slug":"kefir-krepko-magro-con-collagene-e-rosa","status":"publish","type":"product","link":"https:\/\/mlekarna-krepko.si\/it\/prodotto\/kefir-krepko-magro-con-collagene-e-rosa\/","title":{"rendered":"Kefir Krepko magro con collagene e rosa 1,3% grassi, 500g"},"content":{"rendered":"<p>Il<strong> Kefir Krepko magro con collagene al gusto di rosa\u00a0<\/strong>\u00e8 prodotto con latte sloveno pastorizzato, standardizzato e non omogeneizzato. La base del prodotto \u00e8 il kefir magro Krepko con l&#8217;1,3% di grassi caseari, prodotto al 100% con l&#8217;aiuto di veri grani di kefir. \u00c8 una bevanda tradizionale dei centenari del Caucaso, che ha dimostrato di prolungare la vita. Contiene pi\u00f9 di 30 microrganismi probiotici che aiutano a mantenere un microbiota sano. Ora abbiamo aggiunto alla suddetta bevanda <strong>collagene<\/strong> e <strong>vitamina C<\/strong>. La bevanda a base di latte fermentato ha quindi un odore aromatico gradevole e un sapore delicato di <strong>rose<\/strong>, ma conserva la nitidezza caratteristica del kefir tradizionale.<\/p>\n<p><strong>Consumando il contenuto di un flacone da 500 g (kefir con aggiunta di collagene e vitamina C) copriamo il 100% del nostro fabbisogno giornaliero di collagene e vitamina C.<\/strong><\/p>\n<p>\u00c8 clinicamente dimostrato che il <strong>collagene<\/strong>, di origine ittica, riduce le rughe, migliora la compattezza e l&#8217;elasticit\u00e0 della pelle e mantiene capelli e unghie sani. Studi sull&#8217;efficacia del collagene idrolizzato hanno dimostrato che le particelle di collagene idrolizzato vengono perfettamente assorbite, passano parzialmente indenni attraverso la parete intestinale nel flusso sanguigno e stimolano la sintesi del proprio collagene.<\/p>\n<p><strong>L&#8217;estratto di rosa<\/strong> aiuta ad alleviare l&#8217;ansia e lo stress. Migliora la digestione e contiene propriet\u00e0 antimicrobiche e antiossidanti.<\/p>\n<p><strong>La vitamina C<\/strong> collabora nel funzionamento del sistema immunitario e nella formazione di collagene nel corpo. \u00c8 una vitamina idrosolubile che non pu\u00f2 essere prodotta dall&#8217;organismo da solo, quindi deve essere assunta quotidianamente dall&#8217;organismo in quantit\u00e0 sufficienti. Aiuta anche il funzionamento del sistema nervoso e del cervello.<\/p>\n<p><em>La salute dell&#8217;intestino \u00e8 vitale e pu\u00f2 influenzare sia il corpo che la mente.<\/em><\/p>\n<table width=\"321\">\n<tbody>\n<tr>\n<td colspan=\"2\" width=\"321\">VALORE NUTRIZIONALE MEDIO PER 100 g<\/td>\n<\/tr>\n<tr>\n<td width=\"206\">Valore energetico<\/td>\n<td width=\"115\">312 kJ\/ 74 kcal<\/td>\n<\/tr>\n<tr>\n<td width=\"206\">Grassi<\/td>\n<td width=\"115\">1,3 g<\/td>\n<\/tr>\n<tr>\n<td width=\"206\">di cui grassi saturi<\/td>\n<td width=\"115\">0,9 g<\/td>\n<\/tr>\n<tr>\n<td width=\"206\">Carboidrati<\/td>\n<td width=\"115\">11,3 g<\/td>\n<\/tr>\n<tr>\n<td width=\"206\">di cui zuccheri<\/td>\n<td width=\"115\">10,9 g<\/td>\n<\/tr>\n<tr>\n<td width=\"206\">Proteine<\/td>\n<td width=\"115\">4,2 g<\/td>\n<\/tr>\n<tr>\n<td width=\"206\">Sale**<\/td>\n<td width=\"115\">0,10 g<\/td>\n<\/tr>\n<tr>\n<td width=\"206\">Collagene<\/td>\n<td width=\"115\">1 g<\/td>\n<\/tr>\n<tr>\n<td width=\"206\">Vitamina C<\/td>\n<td width=\"115\">16 mg**<\/td>\n<\/tr>\n<\/tbody>\n<\/table>\n<p><em>*Allergeni:\u00a0<strong>latte<\/strong><\/em><\/p>\n","protected":false},"excerpt":{"rendered":"<p>Il Kefir Krepko magro con collagene al gusto di rosa\u00a0\u00e8 prodotto con latte sloveno pastorizzato, standardizzato e non omogeneizzato. La base del prodotto \u00e8 il kefir magro Krepko con l&#8217;1,3% di grassi caseari, prodotto al 100% con l&#8217;aiuto di veri grani di kefir. \u00c8 una bevanda tradizionale dei centenari del Caucaso, che ha dimostrato di prolungare la vita. Contiene pi\u00f9 [&hellip;]<\/p>\n","protected":false},"featured_media":23380,"template":"","meta":{"_acf_changed":false},"product_cat":[199],"product_tag":[212,250,255,256,253,254,257,246,245,244,252,251],"class_list":{"0":"post-23852","1":"product","2":"type-product","3":"status-publish","4":"has-post-thumbnail","6":"product_cat-kefirji-krepko-it","7":"product_tag-kefir","8":"product_tag-kolagen","9":"product_tag-koza","10":"product_tag-lasje","11":"product_tag-lepota","12":"product_tag-mladost","13":"product_tag-nohti","14":"product_tag-prebava","15":"product_tag-prebiotik","16":"product_tag-probiotik","17":"product_tag-vitamin-c","18":"product_tag-vrtnica","20":"first","21":"instock","22":"taxable","23":"shipping-taxable","24":"product-type-simple"},"acf":[],"yoast_head":"<!-- This site is optimized with the Yoast SEO plugin v27.4 - https:\/\/yoast.com\/product\/yoast-seo-wordpress\/ -->\n<title>Kefir Krepko magro con collagene e rosa 1,3% grassi, 500g - Mlekarna Krepko<\/title>\n<meta name=\"description\" content=\"Consumando il contenuto di un flacone da 500 g (kefir con aggiunta di collagene e vitamina C) copriamo il 100% del nostro fabbisogno giornaliero di...\" \/>\n<meta name=\"robots\" content=\"index, follow, max-snippet:-1, max-image-preview:large, max-video-preview:-1\" \/>\n<link rel=\"canonical\" href=\"https:\/\/mlekarna-krepko.si\/sl\/izdelek\/kefir-krepki-suhec-s-kolagenom-in-vrtnico-13-m-m-500g\/\" \/>\n<meta property=\"og:locale\" content=\"it_IT\" \/>\n<meta property=\"og:type\" content=\"article\" \/>\n<meta property=\"og:title\" content=\"Kefir Krepko magro con collagene e rosa 1,3% grassi, 500g - Mlekarna Krepko\" \/>\n<meta property=\"og:description\" content=\"Consumando il contenuto di un flacone da 500 g (kefir con aggiunta di collagene e vitamina C) copriamo il 100% del nostro fabbisogno giornaliero di...\" \/>\n<meta property=\"og:url\" content=\"https:\/\/mlekarna-krepko.si\/sl\/izdelek\/kefir-krepki-suhec-s-kolagenom-in-vrtnico-13-m-m-500g\/\" \/>\n<meta property=\"og:site_name\" content=\"Mlekarna Krepko\" \/>\n<meta property=\"article:publisher\" content=\"https:\/\/www.facebook.com\/mlekarna.krepko\/\" \/>\n<meta property=\"article:modified_time\" content=\"2023-05-04T10:08:24+00:00\" \/>\n<meta property=\"og:image\" content=\"https:\/\/mlekarna-krepko.si\/wp-content\/uploads\/2023\/03\/suhec-kolagen-s-500ml.jpg\" \/>\n\t<meta property=\"og:image:width\" content=\"640\" \/>\n\t<meta property=\"og:image:height\" content=\"802\" \/>\n\t<meta property=\"og:image:type\" content=\"image\/jpeg\" \/>\n<meta name=\"twitter:card\" content=\"summary_large_image\" \/>\n<meta name=\"twitter:label1\" content=\"Tempo di lettura stimato\" \/>\n\t<meta name=\"twitter:data1\" content=\"2 minuti\" \/>\n<script type=\"application\/ld+json\" class=\"yoast-schema-graph\">{\"@context\":\"https:\\\/\\\/schema.org\",\"@graph\":[{\"@type\":\"WebPage\",\"@id\":\"https:\\\/\\\/mlekarna-krepko.si\\\/sl\\\/izdelek\\\/kefir-krepki-suhec-s-kolagenom-in-vrtnico-13-m-m-500g\\\/\",\"url\":\"https:\\\/\\\/mlekarna-krepko.si\\\/sl\\\/izdelek\\\/kefir-krepki-suhec-s-kolagenom-in-vrtnico-13-m-m-500g\\\/\",\"name\":\"Kefir Krepko magro con collagene e rosa 1,3% grassi, 500g - Mlekarna Krepko\",\"isPartOf\":{\"@id\":\"https:\\\/\\\/www.mlekarna-krepko.si\\\/sl\\\/#website\"},\"primaryImageOfPage\":{\"@id\":\"https:\\\/\\\/mlekarna-krepko.si\\\/sl\\\/izdelek\\\/kefir-krepki-suhec-s-kolagenom-in-vrtnico-13-m-m-500g\\\/#primaryimage\"},\"image\":{\"@id\":\"https:\\\/\\\/mlekarna-krepko.si\\\/sl\\\/izdelek\\\/kefir-krepki-suhec-s-kolagenom-in-vrtnico-13-m-m-500g\\\/#primaryimage\"},\"thumbnailUrl\":\"https:\\\/\\\/mlekarna-krepko.si\\\/wp-content\\\/uploads\\\/2023\\\/03\\\/suhec-kolagen-s-500ml.jpg\",\"datePublished\":\"2023-02-28T09:38:15+00:00\",\"dateModified\":\"2023-05-04T10:08:24+00:00\",\"description\":\"Consumando il contenuto di un flacone da 500 g (kefir con aggiunta di collagene e vitamina C) copriamo il 100% del nostro fabbisogno giornaliero di...\",\"breadcrumb\":{\"@id\":\"https:\\\/\\\/mlekarna-krepko.si\\\/sl\\\/izdelek\\\/kefir-krepki-suhec-s-kolagenom-in-vrtnico-13-m-m-500g\\\/#breadcrumb\"},\"inLanguage\":\"it-IT\",\"potentialAction\":[{\"@type\":\"ReadAction\",\"target\":[\"https:\\\/\\\/mlekarna-krepko.si\\\/sl\\\/izdelek\\\/kefir-krepki-suhec-s-kolagenom-in-vrtnico-13-m-m-500g\\\/\"]}]},{\"@type\":\"ImageObject\",\"inLanguage\":\"it-IT\",\"@id\":\"https:\\\/\\\/mlekarna-krepko.si\\\/sl\\\/izdelek\\\/kefir-krepki-suhec-s-kolagenom-in-vrtnico-13-m-m-500g\\\/#primaryimage\",\"url\":\"https:\\\/\\\/mlekarna-krepko.si\\\/wp-content\\\/uploads\\\/2023\\\/03\\\/suhec-kolagen-s-500ml.jpg\",\"contentUrl\":\"https:\\\/\\\/mlekarna-krepko.si\\\/wp-content\\\/uploads\\\/2023\\\/03\\\/suhec-kolagen-s-500ml.jpg\",\"width\":640,\"height\":802},{\"@type\":\"BreadcrumbList\",\"@id\":\"https:\\\/\\\/mlekarna-krepko.si\\\/sl\\\/izdelek\\\/kefir-krepki-suhec-s-kolagenom-in-vrtnico-13-m-m-500g\\\/#breadcrumb\",\"itemListElement\":[{\"@type\":\"ListItem\",\"position\":1,\"name\":\"Home\",\"item\":\"https:\\\/\\\/www.mlekarna-krepko.si\\\/it\\\/\"},{\"@type\":\"ListItem\",\"position\":2,\"name\":\"Trgovina\",\"item\":\"https:\\\/\\\/www.mlekarna-krepko.si\\\/sl\\\/trgovina\\\/\"},{\"@type\":\"ListItem\",\"position\":3,\"name\":\"Kefir Krepko magro con collagene e rosa 1,3% grassi, 500g\"}]},{\"@type\":\"WebSite\",\"@id\":\"https:\\\/\\\/www.mlekarna-krepko.si\\\/sl\\\/#website\",\"url\":\"https:\\\/\\\/www.mlekarna-krepko.si\\\/sl\\\/\",\"name\":\"Mlekarna Krepko\",\"description\":\"\",\"publisher\":{\"@id\":\"https:\\\/\\\/www.mlekarna-krepko.si\\\/sl\\\/#organization\"},\"potentialAction\":[{\"@type\":\"SearchAction\",\"target\":{\"@type\":\"EntryPoint\",\"urlTemplate\":\"https:\\\/\\\/www.mlekarna-krepko.si\\\/sl\\\/?s={search_term_string}\"},\"query-input\":{\"@type\":\"PropertyValueSpecification\",\"valueRequired\":true,\"valueName\":\"search_term_string\"}}],\"inLanguage\":\"it-IT\"},{\"@type\":\"Organization\",\"@id\":\"https:\\\/\\\/www.mlekarna-krepko.si\\\/sl\\\/#organization\",\"name\":\"Mlekarna Krepko\",\"url\":\"https:\\\/\\\/www.mlekarna-krepko.si\\\/sl\\\/\",\"logo\":{\"@type\":\"ImageObject\",\"inLanguage\":\"it-IT\",\"@id\":\"https:\\\/\\\/www.mlekarna-krepko.si\\\/sl\\\/#\\\/schema\\\/logo\\\/image\\\/\",\"url\":\"https:\\\/\\\/www.mlekarna-krepko.si\\\/wp-content\\\/uploads\\\/2020\\\/04\\\/LogoWeb_transparenten.png\",\"contentUrl\":\"https:\\\/\\\/www.mlekarna-krepko.si\\\/wp-content\\\/uploads\\\/2020\\\/04\\\/LogoWeb_transparenten.png\",\"width\":300,\"height\":300,\"caption\":\"Mlekarna Krepko\"},\"image\":{\"@id\":\"https:\\\/\\\/www.mlekarna-krepko.si\\\/sl\\\/#\\\/schema\\\/logo\\\/image\\\/\"},\"sameAs\":[\"https:\\\/\\\/www.facebook.com\\\/mlekarna.krepko\\\/\",\"https:\\\/\\\/www.instagram.com\\\/mlekarnakrepko\\\/\",\"https:\\\/\\\/www.linkedin.com\\\/company\\\/mlekarna-krepko\",\"https:\\\/\\\/www.youtube.com\\\/channel\\\/UCAzec5mnRHgcj2Th3fGRtKw?view_as=subscriber\"]}]}<\/script>\n<!-- \/ Yoast SEO plugin. -->","yoast_head_json":{"title":"Kefir Krepko magro con collagene e rosa 1,3% grassi, 500g - Mlekarna Krepko","description":"Consumando il contenuto di un flacone da 500 g (kefir con aggiunta di collagene e vitamina C) copriamo il 100% del nostro fabbisogno giornaliero di...","robots":{"index":"index","follow":"follow","max-snippet":"max-snippet:-1","max-image-preview":"max-image-preview:large","max-video-preview":"max-video-preview:-1"},"canonical":"https:\/\/mlekarna-krepko.si\/sl\/izdelek\/kefir-krepki-suhec-s-kolagenom-in-vrtnico-13-m-m-500g\/","og_locale":"it_IT","og_type":"article","og_title":"Kefir Krepko magro con collagene e rosa 1,3% grassi, 500g - Mlekarna Krepko","og_description":"Consumando il contenuto di un flacone da 500 g (kefir con aggiunta di collagene e vitamina C) copriamo il 100% del nostro fabbisogno giornaliero di...","og_url":"https:\/\/mlekarna-krepko.si\/sl\/izdelek\/kefir-krepki-suhec-s-kolagenom-in-vrtnico-13-m-m-500g\/","og_site_name":"Mlekarna Krepko","article_publisher":"https:\/\/www.facebook.com\/mlekarna.krepko\/","article_modified_time":"2023-05-04T10:08:24+00:00","og_image":[{"width":640,"height":802,"url":"https:\/\/mlekarna-krepko.si\/wp-content\/uploads\/2023\/03\/suhec-kolagen-s-500ml.jpg","type":"image\/jpeg"}],"twitter_card":"summary_large_image","twitter_misc":{"Tempo di lettura stimato":"2 minuti"},"schema":{"@context":"https:\/\/schema.org","@graph":[{"@type":"WebPage","@id":"https:\/\/mlekarna-krepko.si\/sl\/izdelek\/kefir-krepki-suhec-s-kolagenom-in-vrtnico-13-m-m-500g\/","url":"https:\/\/mlekarna-krepko.si\/sl\/izdelek\/kefir-krepki-suhec-s-kolagenom-in-vrtnico-13-m-m-500g\/","name":"Kefir Krepko magro con collagene e rosa 1,3% grassi, 500g - Mlekarna Krepko","isPartOf":{"@id":"https:\/\/www.mlekarna-krepko.si\/sl\/#website"},"primaryImageOfPage":{"@id":"https:\/\/mlekarna-krepko.si\/sl\/izdelek\/kefir-krepki-suhec-s-kolagenom-in-vrtnico-13-m-m-500g\/#primaryimage"},"image":{"@id":"https:\/\/mlekarna-krepko.si\/sl\/izdelek\/kefir-krepki-suhec-s-kolagenom-in-vrtnico-13-m-m-500g\/#primaryimage"},"thumbnailUrl":"https:\/\/mlekarna-krepko.si\/wp-content\/uploads\/2023\/03\/suhec-kolagen-s-500ml.jpg","datePublished":"2023-02-28T09:38:15+00:00","dateModified":"2023-05-04T10:08:24+00:00","description":"Consumando il contenuto di un flacone da 500 g (kefir con aggiunta di collagene e vitamina C) copriamo il 100% del nostro fabbisogno giornaliero di...","breadcrumb":{"@id":"https:\/\/mlekarna-krepko.si\/sl\/izdelek\/kefir-krepki-suhec-s-kolagenom-in-vrtnico-13-m-m-500g\/#breadcrumb"},"inLanguage":"it-IT","potentialAction":[{"@type":"ReadAction","target":["https:\/\/mlekarna-krepko.si\/sl\/izdelek\/kefir-krepki-suhec-s-kolagenom-in-vrtnico-13-m-m-500g\/"]}]},{"@type":"ImageObject","inLanguage":"it-IT","@id":"https:\/\/mlekarna-krepko.si\/sl\/izdelek\/kefir-krepki-suhec-s-kolagenom-in-vrtnico-13-m-m-500g\/#primaryimage","url":"https:\/\/mlekarna-krepko.si\/wp-content\/uploads\/2023\/03\/suhec-kolagen-s-500ml.jpg","contentUrl":"https:\/\/mlekarna-krepko.si\/wp-content\/uploads\/2023\/03\/suhec-kolagen-s-500ml.jpg","width":640,"height":802},{"@type":"BreadcrumbList","@id":"https:\/\/mlekarna-krepko.si\/sl\/izdelek\/kefir-krepki-suhec-s-kolagenom-in-vrtnico-13-m-m-500g\/#breadcrumb","itemListElement":[{"@type":"ListItem","position":1,"name":"Home","item":"https:\/\/www.mlekarna-krepko.si\/it\/"},{"@type":"ListItem","position":2,"name":"Trgovina","item":"https:\/\/www.mlekarna-krepko.si\/sl\/trgovina\/"},{"@type":"ListItem","position":3,"name":"Kefir Krepko magro con collagene e rosa 1,3% grassi, 500g"}]},{"@type":"WebSite","@id":"https:\/\/www.mlekarna-krepko.si\/sl\/#website","url":"https:\/\/www.mlekarna-krepko.si\/sl\/","name":"Mlekarna Krepko","description":"","publisher":{"@id":"https:\/\/www.mlekarna-krepko.si\/sl\/#organization"},"potentialAction":[{"@type":"SearchAction","target":{"@type":"EntryPoint","urlTemplate":"https:\/\/www.mlekarna-krepko.si\/sl\/?s={search_term_string}"},"query-input":{"@type":"PropertyValueSpecification","valueRequired":true,"valueName":"search_term_string"}}],"inLanguage":"it-IT"},{"@type":"Organization","@id":"https:\/\/www.mlekarna-krepko.si\/sl\/#organization","name":"Mlekarna Krepko","url":"https:\/\/www.mlekarna-krepko.si\/sl\/","logo":{"@type":"ImageObject","inLanguage":"it-IT","@id":"https:\/\/www.mlekarna-krepko.si\/sl\/#\/schema\/logo\/image\/","url":"https:\/\/www.mlekarna-krepko.si\/wp-content\/uploads\/2020\/04\/LogoWeb_transparenten.png","contentUrl":"https:\/\/www.mlekarna-krepko.si\/wp-content\/uploads\/2020\/04\/LogoWeb_transparenten.png","width":300,"height":300,"caption":"Mlekarna Krepko"},"image":{"@id":"https:\/\/www.mlekarna-krepko.si\/sl\/#\/schema\/logo\/image\/"},"sameAs":["https:\/\/www.facebook.com\/mlekarna.krepko\/","https:\/\/www.instagram.com\/mlekarnakrepko\/","https:\/\/www.linkedin.com\/company\/mlekarna-krepko","https:\/\/www.youtube.com\/channel\/UCAzec5mnRHgcj2Th3fGRtKw?view_as=subscriber"]}]}},"_links":{"self":[{"href":"https:\/\/mlekarna-krepko.si\/it\/wp-json\/wp\/v2\/product\/23852","targetHints":{"allow":["GET"]}}],"collection":[{"href":"https:\/\/mlekarna-krepko.si\/it\/wp-json\/wp\/v2\/product"}],"about":[{"href":"https:\/\/mlekarna-krepko.si\/it\/wp-json\/wp\/v2\/types\/product"}],"wp:featuredmedia":[{"embeddable":true,"href":"https:\/\/mlekarna-krepko.si\/it\/wp-json\/wp\/v2\/media\/23380"}],"wp:attachment":[{"href":"https:\/\/mlekarna-krepko.si\/it\/wp-json\/wp\/v2\/media?parent=23852"}],"wp:term":[{"taxonomy":"product_cat","embeddable":true,"href":"https:\/\/mlekarna-krepko.si\/it\/wp-json\/wp\/v2\/product_cat?post=23852"},{"taxonomy":"product_tag","embeddable":true,"href":"https:\/\/mlekarna-krepko.si\/it\/wp-json\/wp\/v2\/product_tag?post=23852"}],"curies":[{"name":"wp","href":"https:\/\/api.w.org\/{rel}","templated":true}]}}