{"id":17181,"date":"2020-03-06T11:27:38","date_gmt":"2020-03-06T11:27:38","guid":{"rendered":"https:\/\/www.mlekarna-krepko.si\/?page_id=17181"},"modified":"2023-11-10T11:46:49","modified_gmt":"2023-11-10T11:46:49","slug":"pogoji-nakupa-in-vracila","status":"publish","type":"page","link":"https:\/\/mlekarna-krepko.si\/sl\/pogoji-nakupa-in-vracila\/","title":{"rendered":"Pogoji nakupa in vra\u010dila"},"content":{"rendered":"<p class=\"cm-notification-container\"><span style=\"font-size: 16px;\"><strong>Splo\u0161ni pogoji Spletne trgovine Krepko<\/strong> so sestavljeni v skladu z <\/span><a style=\"font-size: 16px;\" href=\"http:\/\/www.uradni-list.si\/1\/content?id=51154\" target=\"_blank\" rel=\"noopener noreferrer\">Zakonom o varstvu potro\u0161nikov (ZVPot-UPB2)<\/a><span style=\"font-size: 16px;\">, na podlagi priporo\u010dil\u00a0<\/span><a style=\"font-size: 16px;\" href=\"http:\/\/www.gzs.si\/\" target=\"_blank\" rel=\"noopener noreferrer\">GZS <\/a><span style=\"font-size: 16px;\">in mednarodnih kodeksov za e-poslovanje.<\/span><\/p>\n<div class=\"mainbox-container\">\n<div class=\"mainbox-body\">\n<div class=\"wysiwyg-content\">\n<p>S Spletno trgovino Krepko upravlja podjetje Kele&amp;Kele d.o.o., Laze 22a, 1370 Logatec (v nadaljevanju trgovina). Ob registraciji v sistem Spletne trgovine Krepko, obiskovalec pridobi uporabni\u0161ko ime, ki je enako naslovu njegove elektronske po\u0161te ter geslo. Uporabni\u0161ko ime in geslo uporabnika nedvoumno dolo\u010data in povezujeta z vnesenimi podatki. Z registracijo obiskovalec postane uporabnik in pridobi pravico do nakupa.<\/p>\n<p>Splo\u0161ni pogoji poslovanja obravnavajo delovanje spletne trgovine, pravice uporabnika ter poslovni odnos med ponudnikom in kupcem.<\/p>\n<h2><strong>Dostopnost informacij<\/strong><\/h2>\n<p>Ponudnik se zavezuje, da bo kupcu vselej zagotovil naslednje informacije:<\/p>\n<ul>\n<li>a) identiteto podjetja (ime in sede\u017e podjetja, \u0161tevilka registra),<\/li>\n<li>b) kontaktne podatke, ki uporabniku omogo\u010dajo hitro in u\u010dinkovito komunikacijo (e-po\u0161ta, telefon),<\/li>\n<li>c) bistvene zna\u010dilnosti blaga oziroma storitev (vklju\u010dno s poprodajnimi storitvami),<\/li>\n<li>d) dostopnost artiklov (vsak artikel ali storitev, ki je v ponudbi na spletnem mestu, naj bi bil dostopen v razumljivem roku),<\/li>\n<li>e) pogoje dostave artiklov ali izvr\u0161itve storitve (na\u010din, kraj in rok dostave),<\/li>\n<li>f) vse cene morajo biti jasno in nedvoumno dolo\u010dene in razvidno mora biti prikazano, ali \u017ee vsebujejo davke in stro\u0161ke prevoza,<\/li>\n<li>g) na\u010din pla\u010dila in dostave,<\/li>\n<li>h) \u010dasovno veljavnost ponudbe<\/li>\n<li>i) rok, v katerem je \u0161e mo\u017eno odstopiti od pogodbe in pogojih za odstop; poleg tega tudi o tem, \u010de in koliko stane kupca vra\u010dilo artikla,<\/li>\n<li>j) pojasnilo postopka ob prito\u017ebi, vklju\u010dno z vsemi podatki o kontaktni osebi ali slu\u017ebi za stike s kupci.<\/li>\n<\/ul>\n<h2><strong>Ponudba artiklov<\/strong><\/h2>\n<p>Zaradi narave poslovanja preko svetovnega spleta se ponudba Spletne trgovine Krepko a\u017eurira in spreminja pogosto in hitro.<br \/>\nCene so predstavljene kot\u00a0<strong>Spletne cene<\/strong>, ki jih sam oblikuje ponudnik.\u00a0<strong>Spletna cena<\/strong>\u00a0je cena, ki velja za nakup preko spleta v primeru 100 % pla\u010dila ob prevzemu.<\/p>\n<h2><strong>Na\u010dini pla\u010dila<\/strong><\/h2>\n<p>Ponudnik omogo\u010da naslednje na\u010dine pla\u010dila:<\/p>\n<ul>\n<li>PayPal,<\/li>\n<li>Pla\u010dilo na TRR<\/li>\n<\/ul>\n<p>Ponudnik kupcu izda ra\u010dun na trajnem mediju, z raz\u010dlenjenimi stro\u0161ki in navodili, kako odstopiti od nakupa in artikle vrniti, \u010de je to potrebno in mogo\u010de. Kupoprodajna pogodba (naro\u010dilo) je v elektronski obliki shranjena na stre\u017eniku ponudnika in kupcu dostopna v vsakem trenutku v njegovem uporabni\u0161kem profile.<\/p>\n<h2><strong>Cene<\/strong><\/h2>\n<p>Spletna cena velja za vse \u010dlane Spletne trgovine Krepko. \u010clan uporabnik postane z registracijo v Spletna trrgovina Krepko.<\/p>\n<p>Vse cene vsebujejo DDV, razen \u010de je izrecno napisano druga\u010de.<\/p>\n<p>Cene veljajo v trenutku oddaje naro\u010dila in nimajo v naprej dolo\u010dene veljavnosti.<\/p>\n<p>Cene veljajo v primeru pla\u010dila z zgoraj navedenimi na\u010dini pla\u010dila, pod zgoraj navedenimi pogoji.<\/p>\n<p>Kljub izjemnim naporom, da bi zagotovili najbolj a\u017eurne in to\u010dne podatke, se lahko zgodi, da je podatek o ceni napa\u010den. V tem primeru, ali v primeru, da se cena artikla spremeni med obdelavo naro\u010dila, bo ponudnik kupcu omogo\u010dil odstop od nakupa, hkrati pa bo ponudnik kupcu ponudil re\u0161itev, ki bo \u0161la v obojestransko zadovoljstvo.<br \/>\nCene so navedene za kos izdelka. Pri sirih je navedena cena za maso (gramaturo), ki je napisana ob izdelku. Dejanska masa izdobavljenega sira, se lahko razlikuje od navedene ob izdelku, zaradi odstopanj pri razrezu. V primeru naro\u010dila sirov je prehodni izra\u010dun vrednosti nakupa v spletni trgovina samo orientacijske vrednosti in lahko odstopa navzgor ali navzdol. Prava in dokon\u010da vrednost nakupa v primeru nakupa sirov je razvidna iz ra\u010duna, ki ga stranka prejme od dostavi blaga.<\/p>\n<h2><strong>Pogodba<\/strong><\/h2>\n<p>Kupoprodajna pogodba med ponudnikom in kupcem je sklenjena v trenutku, ko ponudnik potrdi naro\u010dilo. Od tega trenutka so vse cene in drugi pogoji fiksirani in veljajo tako za ponudnika kot za kupca. S klikom na gumb \u2018oddaj naro\u010dilo\u2019 kupec jam\u010di za to\u010dnost podatkov in hkrati potrjuje pogoje poslovanja ter jih nepreklicno in izklju\u010dno priznava in sprejema kot vsebino posameznega naro\u010dila.\u201d<\/p>\n<h2><strong>Sestavi si svoj komplet<\/strong><\/h2>\n<p id=\"yui_3_16_0_1_1417413029713_19022\" class=\"yiv0292830876MsoNormal\"><span id=\"yui_3_16_0_1_1417413029713_19021\">\u010clani spletne trgovine Krepko lahko iz spletne ponudbe izdelajo svoj paket, katerega vrednost mora biti vsaj 15 evrov. <\/span><span id=\"yui_3_16_0_1_1417413029713_19019\">Stro\u0161ek dostave je 4 evre (z DDV) za vsa naro\u010dila katerih vrednost je manj\u0161a od 20 evrov. Stro\u0161ek dostave se avtomatsko pri\u0161teje ra\u010dunu, ki se pove\u010da za ta znesek. Za naro\u010dila ve\u010dja od 20 evrov ni stro\u0161ka dostave.<\/span><\/p>\n<p>&nbsp;<\/p>\n<h2><strong>Postopek nakupa<\/strong><\/h2>\n<p><u>1. Naro\u010dilo sprejeto<\/u><\/p>\n<p>Po oddaji naro\u010dila kupec prejme obvestilo po elektronski po\u0161ti, da je naro\u010dilo sprejeto. Na tem koraku ima kupec v roku ene ure mo\u017enost preklicati naro\u010dilo. Kupcu so na spletni strani ponudnika vselej dostopni iz\u010drpni podatki o statusu in vsebini naro\u010dila.<\/p>\n<p><u>2. Naro\u010dilo potrjeno<\/u><\/p>\n<p>\u010ce kupec naro\u010dila ne prekli\u010de, gre naro\u010dilo v nadaljnjo obdelavo, ko ponudnik naro\u010dilo pregleda, preveri dobavljivost naro\u010denih artiklov in naro\u010dilo potrdi oziroma z razlogom zavrne. Ponudnik lahko za preverjanje podatkov ali zagotavljanja to\u010dnosti dobave pokli\u010de kupca na njegovo kontaktno telefonsko \u0161tevilko.\u00a0 \u010ce je dobavna doba zelo dolga in kupec ne \u017eeli \u010dakati, lahko kupec to sporo\u010di ponudniku, ki bo artikel odstranil iz naro\u010dila. Ostale artikle iz naro\u010dila pa po izbiri kupca, ali dobavil, ali pa celotno naro\u010dilo storniral. Ponudnik ne prevzema nobene odgovornosti za \u0161kodo, ki bi nastala zaradi dalj\u0161ih dobavnih rokov ali zaradi nedobave blaga, ki ga ponudnik nima na zalogi v lastnem skladi\u0161\u010du.<\/p>\n<p><u>3. Blago odpremljeno<\/u><\/p>\n<p>Ponudnik v dogovorjenem roku blago pripravi in dostavi kupcu naro\u010dila. Informacije o gibanju naro\u010dila kupec dobi na telefon 080 28 33.<\/p>\n<h2><strong>Pravica do odstopa od nakupa, vra\u010dilo blaga<\/strong><\/h2>\n<p>Potro\u0161nik ima pravico, da pri prevzemu blaga dostavljalcu sporo\u010diti, da odstopa od pogodbe, ne da bi mu bilo treba navesti razlog za svojo odlo\u010ditev. Edini stro\u0161ek, ki bremeni potro\u0161nika v zvezi z odstopom od pogodbe, je dejanski stro\u0161ek dostave in vra\u010dila blaga. Vrnitev izdelkov v 14 dnevnem roku po prejemu se \u0161teje za sporo\u010dilo o odstopu od pogodbe. Izdelke mora kupec vrniti nepo\u0161kodovane v nespremenjeni koli\u010dini in v originalni, nepo\u0161kodovani embala\u017ei. Po\u0161kodovanih izdelkov, izdelkov v spremenjeni koli\u010dini in izdelkov v neoriginalni ali po\u0161kodovani embala\u017ei ali s prete\u010denim rokom ni mogo\u010de vrniti. Izdelke je potrebno osebno dostaviti na sede\u017e podjetja z zagotavljanjem hladilne verige. Izdelkom, ki se vra\u010dajo, mora biti prilo\u017eena kopija ra\u010duna. V kolikor je bilo pla\u010dalo za dostavljeno blago \u017ee izvr\u0161eno, bomo vrnili kupnino in vsa ostala opravljena pla\u010dila, ki ste jih opravili zaradi naro\u010dila in pla\u010dila za vrnjene izdelke nemudoma, najkasneje pa v tridesetih dneh po prejemu sporo\u010dila iz prvega odstavka te to\u010dke.<\/p>\n<p>Vrnitev prejetega blaga podjetju v roku za odstop od pogodbe se \u0161teje za sporo\u010dilo o odstopu od pogodbe.<\/p>\n<h2><strong>Stvarna napaka<\/strong><\/h2>\n<p>Prodajalec odgovarja za stvarne napake prodanega blaga v skladu z dolo\u010dili civilnega prava. Kupec je dol\u017ean o o\u010ditnih napakah prodajalca obvestiti v takoj, sicer izgubi pravico, ki mu iz tega naslova pripada. O skritih napakah je dol\u017ean kupec prodajalca obvestiti v osmih dneh, \u0161teto od dneva, ko je napako opazil. Kupec, ki je o napaki pravo\u010dasno in pravilno obvestil prodajalca, lahko takoj uveljavlja odpravo napake oziroma izro\u010ditev druge stvari brez napake ali zahteva zni\u017eanje kupnine.<\/p>\n<h2><strong>Dostava<\/strong><\/h2>\n<p>Ponudnik bo blago oziroma storitev dostavil v dogovorjenem roku. Spletna trgovina Krepko bo dostavila blago v lastni re\u017eiji ali prek pogodbenih partnerjev za dostavo po\u0161iljk, vendar si ponudnik pridr\u017euje pravico izbrati tudi drugo dostavno slu\u017ebo, \u010de bo s tem lahko naro\u010dilo izpolnil bolj u\u010dinkovito. Dostava se izvr\u0161i nakasneje v petih delovnih dneh.<\/p>\n<h2><strong>Varnost<\/strong><\/h2>\n<p>Ponudnik uporablja ustrezna tehnolo\u0161ka in organizacijska sredstva za za\u0161\u010dito prenosa in shranjevanja osebnih podatkov ter pla\u010dil.<\/p>\n<h2><strong>Varovanje osebnih podatkov<\/strong><\/h2>\n<p>Ponudnik se zavezuje k trajnemu varovanju vseh osebnih podatkov uporabnika.Vsi osebni podatki uporabnika in celotna komunikacija ter izvr\u0161ena naro\u010dila in ra\u010duni se hranijo pri ponudniku, ki se zavezuje k varovanju teh podatkov. Z nakupom se strinjate z <a href=\"https:\/\/www.mlekarna-krepko.si\/sl\/politika-varovanja-osebnih-podatkov\/\">Politiko varovanja osebnih podatkov podjetja<\/a>.<\/p>\n<p>Ponudnik za nedolo\u010den \u010das hrani podatke o naro\u010dniku: ime in priimek, e-po\u0161tni naslov, kontaktni telefon, primarni naslov in naslove za dostavo, dr\u017eavo prebivali\u0161\u010da, \u010das in datum registracije in arhiv komunikacije s ponudnikom.<\/p>\n<p>Ponudnik bo osebne podatke uporabil izklju\u010dno za potrebe izpolnitve naro\u010dila (po\u0161iljanje informativnega gradiva, ponudb, ra\u010dunov) in ostalo potrebno komunikacijo.\u00a0 Uporabnikovi podatki v nobenem primeru ne bodo predani nepoobla\u0161\u010denim osebam.<\/p>\n<p>Za varovanje osebnih podatkov je odgovoren tudi uporabnik sam, in sicer tako, da poskrbi za varnost svojega uporabni\u0161kega imena in gesla ter ustrezno programsko (protivirusno) za\u0161\u010dito svojega ra\u010dunalnika.<\/p>\n<h2><strong>Komunikacija<\/strong><\/h2>\n<p>Ponudnik bo z uporabnikom stopil v stik preko sredstev komunikacij na daljavo le, \u010de temu uporabnik izrecno ne nasprotuje.<\/p>\n<p>Oglasna elektronska sporo\u010dila bodo vsebovala naslednje sestavine:<\/p>\n<ul>\n<li>jasno in nedvoumno bodo ozna\u010dena kot oglasna sporo\u010dila,<\/li>\n<li>po\u0161iljatelj bo jasno razviden,<\/li>\n<li>razli\u010dne akcije, promocije in druge tr\u017ene tehnike bodo ozna\u010dene kot tak\u0161ne. Prav tako bodo jasno dolo\u010deni pogoji udele\u017ebe v njih,<\/li>\n<li>jasno bo predstavljen na\u010din odjave od prejemanja oglasnih sporo\u010dil,<\/li>\n<li>\u017eeljo uporabnika, da ne \u017eeli prejemati oglasnih sporo\u010dil, bo ponudnik izrecno spo\u0161toval.<\/li>\n<\/ul>\n<p>&nbsp;<\/p>\n<h2><strong>Mnenja\/komentarji uporabnikov<\/strong><\/h2>\n<p>Na vsa razumna vpra\u0161anja \u010dlanov spletne trgovine in drugih obiskovalcev Spletne trgovine Krepko bo naro\u010dnik odgovoril v elektronski obliki najkasnje v osmih dneh.<\/p>\n<h2><strong>Varstvo otrok in mladostnikov<\/strong><\/h2>\n<p>Oglasna sporo\u010dila bodo jasno razvidna (upo\u0161tevajo\u010d starost) in jasno lo\u010dena od iger in tekmovanj. Vsaka komunikacija, namenjena otrokom, bo primerna njihovi starosti in ne bo izkori\u0161\u010dala zaupljivosti otrok, pomanjkanja izku\u0161enj ali ob\u010dutka lojalnosti.<\/p>\n<p>Ponudnik ne sme sprejemati naro\u010dila od nekoga, za katerega ve ali sumi, da je otrok, ne da bi zato imel izrecnega dovoljenja njegovih star\u0161ev ali skrbnikov.<\/p>\n<p>Ponudnik brez izrecnega dovoljenja njihovih star\u0161ev ali skrbnikov ne sme sprejemati kakr\u0161nihkoli osebnih podatkov, ki zadevajo otroke. Prav tako ponudnik tretji osebi ne sme izdajati podatkov, sprejetih od otrok, izjema so star\u0161i oziroma skrbniki.<\/p>\n<p>Ponudnik ne sme ponujati prostega dostopa do izdelkov ali storitev, ki so \u0161kodljive za otroke.<\/p>\n<h2><strong>Odveza odgovornosti<\/strong><\/h2>\n<p>Ponudnik se po svojih najbolj\u0161ih mo\u010deh trudi zagotoviti a\u017eurnost in pravilnost podatkov, ki so objavljeni na njegovih straneh. Kljub temu, pa se lahko lastnosti artiklov, rok dobave ali cena spremenijo tako hitro, da ponudnik ne uspe popraviti podatkov na spletnih straneh. V takem primeru, bo ponudnik kupca obvestil o spremembah in mu omogo\u010dil odstop od naro\u010dila ali zamenjavo naro\u010denega artikla.<\/p>\n<p>\u010ceprav se ponudnik trudi zagotoviti natan\u010dne fotografije prodajnih artiklov, je potrebno vse fotografije jemati kot simboli\u010dne. Fotografije ne zagotavljajo lastnosti artikla.<\/p>\n<p>Ponudnik ima mo\u017enost odstopa od pogodbe s stranko le, \u010de se ugotovi o\u010ditna napaka (46. \u010dlen OZ). Kot o\u010ditno napako se opredeli\u00a0bistvene lastnosti predmeta in vse zmote, ki se po obi\u010dajih v prometu ali po namenu strank \u0161tejejo za odlo\u010dilne ter jih ponudnik\u00a0v primeru vednosti ne bi potrdil oziroma sklenil pogodbe. To vklju\u010duje tudi o\u010ditne napake v ceni.<\/p>\n<p>Ponudnik si pridr\u017euje pravico sprememb pravil in pogojev poslovanja, \u010de to zahtevajo vzroki tehni\u010dne ali tr\u017ene narave ali vzroki na strani javnosti. O vseh spremembah in novostih v pogojih bo ponudnik \u010dlane in kupce obve\u0161\u010dal ustrezno, ob pravem \u010dasu in na pravem mestu.<\/p>\n<h2><strong>Prito\u017ebe in spori<\/strong><\/h2>\n<p>Ponudnik spo\u0161tuje veljavno zakonodajo o varstvu potro\u0161nikov. Ponudnik se po vseh mo\u010deh trudi izpolnjevati svojo dol\u017enost vzpostaviti u\u010dinkovit sistem obravnavanja prito\u017eb in dolo\u010diti osebo, s katero se, v primeru te\u017eav, kupec lahko pove\u017ee telefonsko ali po elektronski po\u0161ti. Prito\u017eba se odda prek e-po\u0161tnega naslova\u00a0<u>krepko@kele-kele.si<\/u>. Postopek obravnave prito\u017ebe je zaupen.<\/p>\n<p>Ponudnik se zaveda, da je bistvena zna\u010dilnost potro\u0161ni\u0161kega spora, vsaj kar zadeva sodno re\u0161evanje, njegova nesorazmernost med ekonomsko vrednostjo zahtevka in stro\u0161ki, ki nastanejo pri re\u0161evanju samega spora. To je tudi glavna ovira, da potro\u0161nik ne spro\u017ei spora pred sodi\u0161\u010dem. Zato si ponudnik prizadeva po svojih najbolj\u0161ih mo\u010deh, da se morebitni spori re\u0161ijo sporazumno, v kolikot to ni mo\u017eno je pristojno za re\u0161evanje sporov Okro\u017eno sodi\u0161\u010de v Ljubljani.<\/p>\n<h2><strong>Pi\u0161kotki\u00a0<\/strong><\/h2>\n<p>Pi\u0161kotki so male besedilne datoteke, ki jih ve\u010dina spletnih mest shrani v naprave uporabnikov s katerimi dostopajo do interneta z namenom prepoznavanja posameznih naprav, ki so jih uporabniki uporabili pri dostopu. Njihovo shranjevanje je pod popolnim nadzorom brskalnika, ki ga uporablja uporabnik &#8211; ta lahko shranjevanje pi\u0161kotkov po \u017eelji omeji ali onemogo\u010di.<\/p>\n<h3><strong>Zakaj so pi\u0161kotki potrebni?<\/strong><\/h3>\n<\/div>\n<p>Kot uporabnik spletne strani\u00a0<a href=\"http:\/\/www.eprvak.si\/\">www.mlekarna-krepko.si<\/a>\u00a0se strinjate, da se vam v ra\u010dunalnik nalo\u017eijo pi\u0161kotki (ang. cookies) za zagotavljanje delovanja vseh funkcij spletne stani, spletno analitiko in napredno ogla\u0161evanje. Nalo\u017eijo se naslednji pi\u0161kotki:<\/p>\n<ul>\n<li>Google Analytics pi\u0161kotki za analiti\u010dne namene;<\/li>\n<li>Pi\u0161kotki marketing automation orodja za spremljanje dejavnosti uporabnika na spletni strani.<\/li>\n<li>Pi\u0161kotki potrebni za delovanje WordPress spletne strani.<\/li>\n<\/ul>\n<p>Pi\u0161kotki omogo\u010dajo, da se dolo\u010dene vsebine ali funkcije aplikacije prilagodijo za dolo\u010denega obiskovalca, glede na njegove izbire ali preference ali glede na lastnosti njegove terminalske opreme. Pi\u0161kotki za analiti\u010dne<\/p>\n<div class=\"wysiwyg-content\">\n<p>\u017delimo vam obilo prijetnih in ugodnih nakupov!<\/p>\n<p>Kele&amp;Kele<br \/>\nLaze 22A<br \/>\n1370 Logatec<br \/>\nDirektorica<br \/>\nSandra Turn\u0161ek<br \/>\nLaze, februar, 2013<\/p>\n<\/div>\n<\/div>\n<\/div>\n","protected":false},"excerpt":{"rendered":"<p>Splo\u0161ni pogoji Spletne trgovine Krepko so sestavljeni v skladu z Zakonom o varstvu potro\u0161nikov (ZVPot-UPB2), na podlagi priporo\u010dil\u00a0GZS in mednarodnih kodeksov za e-poslovanje. S Spletno trgovino Krepko upravlja podjetje Kele&amp;Kele d.o.o., Laze 22a, 1370 Logatec (v nadaljevanju trgovina). Ob registraciji v sistem Spletne trgovine Krepko, obiskovalec pridobi uporabni\u0161ko ime, ki je enako naslovu njegove elektronske po\u0161te ter geslo. Uporabni\u0161ko ime [&hellip;]<\/p>\n","protected":false},"author":2,"featured_media":0,"parent":0,"menu_order":0,"comment_status":"closed","ping_status":"closed","template":"","meta":{"_acf_changed":false,"footnotes":""},"class_list":["post-17181","page","type-page","status-publish","hentry"],"acf":[],"yoast_head":"<!-- This site is optimized with the Yoast SEO plugin v27.4 - https:\/\/yoast.com\/product\/yoast-seo-wordpress\/ -->\n<title>Pogoji nakupa in vra\u010dila - Mlekarna Krepko<\/title>\n<meta name=\"robots\" content=\"index, follow, max-snippet:-1, max-image-preview:large, max-video-preview:-1\" \/>\n<link rel=\"canonical\" href=\"https:\/\/www.mlekarna-krepko.si\/sl\/pogoji-nakupa-in-vracila\/\" \/>\n<meta property=\"og:locale\" content=\"sl_SI\" \/>\n<meta property=\"og:type\" content=\"article\" \/>\n<meta property=\"og:title\" content=\"Pogoji nakupa in vra\u010dila - Mlekarna Krepko\" \/>\n<meta property=\"og:description\" content=\"Splo\u0161ni pogoji Spletne trgovine Krepko so sestavljeni v skladu z Zakonom o varstvu potro\u0161nikov (ZVPot-UPB2), na podlagi priporo\u010dil\u00a0GZS in mednarodnih kodeksov za e-poslovanje. S Spletno trgovino Krepko upravlja podjetje Kele&amp;Kele d.o.o., Laze 22a, 1370 Logatec (v nadaljevanju trgovina). Ob registraciji v sistem Spletne trgovine Krepko, obiskovalec pridobi uporabni\u0161ko ime, ki je enako naslovu njegove elektronske po\u0161te ter geslo. Uporabni\u0161ko ime [&hellip;]\" \/>\n<meta property=\"og:url\" content=\"https:\/\/www.mlekarna-krepko.si\/sl\/pogoji-nakupa-in-vracila\/\" \/>\n<meta property=\"og:site_name\" content=\"Mlekarna Krepko\" \/>\n<meta property=\"article:publisher\" content=\"https:\/\/www.facebook.com\/mlekarna.krepko\/\" \/>\n<meta property=\"article:modified_time\" content=\"2023-11-10T11:46:49+00:00\" \/>\n<meta name=\"twitter:card\" content=\"summary_large_image\" \/>\n<meta name=\"twitter:label1\" content=\"Est. reading time\" \/>\n\t<meta name=\"twitter:data1\" content=\"9 minut\" \/>\n<script type=\"application\/ld+json\" class=\"yoast-schema-graph\">{\"@context\":\"https:\\\/\\\/schema.org\",\"@graph\":[{\"@type\":\"WebPage\",\"@id\":\"https:\\\/\\\/www.mlekarna-krepko.si\\\/sl\\\/pogoji-nakupa-in-vracila\\\/\",\"url\":\"https:\\\/\\\/www.mlekarna-krepko.si\\\/sl\\\/pogoji-nakupa-in-vracila\\\/\",\"name\":\"Pogoji nakupa in vra\u010dila - Mlekarna Krepko\",\"isPartOf\":{\"@id\":\"https:\\\/\\\/www.mlekarna-krepko.si\\\/sl\\\/#website\"},\"datePublished\":\"2020-03-06T11:27:38+00:00\",\"dateModified\":\"2023-11-10T11:46:49+00:00\",\"breadcrumb\":{\"@id\":\"https:\\\/\\\/www.mlekarna-krepko.si\\\/sl\\\/pogoji-nakupa-in-vracila\\\/#breadcrumb\"},\"inLanguage\":\"sl-SI\",\"potentialAction\":[{\"@type\":\"ReadAction\",\"target\":[\"https:\\\/\\\/www.mlekarna-krepko.si\\\/sl\\\/pogoji-nakupa-in-vracila\\\/\"]}]},{\"@type\":\"BreadcrumbList\",\"@id\":\"https:\\\/\\\/www.mlekarna-krepko.si\\\/sl\\\/pogoji-nakupa-in-vracila\\\/#breadcrumb\",\"itemListElement\":[{\"@type\":\"ListItem\",\"position\":1,\"name\":\"Home\",\"item\":\"https:\\\/\\\/www.mlekarna-krepko.si\\\/sl\\\/\"},{\"@type\":\"ListItem\",\"position\":2,\"name\":\"Pogoji nakupa in vra\u010dila\"}]},{\"@type\":\"WebSite\",\"@id\":\"https:\\\/\\\/www.mlekarna-krepko.si\\\/sl\\\/#website\",\"url\":\"https:\\\/\\\/www.mlekarna-krepko.si\\\/sl\\\/\",\"name\":\"Mlekarna Krepko\",\"description\":\"\",\"publisher\":{\"@id\":\"https:\\\/\\\/www.mlekarna-krepko.si\\\/sl\\\/#organization\"},\"potentialAction\":[{\"@type\":\"SearchAction\",\"target\":{\"@type\":\"EntryPoint\",\"urlTemplate\":\"https:\\\/\\\/www.mlekarna-krepko.si\\\/sl\\\/?s={search_term_string}\"},\"query-input\":{\"@type\":\"PropertyValueSpecification\",\"valueRequired\":true,\"valueName\":\"search_term_string\"}}],\"inLanguage\":\"sl-SI\"},{\"@type\":\"Organization\",\"@id\":\"https:\\\/\\\/www.mlekarna-krepko.si\\\/sl\\\/#organization\",\"name\":\"Mlekarna Krepko\",\"url\":\"https:\\\/\\\/www.mlekarna-krepko.si\\\/sl\\\/\",\"logo\":{\"@type\":\"ImageObject\",\"inLanguage\":\"sl-SI\",\"@id\":\"https:\\\/\\\/www.mlekarna-krepko.si\\\/sl\\\/#\\\/schema\\\/logo\\\/image\\\/\",\"url\":\"https:\\\/\\\/www.mlekarna-krepko.si\\\/wp-content\\\/uploads\\\/2020\\\/04\\\/LogoWeb_transparenten.png\",\"contentUrl\":\"https:\\\/\\\/www.mlekarna-krepko.si\\\/wp-content\\\/uploads\\\/2020\\\/04\\\/LogoWeb_transparenten.png\",\"width\":300,\"height\":300,\"caption\":\"Mlekarna Krepko\"},\"image\":{\"@id\":\"https:\\\/\\\/www.mlekarna-krepko.si\\\/sl\\\/#\\\/schema\\\/logo\\\/image\\\/\"},\"sameAs\":[\"https:\\\/\\\/www.facebook.com\\\/mlekarna.krepko\\\/\",\"https:\\\/\\\/www.instagram.com\\\/mlekarnakrepko\\\/\",\"https:\\\/\\\/www.linkedin.com\\\/company\\\/mlekarna-krepko\",\"https:\\\/\\\/www.youtube.com\\\/channel\\\/UCAzec5mnRHgcj2Th3fGRtKw?view_as=subscriber\"]}]}<\/script>\n<!-- \/ Yoast SEO plugin. -->","yoast_head_json":{"title":"Pogoji nakupa in vra\u010dila - Mlekarna Krepko","robots":{"index":"index","follow":"follow","max-snippet":"max-snippet:-1","max-image-preview":"max-image-preview:large","max-video-preview":"max-video-preview:-1"},"canonical":"https:\/\/www.mlekarna-krepko.si\/sl\/pogoji-nakupa-in-vracila\/","og_locale":"sl_SI","og_type":"article","og_title":"Pogoji nakupa in vra\u010dila - Mlekarna Krepko","og_description":"Splo\u0161ni pogoji Spletne trgovine Krepko so sestavljeni v skladu z Zakonom o varstvu potro\u0161nikov (ZVPot-UPB2), na podlagi priporo\u010dil\u00a0GZS in mednarodnih kodeksov za e-poslovanje. S Spletno trgovino Krepko upravlja podjetje Kele&amp;Kele d.o.o., Laze 22a, 1370 Logatec (v nadaljevanju trgovina). Ob registraciji v sistem Spletne trgovine Krepko, obiskovalec pridobi uporabni\u0161ko ime, ki je enako naslovu njegove elektronske po\u0161te ter geslo. Uporabni\u0161ko ime [&hellip;]","og_url":"https:\/\/www.mlekarna-krepko.si\/sl\/pogoji-nakupa-in-vracila\/","og_site_name":"Mlekarna Krepko","article_publisher":"https:\/\/www.facebook.com\/mlekarna.krepko\/","article_modified_time":"2023-11-10T11:46:49+00:00","twitter_card":"summary_large_image","twitter_misc":{"Est. reading time":"9 minut"},"schema":{"@context":"https:\/\/schema.org","@graph":[{"@type":"WebPage","@id":"https:\/\/www.mlekarna-krepko.si\/sl\/pogoji-nakupa-in-vracila\/","url":"https:\/\/www.mlekarna-krepko.si\/sl\/pogoji-nakupa-in-vracila\/","name":"Pogoji nakupa in vra\u010dila - Mlekarna Krepko","isPartOf":{"@id":"https:\/\/www.mlekarna-krepko.si\/sl\/#website"},"datePublished":"2020-03-06T11:27:38+00:00","dateModified":"2023-11-10T11:46:49+00:00","breadcrumb":{"@id":"https:\/\/www.mlekarna-krepko.si\/sl\/pogoji-nakupa-in-vracila\/#breadcrumb"},"inLanguage":"sl-SI","potentialAction":[{"@type":"ReadAction","target":["https:\/\/www.mlekarna-krepko.si\/sl\/pogoji-nakupa-in-vracila\/"]}]},{"@type":"BreadcrumbList","@id":"https:\/\/www.mlekarna-krepko.si\/sl\/pogoji-nakupa-in-vracila\/#breadcrumb","itemListElement":[{"@type":"ListItem","position":1,"name":"Home","item":"https:\/\/www.mlekarna-krepko.si\/sl\/"},{"@type":"ListItem","position":2,"name":"Pogoji nakupa in vra\u010dila"}]},{"@type":"WebSite","@id":"https:\/\/www.mlekarna-krepko.si\/sl\/#website","url":"https:\/\/www.mlekarna-krepko.si\/sl\/","name":"Mlekarna Krepko","description":"","publisher":{"@id":"https:\/\/www.mlekarna-krepko.si\/sl\/#organization"},"potentialAction":[{"@type":"SearchAction","target":{"@type":"EntryPoint","urlTemplate":"https:\/\/www.mlekarna-krepko.si\/sl\/?s={search_term_string}"},"query-input":{"@type":"PropertyValueSpecification","valueRequired":true,"valueName":"search_term_string"}}],"inLanguage":"sl-SI"},{"@type":"Organization","@id":"https:\/\/www.mlekarna-krepko.si\/sl\/#organization","name":"Mlekarna Krepko","url":"https:\/\/www.mlekarna-krepko.si\/sl\/","logo":{"@type":"ImageObject","inLanguage":"sl-SI","@id":"https:\/\/www.mlekarna-krepko.si\/sl\/#\/schema\/logo\/image\/","url":"https:\/\/www.mlekarna-krepko.si\/wp-content\/uploads\/2020\/04\/LogoWeb_transparenten.png","contentUrl":"https:\/\/www.mlekarna-krepko.si\/wp-content\/uploads\/2020\/04\/LogoWeb_transparenten.png","width":300,"height":300,"caption":"Mlekarna Krepko"},"image":{"@id":"https:\/\/www.mlekarna-krepko.si\/sl\/#\/schema\/logo\/image\/"},"sameAs":["https:\/\/www.facebook.com\/mlekarna.krepko\/","https:\/\/www.instagram.com\/mlekarnakrepko\/","https:\/\/www.linkedin.com\/company\/mlekarna-krepko","https:\/\/www.youtube.com\/channel\/UCAzec5mnRHgcj2Th3fGRtKw?view_as=subscriber"]}]}},"_links":{"self":[{"href":"https:\/\/mlekarna-krepko.si\/sl\/wp-json\/wp\/v2\/pages\/17181","targetHints":{"allow":["GET"]}}],"collection":[{"href":"https:\/\/mlekarna-krepko.si\/sl\/wp-json\/wp\/v2\/pages"}],"about":[{"href":"https:\/\/mlekarna-krepko.si\/sl\/wp-json\/wp\/v2\/types\/page"}],"author":[{"embeddable":true,"href":"https:\/\/mlekarna-krepko.si\/sl\/wp-json\/wp\/v2\/users\/2"}],"replies":[{"embeddable":true,"href":"https:\/\/mlekarna-krepko.si\/sl\/wp-json\/wp\/v2\/comments?post=17181"}],"version-history":[{"count":9,"href":"https:\/\/mlekarna-krepko.si\/sl\/wp-json\/wp\/v2\/pages\/17181\/revisions"}],"predecessor-version":[{"id":24411,"href":"https:\/\/mlekarna-krepko.si\/sl\/wp-json\/wp\/v2\/pages\/17181\/revisions\/24411"}],"wp:attachment":[{"href":"https:\/\/mlekarna-krepko.si\/sl\/wp-json\/wp\/v2\/media?parent=17181"}],"curies":[{"name":"wp","href":"https:\/\/api.w.org\/{rel}","templated":true}]}}