{"id":17184,"date":"2020-03-06T11:28:08","date_gmt":"2020-03-06T11:28:08","guid":{"rendered":"https:\/\/www.mlekarna-krepko.si\/?page_id=17184"},"modified":"2020-03-19T09:36:32","modified_gmt":"2020-03-19T09:36:32","slug":"informacije-glede-dostave","status":"publish","type":"page","link":"https:\/\/mlekarna-krepko.si\/sl\/informacije-glede-dostave\/","title":{"rendered":"Informacije glede dostave"},"content":{"rendered":"<h2><strong>Dostava<\/strong><\/h2>\n<p>Ponudnik bo blago oziroma storitev dostavil v dogovorjenem roku.<\/p>\n<p>Spletna trgovina Krepko bo dostavila blago v lastni re\u017eiji ali prek pogodbenih partnerjev za dostavo po\u0161iljk, vendar si ponudnik pridr\u017euje pravico izbrati tudi drugo dostavno slu\u017ebo, \u010de bo s tem lahko naro\u010dilo izpolnil bolj u\u010dinkovito.<\/p>\n<p>Dostava se izvr\u0161i najkasneje v petih delovnih dneh.<\/p>\n","protected":false},"excerpt":{"rendered":"<p>Dostava Ponudnik bo blago oziroma storitev dostavil v dogovorjenem roku. Spletna trgovina Krepko bo dostavila blago v lastni re\u017eiji ali prek pogodbenih partnerjev za dostavo po\u0161iljk, vendar si ponudnik pridr\u017euje pravico izbrati tudi drugo dostavno slu\u017ebo, \u010de bo s tem lahko naro\u010dilo izpolnil bolj u\u010dinkovito. Dostava se izvr\u0161i najkasneje v petih delovnih dneh.<\/p>\n","protected":false},"author":2,"featured_media":0,"parent":0,"menu_order":0,"comment_status":"closed","ping_status":"closed","template":"","meta":{"_acf_changed":false,"footnotes":""},"class_list":["post-17184","page","type-page","status-publish","hentry"],"acf":[],"yoast_head":"<!-- This site is optimized with the Yoast SEO plugin v27.4 - https:\/\/yoast.com\/product\/yoast-seo-wordpress\/ -->\n<title>Informacije glede dostave - Mlekarna Krepko<\/title>\n<meta name=\"robots\" content=\"index, follow, max-snippet:-1, max-image-preview:large, max-video-preview:-1\" \/>\n<link rel=\"canonical\" href=\"https:\/\/mlekarna-krepko.si\/sl\/informacije-glede-dostave\/\" \/>\n<meta property=\"og:locale\" content=\"sl_SI\" \/>\n<meta property=\"og:type\" content=\"article\" \/>\n<meta property=\"og:title\" content=\"Informacije glede dostave - Mlekarna Krepko\" \/>\n<meta property=\"og:description\" content=\"Dostava Ponudnik bo blago oziroma storitev dostavil v dogovorjenem roku. Spletna trgovina Krepko bo dostavila blago v lastni re\u017eiji ali prek pogodbenih partnerjev za dostavo po\u0161iljk, vendar si ponudnik pridr\u017euje pravico izbrati tudi drugo dostavno slu\u017ebo, \u010de bo s tem lahko naro\u010dilo izpolnil bolj u\u010dinkovito. Dostava se izvr\u0161i najkasneje v petih delovnih dneh.\" \/>\n<meta property=\"og:url\" content=\"https:\/\/mlekarna-krepko.si\/sl\/informacije-glede-dostave\/\" \/>\n<meta property=\"og:site_name\" content=\"Mlekarna Krepko\" \/>\n<meta property=\"article:publisher\" content=\"https:\/\/www.facebook.com\/mlekarna.krepko\/\" \/>\n<meta property=\"article:modified_time\" content=\"2020-03-19T09:36:32+00:00\" \/>\n<meta name=\"twitter:card\" content=\"summary_large_image\" \/>\n<script type=\"application\/ld+json\" class=\"yoast-schema-graph\">{\"@context\":\"https:\\\/\\\/schema.org\",\"@graph\":[{\"@type\":\"WebPage\",\"@id\":\"https:\\\/\\\/mlekarna-krepko.si\\\/sl\\\/informacije-glede-dostave\\\/\",\"url\":\"https:\\\/\\\/mlekarna-krepko.si\\\/sl\\\/informacije-glede-dostave\\\/\",\"name\":\"Informacije glede dostave - Mlekarna Krepko\",\"isPartOf\":{\"@id\":\"https:\\\/\\\/mlekarna-krepko.si\\\/sl\\\/#website\"},\"datePublished\":\"2020-03-06T11:28:08+00:00\",\"dateModified\":\"2020-03-19T09:36:32+00:00\",\"breadcrumb\":{\"@id\":\"https:\\\/\\\/mlekarna-krepko.si\\\/sl\\\/informacije-glede-dostave\\\/#breadcrumb\"},\"inLanguage\":\"sl-SI\",\"potentialAction\":[{\"@type\":\"ReadAction\",\"target\":[\"https:\\\/\\\/mlekarna-krepko.si\\\/sl\\\/informacije-glede-dostave\\\/\"]}]},{\"@type\":\"BreadcrumbList\",\"@id\":\"https:\\\/\\\/mlekarna-krepko.si\\\/sl\\\/informacije-glede-dostave\\\/#breadcrumb\",\"itemListElement\":[{\"@type\":\"ListItem\",\"position\":1,\"name\":\"Home\",\"item\":\"https:\\\/\\\/mlekarna-krepko.si\\\/sl\\\/\"},{\"@type\":\"ListItem\",\"position\":2,\"name\":\"Informacije glede dostave\"}]},{\"@type\":\"WebSite\",\"@id\":\"https:\\\/\\\/mlekarna-krepko.si\\\/sl\\\/#website\",\"url\":\"https:\\\/\\\/mlekarna-krepko.si\\\/sl\\\/\",\"name\":\"Mlekarna Krepko\",\"description\":\"\",\"publisher\":{\"@id\":\"https:\\\/\\\/mlekarna-krepko.si\\\/sl\\\/#organization\"},\"potentialAction\":[{\"@type\":\"SearchAction\",\"target\":{\"@type\":\"EntryPoint\",\"urlTemplate\":\"https:\\\/\\\/mlekarna-krepko.si\\\/sl\\\/?s={search_term_string}\"},\"query-input\":{\"@type\":\"PropertyValueSpecification\",\"valueRequired\":true,\"valueName\":\"search_term_string\"}}],\"inLanguage\":\"sl-SI\"},{\"@type\":\"Organization\",\"@id\":\"https:\\\/\\\/mlekarna-krepko.si\\\/sl\\\/#organization\",\"name\":\"Mlekarna Krepko\",\"url\":\"https:\\\/\\\/mlekarna-krepko.si\\\/sl\\\/\",\"logo\":{\"@type\":\"ImageObject\",\"inLanguage\":\"sl-SI\",\"@id\":\"https:\\\/\\\/mlekarna-krepko.si\\\/sl\\\/#\\\/schema\\\/logo\\\/image\\\/\",\"url\":\"https:\\\/\\\/www.mlekarna-krepko.si\\\/wp-content\\\/uploads\\\/2020\\\/04\\\/LogoWeb_transparenten.png\",\"contentUrl\":\"https:\\\/\\\/www.mlekarna-krepko.si\\\/wp-content\\\/uploads\\\/2020\\\/04\\\/LogoWeb_transparenten.png\",\"width\":300,\"height\":300,\"caption\":\"Mlekarna Krepko\"},\"image\":{\"@id\":\"https:\\\/\\\/mlekarna-krepko.si\\\/sl\\\/#\\\/schema\\\/logo\\\/image\\\/\"},\"sameAs\":[\"https:\\\/\\\/www.facebook.com\\\/mlekarna.krepko\\\/\",\"https:\\\/\\\/www.instagram.com\\\/mlekarnakrepko\\\/\",\"https:\\\/\\\/www.linkedin.com\\\/company\\\/mlekarna-krepko\",\"https:\\\/\\\/www.youtube.com\\\/channel\\\/UCAzec5mnRHgcj2Th3fGRtKw?view_as=subscriber\"]}]}<\/script>\n<!-- \/ Yoast SEO plugin. -->","yoast_head_json":{"title":"Informacije glede dostave - Mlekarna Krepko","robots":{"index":"index","follow":"follow","max-snippet":"max-snippet:-1","max-image-preview":"max-image-preview:large","max-video-preview":"max-video-preview:-1"},"canonical":"https:\/\/mlekarna-krepko.si\/sl\/informacije-glede-dostave\/","og_locale":"sl_SI","og_type":"article","og_title":"Informacije glede dostave - Mlekarna Krepko","og_description":"Dostava Ponudnik bo blago oziroma storitev dostavil v dogovorjenem roku. Spletna trgovina Krepko bo dostavila blago v lastni re\u017eiji ali prek pogodbenih partnerjev za dostavo po\u0161iljk, vendar si ponudnik pridr\u017euje pravico izbrati tudi drugo dostavno slu\u017ebo, \u010de bo s tem lahko naro\u010dilo izpolnil bolj u\u010dinkovito. Dostava se izvr\u0161i najkasneje v petih delovnih dneh.","og_url":"https:\/\/mlekarna-krepko.si\/sl\/informacije-glede-dostave\/","og_site_name":"Mlekarna Krepko","article_publisher":"https:\/\/www.facebook.com\/mlekarna.krepko\/","article_modified_time":"2020-03-19T09:36:32+00:00","twitter_card":"summary_large_image","schema":{"@context":"https:\/\/schema.org","@graph":[{"@type":"WebPage","@id":"https:\/\/mlekarna-krepko.si\/sl\/informacije-glede-dostave\/","url":"https:\/\/mlekarna-krepko.si\/sl\/informacije-glede-dostave\/","name":"Informacije glede dostave - Mlekarna Krepko","isPartOf":{"@id":"https:\/\/mlekarna-krepko.si\/sl\/#website"},"datePublished":"2020-03-06T11:28:08+00:00","dateModified":"2020-03-19T09:36:32+00:00","breadcrumb":{"@id":"https:\/\/mlekarna-krepko.si\/sl\/informacije-glede-dostave\/#breadcrumb"},"inLanguage":"sl-SI","potentialAction":[{"@type":"ReadAction","target":["https:\/\/mlekarna-krepko.si\/sl\/informacije-glede-dostave\/"]}]},{"@type":"BreadcrumbList","@id":"https:\/\/mlekarna-krepko.si\/sl\/informacije-glede-dostave\/#breadcrumb","itemListElement":[{"@type":"ListItem","position":1,"name":"Home","item":"https:\/\/mlekarna-krepko.si\/sl\/"},{"@type":"ListItem","position":2,"name":"Informacije glede dostave"}]},{"@type":"WebSite","@id":"https:\/\/mlekarna-krepko.si\/sl\/#website","url":"https:\/\/mlekarna-krepko.si\/sl\/","name":"Mlekarna Krepko","description":"","publisher":{"@id":"https:\/\/mlekarna-krepko.si\/sl\/#organization"},"potentialAction":[{"@type":"SearchAction","target":{"@type":"EntryPoint","urlTemplate":"https:\/\/mlekarna-krepko.si\/sl\/?s={search_term_string}"},"query-input":{"@type":"PropertyValueSpecification","valueRequired":true,"valueName":"search_term_string"}}],"inLanguage":"sl-SI"},{"@type":"Organization","@id":"https:\/\/mlekarna-krepko.si\/sl\/#organization","name":"Mlekarna Krepko","url":"https:\/\/mlekarna-krepko.si\/sl\/","logo":{"@type":"ImageObject","inLanguage":"sl-SI","@id":"https:\/\/mlekarna-krepko.si\/sl\/#\/schema\/logo\/image\/","url":"https:\/\/www.mlekarna-krepko.si\/wp-content\/uploads\/2020\/04\/LogoWeb_transparenten.png","contentUrl":"https:\/\/www.mlekarna-krepko.si\/wp-content\/uploads\/2020\/04\/LogoWeb_transparenten.png","width":300,"height":300,"caption":"Mlekarna Krepko"},"image":{"@id":"https:\/\/mlekarna-krepko.si\/sl\/#\/schema\/logo\/image\/"},"sameAs":["https:\/\/www.facebook.com\/mlekarna.krepko\/","https:\/\/www.instagram.com\/mlekarnakrepko\/","https:\/\/www.linkedin.com\/company\/mlekarna-krepko","https:\/\/www.youtube.com\/channel\/UCAzec5mnRHgcj2Th3fGRtKw?view_as=subscriber"]}]}},"_links":{"self":[{"href":"https:\/\/mlekarna-krepko.si\/sl\/wp-json\/wp\/v2\/pages\/17184","targetHints":{"allow":["GET"]}}],"collection":[{"href":"https:\/\/mlekarna-krepko.si\/sl\/wp-json\/wp\/v2\/pages"}],"about":[{"href":"https:\/\/mlekarna-krepko.si\/sl\/wp-json\/wp\/v2\/types\/page"}],"author":[{"embeddable":true,"href":"https:\/\/mlekarna-krepko.si\/sl\/wp-json\/wp\/v2\/users\/2"}],"replies":[{"embeddable":true,"href":"https:\/\/mlekarna-krepko.si\/sl\/wp-json\/wp\/v2\/comments?post=17184"}],"version-history":[{"count":3,"href":"https:\/\/mlekarna-krepko.si\/sl\/wp-json\/wp\/v2\/pages\/17184\/revisions"}],"predecessor-version":[{"id":17580,"href":"https:\/\/mlekarna-krepko.si\/sl\/wp-json\/wp\/v2\/pages\/17184\/revisions\/17580"}],"wp:attachment":[{"href":"https:\/\/mlekarna-krepko.si\/sl\/wp-json\/wp\/v2\/media?parent=17184"}],"curies":[{"name":"wp","href":"https:\/\/api.w.org\/{rel}","templated":true}]}}