{"id":15024,"date":"2020-01-14T11:42:18","date_gmt":"2020-01-14T11:42:18","guid":{"rendered":"https:\/\/www.mlekarna-krepko.si\/product\/bio-sir-za-zar-krepko-v-kosu-250-g\/"},"modified":"2025-04-10T05:56:57","modified_gmt":"2025-04-10T05:56:57","slug":"bio-sir-za-zar-krepko-v-kosu-300-g","status":"publish","type":"product","link":"https:\/\/mlekarna-krepko.si\/sl\/izdelek\/bio-sir-za-zar-krepko-v-kosu-300-g\/","title":{"rendered":"Bio sir za \u017ear Krepko 250g"},"content":{"rendered":"<p>Bio sir za \u017ear Krepko je sve\u017e polnomasten sir, izdelan iz slovenskega ekolo\u0161kega in nehomogeniziranega mleka. Pripravljen je tako, da se med segrevanjem ne raztopi, in zato je primeren za peko na \u017earu ali v ponvi.<\/p>\n<p>&nbsp;<\/p>\n<table border=\"1\" cellspacing=\"0\" cellpadding=\"0\">\n<tbody>\n<tr>\n<td style=\"width: 349px;\" colspan=\"2\">\n<p align=\"center\"><span style=\"color: #ff0000;\"><strong>Hranilna vrednost (povpre\u010dje v 100 g)<\/strong><\/span><\/p>\n<\/td>\n<\/tr>\n<tr>\n<td style=\"width: 245px;\">Beljakovine<\/td>\n<td style=\"width: 104px;\">\u00a018,8 g<\/td>\n<\/tr>\n<tr>\n<td style=\"width: 245px;\">Ogljikovi hidrati<\/td>\n<td style=\"width: 104px;\">2,5 g<\/td>\n<\/tr>\n<tr>\n<td style=\"width: 245px;\">\u00a0\u00a0\u00a0 od tega \u00a0sladkorji<\/td>\n<td style=\"width: 104px;\">2,5 g<\/td>\n<\/tr>\n<tr>\n<td style=\"width: 245px;\">Ma\u0161\u010dobe<\/td>\n<td style=\"width: 104px;\">18,3 g<\/td>\n<\/tr>\n<tr>\n<td style=\"width: 245px;\">\u00a0 \u00a0 od tega nasi\u010dene ma\u0161\u010dobne kisline<\/td>\n<td style=\"width: 104px;\">12,9 g<\/td>\n<\/tr>\n<tr>\n<td style=\"width: 245px;\">Prehranske vlaknine<\/td>\n<td style=\"width: 104px;\">0 g<\/td>\n<\/tr>\n<tr>\n<td style=\"width: 245px;\">Sol<\/td>\n<td style=\"width: 104px;\">0,85 g<\/td>\n<\/tr>\n<tr>\n<td style=\"width: 245px;\">Energijska vrednost<\/td>\n<td style=\"width: 104px;\">1039 kJ\/250 kcal<\/td>\n<\/tr>\n<\/tbody>\n<\/table>\n<p>*Alergeni:\u00a0<em><strong>mleko<\/strong><\/em><\/p>\n<div><\/div>\n","protected":false},"excerpt":{"rendered":"<p>Bio sir za \u017ear Krepko je sve\u017e polnomasten sir, izdelan iz slovenskega ekolo\u0161kega in nehomogeniziranega mleka. Pripravljen je tako, da se med segrevanjem ne raztopi, in zato je primeren za peko na \u017earu ali v ponvi. &nbsp; Hranilna vrednost (povpre\u010dje v 100 g) Beljakovine \u00a018,8 g Ogljikovi hidrati 2,5 g \u00a0\u00a0\u00a0 od tega \u00a0sladkorji 2,5 g Ma\u0161\u010dobe 18,3 g \u00a0 [&hellip;]<\/p>\n","protected":false},"featured_media":22673,"template":"","meta":{"_acf_changed":false},"product_cat":[174,161],"product_tag":[],"class_list":{"0":"post-15024","1":"product","2":"type-product","3":"status-publish","4":"has-post-thumbnail","6":"product_cat-bio-mlecni-izdelki","7":"product_cat-mlecni-izdelki-krepko","9":"first","10":"instock","11":"taxable","12":"shipping-taxable","13":"product-type-simple"},"acf":[],"yoast_head":"<!-- This site is optimized with the Yoast SEO plugin v27.4 - https:\/\/yoast.com\/product\/yoast-seo-wordpress\/ -->\n<title>Bio sir za \u017ear Krepko 250g - Mlekarna Krepko<\/title>\n<meta name=\"robots\" content=\"index, follow, max-snippet:-1, max-image-preview:large, max-video-preview:-1\" \/>\n<link rel=\"canonical\" href=\"https:\/\/mlekarna-krepko.si\/sl\/izdelek\/bio-sir-za-zar-krepko-v-kosu-300-g\/\" \/>\n<meta property=\"og:locale\" content=\"sl_SI\" \/>\n<meta property=\"og:type\" content=\"article\" \/>\n<meta property=\"og:title\" content=\"Bio sir za \u017ear Krepko 250g - Mlekarna Krepko\" \/>\n<meta property=\"og:description\" content=\"Bio sir za \u017ear Krepko je sve\u017e polnomasten sir, izdelan iz slovenskega ekolo\u0161kega in nehomogeniziranega mleka. Pripravljen je tako, da se med segrevanjem ne raztopi, in zato je primeren za peko na \u017earu ali v ponvi. &nbsp; Hranilna vrednost (povpre\u010dje v 100 g) Beljakovine \u00a018,8 g Ogljikovi hidrati 2,5 g \u00a0\u00a0\u00a0 od tega \u00a0sladkorji 2,5 g Ma\u0161\u010dobe 18,3 g \u00a0 [&hellip;]\" \/>\n<meta property=\"og:url\" content=\"https:\/\/mlekarna-krepko.si\/sl\/izdelek\/bio-sir-za-zar-krepko-v-kosu-300-g\/\" \/>\n<meta property=\"og:site_name\" content=\"Mlekarna Krepko\" \/>\n<meta property=\"article:publisher\" content=\"https:\/\/www.facebook.com\/mlekarna.krepko\/\" \/>\n<meta property=\"article:modified_time\" content=\"2025-04-10T05:56:57+00:00\" \/>\n<meta property=\"og:image\" content=\"https:\/\/mlekarna-krepko.si\/wp-content\/uploads\/2022\/02\/bio-sir-za-zar_trgovina.png\" \/>\n\t<meta property=\"og:image:width\" content=\"640\" \/>\n\t<meta property=\"og:image:height\" content=\"802\" \/>\n\t<meta property=\"og:image:type\" content=\"image\/png\" \/>\n<meta name=\"twitter:card\" content=\"summary_large_image\" \/>\n<meta name=\"twitter:label1\" content=\"Est. reading time\" \/>\n\t<meta name=\"twitter:data1\" content=\"1 minuta\" \/>\n<script type=\"application\/ld+json\" class=\"yoast-schema-graph\">{\"@context\":\"https:\\\/\\\/schema.org\",\"@graph\":[{\"@type\":\"WebPage\",\"@id\":\"https:\\\/\\\/mlekarna-krepko.si\\\/sl\\\/izdelek\\\/bio-sir-za-zar-krepko-v-kosu-300-g\\\/\",\"url\":\"https:\\\/\\\/mlekarna-krepko.si\\\/sl\\\/izdelek\\\/bio-sir-za-zar-krepko-v-kosu-300-g\\\/\",\"name\":\"Bio sir za \u017ear Krepko 250g - Mlekarna Krepko\",\"isPartOf\":{\"@id\":\"https:\\\/\\\/www.mlekarna-krepko.si\\\/sl\\\/#website\"},\"primaryImageOfPage\":{\"@id\":\"https:\\\/\\\/mlekarna-krepko.si\\\/sl\\\/izdelek\\\/bio-sir-za-zar-krepko-v-kosu-300-g\\\/#primaryimage\"},\"image\":{\"@id\":\"https:\\\/\\\/mlekarna-krepko.si\\\/sl\\\/izdelek\\\/bio-sir-za-zar-krepko-v-kosu-300-g\\\/#primaryimage\"},\"thumbnailUrl\":\"https:\\\/\\\/mlekarna-krepko.si\\\/wp-content\\\/uploads\\\/2022\\\/02\\\/bio-sir-za-zar_trgovina.png\",\"datePublished\":\"2020-01-14T11:42:18+00:00\",\"dateModified\":\"2025-04-10T05:56:57+00:00\",\"breadcrumb\":{\"@id\":\"https:\\\/\\\/mlekarna-krepko.si\\\/sl\\\/izdelek\\\/bio-sir-za-zar-krepko-v-kosu-300-g\\\/#breadcrumb\"},\"inLanguage\":\"sl-SI\",\"potentialAction\":[{\"@type\":\"ReadAction\",\"target\":[\"https:\\\/\\\/mlekarna-krepko.si\\\/sl\\\/izdelek\\\/bio-sir-za-zar-krepko-v-kosu-300-g\\\/\"]}]},{\"@type\":\"ImageObject\",\"inLanguage\":\"sl-SI\",\"@id\":\"https:\\\/\\\/mlekarna-krepko.si\\\/sl\\\/izdelek\\\/bio-sir-za-zar-krepko-v-kosu-300-g\\\/#primaryimage\",\"url\":\"https:\\\/\\\/mlekarna-krepko.si\\\/wp-content\\\/uploads\\\/2022\\\/02\\\/bio-sir-za-zar_trgovina.png\",\"contentUrl\":\"https:\\\/\\\/mlekarna-krepko.si\\\/wp-content\\\/uploads\\\/2022\\\/02\\\/bio-sir-za-zar_trgovina.png\",\"width\":640,\"height\":802},{\"@type\":\"BreadcrumbList\",\"@id\":\"https:\\\/\\\/mlekarna-krepko.si\\\/sl\\\/izdelek\\\/bio-sir-za-zar-krepko-v-kosu-300-g\\\/#breadcrumb\",\"itemListElement\":[{\"@type\":\"ListItem\",\"position\":1,\"name\":\"Home\",\"item\":\"https:\\\/\\\/www.mlekarna-krepko.si\\\/sl\\\/\"},{\"@type\":\"ListItem\",\"position\":2,\"name\":\"Trgovina\",\"item\":\"https:\\\/\\\/www.mlekarna-krepko.si\\\/sl\\\/trgovina\\\/\"},{\"@type\":\"ListItem\",\"position\":3,\"name\":\"Bio sir za \u017ear Krepko 250g\"}]},{\"@type\":\"WebSite\",\"@id\":\"https:\\\/\\\/www.mlekarna-krepko.si\\\/sl\\\/#website\",\"url\":\"https:\\\/\\\/www.mlekarna-krepko.si\\\/sl\\\/\",\"name\":\"Mlekarna Krepko\",\"description\":\"\",\"publisher\":{\"@id\":\"https:\\\/\\\/www.mlekarna-krepko.si\\\/sl\\\/#organization\"},\"potentialAction\":[{\"@type\":\"SearchAction\",\"target\":{\"@type\":\"EntryPoint\",\"urlTemplate\":\"https:\\\/\\\/www.mlekarna-krepko.si\\\/sl\\\/?s={search_term_string}\"},\"query-input\":{\"@type\":\"PropertyValueSpecification\",\"valueRequired\":true,\"valueName\":\"search_term_string\"}}],\"inLanguage\":\"sl-SI\"},{\"@type\":\"Organization\",\"@id\":\"https:\\\/\\\/www.mlekarna-krepko.si\\\/sl\\\/#organization\",\"name\":\"Mlekarna Krepko\",\"url\":\"https:\\\/\\\/www.mlekarna-krepko.si\\\/sl\\\/\",\"logo\":{\"@type\":\"ImageObject\",\"inLanguage\":\"sl-SI\",\"@id\":\"https:\\\/\\\/www.mlekarna-krepko.si\\\/sl\\\/#\\\/schema\\\/logo\\\/image\\\/\",\"url\":\"https:\\\/\\\/www.mlekarna-krepko.si\\\/wp-content\\\/uploads\\\/2020\\\/04\\\/LogoWeb_transparenten.png\",\"contentUrl\":\"https:\\\/\\\/www.mlekarna-krepko.si\\\/wp-content\\\/uploads\\\/2020\\\/04\\\/LogoWeb_transparenten.png\",\"width\":300,\"height\":300,\"caption\":\"Mlekarna Krepko\"},\"image\":{\"@id\":\"https:\\\/\\\/www.mlekarna-krepko.si\\\/sl\\\/#\\\/schema\\\/logo\\\/image\\\/\"},\"sameAs\":[\"https:\\\/\\\/www.facebook.com\\\/mlekarna.krepko\\\/\",\"https:\\\/\\\/www.instagram.com\\\/mlekarnakrepko\\\/\",\"https:\\\/\\\/www.linkedin.com\\\/company\\\/mlekarna-krepko\",\"https:\\\/\\\/www.youtube.com\\\/channel\\\/UCAzec5mnRHgcj2Th3fGRtKw?view_as=subscriber\"]}]}<\/script>\n<!-- \/ Yoast SEO plugin. -->","yoast_head_json":{"title":"Bio sir za \u017ear Krepko 250g - Mlekarna Krepko","robots":{"index":"index","follow":"follow","max-snippet":"max-snippet:-1","max-image-preview":"max-image-preview:large","max-video-preview":"max-video-preview:-1"},"canonical":"https:\/\/mlekarna-krepko.si\/sl\/izdelek\/bio-sir-za-zar-krepko-v-kosu-300-g\/","og_locale":"sl_SI","og_type":"article","og_title":"Bio sir za \u017ear Krepko 250g - Mlekarna Krepko","og_description":"Bio sir za \u017ear Krepko je sve\u017e polnomasten sir, izdelan iz slovenskega ekolo\u0161kega in nehomogeniziranega mleka. Pripravljen je tako, da se med segrevanjem ne raztopi, in zato je primeren za peko na \u017earu ali v ponvi. &nbsp; Hranilna vrednost (povpre\u010dje v 100 g) Beljakovine \u00a018,8 g Ogljikovi hidrati 2,5 g \u00a0\u00a0\u00a0 od tega \u00a0sladkorji 2,5 g Ma\u0161\u010dobe 18,3 g \u00a0 [&hellip;]","og_url":"https:\/\/mlekarna-krepko.si\/sl\/izdelek\/bio-sir-za-zar-krepko-v-kosu-300-g\/","og_site_name":"Mlekarna Krepko","article_publisher":"https:\/\/www.facebook.com\/mlekarna.krepko\/","article_modified_time":"2025-04-10T05:56:57+00:00","og_image":[{"width":640,"height":802,"url":"https:\/\/mlekarna-krepko.si\/wp-content\/uploads\/2022\/02\/bio-sir-za-zar_trgovina.png","type":"image\/png"}],"twitter_card":"summary_large_image","twitter_misc":{"Est. reading time":"1 minuta"},"schema":{"@context":"https:\/\/schema.org","@graph":[{"@type":"WebPage","@id":"https:\/\/mlekarna-krepko.si\/sl\/izdelek\/bio-sir-za-zar-krepko-v-kosu-300-g\/","url":"https:\/\/mlekarna-krepko.si\/sl\/izdelek\/bio-sir-za-zar-krepko-v-kosu-300-g\/","name":"Bio sir za \u017ear Krepko 250g - Mlekarna Krepko","isPartOf":{"@id":"https:\/\/www.mlekarna-krepko.si\/sl\/#website"},"primaryImageOfPage":{"@id":"https:\/\/mlekarna-krepko.si\/sl\/izdelek\/bio-sir-za-zar-krepko-v-kosu-300-g\/#primaryimage"},"image":{"@id":"https:\/\/mlekarna-krepko.si\/sl\/izdelek\/bio-sir-za-zar-krepko-v-kosu-300-g\/#primaryimage"},"thumbnailUrl":"https:\/\/mlekarna-krepko.si\/wp-content\/uploads\/2022\/02\/bio-sir-za-zar_trgovina.png","datePublished":"2020-01-14T11:42:18+00:00","dateModified":"2025-04-10T05:56:57+00:00","breadcrumb":{"@id":"https:\/\/mlekarna-krepko.si\/sl\/izdelek\/bio-sir-za-zar-krepko-v-kosu-300-g\/#breadcrumb"},"inLanguage":"sl-SI","potentialAction":[{"@type":"ReadAction","target":["https:\/\/mlekarna-krepko.si\/sl\/izdelek\/bio-sir-za-zar-krepko-v-kosu-300-g\/"]}]},{"@type":"ImageObject","inLanguage":"sl-SI","@id":"https:\/\/mlekarna-krepko.si\/sl\/izdelek\/bio-sir-za-zar-krepko-v-kosu-300-g\/#primaryimage","url":"https:\/\/mlekarna-krepko.si\/wp-content\/uploads\/2022\/02\/bio-sir-za-zar_trgovina.png","contentUrl":"https:\/\/mlekarna-krepko.si\/wp-content\/uploads\/2022\/02\/bio-sir-za-zar_trgovina.png","width":640,"height":802},{"@type":"BreadcrumbList","@id":"https:\/\/mlekarna-krepko.si\/sl\/izdelek\/bio-sir-za-zar-krepko-v-kosu-300-g\/#breadcrumb","itemListElement":[{"@type":"ListItem","position":1,"name":"Home","item":"https:\/\/www.mlekarna-krepko.si\/sl\/"},{"@type":"ListItem","position":2,"name":"Trgovina","item":"https:\/\/www.mlekarna-krepko.si\/sl\/trgovina\/"},{"@type":"ListItem","position":3,"name":"Bio sir za \u017ear Krepko 250g"}]},{"@type":"WebSite","@id":"https:\/\/www.mlekarna-krepko.si\/sl\/#website","url":"https:\/\/www.mlekarna-krepko.si\/sl\/","name":"Mlekarna Krepko","description":"","publisher":{"@id":"https:\/\/www.mlekarna-krepko.si\/sl\/#organization"},"potentialAction":[{"@type":"SearchAction","target":{"@type":"EntryPoint","urlTemplate":"https:\/\/www.mlekarna-krepko.si\/sl\/?s={search_term_string}"},"query-input":{"@type":"PropertyValueSpecification","valueRequired":true,"valueName":"search_term_string"}}],"inLanguage":"sl-SI"},{"@type":"Organization","@id":"https:\/\/www.mlekarna-krepko.si\/sl\/#organization","name":"Mlekarna Krepko","url":"https:\/\/www.mlekarna-krepko.si\/sl\/","logo":{"@type":"ImageObject","inLanguage":"sl-SI","@id":"https:\/\/www.mlekarna-krepko.si\/sl\/#\/schema\/logo\/image\/","url":"https:\/\/www.mlekarna-krepko.si\/wp-content\/uploads\/2020\/04\/LogoWeb_transparenten.png","contentUrl":"https:\/\/www.mlekarna-krepko.si\/wp-content\/uploads\/2020\/04\/LogoWeb_transparenten.png","width":300,"height":300,"caption":"Mlekarna Krepko"},"image":{"@id":"https:\/\/www.mlekarna-krepko.si\/sl\/#\/schema\/logo\/image\/"},"sameAs":["https:\/\/www.facebook.com\/mlekarna.krepko\/","https:\/\/www.instagram.com\/mlekarnakrepko\/","https:\/\/www.linkedin.com\/company\/mlekarna-krepko","https:\/\/www.youtube.com\/channel\/UCAzec5mnRHgcj2Th3fGRtKw?view_as=subscriber"]}]}},"_links":{"self":[{"href":"https:\/\/mlekarna-krepko.si\/sl\/wp-json\/wp\/v2\/product\/15024","targetHints":{"allow":["GET"]}}],"collection":[{"href":"https:\/\/mlekarna-krepko.si\/sl\/wp-json\/wp\/v2\/product"}],"about":[{"href":"https:\/\/mlekarna-krepko.si\/sl\/wp-json\/wp\/v2\/types\/product"}],"wp:featuredmedia":[{"embeddable":true,"href":"https:\/\/mlekarna-krepko.si\/sl\/wp-json\/wp\/v2\/media\/22673"}],"wp:attachment":[{"href":"https:\/\/mlekarna-krepko.si\/sl\/wp-json\/wp\/v2\/media?parent=15024"}],"wp:term":[{"taxonomy":"product_cat","embeddable":true,"href":"https:\/\/mlekarna-krepko.si\/sl\/wp-json\/wp\/v2\/product_cat?post=15024"},{"taxonomy":"product_tag","embeddable":true,"href":"https:\/\/mlekarna-krepko.si\/sl\/wp-json\/wp\/v2\/product_tag?post=15024"}],"curies":[{"name":"wp","href":"https:\/\/api.w.org\/{rel}","templated":true}]}}