{"id":15081,"date":"2019-08-14T11:42:24","date_gmt":"2019-08-14T11:42:24","guid":{"rendered":"https:\/\/www.mlekarna-krepko.si\/product\/kajmak-180-g\/"},"modified":"2024-04-26T19:32:32","modified_gmt":"2024-04-26T19:32:32","slug":"kajmak-180-g","status":"publish","type":"product","link":"https:\/\/mlekarna-krepko.si\/sl\/izdelek\/kajmak-180-g\/","title":{"rendered":"Kajmak 180g"},"content":{"rendered":"<p>Posebnost kajmaka Mlekarne Krepko je, da je izdelan po tradicionalnem postopku. Je posebne\u017e med mle\u010dnimi izdelki, saj se pri njem prepletajo nekatere zna\u010dilnosti tako masla kot sirov.<\/p>\n<p>&nbsp;<\/p>\n<p>&nbsp;<\/p>\n<table border=\"1\" cellspacing=\"0\" cellpadding=\"0\">\n<tbody>\n<tr>\n<td style=\"width: 359px;\" colspan=\"2\">\n<p align=\"center\"><span style=\"color: #ff0000;\"><strong>Hranilna vrednost (povpre\u010dje v 100 g)<\/strong><\/span><\/p>\n<\/td>\n<\/tr>\n<tr>\n<td style=\"width: 245px;\">Beljakovine<\/td>\n<td style=\"width: 113px;\">4,6 g<\/td>\n<\/tr>\n<tr>\n<td style=\"width: 245px;\">Ogljikovi hidrati<\/td>\n<td style=\"width: 113px;\">5,6 g<\/td>\n<\/tr>\n<tr>\n<td style=\"width: 245px;\">\u00a0\u00a0\u00a0 od tega \u00a0sladkorji<\/td>\n<td style=\"width: 113px;\">5,6 g<\/td>\n<\/tr>\n<tr>\n<td style=\"width: 245px;\">Ma\u0161\u010dobe<\/td>\n<td style=\"width: 113px;\">56 g<\/td>\n<\/tr>\n<tr>\n<td style=\"width: 245px;\">\u00a0\u00a0\u00a0\u00a0 nasi\u010dene ma\u0161\u010dobne kisline<\/td>\n<td style=\"width: 113px;\">34,6 g<\/td>\n<\/tr>\n<tr>\n<td style=\"width: 245px;\">Prehranske vlaknine<\/td>\n<td style=\"width: 113px;\">0 g<\/td>\n<\/tr>\n<tr>\n<td style=\"width: 245px;\">Sol<\/td>\n<td style=\"width: 113px;\">1,2 g<\/td>\n<\/tr>\n<tr>\n<td style=\"width: 245px;\">Energijska vrednost<\/td>\n<td style=\"width: 113px;\">2227 kJ\/541 kcal<\/td>\n<\/tr>\n<\/tbody>\n<\/table>\n<p>*Alergeni:\u00a0<em><strong>mleko<\/strong><\/em><\/p>\n","protected":false},"excerpt":{"rendered":"<p>Posebnost kajmaka Mlekarne Krepko je, da je izdelan po tradicionalnem postopku. Je posebne\u017e med mle\u010dnimi izdelki, saj se pri njem prepletajo nekatere zna\u010dilnosti tako masla kot sirov. &nbsp; &nbsp; Hranilna vrednost (povpre\u010dje v 100 g) Beljakovine 4,6 g Ogljikovi hidrati 5,6 g \u00a0\u00a0\u00a0 od tega \u00a0sladkorji 5,6 g Ma\u0161\u010dobe 56 g \u00a0\u00a0\u00a0\u00a0 nasi\u010dene ma\u0161\u010dobne kisline 34,6 g Prehranske vlaknine 0 [&hellip;]<\/p>\n","protected":false},"featured_media":19529,"template":"","meta":{"_acf_changed":false},"product_cat":[161],"product_tag":[],"class_list":{"0":"post-15081","1":"product","2":"type-product","3":"status-publish","4":"has-post-thumbnail","6":"product_cat-mlecni-izdelki-krepko","8":"first","9":"outofstock","10":"taxable","11":"shipping-taxable","12":"product-type-simple"},"acf":[],"yoast_head":"<!-- This site is optimized with the Yoast SEO plugin v27.4 - https:\/\/yoast.com\/product\/yoast-seo-wordpress\/ -->\n<title>Kajmak 180g - Mlekarna Krepko<\/title>\n<meta name=\"robots\" content=\"index, follow, max-snippet:-1, max-image-preview:large, max-video-preview:-1\" \/>\n<link rel=\"canonical\" href=\"https:\/\/www.mlekarna-krepko.si\/sl\/izdelek\/kajmak-180-g\/\" \/>\n<meta property=\"og:locale\" content=\"sl_SI\" \/>\n<meta property=\"og:type\" content=\"article\" \/>\n<meta property=\"og:title\" content=\"Kajmak 180g - Mlekarna Krepko\" \/>\n<meta property=\"og:description\" content=\"Posebnost kajmaka Mlekarne Krepko je, da je izdelan po tradicionalnem postopku. Je posebne\u017e med mle\u010dnimi izdelki, saj se pri njem prepletajo nekatere zna\u010dilnosti tako masla kot sirov. &nbsp; &nbsp; Hranilna vrednost (povpre\u010dje v 100 g) Beljakovine 4,6 g Ogljikovi hidrati 5,6 g \u00a0\u00a0\u00a0 od tega \u00a0sladkorji 5,6 g Ma\u0161\u010dobe 56 g \u00a0\u00a0\u00a0\u00a0 nasi\u010dene ma\u0161\u010dobne kisline 34,6 g Prehranske vlaknine 0 [&hellip;]\" \/>\n<meta property=\"og:url\" content=\"https:\/\/www.mlekarna-krepko.si\/sl\/izdelek\/kajmak-180-g\/\" \/>\n<meta property=\"og:site_name\" content=\"Mlekarna Krepko\" \/>\n<meta property=\"article:publisher\" content=\"https:\/\/www.facebook.com\/mlekarna.krepko\/\" \/>\n<meta property=\"article:modified_time\" content=\"2024-04-26T19:32:32+00:00\" \/>\n<meta property=\"og:image\" content=\"https:\/\/www.mlekarna-krepko.si\/wp-content\/uploads\/2020\/06\/MS70479-s-s.jpg\" \/>\n\t<meta property=\"og:image:width\" content=\"1200\" \/>\n\t<meta property=\"og:image:height\" content=\"800\" \/>\n\t<meta property=\"og:image:type\" content=\"image\/jpeg\" \/>\n<meta name=\"twitter:card\" content=\"summary_large_image\" \/>\n<meta name=\"twitter:label1\" content=\"Est. reading time\" \/>\n\t<meta name=\"twitter:data1\" content=\"1 minuta\" \/>\n<script type=\"application\/ld+json\" class=\"yoast-schema-graph\">{\"@context\":\"https:\\\/\\\/schema.org\",\"@graph\":[{\"@type\":\"WebPage\",\"@id\":\"https:\\\/\\\/www.mlekarna-krepko.si\\\/sl\\\/izdelek\\\/kajmak-180-g\\\/\",\"url\":\"https:\\\/\\\/www.mlekarna-krepko.si\\\/sl\\\/izdelek\\\/kajmak-180-g\\\/\",\"name\":\"Kajmak 180g - Mlekarna Krepko\",\"isPartOf\":{\"@id\":\"https:\\\/\\\/www.mlekarna-krepko.si\\\/sl\\\/#website\"},\"primaryImageOfPage\":{\"@id\":\"https:\\\/\\\/www.mlekarna-krepko.si\\\/sl\\\/izdelek\\\/kajmak-180-g\\\/#primaryimage\"},\"image\":{\"@id\":\"https:\\\/\\\/www.mlekarna-krepko.si\\\/sl\\\/izdelek\\\/kajmak-180-g\\\/#primaryimage\"},\"thumbnailUrl\":\"https:\\\/\\\/mlekarna-krepko.si\\\/wp-content\\\/uploads\\\/2020\\\/10\\\/kajmak_WEB.png\",\"datePublished\":\"2019-08-14T11:42:24+00:00\",\"dateModified\":\"2024-04-26T19:32:32+00:00\",\"breadcrumb\":{\"@id\":\"https:\\\/\\\/www.mlekarna-krepko.si\\\/sl\\\/izdelek\\\/kajmak-180-g\\\/#breadcrumb\"},\"inLanguage\":\"sl-SI\",\"potentialAction\":[{\"@type\":\"ReadAction\",\"target\":[\"https:\\\/\\\/www.mlekarna-krepko.si\\\/sl\\\/izdelek\\\/kajmak-180-g\\\/\"]}]},{\"@type\":\"ImageObject\",\"inLanguage\":\"sl-SI\",\"@id\":\"https:\\\/\\\/www.mlekarna-krepko.si\\\/sl\\\/izdelek\\\/kajmak-180-g\\\/#primaryimage\",\"url\":\"https:\\\/\\\/mlekarna-krepko.si\\\/wp-content\\\/uploads\\\/2020\\\/10\\\/kajmak_WEB.png\",\"contentUrl\":\"https:\\\/\\\/mlekarna-krepko.si\\\/wp-content\\\/uploads\\\/2020\\\/10\\\/kajmak_WEB.png\",\"width\":406,\"height\":509},{\"@type\":\"BreadcrumbList\",\"@id\":\"https:\\\/\\\/www.mlekarna-krepko.si\\\/sl\\\/izdelek\\\/kajmak-180-g\\\/#breadcrumb\",\"itemListElement\":[{\"@type\":\"ListItem\",\"position\":1,\"name\":\"Home\",\"item\":\"https:\\\/\\\/www.mlekarna-krepko.si\\\/sl\\\/\"},{\"@type\":\"ListItem\",\"position\":2,\"name\":\"Trgovina\",\"item\":\"https:\\\/\\\/www.mlekarna-krepko.si\\\/sl\\\/trgovina\\\/\"},{\"@type\":\"ListItem\",\"position\":3,\"name\":\"Kajmak 180g\"}]},{\"@type\":\"WebSite\",\"@id\":\"https:\\\/\\\/www.mlekarna-krepko.si\\\/sl\\\/#website\",\"url\":\"https:\\\/\\\/www.mlekarna-krepko.si\\\/sl\\\/\",\"name\":\"Mlekarna Krepko\",\"description\":\"\",\"publisher\":{\"@id\":\"https:\\\/\\\/www.mlekarna-krepko.si\\\/sl\\\/#organization\"},\"potentialAction\":[{\"@type\":\"SearchAction\",\"target\":{\"@type\":\"EntryPoint\",\"urlTemplate\":\"https:\\\/\\\/www.mlekarna-krepko.si\\\/sl\\\/?s={search_term_string}\"},\"query-input\":{\"@type\":\"PropertyValueSpecification\",\"valueRequired\":true,\"valueName\":\"search_term_string\"}}],\"inLanguage\":\"sl-SI\"},{\"@type\":\"Organization\",\"@id\":\"https:\\\/\\\/www.mlekarna-krepko.si\\\/sl\\\/#organization\",\"name\":\"Mlekarna Krepko\",\"url\":\"https:\\\/\\\/www.mlekarna-krepko.si\\\/sl\\\/\",\"logo\":{\"@type\":\"ImageObject\",\"inLanguage\":\"sl-SI\",\"@id\":\"https:\\\/\\\/www.mlekarna-krepko.si\\\/sl\\\/#\\\/schema\\\/logo\\\/image\\\/\",\"url\":\"https:\\\/\\\/www.mlekarna-krepko.si\\\/wp-content\\\/uploads\\\/2020\\\/04\\\/LogoWeb_transparenten.png\",\"contentUrl\":\"https:\\\/\\\/www.mlekarna-krepko.si\\\/wp-content\\\/uploads\\\/2020\\\/04\\\/LogoWeb_transparenten.png\",\"width\":300,\"height\":300,\"caption\":\"Mlekarna Krepko\"},\"image\":{\"@id\":\"https:\\\/\\\/www.mlekarna-krepko.si\\\/sl\\\/#\\\/schema\\\/logo\\\/image\\\/\"},\"sameAs\":[\"https:\\\/\\\/www.facebook.com\\\/mlekarna.krepko\\\/\",\"https:\\\/\\\/www.instagram.com\\\/mlekarnakrepko\\\/\",\"https:\\\/\\\/www.linkedin.com\\\/company\\\/mlekarna-krepko\",\"https:\\\/\\\/www.youtube.com\\\/channel\\\/UCAzec5mnRHgcj2Th3fGRtKw?view_as=subscriber\"]}]}<\/script>\n<!-- \/ Yoast SEO plugin. -->","yoast_head_json":{"title":"Kajmak 180g - Mlekarna Krepko","robots":{"index":"index","follow":"follow","max-snippet":"max-snippet:-1","max-image-preview":"max-image-preview:large","max-video-preview":"max-video-preview:-1"},"canonical":"https:\/\/www.mlekarna-krepko.si\/sl\/izdelek\/kajmak-180-g\/","og_locale":"sl_SI","og_type":"article","og_title":"Kajmak 180g - Mlekarna Krepko","og_description":"Posebnost kajmaka Mlekarne Krepko je, da je izdelan po tradicionalnem postopku. Je posebne\u017e med mle\u010dnimi izdelki, saj se pri njem prepletajo nekatere zna\u010dilnosti tako masla kot sirov. &nbsp; &nbsp; Hranilna vrednost (povpre\u010dje v 100 g) Beljakovine 4,6 g Ogljikovi hidrati 5,6 g \u00a0\u00a0\u00a0 od tega \u00a0sladkorji 5,6 g Ma\u0161\u010dobe 56 g \u00a0\u00a0\u00a0\u00a0 nasi\u010dene ma\u0161\u010dobne kisline 34,6 g Prehranske vlaknine 0 [&hellip;]","og_url":"https:\/\/www.mlekarna-krepko.si\/sl\/izdelek\/kajmak-180-g\/","og_site_name":"Mlekarna Krepko","article_publisher":"https:\/\/www.facebook.com\/mlekarna.krepko\/","article_modified_time":"2024-04-26T19:32:32+00:00","og_image":[{"width":1200,"height":800,"url":"https:\/\/www.mlekarna-krepko.si\/wp-content\/uploads\/2020\/06\/MS70479-s-s.jpg","type":"image\/jpeg"}],"twitter_card":"summary_large_image","twitter_misc":{"Est. reading time":"1 minuta"},"schema":{"@context":"https:\/\/schema.org","@graph":[{"@type":"WebPage","@id":"https:\/\/www.mlekarna-krepko.si\/sl\/izdelek\/kajmak-180-g\/","url":"https:\/\/www.mlekarna-krepko.si\/sl\/izdelek\/kajmak-180-g\/","name":"Kajmak 180g - Mlekarna Krepko","isPartOf":{"@id":"https:\/\/www.mlekarna-krepko.si\/sl\/#website"},"primaryImageOfPage":{"@id":"https:\/\/www.mlekarna-krepko.si\/sl\/izdelek\/kajmak-180-g\/#primaryimage"},"image":{"@id":"https:\/\/www.mlekarna-krepko.si\/sl\/izdelek\/kajmak-180-g\/#primaryimage"},"thumbnailUrl":"https:\/\/mlekarna-krepko.si\/wp-content\/uploads\/2020\/10\/kajmak_WEB.png","datePublished":"2019-08-14T11:42:24+00:00","dateModified":"2024-04-26T19:32:32+00:00","breadcrumb":{"@id":"https:\/\/www.mlekarna-krepko.si\/sl\/izdelek\/kajmak-180-g\/#breadcrumb"},"inLanguage":"sl-SI","potentialAction":[{"@type":"ReadAction","target":["https:\/\/www.mlekarna-krepko.si\/sl\/izdelek\/kajmak-180-g\/"]}]},{"@type":"ImageObject","inLanguage":"sl-SI","@id":"https:\/\/www.mlekarna-krepko.si\/sl\/izdelek\/kajmak-180-g\/#primaryimage","url":"https:\/\/mlekarna-krepko.si\/wp-content\/uploads\/2020\/10\/kajmak_WEB.png","contentUrl":"https:\/\/mlekarna-krepko.si\/wp-content\/uploads\/2020\/10\/kajmak_WEB.png","width":406,"height":509},{"@type":"BreadcrumbList","@id":"https:\/\/www.mlekarna-krepko.si\/sl\/izdelek\/kajmak-180-g\/#breadcrumb","itemListElement":[{"@type":"ListItem","position":1,"name":"Home","item":"https:\/\/www.mlekarna-krepko.si\/sl\/"},{"@type":"ListItem","position":2,"name":"Trgovina","item":"https:\/\/www.mlekarna-krepko.si\/sl\/trgovina\/"},{"@type":"ListItem","position":3,"name":"Kajmak 180g"}]},{"@type":"WebSite","@id":"https:\/\/www.mlekarna-krepko.si\/sl\/#website","url":"https:\/\/www.mlekarna-krepko.si\/sl\/","name":"Mlekarna Krepko","description":"","publisher":{"@id":"https:\/\/www.mlekarna-krepko.si\/sl\/#organization"},"potentialAction":[{"@type":"SearchAction","target":{"@type":"EntryPoint","urlTemplate":"https:\/\/www.mlekarna-krepko.si\/sl\/?s={search_term_string}"},"query-input":{"@type":"PropertyValueSpecification","valueRequired":true,"valueName":"search_term_string"}}],"inLanguage":"sl-SI"},{"@type":"Organization","@id":"https:\/\/www.mlekarna-krepko.si\/sl\/#organization","name":"Mlekarna Krepko","url":"https:\/\/www.mlekarna-krepko.si\/sl\/","logo":{"@type":"ImageObject","inLanguage":"sl-SI","@id":"https:\/\/www.mlekarna-krepko.si\/sl\/#\/schema\/logo\/image\/","url":"https:\/\/www.mlekarna-krepko.si\/wp-content\/uploads\/2020\/04\/LogoWeb_transparenten.png","contentUrl":"https:\/\/www.mlekarna-krepko.si\/wp-content\/uploads\/2020\/04\/LogoWeb_transparenten.png","width":300,"height":300,"caption":"Mlekarna Krepko"},"image":{"@id":"https:\/\/www.mlekarna-krepko.si\/sl\/#\/schema\/logo\/image\/"},"sameAs":["https:\/\/www.facebook.com\/mlekarna.krepko\/","https:\/\/www.instagram.com\/mlekarnakrepko\/","https:\/\/www.linkedin.com\/company\/mlekarna-krepko","https:\/\/www.youtube.com\/channel\/UCAzec5mnRHgcj2Th3fGRtKw?view_as=subscriber"]}]}},"_links":{"self":[{"href":"https:\/\/mlekarna-krepko.si\/sl\/wp-json\/wp\/v2\/product\/15081","targetHints":{"allow":["GET"]}}],"collection":[{"href":"https:\/\/mlekarna-krepko.si\/sl\/wp-json\/wp\/v2\/product"}],"about":[{"href":"https:\/\/mlekarna-krepko.si\/sl\/wp-json\/wp\/v2\/types\/product"}],"wp:featuredmedia":[{"embeddable":true,"href":"https:\/\/mlekarna-krepko.si\/sl\/wp-json\/wp\/v2\/media\/19529"}],"wp:attachment":[{"href":"https:\/\/mlekarna-krepko.si\/sl\/wp-json\/wp\/v2\/media?parent=15081"}],"wp:term":[{"taxonomy":"product_cat","embeddable":true,"href":"https:\/\/mlekarna-krepko.si\/sl\/wp-json\/wp\/v2\/product_cat?post=15081"},{"taxonomy":"product_tag","embeddable":true,"href":"https:\/\/mlekarna-krepko.si\/sl\/wp-json\/wp\/v2\/product_tag?post=15081"}],"curies":[{"name":"wp","href":"https:\/\/api.w.org\/{rel}","templated":true}]}}