{"id":15082,"date":"2019-08-14T11:42:24","date_gmt":"2019-08-14T11:42:24","guid":{"rendered":"https:\/\/www.mlekarna-krepko.si\/product\/fitness-cheese-rikota-400-g\/"},"modified":"2024-05-01T10:10:39","modified_gmt":"2024-05-01T10:10:39","slug":"proteinski-sir-fitness-400-g","status":"publish","type":"product","link":"https:\/\/mlekarna-krepko.si\/sl\/izdelek\/proteinski-sir-fitness-400-g\/","title":{"rendered":"Proteinski sir Fitness 400g"},"content":{"rendered":"<p>Proteinski sir Fitness je beljakovinski sir, izdelan iz pasteriziranega mleka z manj ma\u0161\u010dob. Je odli\u010dna hrana za mi\u0161i\u010dno maso. Ker je manj masten, pripomore k izgubi kilogramov ali ohranjanju telesne te\u017ee.<\/p>\n<p>&nbsp;<\/p>\n<table border=\"1\" cellspacing=\"0\" cellpadding=\"0\">\n<tbody>\n<tr>\n<td style=\"width: 359px;\" colspan=\"2\">\n<p align=\"center\"><span style=\"color: #ff0000;\"><strong>Hranilna vrednost (povpre\u010dje v 100 g)<\/strong><\/span><\/p>\n<\/td>\n<\/tr>\n<tr>\n<td style=\"width: 245px;\">Beljakovine<\/td>\n<td style=\"width: 113px;\">21,0 g<\/td>\n<\/tr>\n<tr>\n<td style=\"width: 245px;\">Sirotkine beljakovine<\/td>\n<td style=\"width: 113px;\">1,0 g<\/td>\n<\/tr>\n<tr>\n<td style=\"width: 245px;\">Ogljikovi hidrati<\/td>\n<td style=\"width: 113px;\">4,1 g<\/td>\n<\/tr>\n<tr>\n<td style=\"width: 245px;\">\u00a0\u00a0\u00a0 od tega\u00a0 sladkorji<\/td>\n<td style=\"width: 113px;\">3,4 g<\/td>\n<\/tr>\n<tr>\n<td style=\"width: 245px;\">Ma\u0161\u010dobe<\/td>\n<td style=\"width: 113px;\">6,9 g<\/td>\n<\/tr>\n<tr>\n<td style=\"width: 245px;\">\u00a0\u00a0\u00a0\u00a0 nasi\u010dene ma\u0161\u010dobne kisline<\/td>\n<td style=\"width: 113px;\">4,4 g<\/td>\n<\/tr>\n<tr>\n<td style=\"width: 245px;\">Prehranske vlaknine<\/td>\n<td style=\"width: 113px;\">0 g<\/td>\n<\/tr>\n<tr>\n<td style=\"width: 245px;\">Sol (naravno prisotna)<\/td>\n<td style=\"width: 113px;\">0,05 g<\/td>\n<\/tr>\n<tr>\n<td style=\"width: 245px;\">Energijska vrednost<\/td>\n<td style=\"width: 113px;\">682 kJ\/163 kcal<\/td>\n<\/tr>\n<\/tbody>\n<\/table>\n<p>*Alergeni:\u00a0<em><strong>mleko<\/strong><\/em><\/p>\n<p>&nbsp;<\/p>\n<p>&nbsp;<\/p>\n<p>&nbsp;<\/p>\n","protected":false},"excerpt":{"rendered":"<p>Proteinski sir Fitness je beljakovinski sir, izdelan iz pasteriziranega mleka z manj ma\u0161\u010dob. Je odli\u010dna hrana za mi\u0161i\u010dno maso. Ker je manj masten, pripomore k izgubi kilogramov ali ohranjanju telesne te\u017ee. &nbsp; Hranilna vrednost (povpre\u010dje v 100 g) Beljakovine 21,0 g Sirotkine beljakovine 1,0 g Ogljikovi hidrati 4,1 g \u00a0\u00a0\u00a0 od tega\u00a0 sladkorji 3,4 g Ma\u0161\u010dobe 6,9 g \u00a0\u00a0\u00a0\u00a0 nasi\u010dene [&hellip;]<\/p>\n","protected":false},"featured_media":22932,"template":"","meta":{"_acf_changed":false},"product_cat":[161,112],"product_tag":[],"class_list":{"0":"post-15082","1":"product","2":"type-product","3":"status-publish","4":"has-post-thumbnail","6":"product_cat-mlecni-izdelki-krepko","7":"product_cat-krepko-fitness-izdelki","9":"first","10":"instock","11":"taxable","12":"shipping-taxable","13":"purchasable","14":"product-type-simple"},"acf":[],"yoast_head":"<!-- This site is optimized with the Yoast SEO plugin v26.2 - https:\/\/yoast.com\/wordpress\/plugins\/seo\/ -->\n<title>Proteinski sir Fitness 400g - Mlekarna Krepko<\/title>\n<meta name=\"robots\" content=\"index, follow, max-snippet:-1, max-image-preview:large, max-video-preview:-1\" \/>\n<link rel=\"canonical\" href=\"https:\/\/mlekarna-krepko.si\/sl\/izdelek\/proteinski-sir-fitness-400-g\/\" \/>\n<meta property=\"og:locale\" content=\"sl_SI\" \/>\n<meta property=\"og:type\" content=\"article\" \/>\n<meta property=\"og:title\" content=\"Proteinski sir Fitness 400g - Mlekarna Krepko\" \/>\n<meta property=\"og:description\" content=\"Proteinski sir Fitness je beljakovinski sir, izdelan iz pasteriziranega mleka z manj ma\u0161\u010dob. Je odli\u010dna hrana za mi\u0161i\u010dno maso. Ker je manj masten, pripomore k izgubi kilogramov ali ohranjanju telesne te\u017ee. &nbsp; Hranilna vrednost (povpre\u010dje v 100 g) Beljakovine 21,0 g Sirotkine beljakovine 1,0 g Ogljikovi hidrati 4,1 g \u00a0\u00a0\u00a0 od tega\u00a0 sladkorji 3,4 g Ma\u0161\u010dobe 6,9 g \u00a0\u00a0\u00a0\u00a0 nasi\u010dene [&hellip;]\" \/>\n<meta property=\"og:url\" content=\"https:\/\/mlekarna-krepko.si\/sl\/izdelek\/proteinski-sir-fitness-400-g\/\" \/>\n<meta property=\"og:site_name\" content=\"Mlekarna Krepko\" \/>\n<meta property=\"article:publisher\" content=\"https:\/\/www.facebook.com\/mlekarna.krepko\/\" \/>\n<meta property=\"article:modified_time\" content=\"2024-05-01T10:10:39+00:00\" \/>\n<meta property=\"og:image\" content=\"https:\/\/mlekarna-krepko.si\/wp-content\/uploads\/2022\/09\/fitness-svezi-sir-izdelek.png\" \/>\n\t<meta property=\"og:image:width\" content=\"640\" \/>\n\t<meta property=\"og:image:height\" content=\"802\" \/>\n\t<meta property=\"og:image:type\" content=\"image\/png\" \/>\n<meta name=\"twitter:card\" content=\"summary_large_image\" \/>\n<meta name=\"twitter:label1\" content=\"Est. reading time\" \/>\n\t<meta name=\"twitter:data1\" content=\"1 minuta\" \/>\n<script type=\"application\/ld+json\" class=\"yoast-schema-graph\">{\"@context\":\"https:\/\/schema.org\",\"@graph\":[{\"@type\":\"WebPage\",\"@id\":\"https:\/\/mlekarna-krepko.si\/sl\/izdelek\/proteinski-sir-fitness-400-g\/\",\"url\":\"https:\/\/mlekarna-krepko.si\/sl\/izdelek\/proteinski-sir-fitness-400-g\/\",\"name\":\"Proteinski sir Fitness 400g - Mlekarna Krepko\",\"isPartOf\":{\"@id\":\"https:\/\/mlekarna-krepko.si\/it\/#website\"},\"primaryImageOfPage\":{\"@id\":\"https:\/\/mlekarna-krepko.si\/sl\/izdelek\/proteinski-sir-fitness-400-g\/#primaryimage\"},\"image\":{\"@id\":\"https:\/\/mlekarna-krepko.si\/sl\/izdelek\/proteinski-sir-fitness-400-g\/#primaryimage\"},\"thumbnailUrl\":\"https:\/\/mlekarna-krepko.si\/wp-content\/uploads\/2022\/09\/fitness-svezi-sir-izdelek.png\",\"datePublished\":\"2019-08-14T11:42:24+00:00\",\"dateModified\":\"2024-05-01T10:10:39+00:00\",\"breadcrumb\":{\"@id\":\"https:\/\/mlekarna-krepko.si\/sl\/izdelek\/proteinski-sir-fitness-400-g\/#breadcrumb\"},\"inLanguage\":\"sl-SI\",\"potentialAction\":[{\"@type\":\"ReadAction\",\"target\":[\"https:\/\/mlekarna-krepko.si\/sl\/izdelek\/proteinski-sir-fitness-400-g\/\"]}]},{\"@type\":\"ImageObject\",\"inLanguage\":\"sl-SI\",\"@id\":\"https:\/\/mlekarna-krepko.si\/sl\/izdelek\/proteinski-sir-fitness-400-g\/#primaryimage\",\"url\":\"https:\/\/mlekarna-krepko.si\/wp-content\/uploads\/2022\/09\/fitness-svezi-sir-izdelek.png\",\"contentUrl\":\"https:\/\/mlekarna-krepko.si\/wp-content\/uploads\/2022\/09\/fitness-svezi-sir-izdelek.png\",\"width\":640,\"height\":802},{\"@type\":\"BreadcrumbList\",\"@id\":\"https:\/\/mlekarna-krepko.si\/sl\/izdelek\/proteinski-sir-fitness-400-g\/#breadcrumb\",\"itemListElement\":[{\"@type\":\"ListItem\",\"position\":1,\"name\":\"Home\",\"item\":\"https:\/\/www.mlekarna-krepko.si\/sl\/\"},{\"@type\":\"ListItem\",\"position\":2,\"name\":\"Trgovina\",\"item\":\"https:\/\/mlekarna-krepko.si\/sl\/trgovina\/\"},{\"@type\":\"ListItem\",\"position\":3,\"name\":\"Proteinski sir Fitness 400g\"}]},{\"@type\":\"WebSite\",\"@id\":\"https:\/\/mlekarna-krepko.si\/it\/#website\",\"url\":\"https:\/\/mlekarna-krepko.si\/it\/\",\"name\":\"Mlekarna Krepko\",\"description\":\"\",\"publisher\":{\"@id\":\"https:\/\/mlekarna-krepko.si\/it\/#organization\"},\"potentialAction\":[{\"@type\":\"SearchAction\",\"target\":{\"@type\":\"EntryPoint\",\"urlTemplate\":\"https:\/\/mlekarna-krepko.si\/it\/?s={search_term_string}\"},\"query-input\":{\"@type\":\"PropertyValueSpecification\",\"valueRequired\":true,\"valueName\":\"search_term_string\"}}],\"inLanguage\":\"sl-SI\"},{\"@type\":\"Organization\",\"@id\":\"https:\/\/mlekarna-krepko.si\/it\/#organization\",\"name\":\"Mlekarna Krepko\",\"url\":\"https:\/\/mlekarna-krepko.si\/it\/\",\"logo\":{\"@type\":\"ImageObject\",\"inLanguage\":\"sl-SI\",\"@id\":\"https:\/\/mlekarna-krepko.si\/it\/#\/schema\/logo\/image\/\",\"url\":\"https:\/\/www.mlekarna-krepko.si\/wp-content\/uploads\/2020\/04\/LogoWeb_transparenten.png\",\"contentUrl\":\"https:\/\/www.mlekarna-krepko.si\/wp-content\/uploads\/2020\/04\/LogoWeb_transparenten.png\",\"width\":300,\"height\":300,\"caption\":\"Mlekarna Krepko\"},\"image\":{\"@id\":\"https:\/\/mlekarna-krepko.si\/it\/#\/schema\/logo\/image\/\"},\"sameAs\":[\"https:\/\/www.facebook.com\/mlekarna.krepko\/\",\"https:\/\/www.instagram.com\/mlekarnakrepko\/\",\"https:\/\/www.linkedin.com\/company\/mlekarna-krepko\",\"https:\/\/www.youtube.com\/channel\/UCAzec5mnRHgcj2Th3fGRtKw?view_as=subscriber\"]}]}<\/script>\n<!-- \/ Yoast SEO plugin. -->","yoast_head_json":{"title":"Proteinski sir Fitness 400g - Mlekarna Krepko","robots":{"index":"index","follow":"follow","max-snippet":"max-snippet:-1","max-image-preview":"max-image-preview:large","max-video-preview":"max-video-preview:-1"},"canonical":"https:\/\/mlekarna-krepko.si\/sl\/izdelek\/proteinski-sir-fitness-400-g\/","og_locale":"sl_SI","og_type":"article","og_title":"Proteinski sir Fitness 400g - Mlekarna Krepko","og_description":"Proteinski sir Fitness je beljakovinski sir, izdelan iz pasteriziranega mleka z manj ma\u0161\u010dob. Je odli\u010dna hrana za mi\u0161i\u010dno maso. Ker je manj masten, pripomore k izgubi kilogramov ali ohranjanju telesne te\u017ee. &nbsp; Hranilna vrednost (povpre\u010dje v 100 g) Beljakovine 21,0 g Sirotkine beljakovine 1,0 g Ogljikovi hidrati 4,1 g \u00a0\u00a0\u00a0 od tega\u00a0 sladkorji 3,4 g Ma\u0161\u010dobe 6,9 g \u00a0\u00a0\u00a0\u00a0 nasi\u010dene [&hellip;]","og_url":"https:\/\/mlekarna-krepko.si\/sl\/izdelek\/proteinski-sir-fitness-400-g\/","og_site_name":"Mlekarna Krepko","article_publisher":"https:\/\/www.facebook.com\/mlekarna.krepko\/","article_modified_time":"2024-05-01T10:10:39+00:00","og_image":[{"width":640,"height":802,"url":"https:\/\/mlekarna-krepko.si\/wp-content\/uploads\/2022\/09\/fitness-svezi-sir-izdelek.png","type":"image\/png"}],"twitter_card":"summary_large_image","twitter_misc":{"Est. reading time":"1 minuta"},"schema":{"@context":"https:\/\/schema.org","@graph":[{"@type":"WebPage","@id":"https:\/\/mlekarna-krepko.si\/sl\/izdelek\/proteinski-sir-fitness-400-g\/","url":"https:\/\/mlekarna-krepko.si\/sl\/izdelek\/proteinski-sir-fitness-400-g\/","name":"Proteinski sir Fitness 400g - Mlekarna Krepko","isPartOf":{"@id":"https:\/\/mlekarna-krepko.si\/it\/#website"},"primaryImageOfPage":{"@id":"https:\/\/mlekarna-krepko.si\/sl\/izdelek\/proteinski-sir-fitness-400-g\/#primaryimage"},"image":{"@id":"https:\/\/mlekarna-krepko.si\/sl\/izdelek\/proteinski-sir-fitness-400-g\/#primaryimage"},"thumbnailUrl":"https:\/\/mlekarna-krepko.si\/wp-content\/uploads\/2022\/09\/fitness-svezi-sir-izdelek.png","datePublished":"2019-08-14T11:42:24+00:00","dateModified":"2024-05-01T10:10:39+00:00","breadcrumb":{"@id":"https:\/\/mlekarna-krepko.si\/sl\/izdelek\/proteinski-sir-fitness-400-g\/#breadcrumb"},"inLanguage":"sl-SI","potentialAction":[{"@type":"ReadAction","target":["https:\/\/mlekarna-krepko.si\/sl\/izdelek\/proteinski-sir-fitness-400-g\/"]}]},{"@type":"ImageObject","inLanguage":"sl-SI","@id":"https:\/\/mlekarna-krepko.si\/sl\/izdelek\/proteinski-sir-fitness-400-g\/#primaryimage","url":"https:\/\/mlekarna-krepko.si\/wp-content\/uploads\/2022\/09\/fitness-svezi-sir-izdelek.png","contentUrl":"https:\/\/mlekarna-krepko.si\/wp-content\/uploads\/2022\/09\/fitness-svezi-sir-izdelek.png","width":640,"height":802},{"@type":"BreadcrumbList","@id":"https:\/\/mlekarna-krepko.si\/sl\/izdelek\/proteinski-sir-fitness-400-g\/#breadcrumb","itemListElement":[{"@type":"ListItem","position":1,"name":"Home","item":"https:\/\/www.mlekarna-krepko.si\/sl\/"},{"@type":"ListItem","position":2,"name":"Trgovina","item":"https:\/\/mlekarna-krepko.si\/sl\/trgovina\/"},{"@type":"ListItem","position":3,"name":"Proteinski sir Fitness 400g"}]},{"@type":"WebSite","@id":"https:\/\/mlekarna-krepko.si\/it\/#website","url":"https:\/\/mlekarna-krepko.si\/it\/","name":"Mlekarna Krepko","description":"","publisher":{"@id":"https:\/\/mlekarna-krepko.si\/it\/#organization"},"potentialAction":[{"@type":"SearchAction","target":{"@type":"EntryPoint","urlTemplate":"https:\/\/mlekarna-krepko.si\/it\/?s={search_term_string}"},"query-input":{"@type":"PropertyValueSpecification","valueRequired":true,"valueName":"search_term_string"}}],"inLanguage":"sl-SI"},{"@type":"Organization","@id":"https:\/\/mlekarna-krepko.si\/it\/#organization","name":"Mlekarna Krepko","url":"https:\/\/mlekarna-krepko.si\/it\/","logo":{"@type":"ImageObject","inLanguage":"sl-SI","@id":"https:\/\/mlekarna-krepko.si\/it\/#\/schema\/logo\/image\/","url":"https:\/\/www.mlekarna-krepko.si\/wp-content\/uploads\/2020\/04\/LogoWeb_transparenten.png","contentUrl":"https:\/\/www.mlekarna-krepko.si\/wp-content\/uploads\/2020\/04\/LogoWeb_transparenten.png","width":300,"height":300,"caption":"Mlekarna Krepko"},"image":{"@id":"https:\/\/mlekarna-krepko.si\/it\/#\/schema\/logo\/image\/"},"sameAs":["https:\/\/www.facebook.com\/mlekarna.krepko\/","https:\/\/www.instagram.com\/mlekarnakrepko\/","https:\/\/www.linkedin.com\/company\/mlekarna-krepko","https:\/\/www.youtube.com\/channel\/UCAzec5mnRHgcj2Th3fGRtKw?view_as=subscriber"]}]}},"_links":{"self":[{"href":"https:\/\/mlekarna-krepko.si\/sl\/wp-json\/wp\/v2\/product\/15082","targetHints":{"allow":["GET"]}}],"collection":[{"href":"https:\/\/mlekarna-krepko.si\/sl\/wp-json\/wp\/v2\/product"}],"about":[{"href":"https:\/\/mlekarna-krepko.si\/sl\/wp-json\/wp\/v2\/types\/product"}],"wp:featuredmedia":[{"embeddable":true,"href":"https:\/\/mlekarna-krepko.si\/sl\/wp-json\/wp\/v2\/media\/22932"}],"wp:attachment":[{"href":"https:\/\/mlekarna-krepko.si\/sl\/wp-json\/wp\/v2\/media?parent=15082"}],"wp:term":[{"taxonomy":"product_cat","embeddable":true,"href":"https:\/\/mlekarna-krepko.si\/sl\/wp-json\/wp\/v2\/product_cat?post=15082"},{"taxonomy":"product_tag","embeddable":true,"href":"https:\/\/mlekarna-krepko.si\/sl\/wp-json\/wp\/v2\/product_tag?post=15082"}],"curies":[{"name":"wp","href":"https:\/\/api.w.org\/{rel}","templated":true}]}}