{"id":16909,"date":"2020-01-23T13:53:25","date_gmt":"2020-01-23T13:53:25","guid":{"rendered":"https:\/\/www.mlekarna-krepko.si\/sl\/?post_type=product&#038;p=16909"},"modified":"2024-05-01T10:00:22","modified_gmt":"2024-05-01T10:00:22","slug":"bio-mleko-35-1000g","status":"publish","type":"product","link":"https:\/\/mlekarna-krepko.si\/sl\/izdelek\/bio-mleko-35-1000g\/","title":{"rendered":"Bio mleko 3,5% m.m. 1000g"},"content":{"rendered":"<p>Pasterizirano in nehomogenizirano slovensko ekolo\u0161ko mleko s 3,5% mle\u010dne ma\u0161\u010dobe.<\/p>\n<p>&nbsp;<\/p>\n<p>&nbsp;<\/p>\n<table border=\"1\" cellspacing=\"0\" cellpadding=\"0\">\n<tbody>\n<tr>\n<td style=\"width: 359px;\" colspan=\"2\">\n<p align=\"center\"><span style=\"color: #ff0000;\"><strong>Hranilna vrednost (povpre\u010dje v 100 g)<\/strong><\/span><\/p>\n<\/td>\n<\/tr>\n<tr>\n<td style=\"width: 245px;\">Beljakovine<\/td>\n<td style=\"width: 113px;\">3,2 g<\/td>\n<\/tr>\n<tr>\n<td style=\"width: 245px;\">Ogljikovi hidrati<\/td>\n<td style=\"width: 113px;\">4,8 g<\/td>\n<\/tr>\n<tr>\n<td style=\"width: 245px;\">\u00a0\u00a0\u00a0 od tega \u00a0sladkorji<\/td>\n<td style=\"width: 113px;\">4,8 g<\/td>\n<\/tr>\n<tr>\n<td style=\"width: 245px;\">Ma\u0161\u010dobe<\/td>\n<td style=\"width: 113px;\">3,5 g<\/td>\n<\/tr>\n<tr>\n<td style=\"width: 245px;\">\u00a0\u00a0\u00a0\u00a0 nasi\u010dene ma\u0161\u010dobne kisline<\/td>\n<td style=\"width: 113px;\">2,4 g<\/td>\n<\/tr>\n<tr>\n<td style=\"width: 245px;\">Prehranske vlaknine<\/td>\n<td style=\"width: 113px;\">0 g<\/td>\n<\/tr>\n<tr>\n<td style=\"width: 245px;\">Sol (naravno prisotna)<\/td>\n<td style=\"width: 113px;\">0,1 g<\/td>\n<\/tr>\n<tr>\n<td style=\"width: 245px;\">Energijska vrednost<\/td>\n<td style=\"width: 113px;\">266 kJ\/64 kcal<\/td>\n<\/tr>\n<\/tbody>\n<\/table>\n<p>*Alergeni:\u00a0<em><strong>mleko<\/strong><\/em><\/p>\n","protected":false},"excerpt":{"rendered":"<p>Pasterizirano in nehomogenizirano slovensko ekolo\u0161ko mleko s 3,5% mle\u010dne ma\u0161\u010dobe. &nbsp; &nbsp; Hranilna vrednost (povpre\u010dje v 100 g) Beljakovine 3,2 g Ogljikovi hidrati 4,8 g \u00a0\u00a0\u00a0 od tega \u00a0sladkorji 4,8 g Ma\u0161\u010dobe 3,5 g \u00a0\u00a0\u00a0\u00a0 nasi\u010dene ma\u0161\u010dobne kisline 2,4 g Prehranske vlaknine 0 g Sol (naravno prisotna) 0,1 g Energijska vrednost 266 kJ\/64 kcal *Alergeni:\u00a0mleko<\/p>\n","protected":false},"featured_media":20919,"template":"","meta":{"_acf_changed":false},"product_cat":[174,161],"product_tag":[],"class_list":{"0":"post-16909","1":"product","2":"type-product","3":"status-publish","4":"has-post-thumbnail","6":"product_cat-bio-mlecni-izdelki","7":"product_cat-mlecni-izdelki-krepko","9":"first","10":"instock","11":"taxable","12":"shipping-taxable","13":"purchasable","14":"product-type-simple"},"acf":[],"yoast_head":"<!-- This site is optimized with the Yoast SEO plugin v26.2 - https:\/\/yoast.com\/wordpress\/plugins\/seo\/ -->\n<title>Bio mleko 3,5% m.m. 1000g - Mlekarna Krepko<\/title>\n<meta name=\"robots\" content=\"index, follow, max-snippet:-1, max-image-preview:large, max-video-preview:-1\" \/>\n<link rel=\"canonical\" href=\"https:\/\/mlekarna-krepko.si\/sl\/izdelek\/bio-mleko-35-1000g\/\" \/>\n<meta property=\"og:locale\" content=\"sl_SI\" \/>\n<meta property=\"og:type\" content=\"article\" \/>\n<meta property=\"og:title\" content=\"Bio mleko 3,5% m.m. 1000g - Mlekarna Krepko\" \/>\n<meta property=\"og:description\" content=\"Pasterizirano in nehomogenizirano slovensko ekolo\u0161ko mleko s 3,5% mle\u010dne ma\u0161\u010dobe. &nbsp; &nbsp; Hranilna vrednost (povpre\u010dje v 100 g) Beljakovine 3,2 g Ogljikovi hidrati 4,8 g \u00a0\u00a0\u00a0 od tega \u00a0sladkorji 4,8 g Ma\u0161\u010dobe 3,5 g \u00a0\u00a0\u00a0\u00a0 nasi\u010dene ma\u0161\u010dobne kisline 2,4 g Prehranske vlaknine 0 g Sol (naravno prisotna) 0,1 g Energijska vrednost 266 kJ\/64 kcal *Alergeni:\u00a0mleko\" \/>\n<meta property=\"og:url\" content=\"https:\/\/mlekarna-krepko.si\/sl\/izdelek\/bio-mleko-35-1000g\/\" \/>\n<meta property=\"og:site_name\" content=\"Mlekarna Krepko\" \/>\n<meta property=\"article:publisher\" content=\"https:\/\/www.facebook.com\/mlekarna.krepko\/\" \/>\n<meta property=\"article:modified_time\" content=\"2024-05-01T10:00:22+00:00\" \/>\n<meta property=\"og:image\" content=\"https:\/\/mlekarna-krepko.si\/wp-content\/uploads\/2021\/04\/plastenka-1l_BIO-MLEKO-trgovina.png\" \/>\n\t<meta property=\"og:image:width\" content=\"640\" \/>\n\t<meta property=\"og:image:height\" content=\"802\" \/>\n\t<meta property=\"og:image:type\" content=\"image\/png\" \/>\n<meta name=\"twitter:card\" content=\"summary_large_image\" \/>\n<script type=\"application\/ld+json\" class=\"yoast-schema-graph\">{\"@context\":\"https:\/\/schema.org\",\"@graph\":[{\"@type\":\"WebPage\",\"@id\":\"https:\/\/mlekarna-krepko.si\/sl\/izdelek\/bio-mleko-35-1000g\/\",\"url\":\"https:\/\/mlekarna-krepko.si\/sl\/izdelek\/bio-mleko-35-1000g\/\",\"name\":\"Bio mleko 3,5% m.m. 1000g - Mlekarna Krepko\",\"isPartOf\":{\"@id\":\"https:\/\/mlekarna-krepko.si\/it\/#website\"},\"primaryImageOfPage\":{\"@id\":\"https:\/\/mlekarna-krepko.si\/sl\/izdelek\/bio-mleko-35-1000g\/#primaryimage\"},\"image\":{\"@id\":\"https:\/\/mlekarna-krepko.si\/sl\/izdelek\/bio-mleko-35-1000g\/#primaryimage\"},\"thumbnailUrl\":\"https:\/\/mlekarna-krepko.si\/wp-content\/uploads\/2021\/04\/plastenka-1l_BIO-MLEKO-trgovina.png\",\"datePublished\":\"2020-01-23T13:53:25+00:00\",\"dateModified\":\"2024-05-01T10:00:22+00:00\",\"breadcrumb\":{\"@id\":\"https:\/\/mlekarna-krepko.si\/sl\/izdelek\/bio-mleko-35-1000g\/#breadcrumb\"},\"inLanguage\":\"sl-SI\",\"potentialAction\":[{\"@type\":\"ReadAction\",\"target\":[\"https:\/\/mlekarna-krepko.si\/sl\/izdelek\/bio-mleko-35-1000g\/\"]}]},{\"@type\":\"ImageObject\",\"inLanguage\":\"sl-SI\",\"@id\":\"https:\/\/mlekarna-krepko.si\/sl\/izdelek\/bio-mleko-35-1000g\/#primaryimage\",\"url\":\"https:\/\/mlekarna-krepko.si\/wp-content\/uploads\/2021\/04\/plastenka-1l_BIO-MLEKO-trgovina.png\",\"contentUrl\":\"https:\/\/mlekarna-krepko.si\/wp-content\/uploads\/2021\/04\/plastenka-1l_BIO-MLEKO-trgovina.png\",\"width\":640,\"height\":802},{\"@type\":\"BreadcrumbList\",\"@id\":\"https:\/\/mlekarna-krepko.si\/sl\/izdelek\/bio-mleko-35-1000g\/#breadcrumb\",\"itemListElement\":[{\"@type\":\"ListItem\",\"position\":1,\"name\":\"Home\",\"item\":\"https:\/\/www.mlekarna-krepko.si\/sl\/\"},{\"@type\":\"ListItem\",\"position\":2,\"name\":\"Trgovina\",\"item\":\"https:\/\/mlekarna-krepko.si\/sl\/trgovina\/\"},{\"@type\":\"ListItem\",\"position\":3,\"name\":\"Bio mleko 3,5% m.m. 1000g\"}]},{\"@type\":\"WebSite\",\"@id\":\"https:\/\/mlekarna-krepko.si\/it\/#website\",\"url\":\"https:\/\/mlekarna-krepko.si\/it\/\",\"name\":\"Mlekarna Krepko\",\"description\":\"\",\"publisher\":{\"@id\":\"https:\/\/mlekarna-krepko.si\/it\/#organization\"},\"potentialAction\":[{\"@type\":\"SearchAction\",\"target\":{\"@type\":\"EntryPoint\",\"urlTemplate\":\"https:\/\/mlekarna-krepko.si\/it\/?s={search_term_string}\"},\"query-input\":{\"@type\":\"PropertyValueSpecification\",\"valueRequired\":true,\"valueName\":\"search_term_string\"}}],\"inLanguage\":\"sl-SI\"},{\"@type\":\"Organization\",\"@id\":\"https:\/\/mlekarna-krepko.si\/it\/#organization\",\"name\":\"Mlekarna Krepko\",\"url\":\"https:\/\/mlekarna-krepko.si\/it\/\",\"logo\":{\"@type\":\"ImageObject\",\"inLanguage\":\"sl-SI\",\"@id\":\"https:\/\/mlekarna-krepko.si\/it\/#\/schema\/logo\/image\/\",\"url\":\"https:\/\/www.mlekarna-krepko.si\/wp-content\/uploads\/2020\/04\/LogoWeb_transparenten.png\",\"contentUrl\":\"https:\/\/www.mlekarna-krepko.si\/wp-content\/uploads\/2020\/04\/LogoWeb_transparenten.png\",\"width\":300,\"height\":300,\"caption\":\"Mlekarna Krepko\"},\"image\":{\"@id\":\"https:\/\/mlekarna-krepko.si\/it\/#\/schema\/logo\/image\/\"},\"sameAs\":[\"https:\/\/www.facebook.com\/mlekarna.krepko\/\",\"https:\/\/www.instagram.com\/mlekarnakrepko\/\",\"https:\/\/www.linkedin.com\/company\/mlekarna-krepko\",\"https:\/\/www.youtube.com\/channel\/UCAzec5mnRHgcj2Th3fGRtKw?view_as=subscriber\"]}]}<\/script>\n<!-- \/ Yoast SEO plugin. -->","yoast_head_json":{"title":"Bio mleko 3,5% m.m. 1000g - Mlekarna Krepko","robots":{"index":"index","follow":"follow","max-snippet":"max-snippet:-1","max-image-preview":"max-image-preview:large","max-video-preview":"max-video-preview:-1"},"canonical":"https:\/\/mlekarna-krepko.si\/sl\/izdelek\/bio-mleko-35-1000g\/","og_locale":"sl_SI","og_type":"article","og_title":"Bio mleko 3,5% m.m. 1000g - Mlekarna Krepko","og_description":"Pasterizirano in nehomogenizirano slovensko ekolo\u0161ko mleko s 3,5% mle\u010dne ma\u0161\u010dobe. &nbsp; &nbsp; Hranilna vrednost (povpre\u010dje v 100 g) Beljakovine 3,2 g Ogljikovi hidrati 4,8 g \u00a0\u00a0\u00a0 od tega \u00a0sladkorji 4,8 g Ma\u0161\u010dobe 3,5 g \u00a0\u00a0\u00a0\u00a0 nasi\u010dene ma\u0161\u010dobne kisline 2,4 g Prehranske vlaknine 0 g Sol (naravno prisotna) 0,1 g Energijska vrednost 266 kJ\/64 kcal *Alergeni:\u00a0mleko","og_url":"https:\/\/mlekarna-krepko.si\/sl\/izdelek\/bio-mleko-35-1000g\/","og_site_name":"Mlekarna Krepko","article_publisher":"https:\/\/www.facebook.com\/mlekarna.krepko\/","article_modified_time":"2024-05-01T10:00:22+00:00","og_image":[{"width":640,"height":802,"url":"https:\/\/mlekarna-krepko.si\/wp-content\/uploads\/2021\/04\/plastenka-1l_BIO-MLEKO-trgovina.png","type":"image\/png"}],"twitter_card":"summary_large_image","schema":{"@context":"https:\/\/schema.org","@graph":[{"@type":"WebPage","@id":"https:\/\/mlekarna-krepko.si\/sl\/izdelek\/bio-mleko-35-1000g\/","url":"https:\/\/mlekarna-krepko.si\/sl\/izdelek\/bio-mleko-35-1000g\/","name":"Bio mleko 3,5% m.m. 1000g - Mlekarna Krepko","isPartOf":{"@id":"https:\/\/mlekarna-krepko.si\/it\/#website"},"primaryImageOfPage":{"@id":"https:\/\/mlekarna-krepko.si\/sl\/izdelek\/bio-mleko-35-1000g\/#primaryimage"},"image":{"@id":"https:\/\/mlekarna-krepko.si\/sl\/izdelek\/bio-mleko-35-1000g\/#primaryimage"},"thumbnailUrl":"https:\/\/mlekarna-krepko.si\/wp-content\/uploads\/2021\/04\/plastenka-1l_BIO-MLEKO-trgovina.png","datePublished":"2020-01-23T13:53:25+00:00","dateModified":"2024-05-01T10:00:22+00:00","breadcrumb":{"@id":"https:\/\/mlekarna-krepko.si\/sl\/izdelek\/bio-mleko-35-1000g\/#breadcrumb"},"inLanguage":"sl-SI","potentialAction":[{"@type":"ReadAction","target":["https:\/\/mlekarna-krepko.si\/sl\/izdelek\/bio-mleko-35-1000g\/"]}]},{"@type":"ImageObject","inLanguage":"sl-SI","@id":"https:\/\/mlekarna-krepko.si\/sl\/izdelek\/bio-mleko-35-1000g\/#primaryimage","url":"https:\/\/mlekarna-krepko.si\/wp-content\/uploads\/2021\/04\/plastenka-1l_BIO-MLEKO-trgovina.png","contentUrl":"https:\/\/mlekarna-krepko.si\/wp-content\/uploads\/2021\/04\/plastenka-1l_BIO-MLEKO-trgovina.png","width":640,"height":802},{"@type":"BreadcrumbList","@id":"https:\/\/mlekarna-krepko.si\/sl\/izdelek\/bio-mleko-35-1000g\/#breadcrumb","itemListElement":[{"@type":"ListItem","position":1,"name":"Home","item":"https:\/\/www.mlekarna-krepko.si\/sl\/"},{"@type":"ListItem","position":2,"name":"Trgovina","item":"https:\/\/mlekarna-krepko.si\/sl\/trgovina\/"},{"@type":"ListItem","position":3,"name":"Bio mleko 3,5% m.m. 1000g"}]},{"@type":"WebSite","@id":"https:\/\/mlekarna-krepko.si\/it\/#website","url":"https:\/\/mlekarna-krepko.si\/it\/","name":"Mlekarna Krepko","description":"","publisher":{"@id":"https:\/\/mlekarna-krepko.si\/it\/#organization"},"potentialAction":[{"@type":"SearchAction","target":{"@type":"EntryPoint","urlTemplate":"https:\/\/mlekarna-krepko.si\/it\/?s={search_term_string}"},"query-input":{"@type":"PropertyValueSpecification","valueRequired":true,"valueName":"search_term_string"}}],"inLanguage":"sl-SI"},{"@type":"Organization","@id":"https:\/\/mlekarna-krepko.si\/it\/#organization","name":"Mlekarna Krepko","url":"https:\/\/mlekarna-krepko.si\/it\/","logo":{"@type":"ImageObject","inLanguage":"sl-SI","@id":"https:\/\/mlekarna-krepko.si\/it\/#\/schema\/logo\/image\/","url":"https:\/\/www.mlekarna-krepko.si\/wp-content\/uploads\/2020\/04\/LogoWeb_transparenten.png","contentUrl":"https:\/\/www.mlekarna-krepko.si\/wp-content\/uploads\/2020\/04\/LogoWeb_transparenten.png","width":300,"height":300,"caption":"Mlekarna Krepko"},"image":{"@id":"https:\/\/mlekarna-krepko.si\/it\/#\/schema\/logo\/image\/"},"sameAs":["https:\/\/www.facebook.com\/mlekarna.krepko\/","https:\/\/www.instagram.com\/mlekarnakrepko\/","https:\/\/www.linkedin.com\/company\/mlekarna-krepko","https:\/\/www.youtube.com\/channel\/UCAzec5mnRHgcj2Th3fGRtKw?view_as=subscriber"]}]}},"_links":{"self":[{"href":"https:\/\/mlekarna-krepko.si\/sl\/wp-json\/wp\/v2\/product\/16909","targetHints":{"allow":["GET"]}}],"collection":[{"href":"https:\/\/mlekarna-krepko.si\/sl\/wp-json\/wp\/v2\/product"}],"about":[{"href":"https:\/\/mlekarna-krepko.si\/sl\/wp-json\/wp\/v2\/types\/product"}],"wp:featuredmedia":[{"embeddable":true,"href":"https:\/\/mlekarna-krepko.si\/sl\/wp-json\/wp\/v2\/media\/20919"}],"wp:attachment":[{"href":"https:\/\/mlekarna-krepko.si\/sl\/wp-json\/wp\/v2\/media?parent=16909"}],"wp:term":[{"taxonomy":"product_cat","embeddable":true,"href":"https:\/\/mlekarna-krepko.si\/sl\/wp-json\/wp\/v2\/product_cat?post=16909"},{"taxonomy":"product_tag","embeddable":true,"href":"https:\/\/mlekarna-krepko.si\/sl\/wp-json\/wp\/v2\/product_tag?post=16909"}],"curies":[{"name":"wp","href":"https:\/\/api.w.org\/{rel}","templated":true}]}}